{"id":1615,"date":"2007-09-05T10:27:14","date_gmt":"2007-09-05T08:27:14","guid":{"rendered":"http:\/\/wp.localhost\/?page_id=33"},"modified":"2025-04-01T13:38:42","modified_gmt":"2025-04-01T11:38:42","slug":"varosmajori-klinikai-tomb","status":"publish","type":"page","link":"https:\/\/semmelweis.hu\/minoseg\/mir-dokumentacio\/kozponti-szervezeti-egysegek\/egeszsegugyi-halozat-iranyitasi-igazgatosag\/varosmajori-klinikai-tomb\/","title":{"rendered":"V\u00e1rosmajori Klinikai T\u00f6mbigazgat\u00f3s\u00e1g"},"content":{"rendered":"<p><strong>Min\u0151s\u00e9g\u00fcgyi dokumentum &#8211; munkautas\u00edt\u00e1s<\/strong><\/p>\n<ul>\n<li><a href=\"https:\/\/semmelweis.hu\/minoseg\/files\/2024\/02\/SE-GFI-VKT-MU-01.docx\">SE-GFI-VKT-MU-01 &#8211; Port\u00e1sok feladata t\u0171z eset\u00e9n<\/a><br \/>\n<a href=\"https:\/\/semmelweis.hu\/minoseg\/files\/2024\/02\/SE-GFI-VKT-MU-01-fedlap.pdf\">SE-GFI-VKT-MU-01 &#8211; fedlap<\/a><\/li>\n<\/ul>\n<ul>\n<li><a href=\"https:\/\/semmelweis.hu\/minoseg\/files\/2024\/02\/SE-GFI-VKT-MU-04.docx\">SE-GFI-VKT-MU-04 &#8211; Jav\u00edt\u00e1s, hibaelh\u00e1r\u00edt\u00e1s, karbantart\u00e1s sz\u00e1m\u00edt\u00e1stechnikai \u00e9s nyomtat\u00f3rendszerekn\u00e9l<\/a><br \/>\n<a href=\"https:\/\/semmelweis.hu\/minoseg\/files\/2024\/02\/SE-GFI-VKT-MU-04-fedlap.pdf\">SE-GFI-VKT-MU-04 &#8211; fedlap<\/a><\/li>\n<\/ul>\n<ul>\n<li><a href=\"https:\/\/semmelweis.hu\/minoseg\/files\/2024\/02\/SE-GFI-VKT-MU-06.docx\">SE-GFI-VKT-MU-06 &#8211; Anyaggazd\u00e1lkod\u00e1si feladatok<\/a><br \/>\n<a href=\"https:\/\/semmelweis.hu\/minoseg\/files\/2024\/02\/SE-GFI-VKT-MU-06-fedlap.pdf\">SE-GFI-VKT-MU-06 &#8211; fedlap<\/a><\/li>\n<\/ul>\n<ul>\n<li><a href=\"https:\/\/semmelweis.hu\/minoseg\/files\/2024\/02\/SE-GFI-VKT-MU-07.docx\">SE-GFI-VKT-MU-07 &#8211; M\u0171szaki feladatok, \u00fczemeltet\u00e9s, \u00fcgyelet \u00e1tad\u00e1sa<\/a><br \/>\n<a href=\"https:\/\/semmelweis.hu\/minoseg\/files\/2024\/02\/SE-GFI-VKT-MU-07-fedlap.pdf\">SE-GFI-VKT-MU-07 &#8211; fedlap<\/a><br \/>\n<a href=\"https:\/\/semmelweis.hu\/minoseg\/files\/2018\/12\/SE-GMF-VKGUI-MU-07-M01.tif\" rel=\"noopener\">SE-GFI-VKT-MU-07-M1 &#8211; Palackcsere nyilv\u00e1ntart\u00e1si lap<\/a><br \/>\n<a href=\"https:\/\/semmelweis.hu\/minoseg\/files\/2018\/12\/SE-GMF-VKGUI-MU-07-M02.tif\" rel=\"noopener\">SE-GFI-VKT-MU-07-M2 &#8211; Kaz\u00e1nnapl\u00f3<\/a><\/li>\n<\/ul>\n<ul>\n<li><a href=\"https:\/\/semmelweis.hu\/minoseg\/files\/2024\/02\/SE-GFI-VKT-MU-08.docx\">SE-GFI-VKT-MU-08 &#8211; Villamos \u00fczemzavar ut\u00e1ni k\u00f6telez\u0151 visszakapcsol\u00e1si \u00e9s ellen\u0151rz\u00e9si feladatok<\/a><br \/>\n<a href=\"https:\/\/semmelweis.hu\/minoseg\/files\/2024\/02\/SE-GFI-VKT-MU-08-fedlap.pdf\">SE-GFI-VKT-MU-08 &#8211; fedlap<\/a><\/li>\n<\/ul>\n<ul>\n<li><a href=\"https:\/\/semmelweis.hu\/minoseg\/files\/2024\/02\/SE-GFI-VKT-MU-10.docx\">SE-GMI-VKT-MU-10 &#8211; Alkoholszonda haszn\u00e1lata<\/a><br \/>\n<a href=\"https:\/\/semmelweis.hu\/minoseg\/files\/2024\/02\/SE-GFI-VKT-MU-10-fedlap.pdf\">SE-GFI-VKT-MU-10 &#8211; fedlap<\/a><br \/>\n<a href=\"https:\/\/semmelweis.hu\/minoseg\/files\/2018\/12\/SE-GMF-VKGUI-MU-10-M01.xls\">SE-GMF-VKGUI-MU-10-M01 &#8211; Alkoholszonda haszn\u00e1lat\u00e1hoz k\u00f6telez\u0151en kit\u00f6ltend\u0151 lap<\/a><\/p>\n<\/li>\n<li><a href=\"https:\/\/semmelweis.hu\/minoseg\/files\/2024\/02\/SE-GFI-VKT-MU-12.docx\">SE-GFI-VKT-MU-12 &#8211; T\u00e1rgynapi sz\u00e1mla ki\u00e1ll\u00edt\u00e1si k\u00f6telezetts\u00e9g<\/a><br \/>\n<a href=\"https:\/\/semmelweis.hu\/minoseg\/files\/2024\/02\/SE-GFI-VKT-MU-12-fedlap.pdf\">SE-GFI-VKT-MU-12\u00a0 fedlap<\/a><\/li>\n<\/ul>\n","protected":false},"excerpt":{"rendered":"<p>Min\u0151s\u00e9g\u00fcgyi dokumentumok.<\/p>\n","protected":false},"author":158,"featured_media":0,"parent":6652,"menu_order":1,"comment_status":"closed","ping_status":"closed","template":"","meta":{"_acf_changed":false,"footnotes":""},"categories":[],"tags":[],"class_list":["post-1615","page","type-page","status-publish","hentry"],"acf":[],"_links":{"self":[{"href":"https:\/\/semmelweis.hu\/minoseg\/wp-json\/wp\/v2\/pages\/1615","targetHints":{"allow":["GET"]}}],"collection":[{"href":"https:\/\/semmelweis.hu\/minoseg\/wp-json\/wp\/v2\/pages"}],"about":[{"href":"https:\/\/semmelweis.hu\/minoseg\/wp-json\/wp\/v2\/types\/page"}],"author":[{"embeddable":true,"href":"https:\/\/semmelweis.hu\/minoseg\/wp-json\/wp\/v2\/users\/158"}],"replies":[{"embeddable":true,"href":"https:\/\/semmelweis.hu\/minoseg\/wp-json\/wp\/v2\/comments?post=1615"}],"version-history":[{"count":10,"href":"https:\/\/semmelweis.hu\/minoseg\/wp-json\/wp\/v2\/pages\/1615\/revisions"}],"predecessor-version":[{"id":19836,"href":"https:\/\/semmelweis.hu\/minoseg\/wp-json\/wp\/v2\/pages\/1615\/revisions\/19836"}],"up":[{"embeddable":true,"href":"https:\/\/semmelweis.hu\/minoseg\/wp-json\/wp\/v2\/pages\/6652"}],"wp:attachment":[{"href":"https:\/\/semmelweis.hu\/minoseg\/wp-json\/wp\/v2\/media?parent=1615"}],"wp:term":[{"taxonomy":"category","embeddable":true,"href":"https:\/\/semmelweis.hu\/minoseg\/wp-json\/wp\/v2\/categories?post=1615"},{"taxonomy":"post_tag","embeddable":true,"href":"https:\/\/semmelweis.hu\/minoseg\/wp-json\/wp\/v2\/tags?post=1615"}],"curies":[{"name":"wp","href":"https:\/\/api.w.org\/{rel}","templated":true}]}}