{"id":1610,"date":"2007-09-05T10:22:50","date_gmt":"2007-09-05T08:22:50","guid":{"rendered":"http:\/\/wp.localhost\/?page_id=26"},"modified":"2025-04-01T13:39:58","modified_gmt":"2025-04-01T11:39:58","slug":"koezponti-leveltar","status":"publish","type":"page","link":"https:\/\/semmelweis.hu\/minoseg\/mir-dokumentacio\/kozponti-szervezeti-egysegek\/koezponti-leveltar\/","title":{"rendered":"K\u00f6zponti Lev\u00e9lt\u00e1r"},"content":{"rendered":"<p><strong>Min\u0151s\u00e9g\u00fcgyi dokumentum &#8211; munkautas\u00edt\u00e1s<\/strong><\/p>\n<ul>\n<li><a href=\"https:\/\/semmelweis.hu\/minoseg\/files\/2019\/09\/SE-LEVT-MU-01.doc\">SE-LEVT-MU-01 &#8211; A lev\u00e9lt\u00e1ron k\u00edv\u00fcl \u0151rz\u00f6tt iratokkal kapcsolatos teend\u0151k szab\u00e1lyoz\u00e1sa<\/a><br \/>\n<a href=\"https:\/\/semmelweis.hu\/minoseg\/files\/2019\/09\/SE-LEVT-MU-01-fedlap.pdf\">SE-LEVT-MU-01 &#8211; fedlap<\/a><\/li>\n<\/ul>\n<ul>\n<li><a href=\"https:\/\/semmelweis.hu\/minoseg\/files\/2019\/09\/SE-LEVT-MU-02.doc\">SE-LEVT-MU-02 &#8211; Digitaliz\u00e1l\u00e1si, mikrofilmeztet\u00e9si, restaur\u00e1l\u00e1si, savtalan\u00edt\u00e1si munk\u00e1k menet\u00e9nek szab\u00e1lyoz\u00e1sa<\/a><br \/>\n<a href=\"https:\/\/semmelweis.hu\/minoseg\/files\/2019\/09\/SE-LEVT-MU-02-fedlap.pdf\">SE-LEVT-MU-02 &#8211; fedlap<\/a><\/li>\n<\/ul>\n<ul>\n<li><a href=\"https:\/\/semmelweis.hu\/minoseg\/files\/2019\/09\/SE-LEVT-MU-05.doc\">SE-LEVT-MU-05 &#8211; Lev\u00e9lt\u00e1ri munkafolyamatok menet\u00e9nek szab\u00e1lyoz\u00e1sa<\/a><br \/>\n<a href=\"https:\/\/semmelweis.hu\/minoseg\/files\/2019\/09\/SE-LEVT-MU-05-fedlap.pdf\">SE-LEVT-MU-05 &#8211; fedlap<\/a><\/li>\n<\/ul>\n","protected":false},"excerpt":{"rendered":"<p>Min\u0151s\u00e9g\u00fcgyi dokumentumok.<\/p>\n","protected":false},"author":158,"featured_media":0,"parent":1621,"menu_order":8,"comment_status":"closed","ping_status":"closed","template":"","meta":{"_acf_changed":false,"footnotes":""},"categories":[],"tags":[],"class_list":["post-1610","page","type-page","status-publish","hentry"],"acf":[],"_links":{"self":[{"href":"https:\/\/semmelweis.hu\/minoseg\/wp-json\/wp\/v2\/pages\/1610","targetHints":{"allow":["GET"]}}],"collection":[{"href":"https:\/\/semmelweis.hu\/minoseg\/wp-json\/wp\/v2\/pages"}],"about":[{"href":"https:\/\/semmelweis.hu\/minoseg\/wp-json\/wp\/v2\/types\/page"}],"author":[{"embeddable":true,"href":"https:\/\/semmelweis.hu\/minoseg\/wp-json\/wp\/v2\/users\/158"}],"replies":[{"embeddable":true,"href":"https:\/\/semmelweis.hu\/minoseg\/wp-json\/wp\/v2\/comments?post=1610"}],"version-history":[{"count":10,"href":"https:\/\/semmelweis.hu\/minoseg\/wp-json\/wp\/v2\/pages\/1610\/revisions"}],"predecessor-version":[{"id":19827,"href":"https:\/\/semmelweis.hu\/minoseg\/wp-json\/wp\/v2\/pages\/1610\/revisions\/19827"}],"up":[{"embeddable":true,"href":"https:\/\/semmelweis.hu\/minoseg\/wp-json\/wp\/v2\/pages\/1621"}],"wp:attachment":[{"href":"https:\/\/semmelweis.hu\/minoseg\/wp-json\/wp\/v2\/media?parent=1610"}],"wp:term":[{"taxonomy":"category","embeddable":true,"href":"https:\/\/semmelweis.hu\/minoseg\/wp-json\/wp\/v2\/categories?post=1610"},{"taxonomy":"post_tag","embeddable":true,"href":"https:\/\/semmelweis.hu\/minoseg\/wp-json\/wp\/v2\/tags?post=1610"}],"curies":[{"name":"wp","href":"https:\/\/api.w.org\/{rel}","templated":true}]}}