{"id":1609,"date":"2007-09-05T10:21:29","date_gmt":"2007-09-05T08:21:29","guid":{"rendered":"http:\/\/wp.localhost\/?page_id=25"},"modified":"2025-05-16T08:37:37","modified_gmt":"2025-05-16T06:37:37","slug":"koezponti-koenyvtar","status":"publish","type":"page","link":"https:\/\/semmelweis.hu\/minoseg\/mir-dokumentacio\/kozponti-szervezeti-egysegek\/koezponti-koenyvtar\/","title":{"rendered":"K\u00f6zponti K\u00f6nyvt\u00e1r"},"content":{"rendered":"<p><strong>Min\u0151s\u00e9g\u00fcgyi dokumentum &#8211; elj\u00e1r\u00e1s<\/strong><\/p>\n<ul style=\"list-style-type: disc\">\n<li><a href=\"https:\/\/semmelweis.hu\/minoseg\/files\/2024\/03\/SE-KKVT-ME-01.docx\">SE-KKVT-ME-01 &#8211; Oktat\u00e1si tev\u00e9kenys\u00e9g<\/a><br \/>\n<a href=\"https:\/\/semmelweis.hu\/minoseg\/files\/2024\/03\/SE-KKVT-ME-01-fedlap.pdf\">SE-KKVT-ME-01 &#8211; fedlap<\/a><\/li>\n<\/ul>\n<hr \/>\n<p><strong>Min\u0151s\u00e9g\u00fcgyi dokumentum &#8211; munkautas\u00edt\u00e1s<\/strong><\/p>\n<ul>\n<li><a href=\"https:\/\/semmelweis.hu\/minoseg\/files\/2020\/10\/SE-KKVT-MU-01.docx\">SE-KKVT-MU-01 &#8211; K\u00fclf\u00f6ldi k\u00f6nyvt\u00e1rk\u00f6zi k\u00e9r\u00e9sek beszerz\u00e9se<\/a><br \/>\n<a href=\"https:\/\/semmelweis.hu\/minoseg\/files\/2020\/10\/SE-KKVT-MU-01-\u2013-fedlap.pdf\">SE-KKVT-MU-01 &#8211; fedlap<\/a><br \/>\n<a href=\"https:\/\/semmelweis.hu\/minoseg\/files\/2020\/10\/SE-KKVT-MU-01-M01.docx\">SE-KKVT-MU-01-M01 &#8211; Folyamat\u00e1bra<\/a><\/li>\n<\/ul>\n<ul>\n<li><a href=\"https:\/\/semmelweis.hu\/minoseg\/files\/2020\/10\/SE-KKVT-MU-02.docx\">SE-KKVT-MU-02 &#8211; Nyomtatott form\u00e1tum\u00fa k\u00f6nyvek beszerz\u00e9se<\/a><br \/>\n<a href=\"https:\/\/semmelweis.hu\/minoseg\/files\/2020\/10\/SE-KKVT-MU-02-\u2013-fedlap.pdf\">SE-KKVT-MU-02 &#8211; fedlap<\/a><br \/>\n<a href=\"https:\/\/semmelweis.hu\/minoseg\/files\/2020\/10\/SE-KKVT-MU-02-M01.docx\">SE-KKVT-MU-02-M01 &#8211; K\u00f6sz\u00f6n\u0151lev\u00e9l minta<\/a><\/li>\n<\/ul>\n<ul>\n<li><a href=\"https:\/\/semmelweis.hu\/minoseg\/files\/2024\/03\/SE-KKVT-MU-03.docx\">SE-KKVT-MU-03 &#8211; Elektronikus forr\u00e1sok beszerz\u00e9se<\/a><br \/>\n<a href=\"https:\/\/semmelweis.hu\/minoseg\/files\/2024\/03\/SE-KKVT-MU-03-fedlap.pdf\">SE-KKVT-MU-03 &#8211; fedlap<\/a><\/li>\n<\/ul>\n<ul>\n<li><a href=\"https:\/\/semmelweis.hu\/minoseg\/files\/2020\/10\/SE-KKVT-MU-04.docx\"> SE-KKVT-MU-04 &#8211; Egyetemi repozit\u00f3rium t\u00f6lt\u00e9se MTMT haszn\u00e1lat\u00e1nak seg\u00e9dlet\u00e9vel tansz\u00e9ki MTMT adminisztr\u00e1torok bevon\u00e1s\u00e1val, a felt\u00f6lt\u00e9s ellen\u0151rz\u00e9se a repozit\u00f3riummal kezel\u0151k \u00e1ltal<\/a><br \/>\n<a href=\"https:\/\/semmelweis.hu\/minoseg\/files\/2020\/10\/SE-KKVT-MU-04-\u2013-fedlap.pdf\">SE-KKVT-MU-04 &#8211; fedlap<\/a><\/li>\n<\/ul>\n<ul>\n<li><a href=\"https:\/\/semmelweis.hu\/minoseg\/files\/2024\/03\/SE-KKVT-MU-05.docx\">SE-KKVT-MU-05 &#8211; K\u00f6nyvt\u00e1ri ellen\u0151rz\u00e9si munkafolyamatok szab\u00e1lyoz\u00e1sa az egyetemi kinevez\u00e9si p\u00e1ly\u00e1zatok, fokozatszerz\u00e9s (habilit\u00e1ci\u00f3) kapcs\u00e1n<\/a><br \/>\n<a href=\"https:\/\/semmelweis.hu\/minoseg\/files\/2024\/03\/SE-KKVT-MU-05-fedlap.pdf\">SE-KKVT-MU-05 &#8211; fedlap<\/a><\/li>\n<\/ul>\n<ul>\n<li><a href=\"https:\/\/semmelweis.hu\/minoseg\/files\/2020\/10\/SE-KKVT-MU-06.docx\">SE-KKVT-MU-06 &#8211; PhD K\u00f6nyvt\u00e1ri adatlap ellen\u0151rz\u00e9s\u00e9vel kapcsolatos szab\u00e1lyoz\u00e1s<\/a><br \/>\n<a href=\"https:\/\/semmelweis.hu\/minoseg\/files\/2020\/10\/SE-KKVT-MU-06-\u2013-fedlap.pdf\">SE-KKVT-MU-06 &#8211; fedlap<\/a><\/li>\n<\/ul>\n<ul>\n<li><a href=\"https:\/\/semmelweis.hu\/minoseg\/files\/2020\/10\/SE-KKVT-MU-08.docx\">SE-KKVT-MU-08 &#8211; A k\u00f6nyvek lelt\u00e1rba v\u00e9tel\u00e9nek, feldolgoz\u00e1s\u00e1nak, \u00e1llom\u00e1nyba helyez\u00e9s\u00e9nek menete<\/a><br \/>\n<a href=\"https:\/\/semmelweis.hu\/minoseg\/files\/2020\/10\/SE-KKVT-MU-08-\u2013-fedlap.pdf\">SE-KKVT-MU-08- fedlap<\/a><br \/>\n<a href=\"https:\/\/semmelweis.hu\/minoseg\/files\/2020\/10\/SE-KKVT-MU-08-M01.png\">SE-KKVT-MU-08-M01 &#8211; Folyamat\u00e1bra<\/a><\/li>\n<\/ul>\n<ul>\n<li><a href=\"https:\/\/semmelweis.hu\/minoseg\/files\/2024\/03\/SE-KKVT-MU-09.docx\">SE-KKVT-MU-09 &#8211; K\u00fclf\u00f6ldi nyomtatott foly\u00f3iratok kari\/tansz\u00e9ki k\u00f6zbeszerz\u00e9s\u00e9nek koordin\u00e1ci\u00f3ja<\/a><br \/>\n<a href=\"https:\/\/semmelweis.hu\/minoseg\/files\/2024\/03\/SE-KKVT-MU-09-fedlap.pdf\">SE-KKVT-MU-09 &#8211; fedlap<\/a><br \/>\n<a href=\"https:\/\/semmelweis.hu\/minoseg\/files\/2024\/03\/SE-KKVT-MU-09-A01.xlsx\">SE-KKVT-MU-09-A01 &#8211; Fedezetigazol\u00e1s<\/a><\/li>\n<\/ul>\n<ul>\n<li><a href=\"https:\/\/semmelweis.hu\/minoseg\/files\/2020\/10\/SE-KKVT-MU-10.docx\">SE-KKVT-MU-10 &#8211; K\u00f6nyvt\u00e1ri igazol\u00e1s kiad\u00e1sa<\/a><br \/>\n<a href=\"https:\/\/semmelweis.hu\/minoseg\/files\/2020\/10\/SE-KKVT-MU-10-\u2013-fedlap.pdf\">SE-KKVT-MU-10 &#8211; fedlap<\/a><br \/>\n<a href=\"https:\/\/semmelweis.hu\/minoseg\/files\/2020\/10\/SE-KKVT-MU-10-M01.docx\">SE-KKVT-MU-10-A01 &#8211; Igazol\u00e1s diplom\u00e1hoz minta<\/a><\/li>\n<\/ul>\n<ul>\n<li><a href=\"https:\/\/semmelweis.hu\/minoseg\/files\/2024\/03\/SE-KKVT-MU-11.docx\">SE-KKVT-MU-11 &#8211; Szolg\u00e1ltat\u00e1si helyek ellen\u0151rz\u00e9se<\/a><br \/>\n<a href=\"https:\/\/semmelweis.hu\/minoseg\/files\/2024\/03\/SE-KKVT-MU-11-fedlap.pdf\">SE-KKVT-MU-11 &#8211; fedlap<\/a><br \/>\n<a href=\"https:\/\/semmelweis.hu\/minoseg\/files\/2024\/03\/SE-KKVT-MU-11-A01.xlsx\">SE-KKVT- MU-11-A01 &#8211; Karbantart\u00e1si hibabejelent\u0151 lap<\/a><\/li>\n<\/ul>\n<ul>\n<li><a href=\"https:\/\/semmelweis.hu\/minoseg\/files\/2024\/03\/SE-KKVT-MU-12.docx\">SE-KKVT-MU-12 &#8211; Open Access m\u00f3don val\u00f3 publik\u00e1l\u00e1s t\u00e1mogat\u00e1sa<\/a><br \/>\n<a href=\"https:\/\/semmelweis.hu\/minoseg\/files\/2024\/03\/SE-KKVT-MU-12-fedlap.pdf\">SE-KKVT-MU-12 &#8211; fedlap<\/a><\/li>\n<\/ul>\n","protected":false},"excerpt":{"rendered":"<p>Min\u0151s\u00e9g\u00fcgyi dokumentumok.<\/p>\n","protected":false},"author":158,"featured_media":0,"parent":1621,"menu_order":7,"comment_status":"closed","ping_status":"closed","template":"","meta":{"_acf_changed":false,"footnotes":""},"categories":[],"tags":[],"class_list":["post-1609","page","type-page","status-publish","hentry"],"acf":[],"_links":{"self":[{"href":"https:\/\/semmelweis.hu\/minoseg\/wp-json\/wp\/v2\/pages\/1609","targetHints":{"allow":["GET"]}}],"collection":[{"href":"https:\/\/semmelweis.hu\/minoseg\/wp-json\/wp\/v2\/pages"}],"about":[{"href":"https:\/\/semmelweis.hu\/minoseg\/wp-json\/wp\/v2\/types\/page"}],"author":[{"embeddable":true,"href":"https:\/\/semmelweis.hu\/minoseg\/wp-json\/wp\/v2\/users\/158"}],"replies":[{"embeddable":true,"href":"https:\/\/semmelweis.hu\/minoseg\/wp-json\/wp\/v2\/comments?post=1609"}],"version-history":[{"count":11,"href":"https:\/\/semmelweis.hu\/minoseg\/wp-json\/wp\/v2\/pages\/1609\/revisions"}],"predecessor-version":[{"id":20203,"href":"https:\/\/semmelweis.hu\/minoseg\/wp-json\/wp\/v2\/pages\/1609\/revisions\/20203"}],"up":[{"embeddable":true,"href":"https:\/\/semmelweis.hu\/minoseg\/wp-json\/wp\/v2\/pages\/1621"}],"wp:attachment":[{"href":"https:\/\/semmelweis.hu\/minoseg\/wp-json\/wp\/v2\/media?parent=1609"}],"wp:term":[{"taxonomy":"category","embeddable":true,"href":"https:\/\/semmelweis.hu\/minoseg\/wp-json\/wp\/v2\/categories?post=1609"},{"taxonomy":"post_tag","embeddable":true,"href":"https:\/\/semmelweis.hu\/minoseg\/wp-json\/wp\/v2\/tags?post=1609"}],"curies":[{"name":"wp","href":"https:\/\/api.w.org\/{rel}","templated":true}]}}