{"id":1602,"date":"2007-09-05T09:53:24","date_gmt":"2007-09-05T07:53:24","guid":{"rendered":"http:\/\/wp.localhost\/?page_id=16"},"modified":"2025-03-28T11:45:59","modified_gmt":"2025-03-28T10:45:59","slug":"biztonsagtechnikai-igazgatosag","status":"publish","type":"page","link":"https:\/\/semmelweis.hu\/minoseg\/mir-dokumentacio\/kozponti-szervezeti-egysegek\/biztonsagtechnikai-igazgatosag\/","title":{"rendered":"Biztons\u00e1gtechnikai Igazgat\u00f3s\u00e1g"},"content":{"rendered":"<p><strong>Min\u0151s\u00e9g\u00fcgyi dokumentum &#8211; munkautas\u00edt\u00e1s<\/strong><\/p>\n<ul>\n<li><a href=\"https:\/\/semmelweis.hu\/minoseg\/files\/2022\/05\/SE-MFI-BTI-MU-01.docx\">SE-MFI-BTI-MU-01 &#8211; Oktat\u00e1si folyamatok<\/a><br \/>\n<a href=\"https:\/\/semmelweis.hu\/minoseg\/files\/2022\/05\/SE-MFI-BTI-MU-02.docx\">SE-MFI-BTI-MU-02 &#8211; Ellen\u0151rz\u00e9si folyamatok<\/a><\/li>\n<li><a href=\"https:\/\/semmelweis.hu\/minoseg\/files\/2022\/05\/SE-MFI-BTI-MU-04.docx\">SE-MFI-BTI-MU-04 &#8211; K\u00e9szenl\u00e9ti \u00dcgyrend munkautas\u00edt\u00e1s<\/a><br \/>\n<a href=\"https:\/\/semmelweis.hu\/minoseg\/files\/2022\/05\/SE-MFI-BTI-MU-06-M01.pdf\">SE-MFI-BTI-MU-06-M01 &#8211; K\u00f6zponti Diszp\u00e9cser- \u00e9s J\u00e1r\u0151rszolg\u00e1lat Szolg\u00e1lati Utas\u00edt\u00e1s-kieg\u00e9sz\u00edt\u00e9s \u00e9s mell\u00e9kletei<\/a><\/li>\n<li><a href=\"https:\/\/semmelweis.hu\/minoseg\/files\/2022\/05\/SE-MFI-BTI-MU-05.docx\">SE-MFI-BTI-MU-05 &#8211; Eszkal\u00e1ci\u00f3s terv<\/a><\/li>\n<\/ul>\n<ul>\n<li><a href=\"https:\/\/semmelweis.hu\/minoseg\/files\/2007\/09\/SE-MFI-BTI-MU-08.doc\">SE-MFI-BTI-MU-08 &#8211; A s\u00fcrg\u0151ss\u00e9gi ell\u00e1t\u00e1sra szorul\u00f3 szem\u00e9lyek ell\u00e1t\u00e1snak rendj\u00e9r\u0151l<br \/>\n<\/a><a href=\"https:\/\/semmelweis.hu\/minoseg\/files\/2007\/09\/SE-MFI-BTI-MU-08.pdf\">SE-MFI-BTI-MU-08 &#8211; fedlap<\/a><br \/>\n<a href=\"https:\/\/semmelweis.hu\/minoseg\/files\/2007\/09\/SE-MFI-BTI-MU-08-M01.docx\">SE-MFI-BTI-MU-08-M01 &#8211; \u00c9rtes\u00edtend\u0151k list\u00e1ja, el\u00e9rhet\u0151 szem\u00e9lyek<\/a><br \/>\n<a href=\"\/\/semmelweis.hu\/minoseg\/files\/2007\/09\/SE-MFI-BTI-MU-08-M02.pdf\">SE-MFI-BTI-MU-08-M02 &#8211; Utas\u00edt\u00e1s a K\u00f6zponti Diszp\u00e9cser- \u00e9s J\u00e1r\u0151rszolg\u00e1lat sz\u00e1m\u00e1ra a s\u00fcrg\u0151ss\u00e9gi ell\u00e1t\u00e1sra szorul\u00f3 szem\u00e9lyek ell\u00e1t\u00e1s\u00e1nak rendj\u00e9r\u0151l<\/a><br \/>\n<a href=\"https:\/\/semmelweis.hu\/minoseg\/files\/2007\/09\/SE-MFI-BTI-MU-08-M03.pdf\" rel=\"noopener\">SE-MFI-BTI-MU-08-M03 &#8211; Utas\u00edt\u00e1s a portaszolg\u00e1latok sz\u00e1m\u00e1ra a s\u00fcrg\u0151ss\u00e9gi ell\u00e1t\u00e1sra szorul\u00f3 szem\u00e9lyek ell\u00e1t\u00e1s\u00e1nak rendj\u00e9r\u0151l<\/a><\/li>\n<\/ul>\n<p>&nbsp;<\/p>\n<p>&nbsp;<\/p>\n","protected":false},"excerpt":{"rendered":"<p>Min\u0151s\u00e9g\u00fcgyi dokumentumok.<\/p>\n","protected":false},"author":158,"featured_media":0,"parent":1621,"menu_order":2,"comment_status":"closed","ping_status":"closed","template":"","meta":{"_acf_changed":false,"footnotes":""},"categories":[],"tags":[],"class_list":["post-1602","page","type-page","status-publish","hentry"],"acf":[],"_links":{"self":[{"href":"https:\/\/semmelweis.hu\/minoseg\/wp-json\/wp\/v2\/pages\/1602","targetHints":{"allow":["GET"]}}],"collection":[{"href":"https:\/\/semmelweis.hu\/minoseg\/wp-json\/wp\/v2\/pages"}],"about":[{"href":"https:\/\/semmelweis.hu\/minoseg\/wp-json\/wp\/v2\/types\/page"}],"author":[{"embeddable":true,"href":"https:\/\/semmelweis.hu\/minoseg\/wp-json\/wp\/v2\/users\/158"}],"replies":[{"embeddable":true,"href":"https:\/\/semmelweis.hu\/minoseg\/wp-json\/wp\/v2\/comments?post=1602"}],"version-history":[{"count":10,"href":"https:\/\/semmelweis.hu\/minoseg\/wp-json\/wp\/v2\/pages\/1602\/revisions"}],"predecessor-version":[{"id":19871,"href":"https:\/\/semmelweis.hu\/minoseg\/wp-json\/wp\/v2\/pages\/1602\/revisions\/19871"}],"up":[{"embeddable":true,"href":"https:\/\/semmelweis.hu\/minoseg\/wp-json\/wp\/v2\/pages\/1621"}],"wp:attachment":[{"href":"https:\/\/semmelweis.hu\/minoseg\/wp-json\/wp\/v2\/media?parent=1602"}],"wp:term":[{"taxonomy":"category","embeddable":true,"href":"https:\/\/semmelweis.hu\/minoseg\/wp-json\/wp\/v2\/categories?post=1602"},{"taxonomy":"post_tag","embeddable":true,"href":"https:\/\/semmelweis.hu\/minoseg\/wp-json\/wp\/v2\/tags?post=1602"}],"curies":[{"name":"wp","href":"https:\/\/api.w.org\/{rel}","templated":true}]}}