{"id":15,"date":"2007-09-05T09:52:43","date_gmt":"2007-09-05T07:52:43","guid":{"rendered":"http:\/\/wp.localhost\/?page_id=15"},"modified":"2025-04-01T13:46:58","modified_gmt":"2025-04-01T11:46:58","slug":"vagyongazdalkodasi-igazgatosag","status":"publish","type":"page","link":"https:\/\/semmelweis.hu\/minoseg\/mir-dokumentacio\/kozponti-szervezeti-egysegek\/vagyongazdalkodasi-igazgatosag\/","title":{"rendered":"Vagyongazd\u00e1lkod\u00e1si Igazgat\u00f3s\u00e1g"},"content":{"rendered":"<p><strong>Min\u0151s\u00e9g\u00fcgyi dokumentum &#8211; munkautas\u00edt\u00e1s<\/strong><\/p>\n<ul>\n<li><a href=\"https:\/\/semmelweis.hu\/minoseg\/files\/2021\/03\/SE-GFI-VGI-MU-02.docx\">SE-GFI-VGI-MU-02 &#8211; K\u00f6zponti Rakt\u00e1r targonca haszn\u00e1lata<\/a><br \/>\n<a href=\"https:\/\/semmelweis.hu\/minoseg\/files\/2021\/03\/SE-GFI-VGI-MU-02-fedlap.pdf\">SE-GFI-VGI-MU-02 &#8211; fedlap<\/a><br \/>\n<a href=\"https:\/\/semmelweis.hu\/minoseg\/files\/2021\/03\/SE-GFI-VGI-MU-02-A01.docx\">SE-GFI-VGI-MU-02-A01 &#8211; Megb\u00edz\u00e1s emel\u0151g\u00e9p kezel\u00e9s\u00e9re<\/a><br \/>\n<a href=\"https:\/\/semmelweis.hu\/minoseg\/files\/2021\/03\/SE-GFI-VGI-MU-02-A02.docx\">SE-GFI-VGI-MU-02-A02 &#8211; Oktat\u00e1si igazol\u00e1s emel\u0151g\u00e9p kezel\u0151 \u00e9s ir\u00e1ny\u00edt\u00f3 r\u00e9sz\u00e9re<\/a><br \/>\n<a href=\"https:\/\/semmelweis.hu\/minoseg\/files\/2021\/03\/SE-GFI-VGI-MU-02-M01.docx\">SE-GFI-VGI-MU-02-M01 &#8211; Emel\u0151g\u00e9p kezel\u0151 valamint ir\u00e1ny\u00edt\u00f3 munkav\u00e9delmi oktat\u00e1si tematika<\/a><\/li>\n<\/ul>\n<p>&nbsp;<\/p>\n","protected":false},"excerpt":{"rendered":"<p>Min\u0151s\u00e9g\u00fcgyi dokumentumok.<\/p>\n","protected":false},"author":158,"featured_media":0,"parent":1621,"menu_order":17,"comment_status":"closed","ping_status":"closed","template":"","meta":{"_acf_changed":false,"footnotes":""},"categories":[],"tags":[],"class_list":["post-15","page","type-page","status-publish","hentry"],"acf":[],"_links":{"self":[{"href":"https:\/\/semmelweis.hu\/minoseg\/wp-json\/wp\/v2\/pages\/15","targetHints":{"allow":["GET"]}}],"collection":[{"href":"https:\/\/semmelweis.hu\/minoseg\/wp-json\/wp\/v2\/pages"}],"about":[{"href":"https:\/\/semmelweis.hu\/minoseg\/wp-json\/wp\/v2\/types\/page"}],"author":[{"embeddable":true,"href":"https:\/\/semmelweis.hu\/minoseg\/wp-json\/wp\/v2\/users\/158"}],"replies":[{"embeddable":true,"href":"https:\/\/semmelweis.hu\/minoseg\/wp-json\/wp\/v2\/comments?post=15"}],"version-history":[{"count":11,"href":"https:\/\/semmelweis.hu\/minoseg\/wp-json\/wp\/v2\/pages\/15\/revisions"}],"predecessor-version":[{"id":19857,"href":"https:\/\/semmelweis.hu\/minoseg\/wp-json\/wp\/v2\/pages\/15\/revisions\/19857"}],"up":[{"embeddable":true,"href":"https:\/\/semmelweis.hu\/minoseg\/wp-json\/wp\/v2\/pages\/1621"}],"wp:attachment":[{"href":"https:\/\/semmelweis.hu\/minoseg\/wp-json\/wp\/v2\/media?parent=15"}],"wp:term":[{"taxonomy":"category","embeddable":true,"href":"https:\/\/semmelweis.hu\/minoseg\/wp-json\/wp\/v2\/categories?post=15"},{"taxonomy":"post_tag","embeddable":true,"href":"https:\/\/semmelweis.hu\/minoseg\/wp-json\/wp\/v2\/tags?post=15"}],"curies":[{"name":"wp","href":"https:\/\/api.w.org\/{rel}","templated":true}]}}