{"id":14862,"date":"2021-12-07T15:50:04","date_gmt":"2021-12-07T14:50:04","guid":{"rendered":"https:\/\/semmelweis.hu\/minoseg\/?page_id=14862"},"modified":"2025-05-26T09:51:42","modified_gmt":"2025-05-26T07:51:42","slug":"az-egyetem-kornyezete","status":"publish","type":"page","link":"https:\/\/semmelweis.hu\/minoseg\/feladatok\/iso-navigator\/az-egyetem-kornyezete\/","title":{"rendered":"Az Egyetem k\u00f6rnyezete"},"content":{"rendered":"<div class=\"keretes w-100\">\n<p style=\"text-align: justify\">A Semmelweis Egyetem <strong>jogi form\u00e1ja<\/strong> 2021. augusztus 1-t\u0151l <strong>k\u00f6zfeladatot ell\u00e1t\u00f3 k\u00f6z\u00e9rdek\u0171 alap\u00edtv\u00e1nyi fenntart\u00e1s\u00fa k\u00f6zhaszn\u00fa fels\u0151oktat\u00e1si int\u00e9zm\u00e9ny.<\/strong><\/p>\n<\/div>\n<h4>Mire gondoljunk?<\/h4>\n<div class=\"responsive-tabs\">\n<h2 class=\"tabtitle\">Fogalmak<\/h2>\n<div class=\"tabcontent\">\n\n<h3><a href=\"https:\/\/semmelweis.hu\/minoseg\/feladatok\/mit-jelent\/\" target=\"_blank\" rel=\"noopener\">Szakkifejez\u00e9sek &#8211; szabv\u00e1nyok<\/a><\/h3>\n<h3 style=\"text-align: justify\">Jelen meghat\u00e1roz\u00e1sok forr\u00e1sa<\/h3>\n<ul style=\"list-style-type: circle\">\n<li style=\"text-align: justify\">Dr. Gutassy Attila, Gutassy Nimr\u00f3d Ferenc: Min\u0151s\u00e9gmenedzsment mindenkinek (2017) Raabe Klett Kiad\u00f3 Bp. 2018.<\/li>\n<li style=\"text-align: justify\">Dr. Gutassy Attila, Gutassy Nimr\u00f3d Ferenc: Min\u0151s\u00e9gmenedzsment a gyakorlatban (2018) Raabe Klett Kiad\u00f3 Bp. 2018.\u00a0<\/li>\n<\/ul>\n<div class=\"keretes w-100\">\n<p style=\"text-align: justify\"><strong>Folyamatszeml\u00e9let\u0171 megk\u00f6zel\u00edt\u00e9s:<\/strong> mag\u00e1ban foglalja a folyamatok \u00e9s k\u00f6lcs\u00f6nhat\u00e1saik m\u00f3dszeres meghat\u00e1roz\u00e1s\u00e1t \u00e9s ir\u00e1ny\u00edt\u00e1s\u00e1t, hogy a szervezet min\u0151s\u00e9gpolitik\u00e1j\u00e1val \u00e9s strat\u00e9giai ir\u00e1nyvonal\u00e1val \u00f6sszhangban lev\u0151 tervezett eredm\u00e9nyeket \u00e9rjenek el. Az egym\u00e1ssal kapcsolatban \u00e1ll\u00f3 folyamatok rendszerk\u00e9nt t\u00f6rt\u00e9n\u0151 felfog\u00e1sa \u00e9s kezel\u00e9se hozz\u00e1j\u00e1rul ahhoz, hogy a szervezet eredm\u00e9nyesen \u00e9s hat\u00e9konyan \u00e9rje el tervezett eredm\u00e9nyeit. E c\u00e9lb\u00f3l a folyamatokat kell a k\u00f6z\u00e9ppontba helyezni, \u00e9s annak kell al\u00e1rendelni az er\u0151forr\u00e1sokat, a szervezetet, a szab\u00e1lyoz\u00e1sokat, az \u00fcgyint\u00e9z\u00e9st.\u00a0<\/p>\n<\/div>\n\n<\/div><h2 class=\"tabtitle\">Egyetemi<br \/>\nszab\u00e1lyzatok<\/h2>\n<div class=\"tabcontent\">\n\n<ul style=\"list-style-type: circle\">\n<li><a href=\"https:\/\/semmelweis.hu\/jogigfoig\/dokumentumtar\/szabalyzattar\/etikai-kodex\/\" target=\"_blank\" rel=\"noopener\">Etikai k\u00f3dex\u00a0<\/a><\/li>\n<li><a href=\"https:\/\/semmelweis.hu\/koronavirus\/mit-tehetunk\/jarvanyugyi-etikai-iranymutatas\/\" target=\"_blank\" rel=\"noopener\">J\u00e1rv\u00e1ny\u00fcgyi etikai ir\u00e1nymutat\u00e1s<\/a><\/li>\n<li><a href=\"https:\/\/semmelweis.hu\/jogigfoig\/dokumentumtar\/szabalyzattar\/szervezeti-es-mukodesi-szabalyzat\/i-konyv-szmr\/\" target=\"_blank\" rel=\"noopener\">Semmelweis Egyetem Szervezeti \u00e9s M\u0171k\u00f6d\u00e9si Szab\u00e1lyzat \u2013 I. K\u00f6nyv Szervezeti \u00e9s M\u0171k\u00f6d\u00e9si Rend \u2013 I.1. R\u00e9sz \u00c1ltal\u00e1nos szervezeti \u00e9s m\u0171k\u00f6d\u00e9si rendelkez\u00e9sek I.fejezet 3. Az egyetem feladatai<\/a><\/li>\n<li><a href=\"https:\/\/semmelweis.hu\/jogigfoig\/dokumentumtar\/szabalyzattar\/szervezeti-es-mukodesi-szabalyzat\/i-konyv-szmr\/\" target=\"_blank\" rel=\"noopener\">Semmelweis Egyetem Szervezeti \u00e9s M\u0171k\u00f6d\u00e9si Szab\u00e1lyzat \u2013 I. k\u00f6nyv Szervezeti \u00e9s M\u0171k\u00f6d\u00e9si Rend \u2013 I.1. R\u00e9sz Mell\u00e9kletek &#8211; I.1 &#8211; 2. mell\u00e9klet &#8211; organogram<\/a><\/li>\n<li><a href=\"https:\/\/semmelweis.hu\/jogigfoig\/dokumentumtar\/szabalyzattar\/szervezeti-es-mukodesi-szabalyzat\/i-konyv-szmr\/\" target=\"_blank\" rel=\"noopener\">Semmelweis Egyetem Szervezeti \u00e9s M\u0171k\u00f6d\u00e9si Szab\u00e1lyzat \u2013 I. K\u00f6nyv Szervezeti \u00e9s M\u0171k\u00f6d\u00e9si Rend \u2013 I.1. R\u00e9sz \u00c1ltal\u00e1nos szervezeti \u00e9s m\u0171k\u00f6d\u00e9si rendelkez\u00e9sek III.fejezet 7. K\u00f6zhaszn\u00fas\u00e1gi Fel\u00fcgyel\u0151bizotts\u00e1g.<\/a><\/li>\n<\/ul>\n\n<\/div><h2 class=\"tabtitle\">K\u00f6rnyezet<\/h2>\n<div class=\"tabcontent\">\n\n<h3>K\u00d6VETELM\u00c9NY<\/h3>\n<ul style=\"list-style-type: circle\">\n<li>Szervezeti egys\u00e9gek <a href=\"https:\/\/semmelweis.hu\/minoseg\/feladatok\/vezetosegi-atvizsgalas\/\" target=\"_blank\" rel=\"noopener\">vezet\u0151s\u00e9gi \u00e1tvizsg\u00e1l\u00e1s<\/a><\/li>\n<\/ul>\n<h4>P\u00e9lda<\/h4>\n<ul style=\"list-style-type: circle\">\n<li><a href=\"https:\/\/semmelweis.hu\/az-egyetemrol\/az-egyetem-bemutatasa\/intezmenyfejlesztesi-terv-pdf\/\" target=\"_blank\" rel=\"noopener\">Semmelweis Egyetem Int\u00e9zm\u00e9nyfejleszt\u00e9si Terv-2025-2028<\/a><\/li>\n<\/ul>\n<p><strong>Bels\u0151 k\u00f6rnyezet<\/strong><\/p>\n<ul style=\"list-style-type: circle\">\n<li>Elk\u00f6telezetts\u00e9g, motiv\u00e1ci\u00f3, hagyom\u00e1nyok, szervezeti kult\u00fara, felk\u00e9sz\u00fclts\u00e9g, tud\u00e1s, ismeretek.<\/li>\n<li>P\u00e9nz\u00fcgyek: t\u0151ke, likvidit\u00e1s, hitel\u00e1llom\u00e1ny, tartoz\u00e1s, kintl\u00e9v\u0151s\u00e9gek, k\u00f6vetel\u00e9sek.<\/li>\n<li>Munkaeszk\u00f6z\u00f6k: t\u00e1rgyi eszk\u00f6z\u00f6k, berendez\u00e9sek.<\/li>\n<li>Infrastrukt\u00fara: \u00e9p\u00fcletek, munkahelyek, informatikai \u00e9s kommunik\u00e1ci\u00f3s eszk\u00f6z\u00f6k.<\/li>\n<li>Munkak\u00f6r\u00fclm\u00e9nyek: ergon\u00f3mia, f\u0171t\u00e9s, szell\u0151ztet\u00e9s, vil\u00e1g\u00edt\u00e1s, kl\u00edma.<\/li>\n<li>Dokumentumok: m\u00e9ret, nagys\u00e1g, formai \u00e9s tartalmi megoszt\u00e1s, aktualit\u00e1s, rendelkez\u00e9sre \u00e1ll\u00e1s.<\/li>\n<\/ul>\n<p><strong>K\u00fcls\u0151 k\u00f6rnyezet<\/strong><\/p>\n<ul style=\"list-style-type: circle\">\n<li>Versenyt\u00e1rsak, konkurencia, sz\u00f6vets\u00e9gesek, strat\u00e9giai partnerek, nyilv\u00e1noss\u00e1g.<\/li>\n<li>Politikai, jogi, gazdas\u00e1gi, t\u00e1rsadalmi, technol\u00f3giai, term\u00e9szeti, piaci, kultur\u00e1lis.<\/li>\n<li>Marketing, piackutat\u00e1s, kereskedelem, \u00e9rt\u00e9kes\u00edt\u00e9s, beszerz\u00e9s, \u00fcgyf\u00e9lszolg\u00e1lat.<\/li>\n<\/ul>\n\n<\/div><h2 class=\"tabtitle\">\u00c9rdekelt<br \/>\nfelek<\/h2>\n<div class=\"tabcontent\">\n\n<h3>K\u00d6VETELM\u00c9NY<\/h3>\n<ul>\n<li>Szervezeti egys\u00e9gek <a href=\"https:\/\/semmelweis.hu\/minoseg\/feladatok\/vezetosegi-atvizsgalas\/\" target=\"_blank\" rel=\"noopener\">vezet\u0151s\u00e9gi \u00e1tvizsg\u00e1l\u00e1s<\/a><\/li>\n<\/ul>\n<h4>P\u00c9LDA<\/h4>\n<p style=\"text-align: justify\"><strong>L\u00e9nyeges \u00e9rdekelt felek<\/strong> (stakeholder) \u2013 a <strong>min\u0151s\u00e9gir\u00e1ny\u00edt\u00e1si rendszer szempontj\u00e1b\u00f3l<\/strong><\/p>\n<table style=\"width: 100%;height: 62px\" width=\"100%\">\n<tbody>\n<tr>\n<td style=\"width: 50%;vertical-align: top\"><a href=\"https:\/\/semmelweis.hu\/neoa\/\" target=\"_blank\" rel=\"noopener\">Nemzeti Eg\u00e9szs\u00e9g\u00fcgyi \u00e9s Orvosk\u00e9pz\u00e9s\u00e9rt Alap\u00edtv\u00e1ny (NEOA)<\/a><\/td>\n<td style=\"width: 50%;vertical-align: top\">\n<p style=\"text-align: justify\"><a href=\"https:\/\/semmelweis.hu\/jogigfoig\/testuletek\/jogszabaly-altal-meghatarozott-testuletek\/semmelweis-egyetem-kozhasznusagi-felugyelobizottsag\/\" target=\"_blank\" rel=\"noopener\">K\u00f6zhaszn\u00fas\u00e1gi Fel\u00fcgyel\u0151bizotts\u00e1g (KBF)<\/a><\/p>\n<\/td>\n<\/tr>\n<\/tbody>\n<thead>\n<tr style=\"height: 32px\">\n<td style=\"width: 50%;height: 32px\">Fenntart\u00f3<\/td>\n<td style=\"width: 50%;height: 32px\">Ellen\u0151rz\u0151<\/td>\n<\/tr>\n<\/thead>\n<\/table>\n<p>&nbsp;<\/p>\n<table style=\"width: 100%;height: 174px\" width=\"100%\">\n<thead>\n<tr>\n<td style=\"width: 50%\">Hat\u00f3s\u00e1gok<\/td>\n<td style=\"width: 50%\">Hat\u00f3s\u00e1gok<\/td>\n<\/tr>\n<\/thead>\n<tbody>\n<tr>\n<td style=\"width: 50%\"><a href=\"http:\/\/www.neak.gov.hu\/\" target=\"_blank\" rel=\"noopener\">Nemzeti Eg\u00e9szs\u00e9gbiztos\u00edt\u00e1si Alapkezel\u0151 (NEAK)<\/a><\/td>\n<td style=\"width: 50%\"><a href=\"https:\/\/www.oktatas.hu\/\" target=\"_blank\" rel=\"noopener\">Oktat\u00e1si Hivatal (OH)<\/a><\/td>\n<\/tr>\n<tr>\n<td style=\"width: 50%\"><a href=\"https:\/\/okfo.gov.hu\/\" target=\"_blank\" rel=\"noopener\">Orsz\u00e1gos K\u00f3rh\u00e1zi F\u0151igazgat\u00f3s\u00e1g (OKF\u0150)<\/a><\/td>\n<td style=\"width: 50%\"><a href=\"https:\/\/www.mab.hu\/\" target=\"_blank\" rel=\"noopener\">Magyar Fels\u0151oktat\u00e1si Akkredit\u00e1ci\u00f3s Bizotts\u00e1g (MAB)<\/a><\/td>\n<\/tr>\n<tr>\n<td style=\"width: 50%\">\n<p>Nemzeti N\u00e9peg\u00e9szs\u00e9g\u00fcgyi \u00e9s Gy\u00f3gyszer\u00e9szeti K\u00f6zpont (NNGYK)<\/p>\n<ul style=\"list-style-type: circle\">\n<li><a href=\"https:\/\/www.nnk.gov.hu\/\" target=\"_blank\" rel=\"noopener\">Nemzeti N\u00e9peg\u00e9szs\u00e9g\u00fcgyi K\u00f6zpont (NNK)<\/a><\/li>\n<li><a href=\"https:\/\/ogyei.gov.hu\/\" target=\"_blank\" rel=\"noopener\">Orsz\u00e1gos Gy\u00f3gyszer\u00e9szeti \u00e9s \u00c9lelmez\u00e9s-eg\u00e9szs\u00e9g\u00fcgyi Int\u00e9zet (OGY\u00c9I)<\/a><\/li>\n<\/ul>\n<\/td>\n<td style=\"width: 50%;vertical-align: top\"><a href=\"https:\/\/www.naih.hu\/\" target=\"_blank\" rel=\"noopener\">Nemzeti Adatv\u00e9delmi \u00e9s Inform\u00e1ci\u00f3szabads\u00e1g Hat\u00f3s\u00e1g (NAIH)<\/a><\/td>\n<\/tr>\n<tr style=\"height: 32px\">\n<td style=\"width: 50%;height: 32px\">\u00a0<\/td>\n<td style=\"width: 50%;height: 32px\"><a href=\"https:\/\/www.nah.gov.hu\/\" target=\"_blank\" rel=\"noopener\">Nemzeti Akkredit\u00e1l\u00f3 Hat\u00f3s\u00e1g (NAH)<\/a><\/td>\n<\/tr>\n<\/tbody>\n<\/table>\n<p>&nbsp;<\/p>\n<table style=\"width: 100%;height: 190px\" width=\"100%\">\n<thead>\n<tr style=\"height: 32px\">\n<td style=\"width: 50%;height: 32px\">Egy\u00e9b szervezetek<\/td>\n<td style=\"width: 50%;height: 32px\">Egy\u00e9b szervezetek<\/td>\n<\/tr>\n<\/thead>\n<tbody>\n<tr style=\"height: 32px\">\n<td style=\"width: 50%;height: 32px\">\u00c9rdekk\u00e9pviseleti szervek<\/td>\n<td style=\"width: 50%;height: 32px\">Alap\u00edtv\u00e1nyok<\/td>\n<\/tr>\n<tr style=\"height: 32px\">\n<td style=\"width: 50%;height: 32px\">T\u00e1rsadalmi szervezetek<\/td>\n<td style=\"width: 50%;height: 32px\">Betegszervezetek<\/td>\n<\/tr>\n<tr style=\"height: 62px\">\n<td style=\"width: 50%;height: 62px\">Szakszervezetek<\/td>\n<td style=\"width: 50%;height: 62px\">Szakmai szervezetek<\/td>\n<\/tr>\n<tr style=\"height: 32px\">\n<td style=\"width: 50%;height: 32px\">Kamar\u00e1k<\/td>\n<td style=\"width: 50%;height: 32px\">\u00a0<\/td>\n<\/tr>\n<\/tbody>\n<\/table>\n<p>&nbsp;<\/p>\n<p style=\"text-align: center\"><a href=\"https:\/\/semmelweis.hu\/az-egyetemrol\/az-egyetem-bemutatasa\/\" target=\"_blank\" rel=\"noopener\"><strong>AZ EGYETEM ALAPTEV\u00c9KENYS\u00c9GEI<\/strong><\/a><\/p>\n<h4 style=\"text-align: center\"><strong><a href=\"https:\/\/semmelweis.hu\/hirek\/tag\/partnerseg\/\" target=\"_blank\" rel=\"noopener\">EGY\u00dcTTM\u0170K\u00d6D\u00c9S-PARTNERS\u00c9G<\/a><\/strong><\/h4>\n<table style=\"width: 100%;height: 174px\" width=\"100%\">\n<thead>\n<tr>\n<td style=\"width: 25%\">Oktat\u00e1s<\/td>\n<td style=\"width: 25%\">Tudom\u00e1nyos kutat\u00e1s<\/td>\n<td style=\"width: 25%\">Betegell\u00e1t\u00e1s<\/td>\n<td style=\"width: 25%\">M\u0171k\u00f6d\u00e9s<\/td>\n<\/tr>\n<\/thead>\n<tbody>\n<tr style=\"height: 32px\">\n<td style=\"width: 25%;height: 32px\"><a href=\"https:\/\/semmelweis.hu\/hirek\/tag\/egy-nap-sorozat\/\" target=\"_blank\" rel=\"noopener\">Munkat\u00e1rsak<\/a><\/td>\n<td style=\"width: 25%;height: 32px\"><a href=\"https:\/\/semmelweis.hu\/hirek\/tag\/egy-nap-sorozat\/\" target=\"_blank\" rel=\"noopener\">Munkat\u00e1rsak<\/a><\/td>\n<td style=\"width: 25%;height: 32px\"><a href=\"https:\/\/semmelweis.hu\/hirek\/tag\/egy-nap-sorozat\/\" target=\"_blank\" rel=\"noopener\">Munkat\u00e1rsak<\/a><\/td>\n<td style=\"width: 25%;height: 32px\"><a href=\"https:\/\/semmelweis.hu\/hirek\/tag\/egy-nap-sorozat\/\" target=\"_blank\" rel=\"noopener\">Munkat\u00e1rsak<\/a><\/td>\n<\/tr>\n<tr style=\"height: 32px\">\n<td style=\"width: 25%;height: 32px\">K\u00f6z\u00e9piskol\u00e1k<\/td>\n<td style=\"width: 25%;height: 32px\">Megb\u00edz\u00f3k<\/td>\n<td style=\"width: 25%;height: 32px\">H\u00e1ziorvos<\/td>\n<td style=\"width: 25%;height: 32px\">Alv\u00e1llalkoz\u00f3k<\/td>\n<\/tr>\n<tr style=\"height: 32px\">\n<td style=\"width: 25%;height: 32px\">Sz\u00fcl\u0151k<\/td>\n<td style=\"width: 25%;height: 32px\"><a href=\"https:\/\/mta.hu\/\" target=\"_blank\" rel=\"noopener\">Magyar Tudom\u00e1nyos Akad\u00e9mia (MTA)<\/a><\/td>\n<td style=\"width: 25%;height: 32px\">Beteg<\/td>\n<td style=\"width: 25%;height: 32px\"><a href=\"https:\/\/semmelweis.hu\/minoseg\/letolthetodokumentumok\/se-minositett-beszallitok\/\" target=\"_blank\" rel=\"noopener\">Besz\u00e1ll\u00edt\u00f3k<\/a><\/td>\n<\/tr>\n<tr style=\"height: 32px\">\n<td style=\"width: 25%;height: 32px\">Hallgat\u00f3k<\/td>\n<td style=\"width: 25%;height: 32px\">\u00a0<\/td>\n<td style=\"width: 25%;height: 32px\">Hozz\u00e1tartoz\u00f3<\/td>\n<td style=\"width: 25%;height: 32px\">K\u00f6z\u00fczemi szolg\u00e1ltat\u00f3k<\/td>\n<\/tr>\n<tr style=\"height: 32px\">\n<td style=\"width: 25%;height: 32px\">Munkahelyek<\/td>\n<td style=\"width: 25%;height: 32px\">\u00a0<\/td>\n<td style=\"width: 25%;height: 32px\">T\u00e1rsint\u00e9zm\u00e9nyek<\/td>\n<td style=\"width: 25%;height: 32px\">Szolg\u00e1ltat\u00f3k<\/td>\n<\/tr>\n<tr style=\"height: 32px\">\n<td style=\"width: 25%;height: 32px\">K\u00fcls\u0151 oktat\u00f3k<\/td>\n<td style=\"width: 25%;height: 32px\">\u00a0<\/td>\n<td style=\"width: 25%;height: 32px\"><a href=\"https:\/\/semmelweis.hu\/betegellatas\/betegjogi-kepviselok\/\" target=\"_blank\" rel=\"noopener\">Betegjogi k\u00e9pvisel\u0151<\/a><\/td>\n<td style=\"width: 25%;height: 32px\">\u00a0<\/td>\n<\/tr>\n<tr style=\"height: 32px\">\n<td style=\"width: 25%;height: 32px\"><a href=\"https:\/\/reny.hu\/project_r\/actual_prg\/system\/launch.php?pg=.\/FRAME_main.php&amp;ugrp=2\" target=\"_blank\" rel=\"noopener\">Akkredit\u00e1lt k\u00e9pz\u00e9si helyek<\/a><\/td>\n<td style=\"width: 25%;height: 32px\">\u00a0<\/td>\n<td style=\"width: 25%;height: 32px\"><a href=\"https:\/\/semmelweis.hu\/aok\/oktatas\/a-semmelweis-egyetem-altalanos-orvostudomanyi-kar-gyakorlo-korhaza-es-gyakorlo-osztalya-valamint-oktato-osztalya-cimmel-rendelkezo-intezmenyek-listaja\/\" target=\"_blank\" rel=\"noopener\">Gyakorl\u00f3 k\u00f3rh\u00e1z, gyakorl\u00f3 oszt\u00e1ly (\u00c1OK)<\/a><\/td>\n<td style=\"width: 25%;height: 32px\">\u00a0<\/td>\n<\/tr>\n<tr style=\"height: 32px\">\n<td style=\"width: 25%;height: 32px\">T\u00e1rsegyetemek<\/td>\n<td style=\"width: 25%;height: 32px\">\u00a0<\/td>\n<td style=\"width: 25%;height: 32px\">\u00a0<\/td>\n<td style=\"width: 25%;height: 32px\">\u00a0<\/td>\n<\/tr>\n<tr>\n<td style=\"width: 25%\"><a href=\"https:\/\/semmelweis.hu\/nki\/partnerintezmenyek\/\" target=\"_blank\" rel=\"noopener\">Nemzetk\u00f6zi kapcsolatok<\/a><\/td>\n<td style=\"width: 25%\">\u00a0<\/td>\n<td style=\"width: 25%\">\u00a0<\/td>\n<td style=\"width: 25%\">\u00a0<\/td>\n<\/tr>\n<\/tbody>\n<\/table>\n\n<\/div><h2 class=\"tabtitle\">Szervezeti<br \/>\nfel\u00e9p\u00edt\u00e9s<\/h2>\n<div class=\"tabcontent\">\n\n<ul style=\"list-style-type: circle\">\n<li>\n<h6><a href=\"https:\/\/semmelweis.hu\/jogigfoig\/igazgatas\/semmelweis-egyetem-szervezeti-egysegei\/\" target=\"_blank\" rel=\"noopener\">Egyetemi szervezeti egys\u00e9gek nyilv\u00e1ntart\u00e1sa &#8211; Jogi \u00e9s Igazgat\u00e1si F\u0151igazgat\u00f3s\u00e1g alhonlap<\/a><\/h6>\n<\/li>\n<\/ul>\n<p><a href=\"https:\/\/semmelweis.hu\/minoseg\/files\/2025\/02\/Organogram-2025.jpg\"><img loading=\"lazy\" decoding=\"async\" class=\"size-large wp-image-19125 aligncenter\" src=\"https:\/\/semmelweis.hu\/minoseg\/files\/2025\/02\/Organogram-2025-1024x589.jpg\" alt=\"\" width=\"753\" height=\"433\" srcset=\"https:\/\/semmelweis.hu\/minoseg\/files\/2025\/02\/Organogram-2025-1024x589.jpg 1024w, https:\/\/semmelweis.hu\/minoseg\/files\/2025\/02\/Organogram-2025-400x230.jpg 400w, https:\/\/semmelweis.hu\/minoseg\/files\/2025\/02\/Organogram-2025-768x442.jpg 768w, https:\/\/semmelweis.hu\/minoseg\/files\/2025\/02\/Organogram-2025-753x433.jpg 753w, https:\/\/semmelweis.hu\/minoseg\/files\/2025\/02\/Organogram-2025.jpg 1318w\" sizes=\"auto, (max-width: 753px) 100vw, 753px\" \/><\/a><\/p>\n<ul>\n<li style=\"text-align: justify\">Az Egyetemen foly\u00f3 oktat\u00f3- \u00e9s kutat\u00f3 munka min\u0151s\u00e9g\u00e9t biztos\u00edt\u00f3 int\u00e9zked\u00e9sek bevezet\u00e9se \u00e9s \u00e9rt\u00e9kel\u00e9se az alaptev\u00e9kenys\u00e9gnek megfelel\u0151 m\u0171k\u00f6dtet\u00e9s \u00e9rdek\u00e9ben a rektor, ezek ellen\u0151rz\u00e9se a <a href=\"https:\/\/semmelweis.hu\/jogigfoig\/testuletek\/szenatus\/\" target=\"_blank\" rel=\"noopener\"><strong>Szen\u00e1tus<\/strong><\/a> feladata.<\/li>\n<li style=\"text-align: justify\">E feladatok hat\u00e9kony ell\u00e1t\u00e1s\u00e1t fogja \u00f6ssze \u00e9s seg\u00edti a <a href=\"https:\/\/semmelweis.hu\/bizottsagok\/allando-bizottsagok\/egyetem-egeszere-feladat-es-hataskorrel-rendelkezo-bizottsagok\/minosegfejlesztesi-tanacs\/\" target=\"_blank\" rel=\"noopener\"><strong>Min\u0151s\u00e9gfejleszt\u00e9si Tan\u00e1cs (MT)<\/strong>.<\/a> Az MT e min\u0151s\u00e9g\u00e9ben v\u00e9lem\u00e9nyez\u0151, javaslattev\u0151, d\u00f6nt\u00e9s-el\u0151k\u00e9sz\u00edt\u0151 \u00e9s \u00e9rt\u00e9kel\u0151 jogk\u00f6rrel rendelkezik.<\/li>\n<li style=\"text-align: justify\">Az Egyetem min\u0151s\u00e9gbiztos\u00edt\u00e1si tev\u00e9kenys\u00e9g\u00e9t a <strong>strat\u00e9giai \u00e9s fejleszt\u00e9si rektorhelyettes<\/strong> ir\u00e1ny\u00edtja \u00e9s a <a href=\"https:\/\/semmelweis.hu\/bizottsagok\/allando-bizottsagok\/egyetem-egeszere-feladat-es-hataskorrel-rendelkezo-bizottsagok\/minosegfejlesztesi-es-minosegertekelo-bizottsag\/\" target=\"_blank\" rel=\"noopener\"><strong>Min\u0151s\u00e9gfejleszt\u00e9si \u00e9s Min\u0151s\u00e9g\u00e9rt\u00e9kel\u0151 Bizotts\u00e1g (MMB)<\/strong><\/a> koordin\u00e1lja, melynek eln\u00f6ke a mindenkori strat\u00e9giai \u00e9s fejleszt\u00e9si rektorhelyettes.<\/li>\n<li style=\"text-align: justify\">A Strat\u00e9giai \u00e9s Fejleszt\u00e9si Rektorhelyettesi Iroda szervezeti egys\u00e9ge a Min\u0151s\u00e9gbiztos\u00edt\u00e1si Oszt\u00e1ly, amely az Egyetem valamennyi szervezeti egys\u00e9g\u00e9re vonatkoz\u00f3an folyamatosan fejleszti \u00e9s m\u0171k\u00f6dteti a min\u0151s\u00e9gbiztos\u00edt\u00e1si rendszert.\u00a0<\/li>\n<li style=\"text-align: justify\">A kancell\u00e1r ir\u00e1ny\u00edt\u00e1sa al\u00e1 tartoz\u00f3 M\u0171szaki F\u0151igazgat\u00f3s\u00e1g biztos\u00edtja a <strong>K\u00f6rnyezetir\u00e1ny\u00edt\u00e1si (KIR)<\/strong> \u00e9s <strong>Energiair\u00e1ny\u00edt\u00e1si (EIR) <\/strong>Rendszerek m\u0171k\u00f6dtet\u00e9s\u00e9t, fel\u00fcgyeli az egyetemi k\u00f6rnyezetir\u00e1ny\u00edt\u00e1si vezet\u0151 \u00e9s egyetemi energiair\u00e1ny\u00edt\u00e1si vezet\u0151 munk\u00e1j\u00e1t. Szakmai k\u00e9rd\u00e9sekben a <strong>m\u0171szaki f\u0151igazgat\u00f3<\/strong> k\u00f6zvetlen ir\u00e1ny\u00edt\u00e1sa alatt \u00e1llnak.<\/li>\n<\/ul>\n\n<\/div><h2 class=\"tabtitle\">Folyamatok<br \/>\nszab\u00e1lyoz\u00e1sa<\/h2>\n<div class=\"tabcontent\">\n\n<p><a href=\"https:\/\/semmelweis.hu\/minoseg\/files\/2025\/04\/Folyamatterkep-honlapra-2025.jpg\"><img loading=\"lazy\" decoding=\"async\" class=\"aligncenter size-full wp-image-20098\" src=\"https:\/\/semmelweis.hu\/minoseg\/files\/2025\/04\/Folyamatterkep-honlapra-2025.jpg\" alt=\"\" width=\"1356\" height=\"779\" srcset=\"https:\/\/semmelweis.hu\/minoseg\/files\/2025\/04\/Folyamatterkep-honlapra-2025.jpg 1356w, https:\/\/semmelweis.hu\/minoseg\/files\/2025\/04\/Folyamatterkep-honlapra-2025-400x230.jpg 400w, https:\/\/semmelweis.hu\/minoseg\/files\/2025\/04\/Folyamatterkep-honlapra-2025-1024x588.jpg 1024w, https:\/\/semmelweis.hu\/minoseg\/files\/2025\/04\/Folyamatterkep-honlapra-2025-768x441.jpg 768w, https:\/\/semmelweis.hu\/minoseg\/files\/2025\/04\/Folyamatterkep-honlapra-2025-753x433.jpg 753w\" sizes=\"auto, (max-width: 1356px) 100vw, 1356px\" \/><\/a><\/p>\n<h4 style=\"text-align: center\">Min\u0151s\u00e9gir\u00e1ny\u00edt\u00e1si Rendszer folyamatai &#8211; szab\u00e1lyoz\u00e1sok<\/h4>\n<ul>\n<li><a href=\"https:\/\/semmelweis.hu\/jogigfoig\/dokumentumtar\/szabalyzattar\/szervezeti-es-mukodesi-szabalyzat\/i-konyv-szmr\/\" target=\"_blank\" rel=\"noopener\">Semmelweis Egyetem Szervezeti \u00e9s M\u0171k\u00f6d\u00e9si Szab\u00e1lyzat \u2013 I.K\u00d6NYV Szervezeti \u00e9s M\u0171k\u00f6d\u00e9si Rend \u2013 I.1. R\u00c9SZ \u00c1ltal\u00e1nos szervezeti \u00e9s m\u0171k\u00f6d\u00e9si rendelkez\u00e9sek 3. \u00a7 Az Egyetem m\u0171k\u00f6d\u00e9s\u00e9re vonatkoz\u00f3 k\u00fcls\u0151 \u00e9s bels\u0151 norm\u00e1k<\/a><\/li>\n<li><a href=\"https:\/\/semmelweis.hu\/jogigfoig\/dokumentumtar\/szabalyzattar\/\" target=\"_blank\" rel=\"noopener\">Egyetemi szab\u00e1lyzatok<\/a><\/li>\n<li><a href=\"https:\/\/semmelweis.hu\/minoseg\/letolthetodokumentumok\/szervezeti-ugyrend\/\" target=\"_blank\" rel=\"noopener\">Szervezeti \u00fcgyrendek<\/a> ellen\u0151rz\u00e9si nyomvonal mell\u00e9klete<\/li>\n<li>Oktat\u00e1s, tudom\u00e1nyos kutat\u00e1s, betegell\u00e1t\u00e1s, m\u0171k\u00f6d\u00e9s: bels\u0151 szab\u00e1lyzatok, elj\u00e1r\u00e1sok.<\/li>\n<li>\n<p><a href=\"https:\/\/semmelweis.hu\/minoseg\/mir-dokumentacio\/\" target=\"_blank\" rel=\"noopener\">\u00c9rv\u00e9nyes min\u0151s\u00e9g\u00fcgyi dokumentumok<\/a>\u00a0<\/p>\n<\/li>\n<\/ul>\n<\/div><\/div>\n<p>&nbsp;<\/p>\n<p>&nbsp;<\/p>\n","protected":false},"excerpt":{"rendered":"<p>K\u00f6rnyezet. \u00c9rdekelt felek. Szervezeti fel\u00e9p\u00edt\u00e9s. Folyamatok szab\u00e1lyoz\u00e1sa. K\u00f6vetelm\u00e9ny. P\u00e9lda.<\/p>\n","protected":false},"author":326,"featured_media":0,"parent":14798,"menu_order":3,"comment_status":"closed","ping_status":"closed","template":"","meta":{"_acf_changed":false,"footnotes":""},"categories":[],"tags":[],"class_list":["post-14862","page","type-page","status-publish","hentry"],"acf":[],"_links":{"self":[{"href":"https:\/\/semmelweis.hu\/minoseg\/wp-json\/wp\/v2\/pages\/14862","targetHints":{"allow":["GET"]}}],"collection":[{"href":"https:\/\/semmelweis.hu\/minoseg\/wp-json\/wp\/v2\/pages"}],"about":[{"href":"https:\/\/semmelweis.hu\/minoseg\/wp-json\/wp\/v2\/types\/page"}],"author":[{"embeddable":true,"href":"https:\/\/semmelweis.hu\/minoseg\/wp-json\/wp\/v2\/users\/326"}],"replies":[{"embeddable":true,"href":"https:\/\/semmelweis.hu\/minoseg\/wp-json\/wp\/v2\/comments?post=14862"}],"version-history":[{"count":10,"href":"https:\/\/semmelweis.hu\/minoseg\/wp-json\/wp\/v2\/pages\/14862\/revisions"}],"predecessor-version":[{"id":20248,"href":"https:\/\/semmelweis.hu\/minoseg\/wp-json\/wp\/v2\/pages\/14862\/revisions\/20248"}],"up":[{"embeddable":true,"href":"https:\/\/semmelweis.hu\/minoseg\/wp-json\/wp\/v2\/pages\/14798"}],"wp:attachment":[{"href":"https:\/\/semmelweis.hu\/minoseg\/wp-json\/wp\/v2\/media?parent=14862"}],"wp:term":[{"taxonomy":"category","embeddable":true,"href":"https:\/\/semmelweis.hu\/minoseg\/wp-json\/wp\/v2\/categories?post=14862"},{"taxonomy":"post_tag","embeddable":true,"href":"https:\/\/semmelweis.hu\/minoseg\/wp-json\/wp\/v2\/tags?post=14862"}],"curies":[{"name":"wp","href":"https:\/\/api.w.org\/{rel}","templated":true}]}}