{"id":14821,"date":"2021-12-03T10:16:18","date_gmt":"2021-12-03T09:16:18","guid":{"rendered":"https:\/\/semmelweis.hu\/minoseg\/?page_id=14821"},"modified":"2025-04-30T10:26:04","modified_gmt":"2025-04-30T08:26:04","slug":"tervezes","status":"publish","type":"page","link":"https:\/\/semmelweis.hu\/minoseg\/feladatok\/iso-navigator\/tervezes\/","title":{"rendered":"Tervez\u00e9s"},"content":{"rendered":"<h4>Mire gondoljunk?<\/h4>\n<div class=\"responsive-tabs\">\n<h2 class=\"tabtitle\">Fogalmak<\/h2>\n<div class=\"tabcontent\">\n\n<h3><a href=\"https:\/\/semmelweis.hu\/minoseg\/feladatok\/mit-jelent\/\" target=\"_blank\" rel=\"noopener\">Szakkifejez\u00e9sek &#8211; szabv\u00e1nyok<\/a><\/h3>\n<h3>Jelen meghat\u00e1roz\u00e1sok forr\u00e1sa<\/h3>\n<ul style=\"list-style-type: circle\">\n<li>Dr. Gutassy Attila, Gutassy Nimr\u00f3d Ferenc: Min\u0151s\u00e9gmenedzsment mindenkinek (2017) Raabe Klett Kiad\u00f3 Bp. 2018.<\/li>\n<li>Dr. Gutassy Attila, Gutassy Nimr\u00f3d Ferenc: Min\u0151s\u00e9gmenedzsment a gyakorlatban (2018) Raabe Klett Kiad\u00f3 Bp. 2018.<\/li>\n<\/ul>\n<p style=\"text-align: justify\"><strong>Rendszertervez\u00e9s:<\/strong> a fels\u0151 vezet\u00e9s feladata. A min\u0151s\u00e9gc\u00e9lok kit\u0171z\u00e9s\u00e9re, a sz\u00fcks\u00e9ges m\u0171k\u00f6d\u00e9si folyamatok \u00e9s a vel\u00fck kapcsolatos er\u0151forr\u00e1sok, a kock\u00e1zatok \u00e9s lehet\u0151s\u00e9gek meghat\u00e1roz\u00e1s\u00e1ra, a v\u00e1ltoz\u00e1sok kezel\u00e9s\u00e9re \u00f6sszpontos\u00edt.\u00a0<\/p>\n\n<\/div><h2 class=\"tabtitle\">Kock\u00e1zatok \u00e9s<br \/>\nlehet\u0151s\u00e9gek<\/h2>\n<div class=\"tabcontent\">\n\n<h3>K\u00d6VETELM\u00c9NY<\/h3>\n<ul>\n<li>Szervezeti egys\u00e9gek <a href=\"https:\/\/semmelweis.hu\/minoseg\/feladatok\/vezetosegi-atvizsgalas\/\" target=\"_blank\" rel=\"noopener\">vezet\u0151s\u00e9gi \u00e1tvizsg\u00e1l\u00e1s<\/a><\/li>\n<\/ul>\n<p style=\"text-align: justify\"><strong>Kock\u00e1zat: <\/strong>a bizonytalans\u00e1g hat\u00e1sa. Egy hat\u00e1s, az elv\u00e1rtt\u00f3l val\u00f3 elt\u00e9r\u00e9s, amely lehet pozit\u00edv vagy negat\u00edv. Egy esem\u00e9ny el\u0151fordul\u00e1si val\u00f3sz\u00edn\u0171s\u00e9g\u00e9nek \u00e9s k\u00f6vetkezm\u00e9nyeinek kombin\u00e1ci\u00f3ja.<\/p>\n<p style=\"text-align: justify\"><strong>Kock\u00e1zatalap\u00fa szeml\u00e9let: <\/strong>a min\u0151s\u00e9gmenedzsment rendszer egyik f\u0151 c\u00e9lja, hogy megel\u0151z\u0151 eszk\u00f6zk\u00e9nt m\u0171k\u00f6dj\u00f6n. A kock\u00e1zatalap\u00fa szeml\u00e9let megk\u00f6veteli a teljesk\u00f6r\u0171s\u00e9get \u00e9s a tudatoss\u00e1got. Olyan gondolkod\u00e1sm\u00f3dot jelent, \u00e9s olyan v\u00e1llalati kult\u00far\u00e1t felt\u00e9telez, amely a probl\u00e9m\u00e1k megel\u0151z\u00e9s\u00e9re sokkal nagyobb hangs\u00falyt fektet, mint a m\u00e1r kialakult probl\u00e9m\u00e1k kezel\u00e9s\u00e9re.\u00a0<\/p>\n<p style=\"text-align: justify\"><strong>Kock\u00e1zatkezel\u00e9s: <\/strong>a kock\u00e1zat cs\u00f6kkent\u00e9s\u00e9re ir\u00e1nyul\u00f3 tev\u00e9kenys\u00e9g, amelynek seg\u00edts\u00e9g\u00e9vel a k\u00fcl\u00f6nb\u00f6z\u0151 kock\u00e1zati t\u00e9nyez\u0151k hat\u00e1sa sz\u00e1mszer\u0171s\u00edthet\u0151 \u00e9s alak\u00edthat\u00f3. A kock\u00e1zatkezel\u00e9s nem egyszeri, hanem ciklikusan ism\u00e9tl\u0151d\u0151 programfolyamat.\u00a0<\/p>\n<p style=\"text-align: justify\"><strong>Lehet\u0151s\u00e9g: <\/strong>az egyes kock\u00e1zatok felv\u00e1llal\u00e1sa \u00faj term\u00e9kek, szolg\u00e1ltat\u00e1sok bevezet\u00e9s\u00e9hez, \u00faj technol\u00f3gia megval\u00f3s\u00edt\u00e1s\u00e1hoz \u00e9s alkalmaz\u00e1s\u00e1hoz, \u00faj vev\u0151k megszerz\u00e9s\u00e9hez vagy egy\u00fcttm\u0171k\u00f6d\u00e9sek ki\u00e9p\u00edt\u00e9s\u00e9hez, valamint m\u00e1s k\u00edv\u00e1nt \u00e9s\u00a0 m\u0171k\u00f6d\u0151k\u00e9pes lehet\u0151s\u00e9gekhez vezethet.<\/p>\n\n<\/div><h2 class=\"tabtitle\">Min\u0151s\u00e9gc\u00e9lok<br \/>\ntervez\u00e9se<\/h2>\n<div class=\"tabcontent\">\n\n<h3>K\u00d6VETELM\u00c9NY<\/h3>\n<ul style=\"list-style-type: circle\">\n<li><a href=\"https:\/\/semmelweis.hu\/minoseg\/bizottsagok\/minosegfejlesztesi-tanacs-mt\/mt-beszamolok\/\" target=\"_blank\" rel=\"noopener\">Egyetemi strat\u00e9giai min\u0151s\u00e9gc\u00e9lok<\/a><\/li>\n<li>Szervezeti egys\u00e9gek <a href=\"https:\/\/semmelweis.hu\/minoseg\/feladatok\/vezetosegi-atvizsgalas\/\" target=\"_blank\" rel=\"noopener\">vezet\u0151s\u00e9gi \u00e1tvizsg\u00e1l\u00e1s<\/a><\/li>\n<\/ul>\n<p style=\"text-align: justify\"><strong>Min\u0151s\u00e9gc\u00e9lok: <\/strong>a min\u0151s\u00e9gpolitikai koncepci\u00f3n alapul\u00f3 sz\u00e1mszer\u0171s\u00edtett, m\u00e9rhet\u0151v\u00e9 tev\u0151 sz\u00e1nd\u00e9kok, t\u00f6rekv\u00e9sek, amelyeket a fels\u0151 vezet\u00e9s el akar \u00e9rni \u00e9s meg k\u00edv\u00e1n val\u00f3s\u00edtani, vagy meg k\u00edv\u00e1n tartani.<strong><br \/>\n<\/strong><\/p>\n<p style=\"text-align: justify\"><strong>Min\u0151s\u00e9gterv:<\/strong> a min\u0151s\u00e9gc\u00e9lok megval\u00f3s\u00edt\u00e1shoz sz\u00fcks\u00e9ges er\u0151forr\u00e1sok (szem\u00e9lyek, eszk\u00f6z\u00f6k, m\u00f3dszerek, p\u00e9nz\u00fcgyi \u00e9s id\u0151beli kapacit\u00e1sok) \u00f6sszerendelt, harmoniz\u00e1lt \u00e9s ellentmond\u00e1smentes egys\u00e9ge.\u00a0<\/p>\n<table style=\"width: 100%;height: 339px\" width=\"100%\">\n<thead>\n<tr style=\"height: 52px\">\n<td style=\"width: 41.0204%;vertical-align: top;height: 52px\">\n<p>EGYETEMI\u00a0 <span style=\"color: #ffcc00\"><strong><span style=\"font-size: 24pt\">\u2192<\/span><\/strong><\/span>\u00a0\u00a0\u00a0\u00a0\u00a0\u00a0\u00a0\u00a0\u00a0\u00a0\u00a0\u00a0\u00a0\u00a0\u00a0\u00a0\u00a0\u00a0\u00a0\u00a0\u00a0\u00a0\u00a0\u00a0\u00a0\u00a0\u00a0\u00a0\u00a0\u00a0\u00a0\u00a0\u00a0\u00a0\u00a0\u00a0\u00a0\u00a0<\/p>\n<\/td>\n<td style=\"width: 57.3667%;height: 52px;vertical-align: middle\">\n<p>MIN\u0150S\u00c9G\u00dcGY<\/p>\n<\/td>\n<\/tr>\n<\/thead>\n<tbody>\n<tr style=\"height: 70px\">\n<td style=\"width: 41.0204%;vertical-align: top;height: 70px\">\n<p><a href=\"https:\/\/semmelweis.hu\/az-egyetemrol\/az-egyetem-bemutatasa\/intezmenyfejlesztesi-terv-pdf\/\" target=\"_blank\" rel=\"noopener\">K\u00fcldet\u00e9s, j\u00f6v\u0151k\u00e9p\u00a0<\/a><br \/>\n<a href=\"https:\/\/semmelweis.hu\/az-egyetemrol\/semmelweis-egyetem-minosegiranyitasi-rendszer\/\" target=\"_blank\" rel=\"noopener\">Politika<\/a><\/p>\n<\/td>\n<td style=\"width: 570204%;height: 70px;vertical-align: top\">\n<p><a href=\"https:\/\/semmelweis.hu\/az-egyetemrol\/semmelweis-egyetem-minosegiranyitasi-rendszer\/\" target=\"_blank\" rel=\"noopener\">Min\u0151s\u00e9gpolitika<\/a><\/p>\n<p style=\"padding-left: 40px\"><span style=\"color: #ffcc00\"><strong><span style=\"font-size: 24pt\">\u2193<\/span><\/strong><\/span><\/p>\n<\/td>\n<\/tr>\n<tr style=\"height: 32px\">\n<td style=\"width: 41.0204%;height: 32px\"><a href=\"https:\/\/semmelweis.hu\/az-egyetemrol\/az-egyetem-bemutatasa\/a-semmelweis-egyetem-strategiaja\/\" target=\"_blank\" rel=\"noopener\">Strat\u00e9gia<\/a><\/td>\n<td style=\"width: 57.3667%;height: 32px\"><a href=\"https:\/\/semmelweis.hu\/minoseg\/bizottsagok\/minosegfejlesztesi-tanacs-mt\/mt-beszamolok\/\" target=\"_blank\" rel=\"noopener\">Min\u0151s\u00e9gstrat\u00e9gia, min\u0151s\u00e9gc\u00e9lok<\/a><\/td>\n<\/tr>\n<tr style=\"height: 32px\">\n<td style=\"width: 41.0204%;height: 32px\">\u00c9ves terv<\/td>\n<td style=\"width: 57.3667%;height: 32px\">Min\u0151s\u00e9g\u00fcgyi \u00e9ves terv<\/td>\n<\/tr>\n<tr style=\"height: 32px\">\n<td style=\"width: 41.0204%;height: 32px\">\u00a0<\/td>\n<td style=\"width: 57.3667%;padding-left: 40px;height: 32px\">Min\u0151s\u00e9g\u00fcgyi tev\u00e9kenys\u00e9gek<\/td>\n<\/tr>\n<tr style=\"height: 32px\">\n<td style=\"width: 41.0204%;height: 32px\">\u00a0<\/td>\n<td style=\"width: 57.3667%;padding-left: 40px;height: 32px\">Min\u0151s\u00e9g\u00fcgyi programok<\/td>\n<\/tr>\n<tr style=\"height: 32px\">\n<td style=\"width: 41.0204%;height: 32px\">\u00a0<\/td>\n<td style=\"width: 57.3667%;padding-left: 40px;height: 32px\">Min\u0151s\u00e9g\u00fcgyi projektek<\/td>\n<\/tr>\n<\/tbody>\n<\/table>\n<p>&nbsp;<\/p>\n\n<\/div><h2 class=\"tabtitle\">V\u00e1ltoztat\u00e1sok<br \/>\ntervez\u00e9se<\/h2>\n<div class=\"tabcontent\">\n\n<h4>P\u00c9LDA<\/h4>\n<ul style=\"list-style-type: circle\">\n<li><a href=\"https:\/\/semmelweis.hu\/koronavirus\/\" target=\"_blank\" rel=\"noopener\">J\u00e1rv\u00e1nyhelyzet<\/a><\/li>\n<li><a href=\"https:\/\/semmelweis.hu\/neoa\/gyakran-ismetelt-kerdesek-a-modellvaltas-kapcsan\/\" target=\"_blank\" rel=\"noopener\">Modellv\u00e1lt\u00e1s<\/a>\n<ul style=\"list-style-type: disc\">\n<li><a href=\"https:\/\/semmelweis.hu\/jogigfoig\/2021\/07\/30\/rke-2-2021-vii-30-szamu-rektori-kancellari-klinikai-kozpont-elnoki-utasitas-semmelweis-egyetem-szabalyzataival-kapcsolatosan-a-2021-augusztus-1-tol-az-atmeneti-idoszakban-azok-alkalmazasara\/\" target=\"_blank\" rel=\"noopener\">Egyetemi szab\u00e1lyzatok fel\u00fclvizsg\u00e1lata<\/a><\/li>\n<\/ul>\n<\/li>\n<li><a href=\"https:\/\/semmelweis.hu\/zoldegyetem\/\" target=\"_blank\" rel=\"noopener\">Z\u00f6ld Egyetem<\/a><\/li>\n<\/ul>\n<p>&nbsp;<\/p>\n<\/div><\/div>\n","protected":false},"excerpt":{"rendered":"<p>Kock\u00e1zatok \u00e9s lehet\u0151s\u00e9gek. Min\u0151s\u00e9gc\u00e9lok tervez\u00e9se. V\u00e1ltoztat\u00e1sok tervez\u00e9se. K\u00f6vetelm\u00e9ny. P\u00e9lda.<\/p>\n","protected":false},"author":326,"featured_media":0,"parent":14798,"menu_order":5,"comment_status":"closed","ping_status":"closed","template":"","meta":{"_acf_changed":false,"footnotes":""},"categories":[],"tags":[],"class_list":["post-14821","page","type-page","status-publish","hentry"],"acf":[],"_links":{"self":[{"href":"https:\/\/semmelweis.hu\/minoseg\/wp-json\/wp\/v2\/pages\/14821","targetHints":{"allow":["GET"]}}],"collection":[{"href":"https:\/\/semmelweis.hu\/minoseg\/wp-json\/wp\/v2\/pages"}],"about":[{"href":"https:\/\/semmelweis.hu\/minoseg\/wp-json\/wp\/v2\/types\/page"}],"author":[{"embeddable":true,"href":"https:\/\/semmelweis.hu\/minoseg\/wp-json\/wp\/v2\/users\/326"}],"replies":[{"embeddable":true,"href":"https:\/\/semmelweis.hu\/minoseg\/wp-json\/wp\/v2\/comments?post=14821"}],"version-history":[{"count":10,"href":"https:\/\/semmelweis.hu\/minoseg\/wp-json\/wp\/v2\/pages\/14821\/revisions"}],"predecessor-version":[{"id":20143,"href":"https:\/\/semmelweis.hu\/minoseg\/wp-json\/wp\/v2\/pages\/14821\/revisions\/20143"}],"up":[{"embeddable":true,"href":"https:\/\/semmelweis.hu\/minoseg\/wp-json\/wp\/v2\/pages\/14798"}],"wp:attachment":[{"href":"https:\/\/semmelweis.hu\/minoseg\/wp-json\/wp\/v2\/media?parent=14821"}],"wp:term":[{"taxonomy":"category","embeddable":true,"href":"https:\/\/semmelweis.hu\/minoseg\/wp-json\/wp\/v2\/categories?post=14821"},{"taxonomy":"post_tag","embeddable":true,"href":"https:\/\/semmelweis.hu\/minoseg\/wp-json\/wp\/v2\/tags?post=14821"}],"curies":[{"name":"wp","href":"https:\/\/api.w.org\/{rel}","templated":true}]}}