{"id":13538,"date":"2021-09-20T10:26:49","date_gmt":"2021-09-20T08:26:49","guid":{"rendered":"https:\/\/semmelweis.hu\/minoseg\/?page_id=13538"},"modified":"2026-03-12T09:35:15","modified_gmt":"2026-03-12T08:35:15","slug":"jogyakorlatok-az-egyetemen","status":"publish","type":"page","link":"https:\/\/semmelweis.hu\/minoseg\/feladatok\/jogyakorlatok-az-egyetemen\/","title":{"rendered":"J\u00f3gyakorlatok az Egyetemen"},"content":{"rendered":"<div class=\"keretes w-100\">\n<h4 style=\"text-align: left\"><span style=\"font-size: 16pt;color: #242f62\"><a href=\"https:\/\/semmelweis.hu\/hirek\/2022\/06\/09\/elindult-a-klinikai-kozpontban-a-jogyakorlatok-gyujtese\/\" target=\"_blank\" rel=\"noopener\"><strong>J\u00d3GYAKORLAT-PROGRAM INTERJ\u00da 2022.06.09.<\/strong><\/a><\/span><\/h4>\n<\/div>\n<p>K\u00e9rj\u00fck, J\u00f3gyakorlata \u00f6ssze\u00e1ll\u00edt\u00e1s\u00e1hoz \u00e9s bek\u00fcld\u00e9s\u00e9hez:<\/p>\n<ul style=\"list-style-type: disc\">\n<li>olvassa el r\u00f6vid \u00fatmutat\u00f3nkat<\/li>\n<li>vegye fel a kapcsolatot munkat\u00e1rsunkkal aki seg\u00edti \u00d6nt a teljes folyamat sor\u00e1n:<\/li>\n<\/ul>\n<p><strong>Kronstein Krisztina<\/strong> min\u0151s\u00e9g\u00fcgyi szak\u00e9rt\u0151 &#8211; Min\u0151s\u00e9gbiztos\u00edt\u00e1si Oszt\u00e1ly<br \/>\ntel.: 06-20-825-9799<br \/>\ne-mail: kronstein.krisztina@semmelweis.hu<\/p>\n<h6 style=\"text-align: left\">K\u00f6sz\u00f6nj\u00fck, hogy megosztja szervezeti egys\u00e9ge J\u00f3gyakorlat\u00e1t.<\/h6>\n<div class=\"responsive-tabs\">\n<h2 class=\"tabtitle\">J\u00f3gyakorlat<\/h2>\n<div class=\"tabcontent\">\n\n<div class=\"w-100\">\n<p><a href=\"https:\/\/semmelweis.hu\/minoseg\/files\/2022\/04\/Fogalom1.jpg\"><img loading=\"lazy\" decoding=\"async\" class=\"alignleft wp-image-15823\" src=\"https:\/\/semmelweis.hu\/minoseg\/files\/2022\/04\/Fogalom1.jpg\" alt=\"\" width=\"470\" height=\"297\" srcset=\"https:\/\/semmelweis.hu\/minoseg\/files\/2022\/04\/Fogalom1.jpg 770w, https:\/\/semmelweis.hu\/minoseg\/files\/2022\/04\/Fogalom1-400x252.jpg 400w, https:\/\/semmelweis.hu\/minoseg\/files\/2022\/04\/Fogalom1-768x485.jpg 768w, https:\/\/semmelweis.hu\/minoseg\/files\/2022\/04\/Fogalom1-753x475.jpg 753w\" sizes=\"auto, (max-width: 470px) 100vw, 470px\" \/><\/a><\/p>\n<\/div>\n<ul style=\"list-style-type: circle\">\n<li style=\"text-align: left\"><span style=\"font-size: 14pt\">A J\u00f3gyakorlat nem csup\u00e1n egy feladat sikeres v\u00e9grehajt\u00e1sa.<\/span><\/li>\n<li style=\"text-align: left\"><span style=\"font-size: 14pt\">Val\u00f3s l\u00e9p\u00e9sek folyamata, amelynek sikeress\u00e9ge a tudom\u00e1nyos kutat\u00e1s m\u00f3dszerei \u00e1ltal bizony\u00edtott.<\/span><\/li>\n<li><span style=\"font-size: 14pt\">A J\u00f3gyakorlat egy modell.<\/span><\/li>\n<li style=\"text-align: left\"><span style=\"font-size: 14pt\">Korl\u00e1tok n\u00e9lk\u00fcl ism\u00e9telhet\u0151 \u00e9s m\u00e1sokkal megoszthat\u00f3, sz\u00fcks\u00e9g szerint form\u00e1lhat\u00f3. \u00b9<\/span><\/li>\n<\/ul>\n<p style=\"text-align: left\">\u00a0<\/p>\n<p style=\"text-align: left\"><span style=\"font-size: 12pt\">\u00b9Forr\u00e1s: https:\/\/www.fao.org\/publications\/card\/en\/c\/54bceab2-3250-51b3-96c3-01980c3b6a0a\/<\/span><\/p>\n\n<\/div><h2 class=\"tabtitle\">Fogalmak<\/h2>\n<div class=\"tabcontent\">\n\n<div class=\"keretes w-100\">\n<h4 style=\"text-align: left\"><span style=\"color: #242f62\"><strong>J\u00f3 gyakorlat \u2260 J\u00f3gyakorlat<\/strong><\/span><\/h4>\n<\/div>\n<table style=\"width: 100%\" width=\"100%\">\n<tbody>\n<tr>\n<td style=\"width: 50%\">\n<p><strong>J\u00f3 gyakorlat (A Good Practice)<br \/>\n<\/strong><\/p>\n<p>(ENSZ\/\u00c9lelmez\u00e9s\u00fcgyi \u00e9s Mez\u0151gazdas\u00e1gi Vil\u00e1gszervezet J\u00f3gyakorlat Sablon (2016) alapj\u00e1n.)<\/p>\n<\/td>\n<td style=\"width: 50%\">\n<p>egy sikeresen v\u00e9grehajtott feladat (tev\u00e9kenys\u00e9g).<\/p>\n<\/td>\n<\/tr>\n<tr>\n<td style=\"width: 50%\">\u00a0<\/td>\n<td style=\"width: 50%\">\u00a0<\/td>\n<\/tr>\n<tr>\n<td style=\"width: 50%\">\n<p><b>J\u00f3gyakorlat<\/b><b> <\/b><b>(Good Practice)<\/b><\/p>\n<\/td>\n<td style=\"width: 50%\">\n<p>sikeresen v\u00e9grehajtott tev\u00e9kenys\u00e9g (koncepci\u00f3, tapasztalat), amely igazolt hat\u00e9konys\u00e1ga \u00e9s eredm\u00e9nyess\u00e9ge k\u00f6vetkezt\u00e9ben modellnek tekinthet\u0151. Olyan folyamat-rendszerre \u00e9p\u00fcl, amely t\u00e1gabb k\u00f6rben is megism\u00e9telhet\u0151 \u00e9s megoszthat\u00f3 annak \u00e9rdek\u00e9ben, hogy min\u00e9l t\u00f6bben alkalmazhass\u00e1k, saj\u00e1t k\u00e9p\u00fckre form\u00e1lva.<\/p>\n<\/td>\n<\/tr>\n<tr>\n<td style=\"width: 50%;padding-left: 40px\"><a href=\"https:\/\/ett.aeek.hu\/wp-content\/uploads\/2016\/09\/gcp.pdf\" target=\"_blank\" rel=\"noopener noreferrer\"><b>Helyes<\/b> <b>Klinikai<\/b><b> [<\/b><b>kutat\u00e1si<\/b><b>] <\/b><b>Gyakorlat<\/b><b> <br \/>\n(Good Clinical Practice)<\/b><\/a><\/td>\n<td style=\"width: 50%\"><b>\u00a0<\/b>\u201caz embereken v\u00e9gzett klinikai vizsg\u00e1latok tervez\u00e9s\u00e9nek, kivitelez\u00e9s\u00e9nek, dokument\u00e1l\u00e1s\u00e1nak \u00e9s jelent\u00e9s\u00e9nek nemzetk\u00f6zi etikai \u00e9s tudom\u00e1nyos min\u0151s\u00e9gi k\u00f6vetelm\u00e9nyrendszere. Ezen k\u00f6vetelm\u00e9nyek betart\u00e1sa nyilv\u00e1nos garancia arra, hogy a klinikai vizsg\u00e1latba bevont szem\u00e9lyek jogai, biztons\u00e1ga \u00e9s j\u00f3l\u00e9te &#8211; a Helsinki Nyilatkozatb\u00f3l k\u00f6vetkez\u0151 elveknek megfelel\u0151en &#8211; megfelel\u0151 v\u00e9delemben r\u00e9szes\u00fcl, valamint arra, hogy vizsg\u00e1lat megb\u00edzhat\u00f3 adatokat szolg\u00e1ltat.\u201c<\/td>\n<\/tr>\n<tr>\n<td style=\"width: 50%\"><b>Kiv\u00e1l\u00f3<\/b> <b>gyakorlat<\/b><b> (Best Practice)<\/b><\/td>\n<td style=\"width: 50%\">m\u00f3dszer\/ technika\/ elj\u00e1r\u00e1s, amely m\u00e1s alternat\u00edv\u00e1khoz k\u00e9pest kiemelked\u0151nek tekintend\u0151, s mely az el\u00e9rt eredm\u00e9nyek alapj\u00e1n ir\u00e1nyad\u00f3k\u00e9nt, standardk\u00e9nt k\u00f6vetend\u0151, olyan min\u0151s\u00e9get k\u00e9pviselve, mely mindenkor megfelel a k\u00f6telez\u0151 jogszab\u00e1lyi el\u0151\u00edr\u00e1soknak.<\/td>\n<\/tr>\n<tr>\n<td style=\"width: 50%;padding-left: 40px\"><b>Legjobb &#8222;eg\u00e9szs\u00e9g\u00fcgyi&#8221; gyakorlat <br \/>\n(Best Medical Practice)<\/b><\/td>\n<td style=\"width: 50%\">olyan klinikai elj\u00e1r\u00e1sok, beavatkoz\u00e1sok, gy\u00f3gym\u00f3dok, amelyek mind a beteg, mind pedig az ell\u00e1t\u00e1st ny\u00fajt\u00f3 int\u00e9zm\u00e9ny tekintet\u00e9ben, bizony\u00edthat\u00f3an a legeredm\u00e9nyesebb.<\/td>\n<\/tr>\n<tr>\n<td style=\"width: 50%\"><a href=\"https:\/\/fogalomtar.aeek.hu\/index.php\/Szakmai_ir%C3%A1nyelv\" target=\"_blank\" rel=\"noopener noreferrer\"><b>Ir\u00e1nyelv<\/b><b> (Protocol)<\/b><\/a><\/td>\n<td style=\"width: 50%\">d\u00f6nt\u00e9si aj\u00e1nl\u00e1sok sorozata (aj\u00e1nl\u00e1sgy\u0171jtem\u00e9ny)<\/td>\n<\/tr>\n<tr>\n<td style=\"width: 50%;padding-left: 40px\">\n<p><a href=\"https:\/\/fogalomtar.aeek.hu\/index.php\/Szakmai_ir%C3%A1nyelv\" target=\"_blank\" rel=\"noopener noreferrer\"><b> Eg\u00e9szs\u00e9g\u00fcgyi Szakmai Ir\u00e1nyelv <br \/>\n<\/b><b>(Protocol in Healthcare)<\/b><\/a><\/p>\n<\/td>\n<td style=\"width: 50%\"><b>\u00a0<\/b>\u201cA szakmai ir\u00e1nyelv c\u00e9lja, hogy a gyakorl\u00f3 eg\u00e9szs\u00e9g\u00fcgyi dolgoz\u00f3k tev\u00e9kenys\u00e9g\u00e9t aj\u00e1nl\u00e1sokkal befoly\u00e1solja, seg\u00edtse \u0151ket \u00e9s a betegeket a legmegfelel\u0151bb ell\u00e1t\u00e1s kiv\u00e1laszt\u00e1s\u00e1ban, ezzel biztos\u00edtva annak eredm\u00e9nyess\u00e9g\u00e9t, hat\u00e9konys\u00e1g\u00e1t.\u201d<\/td>\n<\/tr>\n<\/tbody>\n<\/table>\n\n<\/div><h2 class=\"tabtitle\">El\u0151sz\u0171r\u00e9s<\/h2>\n<div class=\"tabcontent\">\n\n<ul style=\"list-style-type: disc\">\n<li>J\u00f3gyakorlatot tal\u00e1ltam?<\/li>\n<li>Megfelelek a felt\u00e9teleknek?<\/li>\n<\/ul>\n<table width=\"100%\">\n<tbody>\n<tr>\n<td style=\"width: 50%\"><strong>HAT\u00c9KONY<\/strong><\/td>\n<td style=\"width: 50%\">\n<p>a v\u00e1lasztott gyakorlat, a kit\u0171z\u00f6tt c\u00e9l el\u00e9r\u00e9s\u00e9nek egyik leghat\u00e9konyabb eszk\u00f6ze<\/p>\n<\/td>\n<\/tr>\n<tr>\n<td style=\"width: 50%\"><strong>HAT\u00c1SOS<\/strong><\/td>\n<td style=\"width: 50%\">\n<p>a v\u00e1lasztott gyakorlat sikerrel z\u00e1rult \u00e9s pozit\u00edv hat\u00e1ssal b\u00edr az egy\u00e9nre\/ szervezetre\/ eg\u00e9szs\u00e9g\u00fcgyre\/eg\u00e9szs\u00e9gpolitik\u00e1ra<\/p>\n<\/td>\n<\/tr>\n<tr>\n<td style=\"width: 50%\"><strong>MEGISM\u00c9TELHET\u0150<\/strong><\/td>\n<td style=\"width: 50%\">\n<p>a v\u00e1lasztott gyakorlat alak\u00edthat\u00f3 \u00e9s sz\u00e9les k\u00f6rben alkalmazhat\u00f3, v\u00e1ltoz\u00f3 ig\u00e9nyek, sz\u00fcks\u00e9gletek eset\u00e9ben is<\/p>\n<\/td>\n<\/tr>\n<tr>\n<td style=\"width: 50%\"><strong>J\u00d3L ADAPT\u00c1LHAT\u00d3<\/strong><\/td>\n<td style=\"width: 50%\">\n<p>a v\u00e1lasztott gyakorlat m\u00e1sok sz\u00e1m\u00e1ra is k\u00f6nnyen tanulhat\u00f3 \u00e9s megval\u00f3s\u00edthat\u00f3<\/p>\n<\/td>\n<\/tr>\n<tr>\n<td style=\"width: 50%\"><strong>K\u00d6LTS\u00c9GHAT\u00c9KONY<\/strong><\/td>\n<td style=\"width: 50%\">\n<p>a v\u00e1lasztott gyakorlat megfizethet\u0151 k\u00f6lts\u00e9g r\u00e1ford\u00edt\u00e1ssal megval\u00f3s\u00edthat\u00f3<\/p>\n<\/td>\n<\/tr>\n<tr>\n<td style=\"width: 50%\"><strong>KOCK\u00c1ZAT CS\u00d6KKENT\u0150<\/strong><\/td>\n<td style=\"width: 50%\">\n<p>a v\u00e1lasztott gyakorlat k\u00f6zvetlen, vagy k\u00f6zvetett m\u00f3don hozz\u00e1j\u00e1rul az emberi eg\u00e9szs\u00e9get fenyeget\u0151 vesz\u00e9lyforr\u00e1sok azonos\u00edt\u00e1s\u00e1hoz, vesz\u00e9lyhelyzetek megel\u0151z\u00e9s\u00e9hez<\/p>\n<\/td>\n<\/tr>\n<tr>\n<td style=\"width: 50%\"><strong>BIZTONS\u00c1GOS<\/strong><\/td>\n<td style=\"width: 50%\">\n<p>a v\u00e1lasztott gyakorlat klinikai vizsg\u00e1latokon\/tudom\u00e1nyos bizony\u00edt\u00e9kokon alapul<\/p>\n<\/td>\n<\/tr>\n<\/tbody>\n<thead>\n<tr>\n<td style=\"width: 50%\"><strong>Felt\u00e9telek<\/strong><\/td>\n<td style=\"width: 50%\"><strong>Mit jelent?<\/strong><\/td>\n<\/tr>\n<\/thead>\n<\/table>\n<p>&nbsp;<\/p>\n\n<\/div><h2 class=\"tabtitle\">\u0170rlap<\/h2>\n<div class=\"tabcontent\">\n\n<p><strong>Let\u00f6lthet\u0151 nyomtatv\u00e1nyok:<\/strong><\/p>\n<ul style=\"list-style-type: disc\">\n<li><a href=\"https:\/\/semmelweis.hu\/minoseg\/files\/2022\/04\/SE-GP-Urlap-URES.docx\">J\u00f3gyakorlat \u0171rlap (SE-GP-Urlap)<\/a><\/li>\n<li><a href=\"https:\/\/semmelweis.hu\/minoseg\/files\/2022\/04\/SE-GP-Melleklet-URES.docx\">J\u00f3gyakorlat mell\u00e9klet (SE-GP-Melleklet)<\/a><\/li>\n<\/ul>\n\n<\/div><h2 class=\"tabtitle\">Minta<\/h2>\n<div class=\"tabcontent\">\n\n<p><strong><a class=\"btn btn-warning\" href=\"https:\/\/semmelweis.hu\/minoseg\/files\/2022\/04\/SE-FULO-JOGYAKORLAT.pdf\" target=\"_blank\" rel=\"noopener\">J\u00d3GYAKORLAT MINTA<\/a><\/strong><\/p>\n<p>A mell\u00e9klet megtekint\u00e9s\u00e9hez k\u00e9rj\u00fck vegye fel a kapcsolatot munkat\u00e1rsunkkal.<\/p>\n<ul style=\"list-style-type: disc\">\n<li><strong>Kronstein Krisztina<\/strong> min\u0151s\u00e9g\u00fcgyi szak\u00e9rt\u0151 &#8211; Min\u0151s\u00e9gbiztos\u00edt\u00e1si Oszt\u00e1ly<br \/>\ntel.: 06-20-825-9799<br \/>\ne-mail: kronstein.krisztina@semmelweis.hu<\/li>\n<\/ul>\n\n<\/div><h2 class=\"tabtitle\">Gy\u0171jtem\u00e9ny<\/h2>\n<div class=\"tabcontent\">\n\n<div id=\"GroupWiseSection_1649845611000_kronstein.krisztina@semmelweis-univ.hu_5E35240117F40000B31F000000000000_\" class=\"GroupWiseMessageBody active\">\n<div>\u00a0<\/div>\n<\/div>\n<table style=\"width: 100%\" width=\"100%\">\n<tbody>\n<tr>\n<td style=\"width: 17.6236%;vertical-align: top\">Betegell\u00e1t\u00e1s<\/td>\n<td style=\"width: 31.7508%;vertical-align: top\">A helyes fels\u0151l\u00e9g\u00fati mintav\u00e9teli technik\u00e1ra ir\u00e1nyul\u00f3 oktat\u00e1s eg\u00e9szs\u00e9g\u00fcgyi kr\u00edzishelyzetben<\/td>\n<td style=\"width: 28.8901%;vertical-align: top\">\n<p>Dr. Tam\u00e1s L\u00e1szl\u00f3<br \/>\nDr. Birtalan Ede<br \/>\nDr. Kator Vikt\u00f3ria<br \/>\n<span style=\"font-family: inherit;font-size: inherit\">Dr. D\u00f3ka Imre<br \/>\n<\/span>Kormos \u00c1gnes<br \/>\n<span style=\"font-family: inherit;font-size: inherit\">Horv\u00e1th Anik\u00f3<br \/>\n<\/span>Kronstein Krisztina<\/p>\n<\/td>\n<td style=\"width: 21.7356%;vertical-align: top\">2021.12.20.<\/td>\n<\/tr>\n<tr>\n<td style=\"width: 17.6236%\">\u00a0<\/td>\n<td style=\"width: 31.7508%\">\u00a0<\/td>\n<td style=\"width: 28.8901%\">\u00a0<\/td>\n<td style=\"width: 21.7356%\">\u00a0<\/td>\n<\/tr>\n<tr>\n<td style=\"width: 17.6236%\">Oktat\u00e1s<\/td>\n<td style=\"width: 31.7508%\">\u00a0<\/td>\n<td style=\"width: 28.8901%\">\u00a0<\/td>\n<td style=\"width: 21.7356%\">\u00a0<\/td>\n<\/tr>\n<tr>\n<td style=\"width: 17.6236%\">Kutat\u00e1s-Innov\u00e1ci\u00f3<\/td>\n<td style=\"width: 31.7508%\">\u00a0<\/td>\n<td style=\"width: 28.8901%\">\u00a0<\/td>\n<td style=\"width: 21.7356%\">\u00a0<\/td>\n<\/tr>\n<tr>\n<td style=\"width: 17.6236%\">M\u0171k\u00f6d\u00e9s<\/td>\n<td style=\"width: 31.7508%\">\u00a0<\/td>\n<td style=\"width: 28.8901%\">\u00a0<\/td>\n<td style=\"width: 21.7356%\">\u00a0<\/td>\n<\/tr>\n<\/tbody>\n<thead>\n<tr>\n<td style=\"width: 17.6236%\">T\u00e9mak\u00f6r\u00f6k<\/td>\n<td style=\"width: 31.7508%\">C\u00edm<\/td>\n<td style=\"width: 28.8901%\">Szerz\u0151(k)<\/td>\n<td style=\"width: 21.7356%\">Kiad\u00e1s d\u00e1tuma<\/td>\n<\/tr>\n<\/thead>\n<\/table>\n<\/div><\/div>\n","protected":false},"excerpt":{"rendered":"<p>Szervezeti egys\u00e9gek \u00e1ltal megosztott j\u00f3gyakorlatok.<\/p>\n","protected":false},"author":326,"featured_media":0,"parent":13853,"menu_order":14,"comment_status":"closed","ping_status":"closed","template":"","meta":{"_acf_changed":false,"footnotes":""},"categories":[],"tags":[],"class_list":["post-13538","page","type-page","status-publish","hentry"],"acf":[],"_links":{"self":[{"href":"https:\/\/semmelweis.hu\/minoseg\/wp-json\/wp\/v2\/pages\/13538","targetHints":{"allow":["GET"]}}],"collection":[{"href":"https:\/\/semmelweis.hu\/minoseg\/wp-json\/wp\/v2\/pages"}],"about":[{"href":"https:\/\/semmelweis.hu\/minoseg\/wp-json\/wp\/v2\/types\/page"}],"author":[{"embeddable":true,"href":"https:\/\/semmelweis.hu\/minoseg\/wp-json\/wp\/v2\/users\/326"}],"replies":[{"embeddable":true,"href":"https:\/\/semmelweis.hu\/minoseg\/wp-json\/wp\/v2\/comments?post=13538"}],"version-history":[{"count":11,"href":"https:\/\/semmelweis.hu\/minoseg\/wp-json\/wp\/v2\/pages\/13538\/revisions"}],"predecessor-version":[{"id":19218,"href":"https:\/\/semmelweis.hu\/minoseg\/wp-json\/wp\/v2\/pages\/13538\/revisions\/19218"}],"up":[{"embeddable":true,"href":"https:\/\/semmelweis.hu\/minoseg\/wp-json\/wp\/v2\/pages\/13853"}],"wp:attachment":[{"href":"https:\/\/semmelweis.hu\/minoseg\/wp-json\/wp\/v2\/media?parent=13538"}],"wp:term":[{"taxonomy":"category","embeddable":true,"href":"https:\/\/semmelweis.hu\/minoseg\/wp-json\/wp\/v2\/categories?post=13538"},{"taxonomy":"post_tag","embeddable":true,"href":"https:\/\/semmelweis.hu\/minoseg\/wp-json\/wp\/v2\/tags?post=13538"}],"curies":[{"name":"wp","href":"https:\/\/api.w.org\/{rel}","templated":true}]}}