{"id":135,"date":"2014-07-10T09:45:12","date_gmt":"2014-07-10T07:45:12","guid":{"rendered":"http:\/\/wp.localhost\/?p=135"},"modified":"2025-03-25T14:53:17","modified_gmt":"2025-03-25T13:53:17","slug":"farmakologiai-es-farmakoterapias-intezet","status":"publish","type":"page","link":"https:\/\/semmelweis.hu\/minoseg\/mir-dokumentacio\/aok-intezetek\/farmakologiai-es-farmakoterapias-intezet\/","title":{"rendered":"Farmakol\u00f3giai \u00e9s Farmakoter\u00e1pi\u00e1s Int\u00e9zet"},"content":{"rendered":"<p><strong>Min\u0151s\u00e9g\u00fcgyi dokumentum &#8211; elj\u00e1r\u00e1s<\/strong><\/p>\n<ul>\n<li><a href=\"https:\/\/semmelweis.hu\/minoseg\/files\/2020\/07\/SE-AOK-FFT-ME-01.docx\">SE-AOK-FFT-ME-01 &#8211; Oktat\u00e1si tev\u00e9kenys\u00e9g<\/a><br \/>\n<a href=\"https:\/\/semmelweis.hu\/minoseg\/files\/2020\/07\/SE-AOK-FFT-ME-01-alairt-fedlap-20200706.pdf\">SE-AOK-FFT-ME-01 &#8211; fedlap<\/a><br \/>\n<a href=\"https:\/\/semmelweis.hu\/minoseg\/files\/2020\/07\/SE-AOK-FFT-ME-01-M01.docx\">SE-AOK-FFT-ME-01-M01 &#8211; Oktat\u00e1si SOP-k list\u00e1ja<\/a><\/li>\n<\/ul>\n<ul>\n<li><a href=\"https:\/\/semmelweis.hu\/minoseg\/files\/2023\/11\/SE-AOK-FFT-ME-02-2023-05-01.docx\">SE-AOK-FFT-ME-02 &#8211; Tudom\u00e1nyos kutat\u00e1si tev\u00e9kenys\u00e9g<\/a> <br \/>\n<a href=\"https:\/\/semmelweis.hu\/minoseg\/files\/2023\/11\/SE-AOK-FFT-ME-02-fedlap.pdf\">SE-AOK-FFT-ME-02 &#8211; fedlap<\/a><br \/>\n<a href=\"https:\/\/semmelweis.hu\/minoseg\/files\/2023\/11\/SE-AOK-FFT-ME-02-M01.docx\">SE-AOK-FFT-ME-02-M01 &#8211; Kutat\u00e1si SOP-k \u00e9s bizonylatok list\u00e1ja<\/a><\/li>\n<\/ul>\n<ul>\n<li><a href=\"https:\/\/semmelweis.hu\/minoseg\/files\/2023\/11\/SE-AOK-FFT-ME-03-2023-05-01.docx\">SE-AOK-FFT-ME-03 &#8211; Az Int\u00e9zet dokument\u00e1ci\u00f3s strukt\u00far\u00e1j\u00e1nak \u00e9s adminisztrat\u00edv rendszer\u00e9nek le\u00edr\u00e1sa, a dolgoz\u00f3kkal szembeni \u00e1ltal\u00e1nos elv\u00e1r\u00e1sok rendszere<\/a><br \/>\n<a href=\"https:\/\/semmelweis.hu\/minoseg\/files\/2023\/11\/SE-AOK-FFT-ME-03-fedlap.pdf\">SE-AOK-FFT-ME-03 &#8211; fedlap<\/a><br \/>\n<a href=\"https:\/\/semmelweis.hu\/minoseg\/files\/2023\/11\/SE-AOK-FFT-ME-03-M01-2023-09-01.docx\">SE-AOK-FFT-ME-03-M01- Int\u00e9zeti Szabv\u00e1nym\u0171veleti Elj\u00e1r\u00e1sok list\u00e1ja<\/a><\/li>\n<\/ul>\n<p><strong>Min\u0151s\u00e9g\u00fcgyi dokumentum &#8211; Egys\u00e9gszint\u0171 M\u0171k\u00f6d\u00e9si Szab\u00e1lyzat<\/strong><\/p>\n<ul>\n<li><a href=\"https:\/\/semmelweis.hu\/minoseg\/files\/2014\/07\/SE-FFT-ALLH-EMSZ.doc\" rel=\"noopener\">SE-FFT-ALLH-EMSZ &#8211; \u00c1llath\u00e1z Egys\u00e9gszint\u0171 M\u0171k\u00f6d\u00e9si Szab\u00e1lyzat<\/a><\/li>\n<\/ul>\n<p><strong>Min\u0151s\u00e9g\u00fcgyi dokumentum &#8211; Laborat\u00f3rium M\u0171k\u00f6d\u00e9si Rend<\/strong><\/p>\n<ul>\n<li><a href=\"https:\/\/semmelweis.hu\/minoseg\/files\/2023\/11\/SE-AOK-FFT-HISZTO-MR-2023-05-25.doc\">SE-AOK-FFT-HISZTO-MR &#8211; Hisztol\u00f3giai Laborat\u00f3rium (511) M\u0171k\u00f6d\u00e9si Rendje\/Histology (511) Laboratory Order of Operation<\/a><br \/>\n<a href=\"https:\/\/semmelweis.hu\/minoseg\/files\/2023\/11\/SE-AOK-FFT-HISZTO-MR-fedlap.pdf\">SE-AOK-FFT-HISZTO-MR &#8211; fedlap<\/a><\/li>\n<\/ul>\n<ul>\n<li><a href=\"https:\/\/semmelweis.hu\/minoseg\/files\/2023\/11\/SE-AOK-FFT-INVIVO-MR-2023-03-17.docx\">SE-AOK-FFT-INVIVO-MR &#8211; Az In Vivo Laborat\u00f3rium (308-309) M\u0171k\u00f6d\u00e9si Rendje<\/a><br \/>\n<a href=\"https:\/\/semmelweis.hu\/minoseg\/files\/2023\/11\/SE-AOK-FFT-INVIVO-MR-fedlap.pdf\">SE-AOK-FFT-INVIVO-MR &#8211; fedlap<\/a><\/li>\n<\/ul>\n<ul>\n<li><a href=\"https:\/\/semmelweis.hu\/minoseg\/files\/2023\/11\/SE-AOK-FFT-INVITRO-MR-2023-03-17.doc\">SE-AOK-FFT-INVITRO-MR &#8211; Az In Vitro Laborat\u00f3rium (407-408) M\u0171k\u00f6d\u00e9si Rendje<\/a><br \/>\n<a href=\"https:\/\/semmelweis.hu\/minoseg\/files\/2023\/11\/SE-AOK-FFT-INVITRO-MR-fedlap.pdf\">SE-AOK-FFT-INVITRO-MR- fedlap<\/a><br \/>\n<a href=\"https:\/\/semmelweis.hu\/minoseg\/files\/2023\/11\/SE-AOK-FFT-INVITRO-MR-M01.docx\">SE-AOK-FFT-INVITRO-MR-M01 &#8211; Metodikai le\u00edr\u00e1sok \u00e9s SOP-ok list\u00e1ja<\/a><\/li>\n<\/ul>\n<ul>\n<li><a href=\"https:\/\/semmelweis.hu\/minoseg\/files\/2014\/07\/SE-FFT-NEURO-MR.doc\" rel=\"noopener\">SE-AOK- FFT-NEURO-MR &#8211; A Neurok\u00e9miai Laborat\u00f3rium (509) M\u0171k\u00f6d\u00e9si Rendje<\/a><br \/>\n<a href=\"https:\/\/semmelweis.hu\/minoseg\/files\/2023\/11\/SE-AOK-FFT-NEURO-MR-M01.doc\">SE-AOK-FFT-NEURO-MR-M01 &#8211; Metodikai le\u00edr\u00e1sok \u00e9s SOP-ok list\u00e1ja<\/a><\/li>\n<\/ul>\n<ul>\n<li><a href=\"https:\/\/semmelweis.hu\/minoseg\/files\/2014\/07\/SE-FFT-REL-MR.doc\" rel=\"noopener\">SE-FFT-REL-MR &#8211; A Transzmitter Release Laborat\u00f3rium (511) M\u0171k\u00f6d\u00e9si Rendje<\/a><\/li>\n<\/ul>\n<ul>\n<li><a href=\"https:\/\/semmelweis.hu\/minoseg\/files\/2023\/11\/SE-AOK-FFT-SK-MR-2023-05-01.doc\">SE-AOK-FFT-SK-MR &#8211; A Sejtkult\u00fara Laborat\u00f3rium (403\/B) M\u0171k\u00f6d\u00e9si Rendje<\/a><br \/>\n<a href=\"https:\/\/semmelweis.hu\/minoseg\/files\/2023\/11\/SE-AOK-FFT-SK-MR-fedlap.pdf\">SE-AOK-FFT-SK-MR &#8211; fedlap<\/a><\/li>\n<\/ul>\n<ul>\n<li><a href=\"https:\/\/semmelweis.hu\/minoseg\/files\/2023\/11\/SE-AOK-FFT-VIS-MR-2023-02-01.doc\">SE-AOK-FFT-VIS-MR &#8211; A Viselked\u00e9s-farmakol\u00f3giai (304-305) Laborat\u00f3rium M\u0171k\u00f6d\u00e9si Rendje<\/a><br \/>\n<a href=\"https:\/\/semmelweis.hu\/minoseg\/files\/2023\/11\/SE-AOK-FFT-VIS-MR-fedlap.pdf\">SE-AOK-FFT-VIS-MR &#8211; fedlap<\/a><\/li>\n<\/ul>\n","protected":false},"excerpt":{"rendered":"<p>Min\u0151s\u00e9g\u00fcgyi dokumentumok.<\/p>\n","protected":false},"author":158,"featured_media":0,"parent":149,"menu_order":5,"comment_status":"closed","ping_status":"closed","template":"","meta":{"_acf_changed":false,"footnotes":""},"categories":[],"tags":[],"class_list":["post-135","page","type-page","status-publish","hentry"],"acf":[],"_links":{"self":[{"href":"https:\/\/semmelweis.hu\/minoseg\/wp-json\/wp\/v2\/pages\/135","targetHints":{"allow":["GET"]}}],"collection":[{"href":"https:\/\/semmelweis.hu\/minoseg\/wp-json\/wp\/v2\/pages"}],"about":[{"href":"https:\/\/semmelweis.hu\/minoseg\/wp-json\/wp\/v2\/types\/page"}],"author":[{"embeddable":true,"href":"https:\/\/semmelweis.hu\/minoseg\/wp-json\/wp\/v2\/users\/158"}],"replies":[{"embeddable":true,"href":"https:\/\/semmelweis.hu\/minoseg\/wp-json\/wp\/v2\/comments?post=135"}],"version-history":[{"count":10,"href":"https:\/\/semmelweis.hu\/minoseg\/wp-json\/wp\/v2\/pages\/135\/revisions"}],"predecessor-version":[{"id":19658,"href":"https:\/\/semmelweis.hu\/minoseg\/wp-json\/wp\/v2\/pages\/135\/revisions\/19658"}],"up":[{"embeddable":true,"href":"https:\/\/semmelweis.hu\/minoseg\/wp-json\/wp\/v2\/pages\/149"}],"wp:attachment":[{"href":"https:\/\/semmelweis.hu\/minoseg\/wp-json\/wp\/v2\/media?parent=135"}],"wp:term":[{"taxonomy":"category","embeddable":true,"href":"https:\/\/semmelweis.hu\/minoseg\/wp-json\/wp\/v2\/categories?post=135"},{"taxonomy":"post_tag","embeddable":true,"href":"https:\/\/semmelweis.hu\/minoseg\/wp-json\/wp\/v2\/tags?post=135"}],"curies":[{"name":"wp","href":"https:\/\/api.w.org\/{rel}","templated":true}]}}