{"id":133,"date":"2014-04-22T15:24:36","date_gmt":"2014-04-22T13:24:36","guid":{"rendered":"http:\/\/wp.localhost\/?p=133"},"modified":"2025-04-02T13:29:48","modified_gmt":"2025-04-02T11:29:48","slug":"pulmonologiai-klinika","status":"publish","type":"page","link":"https:\/\/semmelweis.hu\/minoseg\/mir-dokumentacio\/aok-klinikak\/pulmonologiai-klinika\/","title":{"rendered":"Pulmonol\u00f3giai Klinika"},"content":{"rendered":"<p><strong>Min\u0151s\u00e9g\u00fcgyi dokumentum &#8211; elj\u00e1r\u00e1s<\/strong><\/p>\n<ul>\n<li><a href=\"https:\/\/semmelweis.hu\/minoseg\/files\/2018\/12\/SE-PULM-ME-01.doc\" rel=\"noopener\">SE-PULM-ME-01 &#8211; Fekv\u0151beteg-ell\u00e1t\u00e1s fel\u00fcgyelete<\/a><\/li>\n<\/ul>\n<ul>\n<li><a href=\"https:\/\/semmelweis.hu\/minoseg\/files\/2018\/12\/SE-PULM-ME-02.doc\" rel=\"noopener\">SE-PULM-ME-02 &#8211; J\u00e1r\u00f3beteg-ell\u00e1t\u00e1s fel\u00fcgyelete<\/a><\/li>\n<\/ul>\n<ul>\n<li><a href=\"https:\/\/semmelweis.hu\/minoseg\/files\/2018\/12\/SE-PULM-ME-03.docx\" rel=\"noopener\">SE-PULM-ME-03 &#8211; Oktat\u00e1si tev\u00e9kenys\u00e9g fel\u00fcgyelete<\/a><\/li>\n<\/ul>\n<ul>\n<li><a href=\"https:\/\/semmelweis.hu\/minoseg\/files\/2018\/12\/SE-PULM-ME-04.docx\" rel=\"noopener\">SE-PULM-ME-04 &#8211; Kutat\u00e1si tev\u00e9kenys\u00e9g fel\u00fcgyelete<\/a><\/li>\n<\/ul>\n<p><strong>Min\u0151s\u00e9g\u00fcgyi dokumentum &#8211; Egys\u00e9gszint\u0171 M\u0171k\u00f6d\u00e9si Szab\u00e1lyzat<\/strong><\/p>\n<ul>\n<li><a href=\"https:\/\/semmelweis.hu\/minoseg\/files\/2018\/12\/SE-PULM-ADL-EMSZ.docx\" rel=\"noopener\">SE-PULM-ADL-EMSZ &#8211; Alv\u00e1sdiagnosztikai Laborat\u00f3rium Egys\u00e9gszint\u0171 M\u0171k\u00f6d\u00e9si Szab\u00e1lyzat<\/a><\/li>\n<\/ul>\n<ul>\n<li><a href=\"https:\/\/semmelweis.hu\/minoseg\/files\/2018\/12\/SE-PULM-BRON-EMSZ.doc\" rel=\"noopener\">SE-PULM-BRON-EMSZ &#8211; Bronchol\u00f3giai Laborat\u00f3rium Egys\u00e9gszint\u0171 M\u0171k\u00f6d\u00e9si Szab\u00e1lyzat<\/a><\/li>\n<\/ul>\n<ul>\n<li><a href=\"https:\/\/semmelweis.hu\/minoseg\/files\/2020\/06\/SE-AOK-PULM-F-EMSZ.doc\">SE-AOK-PULM-F-EMSZ &#8211; Fekv\u0151beteg r\u00e9szlegek Egys\u00e9gszint\u0171 M\u0171k\u00f6d\u00e9si Szab\u00e1lyzat<\/a><br \/>\n<a href=\"https:\/\/semmelweis.hu\/minoseg\/files\/2020\/06\/SE-AOK-PULM-F-EMSZ-scaled.jpg\">SE-AOK-PULM-F-EMSZ- fedlap<\/a><\/li>\n<\/ul>\n<ul>\n<li><a href=\"https:\/\/semmelweis.hu\/minoseg\/files\/2018\/12\/SE-PULM-GAZD-EMSZ.docx\" rel=\"noopener\">SE-PULM-GAZD-EMSZ &#8211; Gazdas\u00e1gi Oszt\u00e1ly Egys\u00e9gszint\u0171 M\u0171k\u00f6d\u00e9si Szab\u00e1lyzat<\/a><br \/>\n<a href=\"https:\/\/semmelweis.hu\/minoseg\/files\/2018\/12\/SE-PULM-GAZD-EMSZ-M01.docx\" rel=\"noopener\">SE-PULM-GAZD-EMSZ-M01 &#8211; Organogram<\/a><br \/>\n<a href=\"https:\/\/semmelweis.hu\/minoseg\/files\/2018\/12\/SE-PULM-GAZD-EMSZ-M02.docx\" rel=\"noopener\">SE-PULM-GAZD-EMSZ-M02 &#8211; Az oszt\u00e1ly m\u0171k\u00f6d\u00e9s\u00e9t \u00e9rint\u0151 szab\u00e1lyzatok<\/a><br \/>\n<a href=\"https:\/\/semmelweis.hu\/minoseg\/files\/2018\/12\/SE-PULM-GAZD-EMSZ-M03.docx\" rel=\"noopener\">SE-PULM-GAZD-EMSZ-M03 &#8211; Al\u00e1\u00edr\u00e1s bejelent\u0151 adatlap<\/a><\/li>\n<\/ul>\n<ul>\n<li><a href=\"https:\/\/semmelweis.hu\/minoseg\/files\/2018\/12\/SE-PULM-J-EMSZ.doc\" rel=\"noopener\">SE-PULM-J-EMSZ &#8211; J\u00e1r\u00f3beteg R\u00e9szlegek Egys\u00e9gszint\u0171 M\u0171k\u00f6d\u00e9si Szab\u00e1lyzat<\/a><\/li>\n<\/ul>\n<ul>\n<li><a href=\"https:\/\/semmelweis.hu\/minoseg\/files\/2018\/12\/SE-PULM-KARDA-EMSZ.doc\" rel=\"noopener\">SE-PULM-KARDA-EMSZ &#8211; Kardiopulmon\u00e1lis szakambulancia Egys\u00e9gszint\u0171 M\u0171k\u00f6d\u00e9si Szab\u00e1lyzat<\/a><\/li>\n<\/ul>\n<ul>\n<li><a href=\"https:\/\/semmelweis.hu\/minoseg\/files\/2018\/12\/SE-PULM-LF-EMSZ.docx\" rel=\"noopener\">SE-PULM-LF-EMSZ &#8211; L\u00e9gz\u00e9sfunkci\u00f3s Laborat\u00f3rium Egys\u00e9gszint\u0171 M\u0171k\u00f6d\u00e9si Szab\u00e1lyzat<\/a><\/li>\n<\/ul>\n<ul>\n<li><a href=\"https:\/\/semmelweis.hu\/minoseg\/files\/2018\/12\/SE-PULM-NIV-EMSZ.doc\" rel=\"noopener\">SE-PULM-NIV-EMSZ &#8211; Neminvaz\u00edv L\u00e9gz\u00e9si Oszt\u00e1ly Egys\u00e9gszint\u0171 M\u0171k\u00f6d\u00e9si Szab\u00e1lyzat<\/a><\/li>\n<\/ul>\n<ul>\n<li><a href=\"https:\/\/semmelweis.hu\/minoseg\/files\/2018\/12\/SE-PULM-ONK-EMSZ.docx\" rel=\"noopener\">SE-PULM-ONK-EMSZ &#8211; Onkol\u00f3giai Oszt\u00e1ly Egys\u00e9gszint\u0171 M\u0171k\u00f6d\u00e9si Szab\u00e1lyzat<\/a><\/li>\n<\/ul>\n<ul>\n<li><a href=\"https:\/\/semmelweis.hu\/minoseg\/files\/2018\/12\/SE-PULM-RDL-EMSZ.docx\" rel=\"noopener\">SE-PULM-RDL-EMSZ &#8211; Rutin Diagnosztikai Laborat\u00f3rium Egys\u00e9gszint\u0171 M\u0171k\u00f6d\u00e9si Szab\u00e1lyzat<\/a><\/li>\n<\/ul>\n<ul>\n<li><a href=\"https:\/\/semmelweis.hu\/minoseg\/files\/2018\/12\/SE-PULM-RTG-EMSZ.doc\" rel=\"noopener\">SE-PULM-RTG-EMSZ &#8211; Radiol\u00f3giai Oszt\u00e1ly Egys\u00e9gszint\u0171 M\u0171k\u00f6d\u00e9si Szab\u00e1lyzat<\/a><\/li>\n<\/ul>\n","protected":false},"excerpt":{"rendered":"<p>Min\u0151s\u00e9g\u00fcgyi dokumentumok.<\/p>\n","protected":false},"author":158,"featured_media":0,"parent":147,"menu_order":13,"comment_status":"closed","ping_status":"closed","template":"","meta":{"_acf_changed":false,"footnotes":""},"categories":[],"tags":[],"class_list":["post-133","page","type-page","status-publish","hentry"],"acf":[],"_links":{"self":[{"href":"https:\/\/semmelweis.hu\/minoseg\/wp-json\/wp\/v2\/pages\/133","targetHints":{"allow":["GET"]}}],"collection":[{"href":"https:\/\/semmelweis.hu\/minoseg\/wp-json\/wp\/v2\/pages"}],"about":[{"href":"https:\/\/semmelweis.hu\/minoseg\/wp-json\/wp\/v2\/types\/page"}],"author":[{"embeddable":true,"href":"https:\/\/semmelweis.hu\/minoseg\/wp-json\/wp\/v2\/users\/158"}],"replies":[{"embeddable":true,"href":"https:\/\/semmelweis.hu\/minoseg\/wp-json\/wp\/v2\/comments?post=133"}],"version-history":[{"count":10,"href":"https:\/\/semmelweis.hu\/minoseg\/wp-json\/wp\/v2\/pages\/133\/revisions"}],"predecessor-version":[{"id":14093,"href":"https:\/\/semmelweis.hu\/minoseg\/wp-json\/wp\/v2\/pages\/133\/revisions\/14093"}],"up":[{"embeddable":true,"href":"https:\/\/semmelweis.hu\/minoseg\/wp-json\/wp\/v2\/pages\/147"}],"wp:attachment":[{"href":"https:\/\/semmelweis.hu\/minoseg\/wp-json\/wp\/v2\/media?parent=133"}],"wp:term":[{"taxonomy":"category","embeddable":true,"href":"https:\/\/semmelweis.hu\/minoseg\/wp-json\/wp\/v2\/categories?post=133"},{"taxonomy":"post_tag","embeddable":true,"href":"https:\/\/semmelweis.hu\/minoseg\/wp-json\/wp\/v2\/tags?post=133"}],"curies":[{"name":"wp","href":"https:\/\/api.w.org\/{rel}","templated":true}]}}