{"id":132,"date":"2014-04-15T15:08:54","date_gmt":"2014-04-15T13:08:54","guid":{"rendered":"http:\/\/wp.localhost\/?p=132"},"modified":"2025-07-08T13:31:42","modified_gmt":"2025-07-08T11:31:42","slug":"fuel-orr-gegeszeti-es-fej-nyaksebeszeti-klinika","status":"publish","type":"page","link":"https:\/\/semmelweis.hu\/minoseg\/mir-dokumentacio\/aok-klinikak\/fuel-orr-gegeszeti-es-fej-nyaksebeszeti-klinika\/","title":{"rendered":"F\u00fcl-Orr-G\u00e9g\u00e9szeti \u00e9s Fej-nyakseb\u00e9szeti Klinika"},"content":{"rendered":"<p><strong>Min\u0151s\u00e9g\u00fcgyi dokumentum &#8211; elj\u00e1r\u00e1s<\/strong><\/p>\n<ul>\n<li><a href=\"https:\/\/semmelweis.hu\/minoseg\/files\/2021\/04\/SE-FULO-ME-03.doc\">SE-FULO-ME-03 &#8211; Az oktat\u00e1si tev\u00e9kenys\u00e9g fel\u00fcgyelete<\/a><br \/>\n<a href=\"https:\/\/semmelweis.hu\/minoseg\/files\/2021\/04\/SE-FULO-ME-03-fedlap.pdf\">SE-FULO-ME-03 &#8211; fedlap<\/a><\/li>\n<\/ul>\n<ul>\n<li><a href=\"https:\/\/semmelweis.hu\/minoseg\/files\/2021\/04\/SE-FULO-ME-04.doc\">SE-FULO-ME-04 &#8211; Kutat\u00e1si tev\u00e9kenys\u00e9g fel\u00fcgyelete<\/a><br \/>\n<a href=\"https:\/\/semmelweis.hu\/minoseg\/files\/2021\/04\/SE-FULO-ME-04-fedlap.pdf\">SE-FULO-ME-04 &#8211; fedlap<\/a><\/li>\n<\/ul>\n<p><strong>Min\u0151s\u00e9g\u00fcgyi dokumentum &#8211; Egys\u00e9gszint\u0171 M\u0171k\u00f6d\u00e9si Szab\u00e1lyzat<\/strong><\/p>\n<ul>\n<li><a href=\"https:\/\/semmelweis.hu\/minoseg\/files\/2021\/04\/SE-FULO-ALLA-EMSZ.doc\">SE-FULO-ALLA-EMSZ &#8211; Allergol\u00f3giai \u00e9s szagl\u00e1s szakambulancia<\/a><br \/>\n<a href=\"https:\/\/semmelweis.hu\/minoseg\/files\/2021\/04\/SE-FULO-ALLA-EMSZ-fedlap.pdf\">SE-FULO-ALLA-EMSZ &#8211; fedlap<\/a><\/li>\n<\/ul>\n<ul>\n<li><a href=\"https:\/\/semmelweis.hu\/minoseg\/files\/2021\/04\/SE-FULO-ALTA-EMSZ.doc\">SE-FULO-ALTA-EMSZ &#8211; \u00c1ltal\u00e1nos F\u00fcl-, Orr-, G\u00e9g\u00e9szeti Ambulancia<\/a><br \/>\n<a href=\"https:\/\/semmelweis.hu\/minoseg\/files\/2021\/04\/SE-FULO-ALTA-EMSZ-fedlap.pdf\">SE-FULO-ALTA-EMSZ &#8211; fedlap<\/a><\/li>\n<\/ul>\n<ul>\n<li><a href=\"https:\/\/semmelweis.hu\/minoseg\/files\/2018\/12\/SE-FULO-APVEZ-EMSZ.doc\" rel=\"noopener\">SE-FULO-APVEZ-EMSZ &#8211; \u00c1pol\u00e1svezet\u00e9s<\/a><\/li>\n<\/ul>\n<ul>\n<li><a href=\"https:\/\/semmelweis.hu\/minoseg\/files\/2021\/04\/SE-FULO-AUDA-EMSZ.doc\">SE-FULO-AUDA-EMSZ &#8211; Audiol\u00f3giai Szakambulancia<\/a><br \/>\n<a href=\"https:\/\/semmelweis.hu\/minoseg\/files\/2021\/04\/SE-FULO-AUDA-EMSZ-fedlap.pdf\">SE-FULO-AUDA-EMSZ &#8211; fedlap<\/a><\/li>\n<\/ul>\n<ul>\n<li><a href=\"https:\/\/semmelweis.hu\/minoseg\/files\/2021\/04\/SE-FULO-F-EMSZ.doc\">SE-FULO-F-EMSZ &#8211; F\u00fcl-Orr-G\u00e9g\u00e9szeti Oszt\u00e1lyok<\/a><br \/>\n<a href=\"https:\/\/semmelweis.hu\/minoseg\/files\/2021\/04\/SE-FULO-F-EMSZ-fedlap.pdf\">SE-FULO-F-EMSZ &#8211; fedlap<\/a><\/li>\n<\/ul>\n<ul>\n<li><a href=\"https:\/\/semmelweis.hu\/minoseg\/files\/2021\/04\/SE-FULO-FONA-EMSZ.doc\">SE-FULO-FONA-EMSZ &#8211; Foni\u00e1tria szakambulancia<\/a><br \/>\n<a href=\"https:\/\/semmelweis.hu\/minoseg\/files\/2021\/04\/SE-FULO-FONA-EMSZ-fedlap.pdf\">SE-FULO-FONA-EMSZ &#8211; fedlap<\/a><\/li>\n<\/ul>\n<ul>\n<li><a href=\"https:\/\/semmelweis.hu\/minoseg\/files\/2021\/04\/SE-FULO-GAZD-EMSZ.doc\">SE-FULO-GAZD-EMSZ &#8211; Gazdas\u00e1gi Oszt\u00e1ly<\/a><br \/>\n<a href=\"https:\/\/semmelweis.hu\/minoseg\/files\/2021\/04\/SE-FULO-GAZD-EMSZ-fedlap.pdf\">SE-FULO-GAZD-EMSZ &#8211; fedlap<\/a><\/li>\n<\/ul>\n<ul>\n<li><a href=\"https:\/\/semmelweis.hu\/minoseg\/files\/2021\/04\/SE-FULO-IMPA-EMSZ.doc\">SE-FULO-IMPA-EMSZ &#8211; Implant\u00e1ci\u00f3s szakambulancia<\/a><br \/>\n<a href=\"https:\/\/semmelweis.hu\/minoseg\/files\/2021\/04\/SE-FULO-IMPA-EMSZ-fedlap.pdf\">SE-FULO-IMPA-EMSZ &#8211; fedlap<\/a><\/li>\n<\/ul>\n<ul>\n<li><a href=\"https:\/\/semmelweis.hu\/minoseg\/files\/2021\/04\/SE-FULO-MUTO-EMSZ.doc\">SE-FULO-MUTO-EMSZ &#8211; M\u0171t\u0151 \u00e9s steriliz\u00e1l\u00f3 r\u00e9szleg<\/a><br \/>\n<a href=\"https:\/\/semmelweis.hu\/minoseg\/files\/2021\/04\/SE-FULO-MUTO-EMSZ-fedlap.pdf\">SE-FULO-MUTO-EMSZ &#8211; fedlap<\/a><\/li>\n<\/ul>\n<ul>\n<li><a href=\"https:\/\/semmelweis.hu\/minoseg\/files\/2021\/04\/SE-FULO-ONA-EMSZ.doc\">SE-FULO-ONA-EMSZ &#8211; Otoneurol\u00f3giai Szakambulancia<\/a><br \/>\n<a href=\"https:\/\/semmelweis.hu\/minoseg\/files\/2021\/04\/SE-FULO-ONA-EMSZ-fedlap.pdf\">SE-FULO-ONA-EMSZ &#8211; fedlap<\/a><\/li>\n<\/ul>\n<ul>\n<li><a href=\"https:\/\/semmelweis.hu\/minoseg\/files\/2021\/04\/SE-FULO-ONKA-EMSZ.doc\">SE-FULO-ONKA-EMSZ &#8211; Onkol\u00f3giai Szakambulancia, Onkoteam<\/a><br \/>\n<a href=\"https:\/\/semmelweis.hu\/minoseg\/files\/2021\/04\/SE-FULO-ONKA-EMSZ-fedlap.pdf\">SE-FULO-ONKA-EMSZ &#8211; fedlap<\/a><\/li>\n<\/ul>\n<ul>\n<li><a href=\"https:\/\/semmelweis.hu\/minoseg\/files\/2021\/04\/SE-FULO-TINA-EMSZ.doc\">SE-FULO-TINA-EMSZ &#8211; Tinnitus szakambulancia<\/a><br \/>\n<a href=\"https:\/\/semmelweis.hu\/minoseg\/files\/2021\/04\/SE-FULO-TINA-EMSZ-fedlap.pdf\">SE-FULO-TINA-EMSZ &#8211; fedlap<\/a><\/li>\n<\/ul>\n<ul>\n<li><a href=\"https:\/\/semmelweis.hu\/minoseg\/files\/2021\/04\/SE-FULO-TIT-EMSZ.doc\">SE-FULO-TIT-EMSZ &#8211; Titk\u00e1rs\u00e1g<\/a><br \/>\n<a href=\"https:\/\/semmelweis.hu\/minoseg\/files\/2021\/04\/SE-FULO-TIT-EMSZ-fedlap.pdf\">SE-FULO-TIT-EMSZ &#8211; fedlap<\/a><\/li>\n<\/ul>\n<p>&nbsp;<\/p>\n<p>&nbsp;<\/p>\n","protected":false},"excerpt":{"rendered":"<p>Min\u0151s\u00e9g\u00fcgyi dokumentumok.<\/p>\n","protected":false},"author":158,"featured_media":0,"parent":147,"menu_order":5,"comment_status":"closed","ping_status":"closed","template":"","meta":{"_acf_changed":false,"footnotes":""},"categories":[],"tags":[],"class_list":["post-132","page","type-page","status-publish","hentry"],"acf":[],"_links":{"self":[{"href":"https:\/\/semmelweis.hu\/minoseg\/wp-json\/wp\/v2\/pages\/132","targetHints":{"allow":["GET"]}}],"collection":[{"href":"https:\/\/semmelweis.hu\/minoseg\/wp-json\/wp\/v2\/pages"}],"about":[{"href":"https:\/\/semmelweis.hu\/minoseg\/wp-json\/wp\/v2\/types\/page"}],"author":[{"embeddable":true,"href":"https:\/\/semmelweis.hu\/minoseg\/wp-json\/wp\/v2\/users\/158"}],"replies":[{"embeddable":true,"href":"https:\/\/semmelweis.hu\/minoseg\/wp-json\/wp\/v2\/comments?post=132"}],"version-history":[{"count":10,"href":"https:\/\/semmelweis.hu\/minoseg\/wp-json\/wp\/v2\/pages\/132\/revisions"}],"predecessor-version":[{"id":20300,"href":"https:\/\/semmelweis.hu\/minoseg\/wp-json\/wp\/v2\/pages\/132\/revisions\/20300"}],"up":[{"embeddable":true,"href":"https:\/\/semmelweis.hu\/minoseg\/wp-json\/wp\/v2\/pages\/147"}],"wp:attachment":[{"href":"https:\/\/semmelweis.hu\/minoseg\/wp-json\/wp\/v2\/media?parent=132"}],"wp:term":[{"taxonomy":"category","embeddable":true,"href":"https:\/\/semmelweis.hu\/minoseg\/wp-json\/wp\/v2\/categories?post=132"},{"taxonomy":"post_tag","embeddable":true,"href":"https:\/\/semmelweis.hu\/minoseg\/wp-json\/wp\/v2\/tags?post=132"}],"curies":[{"name":"wp","href":"https:\/\/api.w.org\/{rel}","templated":true}]}}