{"id":131,"date":"2014-04-10T08:58:58","date_gmt":"2014-04-10T06:58:58","guid":{"rendered":"http:\/\/wp.localhost\/?p=131"},"modified":"2025-04-02T13:33:28","modified_gmt":"2025-04-02T11:33:28","slug":"urologiai-klinika","status":"publish","type":"page","link":"https:\/\/semmelweis.hu\/minoseg\/mir-dokumentacio\/aok-klinikak\/urologiai-klinika\/","title":{"rendered":"Urol\u00f3giai Klinika"},"content":{"rendered":"<p><strong>Min\u0151s\u00e9g\u00fcgyi dokumentum &#8211; elj\u00e1r\u00e1s<\/strong><\/p>\n<ul>\n<li><a href=\"https:\/\/semmelweis.hu\/minoseg\/files\/2018\/12\/SE-UROL-ME-01.doc\" rel=\"noopener\">SE-UROL-ME-01 &#8211; Fekv\u0151beteg-ell\u00e1t\u00e1s rendje<\/a><\/li>\n<\/ul>\n<ul>\n<li><a href=\"https:\/\/semmelweis.hu\/minoseg\/files\/2018\/12\/SE-UROL-ME-02.doc\" rel=\"noopener\">SE-UROL-ME-02 &#8211; J\u00e1r\u00f3beteg-ell\u00e1t\u00e1s rendje<\/a><\/li>\n<\/ul>\n<ul>\n<li><a href=\"https:\/\/semmelweis.hu\/minoseg\/files\/2018\/12\/SE-UROL-ME-03.doc\" rel=\"noopener\">SE-UROL-ME-03 &#8211; Az oktat\u00e1si tev\u00e9kenys\u00e9g fel\u00fcgyelete<\/a><\/li>\n<\/ul>\n<ul>\n<li><a href=\"https:\/\/semmelweis.hu\/minoseg\/files\/2018\/11\/SE-UROL-ME-04.doc\">SE-UROL-ME-04 &#8211; Kutat\u00e1si tev\u00e9kenys\u00e9g fel\u00fcgyelete<\/a><\/li>\n<\/ul>\n<p><strong>Min\u0151s\u00e9g\u00fcgyi dokumentum &#8211; Egys\u00e9gszint\u0171 M\u0171k\u00f6d\u00e9si Szab\u00e1lyzat<\/strong><\/p>\n<ul>\n<li><a href=\"https:\/\/semmelweis.hu\/minoseg\/files\/2018\/12\/SE-UROL-ANDR-EMSZ.doc\" rel=\"noopener\">SE-UROL-ANDR-EMSZ &#8211; Androl\u00f3giai Centrum Egys\u00e9gszint\u0171 M\u0171k\u00f6d\u00e9si Szab\u00e1lyzat<\/a><\/li>\n<\/ul>\n<ul>\n<li><a href=\"https:\/\/semmelweis.hu\/minoseg\/files\/2018\/12\/SE-UROL-AMB-EMSZ.doc\" rel=\"noopener\">SE-UROL-AMB-EMSZ &#8211; Szakrendel\u00e9sek Egys\u00e9gszint\u0171 M\u0171k\u00f6d\u00e9si Szab\u00e1lyzat<\/a><br \/>\n<a href=\"https:\/\/semmelweis.hu\/minoseg\/files\/2018\/12\/SE-UROL-AMB-EMSZ-M01.doc\" rel=\"noopener\">SE-UROL-AMB-EMSZ-M01 &#8211; Munkautas\u00edt\u00e1sok list\u00e1ja<\/a><\/li>\n<\/ul>\n<ul>\n<li><a href=\"https:\/\/semmelweis.hu\/minoseg\/files\/2018\/12\/SE-UROL-APVEZ-EMSZ.doc\" rel=\"noopener\">SE-UROL-APVEZ-EMSZ &#8211; \u00c1pol\u00e1svezet\u00e9s Egys\u00e9gszint\u0171 M\u0171k\u00f6d\u00e9si Szab\u00e1lyzat<\/a><br \/>\n<a href=\"https:\/\/semmelweis.hu\/minoseg\/files\/2018\/12\/SE-UROL-APVEZ-EMSZ-M01.doc\" rel=\"noopener\">SE-UROL-APVEZ-EMSZ-M01 &#8211; \u00c1pol\u00e1si munkautas\u00edt\u00e1sok list\u00e1ja<\/a><\/li>\n<\/ul>\n<ul>\n<li><a href=\"https:\/\/semmelweis.hu\/minoseg\/files\/2018\/12\/SE-UROL-F-EMSZ.doc\" rel=\"noopener\">SE-UROL-F-EMSZ &#8211; Fekv\u0151beteg Oszt\u00e1lyok Egys\u00e9gszint\u0171 M\u0171k\u00f6d\u00e9si Szab\u00e1lyzat<\/a><br \/>\n<a href=\"https:\/\/semmelweis.hu\/minoseg\/files\/2018\/12\/SE-UROL-F-EMSZ-M01.docx\" rel=\"noopener\">SE-UROL-F-EMSZ-M01 &#8211; Munkautas\u00edt\u00e1sok list\u00e1ja<\/a><\/li>\n<\/ul>\n<ul>\n<li><a href=\"https:\/\/semmelweis.hu\/minoseg\/files\/2018\/12\/SE-UROL-GAZD-EMSZ.doc\" rel=\"noopener\">SE-UROL-GAZD-EMSZ &#8211; Gazdas\u00e1gi Oszt\u00e1ly Egys\u00e9gszint\u0171 M\u0171k\u00f6d\u00e9si Szab\u00e1lyzat<\/a><br \/>\n<a href=\"https:\/\/semmelweis.hu\/minoseg\/files\/2018\/12\/SE-UROL-GAZD-EMSZ-M01.xls\" rel=\"noopener\">SE-UROL-GAZD-EMSZ-M01 &#8211; Munkafolyamatok szab\u00e1lyoz\u00e1sa<\/a><\/li>\n<\/ul>\n<ul>\n<li><a href=\"https:\/\/semmelweis.hu\/minoseg\/files\/2018\/12\/SE-UROL-MUTO-EMSZ.doc\" rel=\"noopener\">SE-UROL-MUTO-EMSZ &#8211; M\u0171t\u0151 \u00e9s aszepta r\u00e9szleg Egys\u00e9gszint\u0171 M\u0171k\u00f6d\u00e9si Szab\u00e1lyzat<\/a><\/li>\n<\/ul>\n<ul>\n<li><a href=\"https:\/\/semmelweis.hu\/minoseg\/files\/2018\/12\/SE-UROL-POO-EMSZ.doc\" rel=\"noopener\">SE-UROL-POO-EMSZ &#8211; Posztoperat\u00edv \u0150rz\u0151 Oszt\u00e1ly Egys\u00e9gszint\u0171 M\u0171k\u00f6d\u00e9si Szab\u00e1lyzat<\/a><br \/>\n<a href=\"https:\/\/semmelweis.hu\/minoseg\/files\/2018\/12\/SE-UROL-POO-EMSZ-M01.doc\" rel=\"noopener\">SE-UROL-POO-EMSZ-M01 &#8211; Munkautas\u00edt\u00e1sok list\u00e1ja<\/a><\/li>\n<\/ul>\n<ul>\n<li><a href=\"https:\/\/semmelweis.hu\/minoseg\/files\/2018\/12\/SE-UROL-UROD-EMSZ.doc\" rel=\"noopener\">SE-UROL-UROD-EMSZ &#8211; Urodinamikai Szakrendel\u00e9s Egys\u00e9gszint\u0171 M\u0171k\u00f6d\u00e9si Szab\u00e1lyzat<\/a><\/li>\n<\/ul>\n","protected":false},"excerpt":{"rendered":"<p>Min\u0151s\u00e9g\u00fcgyi dokumentumok.<\/p>\n","protected":false},"author":158,"featured_media":0,"parent":147,"menu_order":19,"comment_status":"closed","ping_status":"closed","template":"","meta":{"_acf_changed":false,"footnotes":""},"categories":[],"tags":[],"class_list":["post-131","page","type-page","status-publish","hentry"],"acf":[],"_links":{"self":[{"href":"https:\/\/semmelweis.hu\/minoseg\/wp-json\/wp\/v2\/pages\/131","targetHints":{"allow":["GET"]}}],"collection":[{"href":"https:\/\/semmelweis.hu\/minoseg\/wp-json\/wp\/v2\/pages"}],"about":[{"href":"https:\/\/semmelweis.hu\/minoseg\/wp-json\/wp\/v2\/types\/page"}],"author":[{"embeddable":true,"href":"https:\/\/semmelweis.hu\/minoseg\/wp-json\/wp\/v2\/users\/158"}],"replies":[{"embeddable":true,"href":"https:\/\/semmelweis.hu\/minoseg\/wp-json\/wp\/v2\/comments?post=131"}],"version-history":[{"count":10,"href":"https:\/\/semmelweis.hu\/minoseg\/wp-json\/wp\/v2\/pages\/131\/revisions"}],"predecessor-version":[{"id":19640,"href":"https:\/\/semmelweis.hu\/minoseg\/wp-json\/wp\/v2\/pages\/131\/revisions\/19640"}],"up":[{"embeddable":true,"href":"https:\/\/semmelweis.hu\/minoseg\/wp-json\/wp\/v2\/pages\/147"}],"wp:attachment":[{"href":"https:\/\/semmelweis.hu\/minoseg\/wp-json\/wp\/v2\/media?parent=131"}],"wp:term":[{"taxonomy":"category","embeddable":true,"href":"https:\/\/semmelweis.hu\/minoseg\/wp-json\/wp\/v2\/categories?post=131"},{"taxonomy":"post_tag","embeddable":true,"href":"https:\/\/semmelweis.hu\/minoseg\/wp-json\/wp\/v2\/tags?post=131"}],"curies":[{"name":"wp","href":"https:\/\/api.w.org\/{rel}","templated":true}]}}