{"id":111,"date":"2014-05-14T14:23:08","date_gmt":"2014-05-14T12:23:08","guid":{"rendered":"http:\/\/semmelweis.hu\/minoseg\/?page_id=111"},"modified":"2026-03-26T15:21:40","modified_gmt":"2026-03-26T14:21:40","slug":"oktatasok","status":"publish","type":"page","link":"https:\/\/semmelweis.hu\/minoseg\/feladatok\/oktatasok\/","title":{"rendered":"Oktat\u00e1sok"},"content":{"rendered":"<div class=\"responsive-tabs\">\n<h2 class=\"tabtitle\">MEES 2.0<\/h2>\n<div class=\"tabcontent\">\n\n<table style=\"border-collapse: collapse;width: 100%;height: 229px\">\n<thead>\n<tr style=\"height: 33px\">\n<td style=\"width: 44.0465%;height: 33px\">Id\u0151pont<\/td>\n<td style=\"width: 40.338%;height: 33px\">Oktat\u00e1si anyag<\/td>\n<\/tr>\n<\/thead>\n<tbody>\n<tr>\n<td style=\"width: 44.0465%;vertical-align: top\">\n<p>2026.02.19-25.<\/p>\n<\/td>\n<td style=\"width: 40.338%;vertical-align: middle\">\n<p><a href=\"https:\/\/semmelweis.hu\/minoseg\/files\/2026\/02\/Klinikai-audit-2026-02-19-25.pptx\">MEES 2.1. KLINIKAI AUDIT &#8211; pptx<\/a><\/p>\n<\/td>\n<\/tr>\n<tr>\n<td style=\"width: 44.0465%;vertical-align: top\">\n<p>2025.01.22-30.<\/p>\n<\/td>\n<td style=\"width: 40.338%;vertical-align: middle\">\n<p><a href=\"https:\/\/semmelweis.hu\/minoseg\/files\/2025\/01\/Klinikai-audit-2025-01-22-30.pptx\">MEES 2.0 KLINIKAI AUDIT &#8211; pptx<\/a><\/p>\n<\/td>\n<\/tr>\n<tr>\n<td style=\"width: 44.0465%;vertical-align: top\">\n<p>2024.04.30.<\/p>\n<\/td>\n<td style=\"width: 40.338%;vertical-align: middle\">\n<p><a href=\"https:\/\/semmelweis.hu\/minoseg\/files\/2024\/05\/BETEGBIZTONSAG-UJBELEPOK-2024-04-30.pptx\">BETEGBIZTONS\u00c1G \u00daJBEL\u00c9P\u0150 MUNKAT\u00c1RSAKNAK &#8211; pptx<\/a><\/p>\n<\/td>\n<\/tr>\n<tr>\n<td style=\"width: 44.0465%;vertical-align: top\">\n<p>2024.01.25-30.<br \/>\n2023.02.07-08.<br \/>\n2022.04.26-27.<\/p>\n<\/td>\n<td style=\"width: 40.338%;vertical-align: middle\">\n<p><a href=\"https:\/\/semmelweis.hu\/minoseg\/files\/2024\/01\/MEES2-2024-01-25-20.pptx\" target=\"_blank\" rel=\"noopener\">MEES 2.0 OKTAT\u00c1S &#8211; pptx<\/a><\/p>\n<\/td>\n<\/tr>\n<tr>\n<td style=\"width: 44.0465%;vertical-align: top\">\n<p>2022.04.05-06.<\/p>\n<\/td>\n<td style=\"width: 40.338%;vertical-align: top\"><a href=\"https:\/\/semmelweis.hu\/minoseg\/files\/2022\/04\/MEES2-taj-2022-04-05.pptx\" target=\"_blank\" rel=\"noopener\">MEES 2.0 BEVEZET\u0150 OKTAT\u00c1S &#8211; pptx<\/a>\u00a0\u00a0<\/td>\n<\/tr>\n<tr style=\"height: 33px\">\n<td style=\"width: 44.0465%;height: 33px;vertical-align: top\">\n<p>2024.01.25-30.<br \/>\n2023.02.07-08.<br \/>\n2022.04.26-27.<\/p>\n<\/td>\n<td style=\"width: 40.338%;height: 33px;vertical-align: middle\"><a href=\"https:\/\/semmelweis.hu\/minoseg\/files\/2022\/04\/Klinikai-audit-2022-04-26-27-honlap.pptx\" target=\"_blank\" rel=\"noopener\">KLINIKAI AUDIT OKTAT\u00c1S &#8211; pptx<\/a><\/td>\n<\/tr>\n<tr style=\"height: 33px\">\n<td style=\"width: 44.0465%;height: 33px;vertical-align: top\">\n<p>2024.01.25-30.<br \/>\n2023.02.07-08.<br \/>\n2022.04.26-27.<\/p>\n<\/td>\n<td style=\"width: 40.338%;height: 33px;vertical-align: middle\"><a href=\"https:\/\/semmelweis.hu\/minoseg\/files\/2022\/04\/SE-OKTATAS-MEES-KLINIKAI-AUDIT-2022-04-20.pdf\" target=\"_blank\" rel=\"noopener\">KLINIKAI AUDIT TEMATIKA &#8211; pdf<\/a><\/td>\n<\/tr>\n<tr style=\"height: 33px\">\n<td style=\"width: 44.0465%;height: 33px\">\n<p>2024.01.25-30.<br \/>\n2023.02.07-08.<br \/>\n2022.04.26-27.<\/p>\n<\/td>\n<td style=\"width: 40.338%;height: 33px;vertical-align: top\">\n<p><a href=\"https:\/\/semmelweis.hu\/minoseg\/files\/2022\/04\/SE-KLINIKAI-AUDIT-PROBA-2022-04-13.docx\" target=\"_blank\" rel=\"noopener\">KLINIKAI AUDIT ESETTANULM\u00c1NY \u00c9S<\/a><br \/>\n<a href=\"https:\/\/semmelweis.hu\/minoseg\/files\/2022\/04\/SE-KLINIKAI-AUDIT-PROBA-2022-04-13.docx\" target=\"_blank\" rel=\"noopener\">MELL\u00c9KLETEK<\/a><\/p>\n<\/td>\n<\/tr>\n<tr>\n<td style=\"width: 44.0465%\">\n<p>2024.01.25-30.<br \/>\n2023.02.07-08.<br \/>\n2022.04.26-27.<\/p>\n<\/td>\n<td style=\"width: 40.338%;vertical-align: middle\">\n<ul>\n<li><a href=\"https:\/\/semmelweis.hu\/minoseg\/files\/2022\/04\/PDF-SE-KAR-KLINIKAKOD-MEES-12-TERV.pdf\" target=\"_blank\" rel=\"noopener\">AUDITTERV &#8211; pdf<\/a><\/li>\n<\/ul>\n<\/td>\n<\/tr>\n<\/tbody>\n<\/table>\n<p><strong>\u00a0<\/strong>\n<\/div><h2 class=\"tabtitle\">Oktat\u00e1si <br \/>\nseg\u00e9danyagok<\/h2>\n<div class=\"tabcontent\">\n<\/p>\n<table width=\"100%\">\n<thead>\n<tr>\n<td style=\"width: 50%;vertical-align: top;text-align: center\">T\u00e9ma<\/td>\n<td style=\"width: 50%;vertical-align: top;text-align: center\">\u00c9rv\u00e9nyes<\/td>\n<\/tr>\n<\/thead>\n<tbody>\n<tr>\n<td style=\"width: 50%;text-align: left;vertical-align: middle\">\n<p><a href=\"https:\/\/semmelweis.hu\/minoseg\/files\/2025\/08\/RACI-2025-08-12.pptx\">RACI-felel\u0151ss\u00e9gi m\u00e1trix<\/a><\/p>\n<\/td>\n<td style=\"width: 50%;text-align: center;vertical-align: middle\">2025.08.12.<\/td>\n<\/tr>\n<tr>\n<td style=\"width: 50%;text-align: left;vertical-align: middle\">\n<p><a href=\"https:\/\/semmelweis.hu\/minoseg\/files\/2025\/07\/SWOT-ERDEKELT-FELEK-2025-07-31.pptx\">SWOT-\u00c9rdekelt felek<\/a><\/p>\n<\/td>\n<td style=\"width: 50%;text-align: center;vertical-align: middle\">2025.07.31.<\/td>\n<\/tr>\n<tr>\n<td style=\"width: 50%;text-align: left;vertical-align: middle\">\n<p><a href=\"https:\/\/semmelweis.hu\/minoseg\/files\/2025\/07\/Valtozasmenedzsment-2025-07-16.pptx\">V\u00e1ltoz\u00e1smenedzsment<\/a><\/p>\n<\/td>\n<td style=\"width: 50%;text-align: center;vertical-align: middle\">2025.07.16.<\/td>\n<\/tr>\n<tr>\n<td style=\"width: 50%;text-align: left;vertical-align: middle\">\n<p><a href=\"https:\/\/semmelweis.hu\/minoseg\/files\/2025\/07\/SE-KOD-MUSZER-SOP-2025-07-02.docx\">M\u0171szerek \u00e9s eszk\u00f6z\u00f6k fel\u00fcgyelete &#8211; aj\u00e1nl\u00e1s<\/a><br \/>\n<a href=\"https:\/\/semmelweis.hu\/minoseg\/files\/2025\/07\/SE-KOD-MUSZER-SOP-A01-2025-07-02.xlsx\">Eszk\u00f6zfel\u00fcgyelet nyilv\u00e1ntart\u00e1s sablon &#8211; excel<\/a><\/p>\n<\/td>\n<td style=\"width: 50%;text-align: center;vertical-align: middle\">2025.07.02.<\/td>\n<\/tr>\n<tr>\n<td style=\"width: 50%;text-align: left;vertical-align: middle\">\n<p><a href=\"https:\/\/semmelweis.hu\/minoseg\/files\/2025\/05\/MEES-2-0-DOKINFO-2025.xlsx\">MEES 2.0. Dokument\u00e1lt inform\u00e1ci\u00f3k<\/a><\/p>\n<\/td>\n<td style=\"width: 50%;text-align: center;vertical-align: middle\">2025.05.13.<\/td>\n<\/tr>\n<tr>\n<td style=\"width: 50%;text-align: left;vertical-align: middle\">\n<p><a href=\"https:\/\/semmelweis.hu\/minoseg\/files\/2025\/03\/Teljesitmeny-2025-03-19.pptx\">Teljes\u00edtm\u00e9nymutat\u00f3k, indik\u00e1torok, haszn\u00e1lata<\/a><\/p>\n<\/td>\n<td style=\"width: 50%;text-align: center;vertical-align: middle\">2025.03.19.<\/td>\n<\/tr>\n<tr>\n<td style=\"width: 50%;text-align: left;vertical-align: middle\">\n<p><a href=\"https:\/\/semmelweis.hu\/minoseg\/files\/2024\/09\/Szervezeti-egyseg-felkeszites-2024-09-26.pptx\">MIR-felk\u00e9sz\u00edt\u00e9s &#8211; \u00fajonnan csatlakoz\u00f3 szervezeti egys\u00e9geknek<\/a><\/p>\n<\/td>\n<td style=\"width: 50%;text-align: center;vertical-align: middle\">2024.09.26.<\/td>\n<\/tr>\n<tr>\n<td style=\"width: 50%;text-align: left;vertical-align: middle\">\n<p><a href=\"https:\/\/semmelweis.hu\/minoseg\/files\/2024\/10\/ISO-9001-2015-2024-05-09.pptx\">ISO-9001-2015 &#8211; pptx<\/a><\/p>\n<\/td>\n<td style=\"width: 50%;text-align: center;vertical-align: middle\">2024.05.09.<\/td>\n<\/tr>\n<tr>\n<td style=\"width: 50%;text-align: left;vertical-align: middle\">\n<p><a href=\"https:\/\/semmelweis.hu\/minoseg\/files\/2024\/10\/MEES-2-0-2024-07-30.pptx\">MEES 2.0 &#8211; pptx<\/a><br \/>\n<a href=\"https:\/\/semmelweis.hu\/minoseg\/files\/2024\/07\/MEES-2-0-2024-07-30.xlsx\">MEES 2.0 &#8211; excel<\/a><br \/>\n<a href=\"https:\/\/semmelweis.hu\/minoseg\/files\/2024\/07\/MEES-2-0-klinikai-check-list.xlsx\">MEES 2.0 klinikai check list &#8211; excel<\/a><\/p>\n<\/td>\n<td style=\"width: 50%;text-align: center;vertical-align: middle\">2024.07.30.<\/td>\n<\/tr>\n<tr>\n<td style=\"width: 50%;text-align: left;vertical-align: middle\">\n<p><a href=\"https:\/\/semmelweis.hu\/minoseg\/files\/2025\/03\/Dokumentalt-informacio-magyarazata-2025-03-11.pptx\">Dokument\u00e1lt inform\u00e1ci\u00f3 magyar\u00e1zata &#8211; pptx<\/a><\/p>\n<\/td>\n<td style=\"width: 50%;text-align: center;vertical-align: middle\">2025.03.11.<\/td>\n<\/tr>\n<tr>\n<td style=\"width: 50%;text-align: left;vertical-align: middle\">\n<p><a href=\"https:\/\/semmelweis.hu\/minoseg\/files\/2024\/10\/Folyamatok-magyarazata-2024-07-16.pptx\">Folyamatok magyar\u00e1zata &#8211; pptx<\/a><\/p>\n<p><a href=\"https:\/\/semmelweis.hu\/minoseg\/files\/2025\/08\/Folyamatterkep-ISO-2025.xlsx\">Folyamatt\u00e9rk\u00e9p ISO aj\u00e1nl\u00e1s 2025 &#8211; excel<\/a><\/p>\n<\/td>\n<td style=\"width: 50%;text-align: center;vertical-align: middle\">\n<p>2024.07.16.<\/p>\n<p>2025.04.24.<\/p>\n<\/td>\n<\/tr>\n<tr>\n<td style=\"width: 50%;text-align: left;vertical-align: middle\">\n<p><a href=\"https:\/\/semmelweis.hu\/minoseg\/files\/2024\/10\/Problemamgoldas-8D-2025-08-15.pptx\">Probl\u00e9mamegold\u00e1s\u00a0<\/a><\/p>\n<\/td>\n<td style=\"width: 50%;text-align: center;vertical-align: middle\">2024.08.15.<\/td>\n<\/tr>\n<tr>\n<td style=\"width: 50%;text-align: left;vertical-align: middle\">\n<p><a href=\"https:\/\/semmelweis.hu\/minoseg\/files\/2025\/02\/SE-ISO-9001-NM-A01-2025-02-01.docx\">8D-SABLON &#8211; Probl\u00e9mamegold\u00e1sra, nem-megfelel\u0151s\u00e9gek kezel\u00e9s\u00e9re &#8211; word<\/a><\/p>\n<\/td>\n<td style=\"width: 50%;text-align: center;vertical-align: middle\">2025.02.01.<\/td>\n<\/tr>\n<tr>\n<td style=\"width: 50%;text-align: left;vertical-align: middle\">\n<p><a href=\"https:\/\/semmelweis.hu\/minoseg\/files\/2024\/10\/Kockazat-2024-08-15.pptx\">Kock\u00e1zatmenedzsmentr\u0151l \u00e1ltal\u00e1noss\u00e1gban<\/a><\/p>\n<\/td>\n<td style=\"width: 50%;text-align: center;vertical-align: middle\">2024.08.15.<\/td>\n<\/tr>\n<\/tbody>\n<\/table>\n<p><strong>\u00a0<\/strong>\n<\/div><h2 class=\"tabtitle\">Min\u0151s\u00e9g-<br \/>\ntechnik\u00e1k<\/h2>\n<div class=\"tabcontent\">\n<\/p>\n<h4 style=\"text-align: center\"><a href=\"https:\/\/semmelweis.hu\/minoseg\/files\/2024\/10\/Minosegtechnikak-2024-10-15.pdf\"><span style=\"color: #008c00\"><strong>MIN\u0150S\u00c9GTECHNIK\u00c1K 2024.10.15. pdf.<\/strong><\/span><\/a><\/h4>\n<table width=\"100%\">\n<tbody>\n<tr>\n<td style=\"width: 50%;vertical-align: top;height: 33px\"><a href=\"https:\/\/semmelweis.hu\/minoseg\/feladatok\/iso-navigator\/az-egyetem-kornyezete\/\" target=\"_blank\" rel=\"noopener\">4.\u00a0 A szervezet k\u00f6rnyezete<\/a><\/td>\n<td style=\"width: 50%;vertical-align: top;height: 33px\">SWOT-elemz\u00e9s<\/td>\n<\/tr>\n<tr style=\"height: 33px\">\n<td style=\"width: 50%;vertical-align: top;height: 33px\">\u00a0<\/td>\n<td style=\"width: 50%;vertical-align: top;height: 33px\">Folyamatt\u00e9rk\u00e9p k\u00e9sz\u00edt\u00e9se<\/td>\n<\/tr>\n<tr style=\"height: 33px\">\n<td style=\"width: 50%;vertical-align: top;height: 33px\">\u00a0<\/td>\n<td style=\"width: 50%;vertical-align: top;height: 33px\">Brainstorming (\u00f6tletroham) m\u00f3dszertanok<\/td>\n<\/tr>\n<tr style=\"height: 33px\">\n<td style=\"width: 50%;vertical-align: top;height: 33px\"><a href=\"https:\/\/semmelweis.hu\/minoseg\/feladatok\/iso-navigator\/vezetoi-szerepvallalas\/\" target=\"_blank\" rel=\"noopener\">5. Vezet\u0151i szerepv\u00e1llal\u00e1s<\/a><\/td>\n<td style=\"width: 50%;vertical-align: top;height: 33px\">Szervezeti \u00e1bra<\/td>\n<\/tr>\n<tr style=\"height: 33px\">\n<td style=\"width: 50%;vertical-align: top;height: 33px\">\u00a0<\/td>\n<td style=\"width: 50%;vertical-align: top;height: 33px\">Munkak\u00f6r elemz\u00e9s, munkak\u00f6ri le\u00edr\u00e1sok<\/td>\n<\/tr>\n<tr style=\"height: 33px\">\n<td style=\"width: 50%;vertical-align: top;height: 33px\">\u00a0<\/td>\n<td style=\"width: 50%;vertical-align: top;height: 33px\">Kompetenciam\u00e1trix<\/td>\n<\/tr>\n<tr style=\"height: 33px\">\n<td style=\"width: 50%;vertical-align: top;height: 33px\">\u00a0<\/td>\n<td style=\"width: 50%;vertical-align: top;height: 33px\">Jogszab\u00e1lyi megfelel\u0151s\u00e9g \u00e9rt\u00e9kel\u00e9s; szakmai trendek, ir\u00e1nyelvek, protokollok<\/td>\n<\/tr>\n<tr style=\"height: 33px\">\n<td style=\"width: 50%;vertical-align: top;height: 33px\"><a href=\"https:\/\/semmelweis.hu\/minoseg\/feladatok\/iso-navigator\/tervezes\/\" target=\"_blank\" rel=\"noopener\">6. Tervez\u00e9s<\/a><\/td>\n<td style=\"width: 50%;vertical-align: top;height: 33px\">Ok \u00e9s k\u00f6vetkezm\u00e9ny<\/td>\n<\/tr>\n<tr style=\"height: 33px\">\n<td style=\"width: 50%;vertical-align: top;height: 33px\">\u00a0<\/td>\n<td style=\"width: 50%;vertical-align: top;height: 33px\">Mi\u00e9rt?<\/td>\n<\/tr>\n<tr style=\"height: 33px\">\n<td style=\"width: 50%;vertical-align: top;height: 33px\">\u00a0<\/td>\n<td style=\"width: 50%;vertical-align: top;height: 33px\">Halsz\u00e1lka diagram<\/td>\n<\/tr>\n<tr style=\"height: 33px\">\n<td style=\"width: 50%;vertical-align: top;height: 33px\">\u00a0<\/td>\n<td style=\"width: 50%;vertical-align: top;height: 33px\">K\u00f6vetkezm\u00e9ny-val\u00f3sz\u00edn\u0171s\u00e9g m\u00e1trix<\/td>\n<\/tr>\n<tr style=\"height: 33px\">\n<td style=\"width: 50%;vertical-align: top;height: 33px\"><a href=\"https:\/\/semmelweis.hu\/minoseg\/feladatok\/iso-navigator\/tamogatas\/\" target=\"_blank\" rel=\"noopener\">7. T\u00e1mogat\u00e1s<\/a><\/td>\n<td style=\"width: 50%;vertical-align: top;height: 33px\">Szem\u00e9lyi \u00e9s t\u00e1rgyi felt\u00e9telek megtervez\u00e9se<\/td>\n<\/tr>\n<tr style=\"height: 33px\">\n<td style=\"width: 50%;vertical-align: top;height: 33px\">\u00a0<\/td>\n<td style=\"width: 50%;vertical-align: top;height: 33px\">K\u00e9pz\u00e9si terv<\/td>\n<\/tr>\n<tr style=\"height: 33px\">\n<td style=\"width: 50%;vertical-align: top;height: 33px\">\u00a0<\/td>\n<td style=\"width: 50%;vertical-align: top;height: 33px\">Kommunik\u00e1ci\u00f3 tudatos haszn\u00e1lata<\/td>\n<\/tr>\n<tr style=\"height: 33px\">\n<td style=\"width: 50%;vertical-align: top;height: 33px\">\u00a0<\/td>\n<td style=\"width: 50%;vertical-align: top;height: 33px\">Dokument\u00e1ci\u00f3s rendszer kialak\u00edt\u00e1s<\/td>\n<\/tr>\n<tr style=\"height: 33px\">\n<td style=\"width: 50%;vertical-align: top;height: 33px\"><a href=\"https:\/\/semmelweis.hu\/minoseg\/feladatok\/iso-navigator\/mukodes\/\" target=\"_blank\" rel=\"noopener\">8. M\u0171k\u00f6d\u00e9s<\/a><\/td>\n<td style=\"width: 50%;vertical-align: top;height: 33px\">Projektterv<\/td>\n<\/tr>\n<tr style=\"height: 33px\">\n<td style=\"width: 50%;vertical-align: top;height: 33px\"><a href=\"https:\/\/semmelweis.hu\/minoseg\/feladatok\/iso-navigator\/teljesitmenyertekeles\/\" target=\"_blank\" rel=\"noopener\">9. Teljes\u00edtm\u00e9ny\u00e9rt\u00e9kel\u00e9s<\/a><\/td>\n<td style=\"width: 50%;vertical-align: top;height: 33px\">El\u00e9gedetts\u00e9gi k\u00e9rd\u0151\u00edv\/interj\u00fa<\/td>\n<\/tr>\n<tr style=\"height: 33px\">\n<td style=\"width: 50%;vertical-align: top;height: 33px\">\u00a0<\/td>\n<td style=\"width: 50%;vertical-align: top;height: 33px\">Panaszok kivizsg\u00e1l\u00e1sa, kezel\u00e9se<\/td>\n<\/tr>\n<tr style=\"height: 33px\">\n<td style=\"width: 50%;vertical-align: top;height: 33px\"><a href=\"https:\/\/semmelweis.hu\/minoseg\/feladatok\/iso-navigator\/fejlesztes\/\" target=\"_blank\" rel=\"noopener\">10. Fejleszt\u00e9s<\/a><\/td>\n<td style=\"width: 50%;vertical-align: top;height: 33px\">PDCA ciklus<\/td>\n<\/tr>\n<\/tbody>\n<thead>\n<tr>\n<td style=\"width: 50%;vertical-align: top;text-align: left\">ISO fejezet<\/td>\n<td style=\"width: 50%;vertical-align: top;text-align: left\">Min\u0151s\u00e9gtechnik\u00e1k pdf. tartalma<\/td>\n<\/tr>\n<\/thead>\n<thead><\/thead>\n<\/table>\n\n<\/div><h2 class=\"tabtitle\">MIR-<br \/>\nkonzult\u00e1ci\u00f3k<\/h2>\n<div class=\"tabcontent\">\n\n<ul style=\"list-style-type: circle\">\n<li>\n<h4><span style=\"color: #008c49\"><strong>MIR-MUNKAT\u00c1RSAK KONZULT\u00c1CI\u00d3K, T\u00c1J\u00c9KOZTAT\u00d3K<\/strong><\/span><\/h4>\n<\/li>\n<\/ul>\n<table width=\"100%\">\n<tbody>\n<tr>\n<td style=\"width: 50%;vertical-align: top\">2026.03.26.<\/td>\n<td style=\"width: 50%;vertical-align: top\">\n<p><a href=\"https:\/\/semmelweis.hu\/minoseg\/files\/2026\/03\/Belso-audit-zaro-2026-03-26.pptx\">MIR-munkat\u00e1rsak konzult\u00e1ci\u00f3 &#8211; bels\u0151 audit z\u00e1r\u00f3<\/a><\/p>\n<\/td>\n<\/tr>\n<tr>\n<td style=\"width: 50%;vertical-align: top\">2025.09.03.<\/td>\n<td style=\"width: 50%;vertical-align: top\">\n<p><a href=\"https:\/\/semmelweis.hu\/minoseg\/files\/2025\/09\/MIR-konzultacio-2025-09-03.pptx\">MIR-munkat\u00e1rsak konzult\u00e1ci\u00f3 &#8211; bels\u0151 audit<\/a><br \/>\n<a href=\"https:\/\/semmelweis.hu\/minoseg\/files\/2025\/09\/Auditprogram-honlapra-2025.xlsx\">Auditprogram 2025.<\/a><\/p>\n<\/td>\n<\/tr>\n<tr>\n<td style=\"width: 50%;vertical-align: top\">2025.05.12.<\/td>\n<td style=\"width: 50%;vertical-align: top\">\n<p><a href=\"https:\/\/semmelweis.hu\/minoseg\/files\/2025\/05\/Tanusito-audit-reszletes-2025-05-12.pptx\">MIR-munkat\u00e1rsak konzult\u00e1ci\u00f3 &#8211; tan\u00fas\u00edt\u00f3 audit r\u00e9szletes t\u00e1j\u00e9koztat\u00e1s az \u00e9rintett szervezeti egys\u00e9geknek<\/a><\/p>\n<p><a href=\"https:\/\/semmelweis.hu\/minoseg\/files\/2025\/05\/MSZT-standard-magyarazat-2025-05-12.xlsx\">Standard magyar\u00e1zat<\/a><\/p>\n<\/td>\n<\/tr>\n<tr>\n<td style=\"width: 50%;vertical-align: top\">2025.04.30.<\/td>\n<td style=\"width: 50%;vertical-align: top\">\n<p><a href=\"https:\/\/semmelweis.hu\/minoseg\/files\/2025\/05\/Tajekoztato-tan-audit-2025-04-30.pptx\">MIR-munkat\u00e1rsak konzult\u00e1ci\u00f3 &#8211; tan\u00fas\u00edt\u00f3 audit \u00e1ltal\u00e1nos t\u00e1j\u00e9koztat\u00f3<\/a><\/p>\n<\/td>\n<\/tr>\n<tr>\n<td style=\"width: 50%;vertical-align: top\">2025.03.05-06.<\/td>\n<td style=\"width: 50%;vertical-align: top\">\n<p><a href=\"https:\/\/semmelweis.hu\/minoseg\/files\/2025\/03\/Belso-audit-zaro-2025-03-05-06.pptx\">MIR-munkat\u00e1rsak konzult\u00e1ci\u00f3 &#8211; bels\u0151 audit z\u00e1r\u00f3<\/a><\/p>\n<\/td>\n<\/tr>\n<tr>\n<td style=\"width: 50%;vertical-align: top\">2024.09.04-05.<\/td>\n<td style=\"width: 50%;vertical-align: top\">\n<p><a href=\"https:\/\/semmelweis.hu\/minoseg\/files\/2024\/09\/MIR-konzultacio-2024-09-04-05.pptx\">MIR-munkat\u00e1rsak konzult\u00e1ci\u00f3<\/a><br \/>\n<a href=\"https:\/\/semmelweis.hu\/minoseg\/files\/2024\/09\/Belso-audit-helyszin-modszer-2024-09-03.xlsx\">Bels\u0151 audit helysz\u00edn, m\u00f3dszer 2024.<\/a><br \/>\n<a href=\"https:\/\/semmelweis.hu\/minoseg\/files\/2024\/09\/Auditprogram-2024.pptx\">Auditprogram 2024.<\/a><br \/>\n<a href=\"https:\/\/semmelweis.hu\/minoseg\/files\/2024\/09\/Audit-fokuszok-2024-09-04.xlsx\">Audit f\u00f3kuszok 2024.<\/a><\/p>\n<\/td>\n<\/tr>\n<tr>\n<td style=\"width: 50%;vertical-align: top\">2024.06.18-20.<\/td>\n<td style=\"width: 50%;vertical-align: top\"><a href=\"https:\/\/semmelweis.hu\/minoseg\/files\/2024\/06\/Bemutatkozas-2024-06-18-20.pptx\">MIR-munkat\u00e1rsak konzult\u00e1ci\u00f3<\/a><\/td>\n<\/tr>\n<tr>\n<td style=\"width: 50%;vertical-align: top\">2023.09.27-28.<\/td>\n<td style=\"width: 50%;vertical-align: top\"><a href=\"https:\/\/semmelweis.hu\/minoseg\/files\/2023\/09\/MIR-2023-szeptember-27-28.pptx\">MIR-munkat\u00e1rsak konzult\u00e1ci\u00f3<\/a><\/td>\n<\/tr>\n<tr>\n<td style=\"width: 50%;vertical-align: top\">2022.10.05-06.<\/td>\n<td style=\"width: 50%;vertical-align: top\"><a href=\"https:\/\/semmelweis.hu\/minoseg\/files\/2022\/10\/MIR-2022-oktober-05-06.pptx\" target=\"_blank\" rel=\"noopener\">MIR-munkat\u00e1rsak t\u00e1j\u00e9koztat\u00f3<\/a><\/td>\n<\/tr>\n<tr>\n<td style=\"width: 50%;vertical-align: top\">2021.09.28-30.<\/td>\n<td style=\"width: 50%;vertical-align: top\"><a href=\"https:\/\/semmelweis.hu\/minoseg\/files\/2021\/09\/MIR-2021-09-28-30.pptx\" target=\"_blank\" rel=\"noopener\">MIR-munkat\u00e1rsak t\u00e1j\u00e9koztat\u00f3<\/a><\/td>\n<\/tr>\n<tr>\n<td style=\"width: 50%;vertical-align: top\">2020.11.19.<\/td>\n<td style=\"width: 50%;vertical-align: top\"><a href=\"https:\/\/semmelweis.hu\/minoseg\/files\/2020\/11\/MIR-2020-11-19.pptx\" target=\"_blank\" rel=\"noopener\">MIR-munkat\u00e1rsak t\u00e1j\u00e9koztat\u00f3<\/a><\/td>\n<\/tr>\n<tr>\n<td style=\"width: 50%;vertical-align: top\">2019.09.19-20-24.<\/td>\n<td style=\"width: 50%;vertical-align: top\"><a href=\"https:\/\/semmelweis.hu\/minoseg\/files\/2019\/09\/MIR-2019-09.pptx\" target=\"_blank\" rel=\"noopener\">MIR-munkat\u00e1rsak konzult\u00e1ci\u00f3<\/a><\/td>\n<\/tr>\n<tr>\n<td style=\"width: 50%;vertical-align: top\">2018.10.26.<\/td>\n<td style=\"width: 50%;vertical-align: top\"><a href=\"https:\/\/semmelweis.hu\/minoseg\/files\/2022\/01\/Horvath-Aniko-eloadas.pdf\" target=\"_blank\" rel=\"noopener\">Min\u0151s\u00e9g\u00fcgyi \u00e9rz\u00e9keny\u00edt\u00e9s a betegbiztons\u00e1gon kereszt\u00fcl<\/a><\/td>\n<\/tr>\n<tr>\n<td style=\"width: 50%;vertical-align: top\">2018.09.27-28.<\/td>\n<td style=\"width: 50%;vertical-align: top\"><a href=\"https:\/\/semmelweis.hu\/minoseg\/files\/2018\/09\/mires2018szept.pptx\">MIR-munkat\u00e1rsak konzult\u00e1ci\u00f3<\/a><\/td>\n<\/tr>\n<tr>\n<td style=\"width: 50%;vertical-align: top\">2018.03.21-22.<\/td>\n<td style=\"width: 50%;vertical-align: top\"><a href=\"https:\/\/semmelweis.hu\/minoseg\/files\/2018\/03\/mires2018032122.pptx\">MIR-munkat\u00e1rsak konzult\u00e1ci\u00f3<\/a><\/td>\n<\/tr>\n<\/tbody>\n<thead>\n<tr>\n<td style=\"width: 50%\">Id\u0151pont<\/td>\n<td style=\"width: 50%\">Konzult\u00e1ci\u00f3, t\u00e1j\u00e9koztat\u00f3<\/td>\n<\/tr>\n<\/thead>\n<\/table>\n\n<\/div><h2 class=\"tabtitle\">\u00daj bel\u00e9p\u0151k<br \/>\noktat\u00e1sa<\/h2>\n<div class=\"tabcontent\">\n\n<ul style=\"list-style-type: circle\">\n<li>\n<h4><a href=\"https:\/\/semmelweis.hu\/minoseg\/files\/2024\/07\/MBO-Oktatas-ujmunkatarsak-2024-07-01.pptx\"><span style=\"color: #008c00\"><strong>\u00daJ MUNKAT\u00c1RSAK OKTAT\u00c1SA -2024.07.01.\u00a0<\/strong><\/span><\/a><\/h4>\n<\/li>\n<\/ul>\n<table width=\"100%\">\n<tbody>\n<tr>\n<td style=\"width: 50%;vertical-align: top\"><span style=\"font-weight: bolder\">szem\u00e9lyes<\/span>\u00a0(jelenl\u00e9ti)\u00a0<span style=\"font-weight: bolder\">oktat\u00e1s, vizsg\u00e1z\u00e1s n\u00e9lk\u00fcl<\/span><\/td>\n<td style=\"width: 50%;vertical-align: top\">\n<p>minden <strong>kedden<\/strong>\u00a012.00-15.00<\/p>\n<p>Biztons\u00e1gtechnikai Igazgat\u00f3s\u00e1g<br \/>\n1083 Budapest, Ill\u00e9s utca 15. f\u00f6ldszint<\/p>\n<p><a href=\"https:\/\/semmelweis.hu\/biztonsag\/oktatas-urlap\/\" target=\"_blank\" rel=\"noopener\">Jelentkez\u00e9si \u0171rlap<\/a><\/p>\n<\/td>\n<\/tr>\n<tr>\n<td style=\"width: 50%;vertical-align: top\">\u00f6n\u00e1ll\u00f3 felk\u00e9sz\u00fcl\u00e9s mellett <strong>online oktat\u00e1s vizsg\u00e1z\u00e1ssal<\/strong><\/td>\n<td style=\"width: 50%;vertical-align: top\">\n<p><a href=\"https:\/\/semmelweis.hu\/biztonsag\/uj-belepo-munkatarsak-kotelezo-oktatasa\/\" target=\"_blank\" rel=\"noopener\">R\u00e9szletes inform\u00e1ci\u00f3 a Biztons\u00e1gtechnikai Igazgat\u00f3s\u00e1g oldal\u00e1n<\/a><\/p>\n<\/td>\n<\/tr>\n<tr>\n<td style=\"width: 50%;vertical-align: top\">Hasznos inform\u00e1ci\u00f3k<\/td>\n<td style=\"width: 50%;vertical-align: top\">\n<p><a href=\"https:\/\/semmelweis.hu\/human\/kozerdeku-informaciok\/uj-belepoknek-szolo-informaciok\/\" target=\"_blank\" rel=\"noopener\">Nem csak \u00faj munkat\u00e1rsaknak<\/a><\/p>\n<\/td>\n<\/tr>\n<\/tbody>\n<\/table>\n\n<\/div><h2 class=\"tabtitle\">Tematik\u00e1k<\/h2>\n<div class=\"tabcontent\">\n\n<ul style=\"list-style-type: circle\">\n<li><a href=\"https:\/\/semmelweis.hu\/minoseg\/files\/2024\/07\/SE-UJMUNKATARSAK-TEMATIKA-2024-07-01.docx\">\u00daj munkat\u00e1rsaknak &#8211; \u00c9rv\u00e9nyes 2024.07.01.<\/a><\/li>\n<\/ul>\n<\/div><\/div>\n<p>&nbsp;<\/p>\n","protected":false},"excerpt":{"rendered":"<p>\u00daj bel\u00e9p\u0151k oktat\u00e1sa. Min\u0151s\u00e9gtechnik\u00e1k. Oktat\u00e1si anyagok, tematik\u00e1k.<\/p>\n","protected":false},"author":326,"featured_media":0,"parent":13853,"menu_order":12,"comment_status":"closed","ping_status":"closed","template":"","meta":{"_acf_changed":false,"footnotes":""},"categories":[],"tags":[33],"class_list":["post-111","page","type-page","status-publish","hentry","tag-feladatok"],"acf":[],"_links":{"self":[{"href":"https:\/\/semmelweis.hu\/minoseg\/wp-json\/wp\/v2\/pages\/111","targetHints":{"allow":["GET"]}}],"collection":[{"href":"https:\/\/semmelweis.hu\/minoseg\/wp-json\/wp\/v2\/pages"}],"about":[{"href":"https:\/\/semmelweis.hu\/minoseg\/wp-json\/wp\/v2\/types\/page"}],"author":[{"embeddable":true,"href":"https:\/\/semmelweis.hu\/minoseg\/wp-json\/wp\/v2\/users\/326"}],"replies":[{"embeddable":true,"href":"https:\/\/semmelweis.hu\/minoseg\/wp-json\/wp\/v2\/comments?post=111"}],"version-history":[{"count":10,"href":"https:\/\/semmelweis.hu\/minoseg\/wp-json\/wp\/v2\/pages\/111\/revisions"}],"predecessor-version":[{"id":20675,"href":"https:\/\/semmelweis.hu\/minoseg\/wp-json\/wp\/v2\/pages\/111\/revisions\/20675"}],"up":[{"embeddable":true,"href":"https:\/\/semmelweis.hu\/minoseg\/wp-json\/wp\/v2\/pages\/13853"}],"wp:attachment":[{"href":"https:\/\/semmelweis.hu\/minoseg\/wp-json\/wp\/v2\/media?parent=111"}],"wp:term":[{"taxonomy":"category","embeddable":true,"href":"https:\/\/semmelweis.hu\/minoseg\/wp-json\/wp\/v2\/categories?post=111"},{"taxonomy":"post_tag","embeddable":true,"href":"https:\/\/semmelweis.hu\/minoseg\/wp-json\/wp\/v2\/tags?post=111"}],"curies":[{"name":"wp","href":"https:\/\/api.w.org\/{rel}","templated":true}]}}