{"id":10987,"date":"2019-05-21T09:10:18","date_gmt":"2019-05-21T07:10:18","guid":{"rendered":"http:\/\/semmelweis.hu\/minoseg\/?page_id=10987"},"modified":"2025-04-01T12:19:35","modified_gmt":"2025-04-01T10:19:35","slug":"okk-neuroradiologiai-tanszek","status":"publish","type":"page","link":"https:\/\/semmelweis.hu\/minoseg\/mir-dokumentacio\/aok-klinikak\/orvosi-kepalkoto-klinika\/okk-neuroradiologiai-tanszek\/","title":{"rendered":"OKK Neuroradiol\u00f3giai Tansz\u00e9k"},"content":{"rendered":"<p><strong>Egys\u00e9gszint\u0171 M\u0171k\u00f6d\u00e9si Szab\u00e1lyzatok<\/strong><\/p>\n<ul>\n<li><a href=\"https:\/\/semmelweis.hu\/minoseg\/files\/2023\/01\/SE-OKK-1-5TMR-EMSZ-2023-01-01.docx\">SE-OKK-1.5TMR-EMSZ &#8211; 1.5T MR Diagnosztikai R\u00e9szleg Egys\u00e9gszint\u0171 M\u0171k\u00f6d\u00e9si Szab\u00e1lyzat<\/a><br \/>\n<a href=\"https:\/\/semmelweis.hu\/minoseg\/files\/2023\/01\/SE-OKK-1-5TMR-EMSZ-fedlap-2023-01-01.pdf\">SE-OKK-1.5.TMR-EMSZ &#8211; fedlap<\/a><\/p>\n<\/li>\n<\/ul>\n<ul>\n<li><a href=\"https:\/\/semmelweis.hu\/minoseg\/files\/2023\/01\/SE-OKK-3TMR-EMSZ-2023-01-01.docx\">SE-OKK-3TMR-EMSZ &#8211; 3T MR Diagnosztikai R\u00e9szleg Egys\u00e9gszint\u0171 M\u0171k\u00f6d\u00e9si Szab\u00e1lyzat<\/a><br \/>\n<a href=\"https:\/\/semmelweis.hu\/minoseg\/files\/2023\/01\/SE-OKK-3TMR-EMSZ-fedlap-2023-01-01.pdf\">SE-OKK-3TMR-EMSZ &#8211; fedlap<\/a><\/li>\n<\/ul>\n<p>&nbsp;<\/p>\n","protected":false},"excerpt":{"rendered":"<p>Min\u0151s\u00e9g\u00fcgyi dokumentum.<\/p>\n","protected":false},"author":326,"featured_media":0,"parent":11440,"menu_order":1,"comment_status":"closed","ping_status":"closed","template":"","meta":{"_acf_changed":false,"footnotes":""},"categories":[],"tags":[],"class_list":["post-10987","page","type-page","status-publish","hentry"],"acf":[],"_links":{"self":[{"href":"https:\/\/semmelweis.hu\/minoseg\/wp-json\/wp\/v2\/pages\/10987","targetHints":{"allow":["GET"]}}],"collection":[{"href":"https:\/\/semmelweis.hu\/minoseg\/wp-json\/wp\/v2\/pages"}],"about":[{"href":"https:\/\/semmelweis.hu\/minoseg\/wp-json\/wp\/v2\/types\/page"}],"author":[{"embeddable":true,"href":"https:\/\/semmelweis.hu\/minoseg\/wp-json\/wp\/v2\/users\/326"}],"replies":[{"embeddable":true,"href":"https:\/\/semmelweis.hu\/minoseg\/wp-json\/wp\/v2\/comments?post=10987"}],"version-history":[{"count":10,"href":"https:\/\/semmelweis.hu\/minoseg\/wp-json\/wp\/v2\/pages\/10987\/revisions"}],"predecessor-version":[{"id":19601,"href":"https:\/\/semmelweis.hu\/minoseg\/wp-json\/wp\/v2\/pages\/10987\/revisions\/19601"}],"up":[{"embeddable":true,"href":"https:\/\/semmelweis.hu\/minoseg\/wp-json\/wp\/v2\/pages\/11440"}],"wp:attachment":[{"href":"https:\/\/semmelweis.hu\/minoseg\/wp-json\/wp\/v2\/media?parent=10987"}],"wp:term":[{"taxonomy":"category","embeddable":true,"href":"https:\/\/semmelweis.hu\/minoseg\/wp-json\/wp\/v2\/categories?post=10987"},{"taxonomy":"post_tag","embeddable":true,"href":"https:\/\/semmelweis.hu\/minoseg\/wp-json\/wp\/v2\/tags?post=10987"}],"curies":[{"name":"wp","href":"https:\/\/api.w.org\/{rel}","templated":true}]}}