{"id":102,"date":"2014-05-14T14:16:44","date_gmt":"2014-05-14T12:16:44","guid":{"rendered":"http:\/\/semmelweis.hu\/minoseg\/?page_id=102"},"modified":"2026-01-19T08:51:06","modified_gmt":"2026-01-19T07:51:06","slug":"se-minositett-beszallitok","status":"publish","type":"page","link":"https:\/\/semmelweis.hu\/minoseg\/letolthetodokumentumok\/se-minositett-beszallitok\/","title":{"rendered":"Min\u0151s\u00edtett besz\u00e1ll\u00edt\u00f3k"},"content":{"rendered":"<h4>Min\u0151s\u00edtett besz\u00e1ll\u00edt\u00f3k list\u00e1ja<\/h4>\n<p style=\"padding-left: 60px\"><a class=\"btn btn-danger\" href=\"https:\/\/semmelweis.hu\/minoseg\/files\/2026\/01\/05B-melleklet-2025.xlsx\" target=\"_blank\" rel=\"noopener\">2025<\/a><\/p>\n<div class=\"responsive-tabs\">\n<h2 class=\"tabtitle\">C\u00e9lja<\/h2>\n<div class=\"tabcontent\">\n\n<h4>Besz\u00e1ll\u00edt\u00f3i min\u0151s\u00edt\u00e9s c\u00e9lja<\/h4>\n<ul>\n<li style=\"text-align: justify\">Az Egyetem min\u0151s\u00e9gir\u00e1ny\u00edt\u00e1si rendszer\u00e9nek elv\u00e1r\u00e1sa szerint a besz\u00e1ll\u00edt\u00f3k \u00e9venk\u00e9nti min\u0151s\u00edt\u00e9s\u00e9nek megval\u00f3s\u00edt\u00e1sa, a nem megfelel\u0151nek min\u0151s\u00edtett partnerek min\u0151s\u00e9gjav\u00edt\u00e1sra k\u00f6telez\u00e9se, a nem elfogadottak szolg\u00e1ltat\u00e1si k\u00f6rb\u0151l kiz\u00e1r\u00e1sa, valamint a kiv\u00e1l\u00f3 min\u0151s\u00edt\u00e9sre ker\u00fcltek t\u00e1j\u00e9koztat\u00e1sa.<\/li>\n<\/ul>\n\n<\/div><h2 class=\"tabtitle\">Folyamat<\/h2>\n<div class=\"tabcontent\">\n\n<h4>besz\u00e1ll\u00edt\u00f3i min\u0151s\u00edt\u00e9s Folyamata<\/h4>\n<ul>\n<li style=\"text-align: justify\">A Besz\u00e1ll\u00edt\u00f3k min\u0151s\u00edt\u00e9s\u00e9nek folyamat\u00e1t az <a href=\"https:\/\/semmelweis.hu\/minoseg\/feladatok\/minosegiranyitasi-rendszer-szabalyzatok\/\" target=\"_blank\" rel=\"noopener\">SE-MU-02 Besz\u00e1ll\u00edt\u00f3k min\u0151s\u00edt\u00e9se munkautas\u00edt\u00e1s \u00e9s mell\u00e9klete<\/a> tartalmazza.<\/li>\n<\/ul>\n<ul>\n<li style=\"text-align: justify\">A <strong>C \u00e9s D kateg\u00f3ri\u00e1ba sorolt<\/strong> besz\u00e1ll\u00edt\u00f3kr\u00f3l a szervezeti egys\u00e9g k\u00f6teles kit\u00f6lteni az <strong>SE-MU-02-A02<\/strong> nyomtatv\u00e1nyt (besz\u00e1ll\u00edt\u00f3k \u00e9rt\u00e9kel\u00e9s\u00e9nek szempontrendszere) \u00e9s bek\u00fcldeni a <strong>BI koordin\u00e1tor<\/strong> r\u00e9sz\u00e9re a besz\u00e1ll\u00edt\u00f3i min\u0151s\u00edt\u00e9si adat\u00e1llom\u00e1nnyal azonos hat\u00e1rid\u0151re elektronikus form\u00e1ban.<\/li>\n<\/ul>\n\n<\/div><h2 class=\"tabtitle\">Kapcsolat<\/h2>\n<div class=\"tabcontent\">\n\n<h4>BI koordin\u00e1tor<\/h4>\n<p>Del\u00e9nyi Gabriella \u2013 Beszerz\u00e9si Igazgat\u00f3s\u00e1g<br \/>\n<a href=\"mailto:delenyi.gabriella@semmelweis.hu\" target=\"_blank\" rel=\"noopener\">delenyi.gabriella@semmelweis.hu<\/a><br \/>\nTel: 20-825-0167<\/p>\n<\/div><\/div>\n","protected":false},"excerpt":{"rendered":"<p>Min\u0151s\u00edtett besz\u00e1ll\u00edt\u00f3k list\u00e1ja. A besz\u00e1ll\u00edt\u00f3i min\u0151s\u00edt\u00e9s c\u00e9lja, folyamata. Kapcsolattart\u00f3 el\u00e9rhet\u0151s\u00e9ge.<\/p>\n","protected":false},"author":326,"featured_media":0,"parent":77,"menu_order":2,"comment_status":"closed","ping_status":"closed","template":"","meta":{"_acf_changed":false,"footnotes":""},"categories":[],"tags":[],"class_list":["post-102","page","type-page","status-publish","hentry"],"acf":[],"_links":{"self":[{"href":"https:\/\/semmelweis.hu\/minoseg\/wp-json\/wp\/v2\/pages\/102","targetHints":{"allow":["GET"]}}],"collection":[{"href":"https:\/\/semmelweis.hu\/minoseg\/wp-json\/wp\/v2\/pages"}],"about":[{"href":"https:\/\/semmelweis.hu\/minoseg\/wp-json\/wp\/v2\/types\/page"}],"author":[{"embeddable":true,"href":"https:\/\/semmelweis.hu\/minoseg\/wp-json\/wp\/v2\/users\/326"}],"replies":[{"embeddable":true,"href":"https:\/\/semmelweis.hu\/minoseg\/wp-json\/wp\/v2\/comments?post=102"}],"version-history":[{"count":10,"href":"https:\/\/semmelweis.hu\/minoseg\/wp-json\/wp\/v2\/pages\/102\/revisions"}],"predecessor-version":[{"id":20561,"href":"https:\/\/semmelweis.hu\/minoseg\/wp-json\/wp\/v2\/pages\/102\/revisions\/20561"}],"up":[{"embeddable":true,"href":"https:\/\/semmelweis.hu\/minoseg\/wp-json\/wp\/v2\/pages\/77"}],"wp:attachment":[{"href":"https:\/\/semmelweis.hu\/minoseg\/wp-json\/wp\/v2\/media?parent=102"}],"wp:term":[{"taxonomy":"category","embeddable":true,"href":"https:\/\/semmelweis.hu\/minoseg\/wp-json\/wp\/v2\/categories?post=102"},{"taxonomy":"post_tag","embeddable":true,"href":"https:\/\/semmelweis.hu\/minoseg\/wp-json\/wp\/v2\/tags?post=102"}],"curies":[{"name":"wp","href":"https:\/\/api.w.org\/{rel}","templated":true}]}}