{"id":949,"date":"2016-01-15T15:05:43","date_gmt":"2016-01-15T14:04:17","guid":{"rendered":"http:\/\/semmelweis.hu\/mikrobiologia\/?page_id=949"},"modified":"2023-02-16T21:27:17","modified_gmt":"2023-02-16T20:27:17","slug":"amgen","status":"publish","type":"page","link":"https:\/\/semmelweis.hu\/mikrobiologia\/kutatas\/nemzetkozi-palyazatok\/amgen\/","title":{"rendered":"Amgen Scholars- Summer research Program"},"content":{"rendered":"<p style=\"text-align: justify\" align=\"center\">\u00a0 \u00a0 \u00a0 \u00a0<img loading=\"lazy\" decoding=\"async\" class=\"wp-image-3297  alignnone\" src=\"https:\/\/semmelweis.hu\/mikrobiologia\/files\/2023\/02\/Kep1-400x154.png\" alt=\"\" width=\"468\" height=\"180\" srcset=\"https:\/\/semmelweis.hu\/mikrobiologia\/files\/2023\/02\/Kep1-400x154.png 400w, https:\/\/semmelweis.hu\/mikrobiologia\/files\/2023\/02\/Kep1-1024x393.png 1024w, https:\/\/semmelweis.hu\/mikrobiologia\/files\/2023\/02\/Kep1-768x295.png 768w, https:\/\/semmelweis.hu\/mikrobiologia\/files\/2023\/02\/Kep1-1536x590.png 1536w, https:\/\/semmelweis.hu\/mikrobiologia\/files\/2023\/02\/Kep1-753x289.png 753w, https:\/\/semmelweis.hu\/mikrobiologia\/files\/2023\/02\/Kep1.png 1558w\" sizes=\"auto, (max-width: 468px) 100vw, 468px\" \/><\/p>\n<p><img loading=\"lazy\" decoding=\"async\" class=\"wp-image-3287 alignright\" style=\"text-align: justify\" src=\"https:\/\/semmelweis.hu\/mikrobiologia\/files\/2023\/02\/AmGen-crop.png\" alt=\"\" width=\"171\" height=\"336\" \/><\/p>\n<p style=\"text-align: justify\" align=\"center\"><span style=\"color: #000080\"><strong>2016 \u00f3ta<\/strong><\/span> el\u00e9rhet\u0151 a Semmelweis Egyetem hallgat\u00f3i sz\u00e1m\u00e1ra a ny\u00e1r folyam\u00e1n megszervezett <strong><span style=\"color: #000080\">1 h\u00f3nap id\u0151tartam\u00fa tudom\u00e1nyos tanulm\u00e1ny\u00fat<\/span><\/strong> az itt l\u00e1that\u00f3 fogad\u00f3 int\u00e9zm\u00e9nyekbe, k\u00f6zt\u00fck a Karolinska Institutet-be vagy a University of Cambridge-be.\u00a0<\/p>\n<p style=\"text-align: justify\" align=\"center\">R\u00e9szletes t\u00e1j\u00e9koztat\u00f3 a<span style=\"color: #000000\"><span style=\"color: #003366\"><a href=\"https:\/\/amgenscholars.com\/\" target=\"_blank\" rel=\"noopener\"> program hivatalos honlapj\u00e1n<\/a><\/span>, valamint <\/span><a href=\"https:\/\/semmelweis.hu\/mikrobiologia\/files\/2016\/01\/2016-Amgen-Scholars-Europe-Program-flyer-English.pdf\" target=\"_blank\" rel=\"noopener\">ide kattintva<\/a> el\u00e9rhet\u0151.<\/p>\n","protected":false},"excerpt":{"rendered":"<p>\u00a0 \u00a0 \u00a0 \u00a0<\/p>\n<p>2016 \u00f3ta el\u00e9rhet\u0151 a Semmelweis Egyetem hallgat\u00f3i sz\u00e1m\u00e1ra a ny\u00e1r folyam\u00e1n megszervezett 1 h\u00f3nap id\u0151tartam\u00fa tudom\u00e1nyos tanulm\u00e1ny\u00fat az itt l\u00e1that\u00f3 fogad\u00f3 int\u00e9zm\u00e9nyekbe, k\u00f6zt\u00fck a Karolinska Institutet-be vagy a University of Cambridge-be.\u00a0<br \/>\nR\u00e9szletes t\u00e1j\u00e9koztat\u00f3 a<a href=\"https:\/\/amgenscholars.com\/\" target=\"_blank\" rel=\"noopener\"> program hivatalos honlapj\u00e1n<\/a>, valamint <a href=\"https:\/\/semmelweis.hu\/mikrobiologia\/files\/2016\/01\/2016-Amgen-Scholars-Europe-Program-flyer-English.pdf\" target=\"_blank\" rel=\"noopener\">ide kattintva<\/a> el\u00e9rhet\u0151.<\/p>\n","protected":false},"author":182,"featured_media":0,"parent":939,"menu_order":2,"comment_status":"closed","ping_status":"closed","template":"","meta":{"_acf_changed":false,"footnotes":""},"categories":[],"tags":[],"class_list":["post-949","page","type-page","status-publish","hentry"],"acf":[],"_links":{"self":[{"href":"https:\/\/semmelweis.hu\/mikrobiologia\/wp-json\/wp\/v2\/pages\/949","targetHints":{"allow":["GET"]}}],"collection":[{"href":"https:\/\/semmelweis.hu\/mikrobiologia\/wp-json\/wp\/v2\/pages"}],"about":[{"href":"https:\/\/semmelweis.hu\/mikrobiologia\/wp-json\/wp\/v2\/types\/page"}],"author":[{"embeddable":true,"href":"https:\/\/semmelweis.hu\/mikrobiologia\/wp-json\/wp\/v2\/users\/182"}],"replies":[{"embeddable":true,"href":"https:\/\/semmelweis.hu\/mikrobiologia\/wp-json\/wp\/v2\/comments?post=949"}],"version-history":[{"count":10,"href":"https:\/\/semmelweis.hu\/mikrobiologia\/wp-json\/wp\/v2\/pages\/949\/revisions"}],"predecessor-version":[{"id":3303,"href":"https:\/\/semmelweis.hu\/mikrobiologia\/wp-json\/wp\/v2\/pages\/949\/revisions\/3303"}],"up":[{"embeddable":true,"href":"https:\/\/semmelweis.hu\/mikrobiologia\/wp-json\/wp\/v2\/pages\/939"}],"wp:attachment":[{"href":"https:\/\/semmelweis.hu\/mikrobiologia\/wp-json\/wp\/v2\/media?parent=949"}],"wp:term":[{"taxonomy":"category","embeddable":true,"href":"https:\/\/semmelweis.hu\/mikrobiologia\/wp-json\/wp\/v2\/categories?post=949"},{"taxonomy":"post_tag","embeddable":true,"href":"https:\/\/semmelweis.hu\/mikrobiologia\/wp-json\/wp\/v2\/tags?post=949"}],"curies":[{"name":"wp","href":"https:\/\/api.w.org\/{rel}","templated":true}]}}