{"id":880,"date":"2015-03-06T14:57:27","date_gmt":"2012-06-22T06:06:25","guid":{"rendered":"http:\/\/semmelweis.hu\/mikrobiologia\/?page_id=880"},"modified":"2025-11-05T11:36:04","modified_gmt":"2025-11-05T10:36:04","slug":"scientific-work","status":"publish","type":"page","link":"https:\/\/semmelweis.hu\/mikrobiologia\/en\/scientific-work\/","title":{"rendered":"Scientific work"},"content":{"rendered":"<p>The research activity of the Institute of Medical Microbiology recently includes mainly bacteriology.\u00a0<\/p>\n<p>Our Institute has different Researchgroups based on different topics:<\/p>\n<div class=\"responsive-tabs\">\n<h2 class=\"tabtitle\">Microbiome<\/h2>\n<div class=\"tabcontent\">\n\n<p style=\"text-align: justify\"><span style=\"color: #003366\"><strong>Microbiome research group, <\/strong><em>incl. HUN-REN-SU Human Microbiota Research Group<\/em><strong>:<\/strong><\/span><\/p>\n<ul>\n<li style=\"list-style-type: none\">\n<ul style=\"list-style-type: square\">\n<li style=\"text-align: justify\"><strong>Introduction:<\/strong> This research group observes relations between changes of microbiome and spread of antibiotic resistance and the role of microbiome in development and progression\u00a0 of infective and non-infective\u00a0 diseases.<\/li>\n<\/ul>\n<\/li>\n<\/ul>\n<ul>\n<li style=\"list-style-type: none\">\n<ul style=\"list-style-type: square\">\n<li style=\"text-align: justify\"><strong>Major fields: <\/strong>\n<ul style=\"list-style-type: disc\">\n<li style=\"text-align: justify\">Alternative treatment options for <em>C. difficile<\/em> infections<img loading=\"lazy\" decoding=\"async\" class=\" wp-image-3554 alignright\" src=\"https:\/\/semmelweis.hu\/mikrobiologia\/files\/2023\/04\/Mikrobiom_1-400x269.jpg\" alt=\"\" width=\"420\" height=\"283\" srcset=\"https:\/\/semmelweis.hu\/mikrobiologia\/files\/2023\/04\/Mikrobiom_1-400x269.jpg 400w, https:\/\/semmelweis.hu\/mikrobiologia\/files\/2023\/04\/Mikrobiom_1-1024x688.jpg 1024w, https:\/\/semmelweis.hu\/mikrobiologia\/files\/2023\/04\/Mikrobiom_1-768x516.jpg 768w, https:\/\/semmelweis.hu\/mikrobiologia\/files\/2023\/04\/Mikrobiom_1-1536x1032.jpg 1536w, https:\/\/semmelweis.hu\/mikrobiologia\/files\/2023\/04\/Mikrobiom_1-2048x1376.jpg 2048w, https:\/\/semmelweis.hu\/mikrobiologia\/files\/2023\/04\/Mikrobiom_1-753x506.jpg 753w\" sizes=\"auto, (max-width: 420px) 100vw, 420px\" \/><\/li>\n<li style=\"text-align: justify\">Relation between bladder carcinoma and microbiome<\/li>\n<li style=\"text-align: justify\">Vascular wall microbiome composition<\/li>\n<li style=\"text-align: justify\">Relation between <em>Streptococcus agalactiae<\/em> and human microbiome<\/li>\n<li style=\"text-align: justify\">Acantholytic genodermatoses<\/li>\n<li style=\"text-align: justify\">Probiotics affecting the progression of lichen sclerosus<\/li>\n<\/ul>\n<\/li>\n<\/ul>\n<\/li>\n<\/ul>\n<ul>\n<li style=\"list-style-type: none\">\n<ul style=\"list-style-type: disc\">\n<li style=\"text-align: justify\"><strong>Members: <\/strong>\n<ul style=\"list-style-type: disc\">\n<li style=\"text-align: justify\"><span style=\"font-size: 14pt\"><strong><span style=\"color: #000080\">D\u00f3ra Szab\u00f3 <\/span><\/strong><em><span style=\"color: #000080\">MD, PhD, Dsc<\/span><\/em><\/span><\/li>\n<li style=\"text-align: justify\"><span style=\"font-size: 14pt\"><strong><span style=\"color: #000080\">Eszter Ostorh\u00e1zi<\/span><\/strong><span style=\"color: #000080\"><span style=\"color: #000000\">, <em><span style=\"color: #003366\">MD, PhD<\/span><\/em><\/span><\/span><\/span><\/li>\n<li style=\"text-align: justify\"><span style=\"font-size: 14pt\"><strong><span style=\"color: #000080\">Judit Domokos<\/span><\/strong><span style=\"color: #000080\">, <em>PhD <\/em><\/span><\/span><\/li>\n<li style=\"text-align: justify\"><span style=\"font-size: 14pt\"><strong><span style=\"color: #000080\">Szabolcs Makai, <\/span><\/strong><span style=\"color: #000080\"><em>PhD<\/em><\/span><\/span><\/li>\n<li style=\"text-align: justify\"><span style=\"font-size: 14pt\"><strong><span style=\"color: #000080\">Zsuzsanna Dunai<\/span><\/strong><span style=\"color: #000080\">, <em>PhD<\/em><\/span><\/span><\/li>\n<li style=\"text-align: justify\"><span style=\"font-size: 14pt\"><strong><span style=\"color: #000080\">M\u00e1t\u00e9 Gugolya<\/span><\/strong><span style=\"color: #000080\">, <em>Dr.Pharm <\/em><\/span><\/span><\/li>\n<li style=\"text-align: justify\"><span style=\"font-size: 14pt\"><strong><span style=\"color: #000080\">J\u00e1nos Juh\u00e1sz<\/span><\/strong><span style=\"color: #000080\"><em>, PhD<\/em><\/span><\/span><\/li>\n<li style=\"text-align: justify\"><span style=\"font-size: 14pt\"><strong><span style=\"color: #000080\">N\u00f3ra Makra<\/span><\/strong> <\/span><\/li>\n<li style=\"text-align: justify\"><span style=\"font-size: 14pt\"><strong><span style=\"color: #000080\">Ildik\u00f3 Ferenczn\u00e9 Paluska<\/span><\/strong> <\/span><\/li>\n<li style=\"text-align: justify\"><span style=\"font-size: 14pt\"><strong><span style=\"color: #000080\">Szilvia Kardos <\/span><\/strong><\/span><\/li>\n<li style=\"text-align: justify\"><span style=\"font-size: 14pt\"><strong><span style=\"color: #000080\">\u00c9va<\/span><span style=\"color: #000080\"> Nem<\/span><span style=\"color: #000080\">es-Nikod\u00e9m<\/span><span style=\"color: #000080\">\u00a0<\/span><\/strong><\/span><\/li>\n<li style=\"text-align: justify\"><span style=\"font-size: 14pt\"><strong><span style=\"color: #000080\">Bal\u00e1zs Stercz<\/span><\/strong><span style=\"color: #000080\"><em>, PhD<\/em><\/span><\/span><\/li>\n<li style=\"text-align: justify\"><span style=\"font-size: 14pt\"><strong><span style=\"color: #000080\">D\u00e1vid Hummel<\/span><\/strong><\/span><\/li>\n<li style=\"text-align: justify\"><span style=\"font-size: 14pt\"><strong><span style=\"color: #000080\">M\u00e1rton Frics<\/span><\/strong> <\/span><\/li>\n<li style=\"text-align: justify\"><span style=\"font-size: 14pt\"><strong><span style=\"color: #000080\">G\u00e1bor Fekete<\/span><\/strong><\/span><\/li>\n<\/ul>\n<\/li>\n<\/ul>\n<\/li>\n<\/ul>\n\n<\/div><h2 class=\"tabtitle\">Gram-negative resistance<\/h2>\n<div class=\"tabcontent\">\n\n<p><span style=\"color: #003366\"><strong>Gram-negative resistance researchgroup<\/strong><\/span><\/p>\n<p><strong><img loading=\"lazy\" decoding=\"async\" class=\"wp-image-3642 aligncenter\" style=\"font-weight: 400\" src=\"https:\/\/semmelweis.hu\/mikrobiologia\/files\/2023\/04\/Gram-negativ_2-400x172.jpg\" alt=\"\" width=\"442\" height=\"190\" srcset=\"https:\/\/semmelweis.hu\/mikrobiologia\/files\/2023\/04\/Gram-negativ_2-400x172.jpg 400w, https:\/\/semmelweis.hu\/mikrobiologia\/files\/2023\/04\/Gram-negativ_2-1024x440.jpg 1024w, https:\/\/semmelweis.hu\/mikrobiologia\/files\/2023\/04\/Gram-negativ_2-768x330.jpg 768w, https:\/\/semmelweis.hu\/mikrobiologia\/files\/2023\/04\/Gram-negativ_2-1536x661.jpg 1536w, https:\/\/semmelweis.hu\/mikrobiologia\/files\/2023\/04\/Gram-negativ_2-2048x881.jpg 2048w, https:\/\/semmelweis.hu\/mikrobiologia\/files\/2023\/04\/Gram-negativ_2-753x324.jpg 753w\" sizes=\"auto, (max-width: 442px) 100vw, 442px\" \/><\/strong><\/p>\n<ul>\n<li style=\"list-style-type: none\">\n<ul style=\"list-style-type: square\">\n<li style=\"text-align: justify\"><strong>Introduction:<\/strong> The research group conducts both basic research and epidemiological studies on antibiotic resistance.<\/li>\n<\/ul>\n<\/li>\n<\/ul>\n<ul>\n<li style=\"list-style-type: none\">\n<ul style=\"list-style-type: square\">\n<li style=\"text-align: justify\"><strong>Major fields:<\/strong>\n<ul style=\"list-style-type: disc\">\n<li style=\"text-align: justify\">Fluoroquinolone-, Beta-Lactame- and Colistin-resistance<\/li>\n<li style=\"text-align: justify\">Gene expression analysis<\/li>\n<li style=\"text-align: justify\">Genom sequencing<\/li>\n<\/ul>\n<\/li>\n<\/ul>\n<\/li>\n<\/ul>\n<ul>\n<li style=\"list-style-type: none\">\n<ul style=\"list-style-type: square\">\n<li style=\"text-align: justify\"><strong>Members:<\/strong>\n<ul style=\"list-style-type: disc\">\n<li style=\"text-align: justify\"><span style=\"color: #000080;font-size: 14pt\"><strong>D\u00f3ra Szab\u00f3<\/strong>, <em>MD, PhD, Dsc<\/em><\/span><\/li>\n<li style=\"text-align: justify\"><span style=\"color: #000080;font-size: 14pt\"><strong>B\u00e9la Kocsis<\/strong>, <em>MD, PhD<\/em><\/span><\/li>\n<li style=\"text-align: justify\"><span style=\"color: #000080;font-size: 14pt\"><strong>B\u00e9la K\u00e1d\u00e1r<\/strong>, <em>MD, PhD<\/em><\/span><\/li>\n<li style=\"text-align: justify\"><span style=\"color: #000080;font-size: 14pt\"><strong>Judit Domokos<\/strong>,\u00a0<em>PhD<\/em><\/span><\/li>\n<li style=\"text-align: justify\"><span style=\"color: #000080;font-size: 14pt\"><strong>M\u00e1t\u00e9 Gugolya<\/strong>, <em>Dr.Pharm<\/em><\/span><\/li>\n<li style=\"text-align: justify\"><span style=\"color: #000080;font-size: 14pt\"><strong>D\u00e1niel Guly\u00e1s<\/strong>, <em>MD<\/em><\/span><\/li>\n<\/ul>\n<\/li>\n<\/ul>\n<\/li>\n<\/ul>\n\n<\/div><h2 class=\"tabtitle\">Gram-positive bacteria<\/h2>\n<div class=\"tabcontent\">\n\n<p><span style=\"color: #003366\"><strong>Gram-positive bacterial researchgroup<\/strong><\/span><\/p>\n<ul>\n<li style=\"list-style-type: none\">\n<ul style=\"list-style-type: square\">\n<li style=\"text-align: justify\"><strong>Introduction, major fields:<\/strong> The main interests of this research group\u00a0 are<img loading=\"lazy\" decoding=\"async\" class=\" wp-image-3333 alignleft\" src=\"https:\/\/semmelweis.hu\/mikrobiologia\/files\/2023\/02\/Gram-pozitiv-kutatocsoport-202302-crop-400x240.jpg\" alt=\"\" width=\"347\" height=\"208\" srcset=\"https:\/\/semmelweis.hu\/mikrobiologia\/files\/2023\/02\/Gram-pozitiv-kutatocsoport-202302-crop-400x240.jpg 400w, https:\/\/semmelweis.hu\/mikrobiologia\/files\/2023\/02\/Gram-pozitiv-kutatocsoport-202302-crop-1024x615.jpg 1024w, https:\/\/semmelweis.hu\/mikrobiologia\/files\/2023\/02\/Gram-pozitiv-kutatocsoport-202302-crop-768x461.jpg 768w, https:\/\/semmelweis.hu\/mikrobiologia\/files\/2023\/02\/Gram-pozitiv-kutatocsoport-202302-crop-1536x923.jpg 1536w, https:\/\/semmelweis.hu\/mikrobiologia\/files\/2023\/02\/Gram-pozitiv-kutatocsoport-202302-crop-2048x1230.jpg 2048w, https:\/\/semmelweis.hu\/mikrobiologia\/files\/2023\/02\/Gram-pozitiv-kutatocsoport-202302-crop-753x452.jpg 753w\" sizes=\"auto, (max-width: 347px) 100vw, 347px\" \/> <em>Staphylococci<\/em> and <em>Streptococci<\/em>, the members conduct epidemiological studies on antibiotic resistance, asymptomatic carriage, clonality and serotypes. Asymptomatic carriage of <em>Haemophilus influenzae<\/em>,\u00a0<em>Moraxella catarrhalis<\/em> and <em>Neisseria meningitidis <\/em>is also investigated. Antibacterial \u00a0effects of synthesized peptides from MTA-ELTE Peptidk\u00e9miai Kutat\u00f3csoport is observed by this research group as well.<\/li>\n<\/ul>\n<\/li>\n<\/ul>\n<ul>\n<li style=\"list-style-type: none\">\n<ul style=\"list-style-type: square\">\n<li style=\"text-align: justify\"><strong>Members:<\/strong>\n<ul style=\"list-style-type: disc\">\n<li style=\"text-align: justify\"><span style=\"color: #000080;font-size: 14pt\"><strong>Orsolya Dobay<\/strong>, <em>PhD<\/em><\/span><\/li>\n<li style=\"text-align: justify\"><span style=\"color: #000080;font-size: 14pt\"><strong>Andrea Horv\u00e1th<\/strong>, <em>MD, PhD<\/em><\/span><\/li>\n<li style=\"text-align: justify\"><span style=\"color: #000080;font-size: 14pt\"><strong>Judit Sahin-T\u00f3th<\/strong>, <em>DVM, PhD<\/em><\/span><\/li>\n<li style=\"text-align: justify\"><span style=\"color: #000080;font-size: 14pt\"><strong>Annam\u00e1ria Huber<\/strong>, <em>Dr.Pharm<\/em><\/span><\/li>\n<\/ul>\n<\/li>\n<\/ul>\n<\/li>\n<\/ul>\n<\/div><\/div>\n","protected":false},"excerpt":{"rendered":"<p>The research activity of the Institute of Medical Microbiology recently includes mainly bacteriology.\u00a0 Our Institute has different Researchgroups based on different topics: Microbiome research group, incl. HUN-REN-SU Human Microbiota Research Group: Introduction: This research group observes relations between changes of microbiome and spread of antibiotic resistance and the role of microbiome in development and progression\u00a0 &hellip;<\/p>\n","protected":false},"author":182,"featured_media":0,"parent":0,"menu_order":2,"comment_status":"open","ping_status":"open","template":"","meta":{"_acf_changed":false,"footnotes":""},"categories":[],"tags":[],"class_list":["post-880","page","type-page","status-publish","hentry"],"acf":[],"_links":{"self":[{"href":"https:\/\/semmelweis.hu\/mikrobiologia\/wp-json\/wp\/v2\/pages\/880","targetHints":{"allow":["GET"]}}],"collection":[{"href":"https:\/\/semmelweis.hu\/mikrobiologia\/wp-json\/wp\/v2\/pages"}],"about":[{"href":"https:\/\/semmelweis.hu\/mikrobiologia\/wp-json\/wp\/v2\/types\/page"}],"author":[{"embeddable":true,"href":"https:\/\/semmelweis.hu\/mikrobiologia\/wp-json\/wp\/v2\/users\/182"}],"replies":[{"embeddable":true,"href":"https:\/\/semmelweis.hu\/mikrobiologia\/wp-json\/wp\/v2\/comments?post=880"}],"version-history":[{"count":11,"href":"https:\/\/semmelweis.hu\/mikrobiologia\/wp-json\/wp\/v2\/pages\/880\/revisions"}],"predecessor-version":[{"id":4081,"href":"https:\/\/semmelweis.hu\/mikrobiologia\/wp-json\/wp\/v2\/pages\/880\/revisions\/4081"}],"wp:attachment":[{"href":"https:\/\/semmelweis.hu\/mikrobiologia\/wp-json\/wp\/v2\/media?parent=880"}],"wp:term":[{"taxonomy":"category","embeddable":true,"href":"https:\/\/semmelweis.hu\/mikrobiologia\/wp-json\/wp\/v2\/categories?post=880"},{"taxonomy":"post_tag","embeddable":true,"href":"https:\/\/semmelweis.hu\/mikrobiologia\/wp-json\/wp\/v2\/tags?post=880"}],"curies":[{"name":"wp","href":"https:\/\/api.w.org\/{rel}","templated":true}]}}