{"id":367,"date":"2014-05-06T11:40:01","date_gmt":"2014-05-06T11:40:01","guid":{"rendered":"http:\/\/semmelweis.hu\/mikrobiologia\/?page_id=367"},"modified":"2025-04-08T11:29:06","modified_gmt":"2025-04-08T09:29:06","slug":"elerhetoseg","status":"publish","type":"page","link":"https:\/\/semmelweis.hu\/mikrobiologia\/elerhetoseg\/","title":{"rendered":"El\u00e9rhet\u0151s\u00e9g"},"content":{"rendered":"<h4 style=\"text-align: justify\"><span style=\"color: #000080\"><strong>Semmelweis Egyetem Orvosi Mikrobiol\u00f3giai Int\u00e9zet<\/strong><\/span><\/h4>\n<p><strong>C\u00edm:<\/strong> 1089 Budapest Nagyv\u00e1rad t\u00e9r 4. &#8211; Nagyv\u00e1rad t\u00e9ri Elm\u00e9leti T\u00f6mb, 9-11. emelet<br \/>\nAz Int\u00e9zeti Titk\u00e1rs\u00e1g a Nagyv\u00e1rad t\u00e9ri Elm\u00e9leti T\u00f6mb <span style=\"color: #000080\"><strong>10. emelet\u00e9n<\/strong><\/span> tal\u00e1lhat\u00f3.<\/p>\n<p><strong>Int\u00e9zetvezet\u0151: <span style=\"color: #000080\">Prof. Dr. Szab\u00f3 D\u00f3ra<\/span><\/strong> egyetemi tan\u00e1r, az MTA doktora<br \/>\n<strong>Titk\u00e1rs\u00e1gi szak\u00e9rt\u0151<\/strong>: <span style=\"color: #000080\"><strong>Kelemen Orsolya<\/strong><\/span><\/p>\n<ul style=\"list-style-type: square\">\n<li style=\"text-align: justify\">E-mail:\u00a0<a href=\"mailto:titkarsag.mikro@semmelweis.hu\"><strong>titkarsag.mikro@semmelweis.hu<\/strong><\/a><\/li>\n<li style=\"text-align: justify\">Levelez\u00e9si c\u00edm: 1085 Budapest, \u00dcll\u0151i \u00fat 26.<\/li>\n<li style=\"text-align: justify\">Telefon: 06 1 459 1500 \/ 56101 mell\u00e9k<\/li>\n<\/ul>\n<p>\n<!-- iframe plugin v.4.9 wordpress.org\/plugins\/iframe\/ -->\n<iframe loading=\"lazy\" src=\"https:\/\/www.openstreetmap.org\/export\/embed.html?bbox=19.087522029876713%2C47.476209011122855%2C19.094817638397217%2C47.48240874665262&#038;layer=mapnik\" width=\"100%\" height=\"400\" scrolling=\"yes\" class=\"iframe-class\" frameborder=\"0\"><\/iframe>\n<br \/>\n<small><a href=\"https:\/\/www.openstreetmap.org\/#map=17\/47.47931\/19.09117\" target=\"_blank\" rel=\"noopener noreferrer\">Nagyobb t\u00e9rk\u00e9p<\/a><\/small><\/p>\n","protected":false},"excerpt":{"rendered":"<p>Semmelweis Egyetem Orvosi Mikrobiol\u00f3giai Int\u00e9zet C\u00edm: 1089 Budapest Nagyv\u00e1rad t\u00e9r 4. &#8211; Nagyv\u00e1rad t\u00e9ri Elm\u00e9leti T\u00f6mb, 9-11. emelet Az Int\u00e9zeti Titk\u00e1rs\u00e1g a Nagyv\u00e1rad t\u00e9ri Elm\u00e9leti T\u00f6mb 10. emelet\u00e9n tal\u00e1lhat\u00f3. Int\u00e9zetvezet\u0151: Prof. Dr. Szab\u00f3 D\u00f3ra egyetemi tan\u00e1r, az MTA doktora Titk\u00e1rs\u00e1gi szak\u00e9rt\u0151: Kelemen Orsolya E-mail:\u00a0 <a href=\"mailto:titkarsag.mikro@semmelweis.hu\">titkarsag.mikro@semmelweis.hu<\/a> Levelez\u00e9si c\u00edm: 1085 Budapest, \u00dcll\u0151i \u00fat 26. Telefon: 06 1 459 &hellip;<\/p>\n","protected":false},"author":12,"featured_media":0,"parent":0,"menu_order":6,"comment_status":"closed","ping_status":"closed","template":"","meta":{"_acf_changed":false,"footnotes":""},"categories":[],"tags":[],"class_list":["post-367","page","type-page","status-publish","hentry"],"acf":[],"_links":{"self":[{"href":"https:\/\/semmelweis.hu\/mikrobiologia\/wp-json\/wp\/v2\/pages\/367","targetHints":{"allow":["GET"]}}],"collection":[{"href":"https:\/\/semmelweis.hu\/mikrobiologia\/wp-json\/wp\/v2\/pages"}],"about":[{"href":"https:\/\/semmelweis.hu\/mikrobiologia\/wp-json\/wp\/v2\/types\/page"}],"author":[{"embeddable":true,"href":"https:\/\/semmelweis.hu\/mikrobiologia\/wp-json\/wp\/v2\/users\/12"}],"replies":[{"embeddable":true,"href":"https:\/\/semmelweis.hu\/mikrobiologia\/wp-json\/wp\/v2\/comments?post=367"}],"version-history":[{"count":10,"href":"https:\/\/semmelweis.hu\/mikrobiologia\/wp-json\/wp\/v2\/pages\/367\/revisions"}],"predecessor-version":[{"id":4015,"href":"https:\/\/semmelweis.hu\/mikrobiologia\/wp-json\/wp\/v2\/pages\/367\/revisions\/4015"}],"wp:attachment":[{"href":"https:\/\/semmelweis.hu\/mikrobiologia\/wp-json\/wp\/v2\/media?parent=367"}],"wp:term":[{"taxonomy":"category","embeddable":true,"href":"https:\/\/semmelweis.hu\/mikrobiologia\/wp-json\/wp\/v2\/categories?post=367"},{"taxonomy":"post_tag","embeddable":true,"href":"https:\/\/semmelweis.hu\/mikrobiologia\/wp-json\/wp\/v2\/tags?post=367"}],"curies":[{"name":"wp","href":"https:\/\/api.w.org\/{rel}","templated":true}]}}