{"id":2681,"date":"2013-11-07T16:09:50","date_gmt":"2013-11-07T16:09:50","guid":{"rendered":"https:\/\/semmelweis.hu\/mikrobiologia\/?page_id=2681"},"modified":"2022-05-23T12:18:23","modified_gmt":"2022-05-23T10:18:23","slug":"impressum-2","status":"publish","type":"page","link":"https:\/\/semmelweis.hu\/mikrobiologia\/de\/impressum-2\/","title":{"rendered":"Impressum"},"content":{"rendered":"<p><b>Verantwortliche Herausgeber:<\/b> Semmelweis Universit\u00e4t<\/p>\n<p><b>Einheit: <\/b>Institut f\u00fcr Medizinische Mikrobiologie<b><br \/>\n<\/b><\/p>\n<p><b>Direktorin des Instituts: <\/b>Prof. Dr. D\u00f3ra Szab\u00f3, Doktorin der Ungarischen Akademie der Wissenschaften (MTA)<b><br \/>\n<\/b><\/p>\n<p><b>Webseite Editoren: <\/b>G\u00e1bor Fekete und Dr. D\u00e1niel Guly\u00e1s<\/p>\n","protected":false},"excerpt":{"rendered":"<p>Verantwortliche Herausgeber: Semmelweis Universit\u00e4t<br \/>\nEinheit: Institut f\u00fcr Medizinische Mikrobiologie<\/p>\n<p>Direktorin des Instituts: Prof. Dr. D\u00f3ra Szab\u00f3, Doktorin der Ungarischen Akademie der Wissenschaften (MTA)<\/p>\n<p>Webseite Editoren: G\u00e1bor Fekete und Dr. D\u00e1niel Guly\u00e1s<\/p>\n","protected":false},"author":182,"featured_media":0,"parent":0,"menu_order":9,"comment_status":"open","ping_status":"open","template":"","meta":{"_acf_changed":false,"footnotes":""},"categories":[],"tags":[],"class_list":["post-2681","page","type-page","status-publish","hentry"],"acf":[],"_links":{"self":[{"href":"https:\/\/semmelweis.hu\/mikrobiologia\/wp-json\/wp\/v2\/pages\/2681","targetHints":{"allow":["GET"]}}],"collection":[{"href":"https:\/\/semmelweis.hu\/mikrobiologia\/wp-json\/wp\/v2\/pages"}],"about":[{"href":"https:\/\/semmelweis.hu\/mikrobiologia\/wp-json\/wp\/v2\/types\/page"}],"author":[{"embeddable":true,"href":"https:\/\/semmelweis.hu\/mikrobiologia\/wp-json\/wp\/v2\/users\/182"}],"replies":[{"embeddable":true,"href":"https:\/\/semmelweis.hu\/mikrobiologia\/wp-json\/wp\/v2\/comments?post=2681"}],"version-history":[{"count":4,"href":"https:\/\/semmelweis.hu\/mikrobiologia\/wp-json\/wp\/v2\/pages\/2681\/revisions"}],"predecessor-version":[{"id":2750,"href":"https:\/\/semmelweis.hu\/mikrobiologia\/wp-json\/wp\/v2\/pages\/2681\/revisions\/2750"}],"wp:attachment":[{"href":"https:\/\/semmelweis.hu\/mikrobiologia\/wp-json\/wp\/v2\/media?parent=2681"}],"wp:term":[{"taxonomy":"category","embeddable":true,"href":"https:\/\/semmelweis.hu\/mikrobiologia\/wp-json\/wp\/v2\/categories?post=2681"},{"taxonomy":"post_tag","embeddable":true,"href":"https:\/\/semmelweis.hu\/mikrobiologia\/wp-json\/wp\/v2\/tags?post=2681"}],"curies":[{"name":"wp","href":"https:\/\/api.w.org\/{rel}","templated":true}]}}