{"id":2479,"date":"2022-05-20T14:48:03","date_gmt":"2022-05-20T12:48:03","guid":{"rendered":"https:\/\/semmelweis.hu\/mikrobiologia\/?page_id=2479"},"modified":"2023-02-18T21:42:50","modified_gmt":"2023-02-18T20:42:50","slug":"tdk-hallgatoink-dijai","status":"publish","type":"page","link":"https:\/\/semmelweis.hu\/mikrobiologia\/kutatas\/tdk-munka\/tdk-hallgatoink-dijai\/","title":{"rendered":"TDK-hallgat\u00f3ink d\u00edjai"},"content":{"rendered":"<div class=\"w-100\">\n<p style=\"text-align: justify\"><span style=\"color: #000080\"><strong>P\u00e1rk\u00e1nyi Zs\u00f3fia<\/strong><\/span><\/p>\n<\/div>\n<div class=\"keretes w-100\">\n<p style=\"text-align: left\"><span style=\"font-size: 14pt\">2016. \u00e9vi <strong>TDK konferenci\u00e1n I. helyez\u00e9s<\/strong> \u00e9s az <strong>Amerikai Mikrobiol\u00f3giai T\u00e1rsas\u00e1g k\u00fcl\u00f6nd\u00edja<\/strong><\/span><\/p>\n<\/div>\n<p>&nbsp;<\/p>\n<p style=\"text-align: justify\"><span style=\"color: #000080\"><strong>Szab\u00f3 Orsolya<\/strong><\/span><\/p>\n<div class=\"keretes w-100\"><span style=\"font-size: 14pt\">2016. \u00e9vi <strong>TDK konferenci\u00e1n II. helyez\u00e9s<\/strong> \u00e9s az <strong>Amerikai Mikrobiol\u00f3giai T\u00e1rsas\u00e1g k\u00fcl\u00f6nd\u00edja<\/strong><\/span><\/div>\n<div class=\"keretes w-100\"><span style=\"font-size: 14pt\">2016. \u00e9vi\u00a0 <strong>XXI. Kor\u00e1nyi Frigyes Szakkoll\u00e9gium Konferenci\u00e1n III. helyez\u00e9s \u00e9s k\u00fcl\u00f6n d\u00edj<\/strong><\/span><\/div>\n<div class=\"keretes w-100\"><span style=\"font-size: 14pt\">2016. April 8 \u2013 9.: el\u0151ad\u00e1ssal szerepelt a <strong>RECOOP Bridges in Life Sciences 11th Annual Scientific Conference in Prague<\/strong><\/span><\/div>\n<div class=\"keretes w-100\"><span style=\"font-size: 14pt\">2016. \u00e9vi <strong>Semmelweis Egyetem D\u00e9k\u00e1ni P\u00e1lyamunka (tudom\u00e1nyos \u00f6szt\u00f6nd\u00edj) d\u00edjazott<\/strong><\/span><\/div>\n<div class=\"keretes w-100\"><span style=\"font-size: 14pt\">2017. \u00e9vi <strong>TDK konferenci\u00e1n I. helyez\u00e9s<\/strong> \u00e9s az <strong>Amerikai Mikrobiol\u00f3giai T\u00e1rsas\u00e1g k\u00fcl\u00f6nd\u00edja<\/strong> (K\u00eds\u00e9rletes \u00e9s Klinikai Immunol\u00f3gia, Mikrobiol\u00f3gia Szekci\u00f3)<\/span><\/div>\n<div class=\"keretes w-100\"><span style=\"font-size: 14pt\">2017. \u00e9vi XXXIII. <strong>OTDK II. helyez\u00e9s<\/strong> (K\u00eds\u00e9rletes Mikrobiol\u00f3gia I. Szekci\u00f3)<\/span><\/div>\n<div class=\"keretes w-100\"><span style=\"font-size: 14pt\">2017. \u00e9vi <strong>Semmelweis Egyetem D\u00e9k\u00e1ni P\u00e1lyamunka d\u00edjazott<\/strong><\/span><\/div>\n<p>&nbsp;<\/p>\n<p><span style=\"color: #000080\"><strong>Guly\u00e1s D\u00e1niel<\/strong><\/span><\/p>\n<div class=\"keretes w-100\">\n<p style=\"text-align: justify\"><span style=\"font-size: 14pt\">2017. \u00e9vi XXII. <strong>Kor\u00e1nyi Frigyes Szakkoll\u00e9gium Konferenci\u00e1n I. helyez\u00e9s<\/strong> (Pathol\u00f3gia, Mikrobiol\u00f3gia Szekci\u00f3).<\/span><\/p>\n<\/div>\n<div class=\"keretes w-100\"><span style=\"font-size: 14pt\">2017. \u00e9vi <strong>Semmelweis Egyetem D\u00e9k\u00e1ni P\u00e1lyamunka (tudom\u00e1nyos \u00f6szt\u00f6nd\u00edj) d\u00edjazott<\/strong><\/span><\/div>\n<div class=\"keretes w-100\"><span style=\"font-size: 14pt\">2018. \u00e9vi <strong>TDK konferenci\u00e1n I. helyez\u00e9s<\/strong> (K\u00eds\u00e9rletes \u00e9s Klinikai Immunol\u00f3gia, Mikrobiol\u00f3gia Szekci\u00f3)<\/span><\/div>\n<div class=\"keretes w-100\"><span style=\"font-size: 14pt\">2018. \u00e9vi XXIII. <strong>Kor\u00e1nyi Frigyes Szakkoll\u00e9gium Konferenci\u00e1n II. helyez\u00e9s<\/strong> (K\u00eds\u00e9rletes \u00e9s Klinikai Immunol\u00f3gia, Mikrobiol\u00f3gia, Genetika Szekci\u00f3)<\/span><\/div>\n<div class=\"keretes w-100\"><span style=\"font-size: 14pt\">2019. \u00e9vi XXXIV. <strong>OTDK II. helyez\u00e9s<\/strong> (K\u00eds\u00e9rletes Immunol\u00f3gia, Mikrobiol\u00f3gia II. Szekci\u00f3)<\/span><\/div>\n<p>&nbsp;<\/p>\n<p><span style=\"color: #000080\"><strong>Farkas Ferenc Bal\u00e1zs <\/strong><\/span><\/p>\n<div class=\"keretes w-100\"><span style=\"font-size: 14pt\">2018. \u00e9vi <strong>TDK konferenci\u00e1n I. helyez\u00e9s<\/strong> (K\u00eds\u00e9rletes \u00e9s Klinikai Immunol\u00f3gia, Mikrobiol\u00f3gia Szekci\u00f3)<\/span><\/div>\n<div class=\"keretes w-100\"><span style=\"font-size: 14pt\">2019. \u00e9vi <strong>TDK konferenci\u00e1n I. helyez\u00e9s<\/strong> (K\u00eds\u00e9rletes \u00e9s Klinikai Immunol\u00f3gia, Mikrobiol\u00f3gia Szekci\u00f3)<\/span><\/div>\n<div class=\"keretes w-100\"><span style=\"font-size: 14pt\">2019. \u00e9vi XXXIV. <strong>OTDK I. helyez\u00e9s<\/strong> (K\u00eds\u00e9rletes Immunol\u00f3gia, Mikrobiol\u00f3gia I. Szekci\u00f3)<strong>\u00a0<\/strong><\/span><\/div>\n<div class=\"keretes w-100\"><span style=\"font-size: 14pt\">2021. \u00e9vi <strong>Semmelweis Egyetem Kiv\u00e1l\u00f3 Di\u00e1kk\u00f6r\u00f6se kit\u00fcntet\u00e9s<\/strong> \u00e9s <strong>els\u0151szerz\u0151s publik\u00e1ci\u00f3 megjelen\u00e9s\u00e9\u00e9rt j\u00e1r\u00f3 kit\u00fcntet\u00e9s<\/strong><\/span><\/div>\n<p>&nbsp;<\/p>\n<p><strong style=\"font-size: 1rem;background-color: #ffffff\"><span style=\"color: #000080\">Torm\u00e1ssi \u00c1ron Alfr\u00e9d<\/span><\/strong><\/p>\n<div class=\"keretes w-100\"><span style=\"font-size: 14pt\">2021. \u00e9vi <strong>TDK konferenci\u00e1n I. helyez\u00e9s<\/strong> (Mikrobiol\u00f3gia szekci\u00f3)<strong>\u00a0<\/strong><\/span><\/div>\n<p>&nbsp;<\/p>\n<p><strong><span style=\"color: #000080\">S\u00edk P\u00e1l Botond<\/span> <\/strong><\/p>\n<div class=\"keretes w-100\">\n<p><span style=\"font-size: 14pt\">2021. \u00e9vi <strong>TDK konferenci\u00e1n II. helyez\u00e9s<\/strong> (Mikrobiol\u00f3gia szekci\u00f3)<strong>\u00a0<\/strong><\/span><\/p>\n<\/div>\n<p>&nbsp;<\/p>\n<p><strong><span style=\"color: #000080\">Luc Theallier<\/span> <\/strong><\/p>\n<div class=\"keretes w-100\">\n<p><span style=\"font-size: 14pt\">2022. \u00e9vi <strong>TDK konferenci\u00e1n II. helyez\u00e9s<\/strong> (Basic Sciences B)<\/span><\/p>\n<\/div>\n<p>&nbsp;<\/p>\n<p><strong><span style=\"color: #000080\">Sarah Schill<\/span> <\/strong><\/p>\n<div class=\"keretes w-100\">\n<p><span style=\"font-size: 14pt\">2022. \u00e9vi <strong>TDK konferenci\u00e1n II. helyez\u00e9s<\/strong> (Clinical sciences D)<\/span><\/p>\n<\/div>\n<p>&nbsp;<\/p>\n<p><strong><span style=\"color: #000080\">Metyovinyi Zseraldin<\/span><\/strong><\/p>\n<div class=\"keretes w-100\">\n<p style=\"text-align: justify\"><span style=\"font-size: 14pt\">2023. \u00e9vi <strong>TDK konferenci\u00e1n I. helyez\u00e9s<\/strong> <strong>\u00e9s OTDK-jel\u00f6l\u00e9s<\/strong> (B\u0151rgy\u00f3gy\u00e1szat A szekci\u00f3, Dr. Medvecz M\u00e1rta- B\u0151r-, Nemik\u00f3rtani \u00e9s B\u0151ronkol\u00f3giai Klinika \u00e9s Dr. Ostorh\u00e1zi Eszter t\u00e9mavezet\u00e9se)<\/span><\/p>\n<\/div>\n<p>&nbsp;<\/p>\n<p><strong><span style=\"color: #000080\">N\u00e1z\u00e1r Vivien<\/span><\/strong><\/p>\n<div class=\"keretes w-100\">\n<p style=\"text-align: justify\"><span style=\"font-size: 14pt\">2023. \u00e9vi <strong>TDK konferenci\u00e1n I. helyez\u00e9s \u00e9s OTDK-jel\u00f6l\u00e9s<\/strong> (Fogorvostudom\u00e1nyok C szekci\u00f3, Dr. Herczegh Anna-Helyre\u00e1ll\u00edt\u00f3 Fog\u00e1szati \u00e9s Endodonciai Klinika \u00e9s Dr. Ghid\u00e1n \u00c1goston t\u00e9mavezet\u00e9se)<\/span><\/p>\n<\/div>\n","protected":false},"excerpt":{"rendered":"<p>P\u00e1rk\u00e1nyi Zs\u00f3fia 2016. \u00e9vi TDK konferenci\u00e1n I. helyez\u00e9s \u00e9s az Amerikai Mikrobiol\u00f3giai T\u00e1rsas\u00e1g k\u00fcl\u00f6nd\u00edja &nbsp; Szab\u00f3 Orsolya 2016. \u00e9vi TDK konferenci\u00e1n II. helyez\u00e9s \u00e9s az Amerikai Mikrobiol\u00f3giai T\u00e1rsas\u00e1g k\u00fcl\u00f6nd\u00edja 2016. \u00e9vi\u00a0 XXI. Kor\u00e1nyi Frigyes Szakkoll\u00e9gium Konferenci\u00e1n III. helyez\u00e9s \u00e9s k\u00fcl\u00f6n d\u00edj 2016. April 8 \u2013 9.: el\u0151ad\u00e1ssal szerepelt a RECOOP Bridges in Life Sciences 11th &hellip;<\/p>\n","protected":false},"author":182,"featured_media":0,"parent":1534,"menu_order":2,"comment_status":"closed","ping_status":"closed","template":"","meta":{"_acf_changed":false,"footnotes":""},"categories":[],"tags":[],"class_list":["post-2479","page","type-page","status-publish","hentry"],"acf":[],"_links":{"self":[{"href":"https:\/\/semmelweis.hu\/mikrobiologia\/wp-json\/wp\/v2\/pages\/2479","targetHints":{"allow":["GET"]}}],"collection":[{"href":"https:\/\/semmelweis.hu\/mikrobiologia\/wp-json\/wp\/v2\/pages"}],"about":[{"href":"https:\/\/semmelweis.hu\/mikrobiologia\/wp-json\/wp\/v2\/types\/page"}],"author":[{"embeddable":true,"href":"https:\/\/semmelweis.hu\/mikrobiologia\/wp-json\/wp\/v2\/users\/182"}],"replies":[{"embeddable":true,"href":"https:\/\/semmelweis.hu\/mikrobiologia\/wp-json\/wp\/v2\/comments?post=2479"}],"version-history":[{"count":10,"href":"https:\/\/semmelweis.hu\/mikrobiologia\/wp-json\/wp\/v2\/pages\/2479\/revisions"}],"predecessor-version":[{"id":3312,"href":"https:\/\/semmelweis.hu\/mikrobiologia\/wp-json\/wp\/v2\/pages\/2479\/revisions\/3312"}],"up":[{"embeddable":true,"href":"https:\/\/semmelweis.hu\/mikrobiologia\/wp-json\/wp\/v2\/pages\/1534"}],"wp:attachment":[{"href":"https:\/\/semmelweis.hu\/mikrobiologia\/wp-json\/wp\/v2\/media?parent=2479"}],"wp:term":[{"taxonomy":"category","embeddable":true,"href":"https:\/\/semmelweis.hu\/mikrobiologia\/wp-json\/wp\/v2\/categories?post=2479"},{"taxonomy":"post_tag","embeddable":true,"href":"https:\/\/semmelweis.hu\/mikrobiologia\/wp-json\/wp\/v2\/tags?post=2479"}],"curies":[{"name":"wp","href":"https:\/\/api.w.org\/{rel}","templated":true}]}}