{"id":2477,"date":"2022-05-20T14:46:50","date_gmt":"2022-05-20T12:46:50","guid":{"rendered":"https:\/\/semmelweis.hu\/mikrobiologia\/?page_id=2477"},"modified":"2023-10-07T00:04:38","modified_gmt":"2023-10-06T22:04:38","slug":"tdk-hallgatoink","status":"publish","type":"page","link":"https:\/\/semmelweis.hu\/mikrobiologia\/kutatas\/tdk-munka\/tdk-hallgatoink\/","title":{"rendered":"TDK-hallgat\u00f3ink"},"content":{"rendered":"<div class=\"responsive-tabs\">\n<h2 class=\"tabtitle\">2023\/24. tan\u00e9v<\/h2>\n<div class=\"tabcontent\">\n\n<h3>2023\/24. tan\u00e9v I.f\u00e9l\u00e9v<\/h3>\n<ul style=\"list-style-type: disc\">\n<li><span style=\"color: #000080\"><strong>Falus M\u00e1rton<\/strong><\/span><\/li>\n<li><span style=\"color: #000080\"><strong>K\u00e1konyi Marcell<\/strong><\/span><\/li>\n<li><span style=\"color: #000080\"><strong>Kiss Bettina<\/strong><\/span><\/li>\n<li><span style=\"color: #000080\"><strong>Szil\u00e1gyi Fruzsina<\/strong><\/span><\/li>\n<\/ul>\n\n<\/div><h2 class=\"tabtitle\">Kor\u00e1bbi \u00e9vek<\/h2>\n<div class=\"tabcontent\">\n\n<h3>Kor\u00e1bbi \u00e9vek<\/h3>\n<p><strong><u>2022\/23. tan\u00e9v:<\/u><\/strong><\/p>\n<ul style=\"list-style-type: disc\">\n<li><span style=\"color: #000080\"><strong>F\u00fcl\u00f6p Dorottya Sz\u00e1va<\/strong><\/span><\/li>\n<li><span style=\"color: #000080\"><strong>Gorkisch Johanna<\/strong><\/span><\/li>\n<li><span style=\"color: #000080\"><strong>H\u00fcttemann Francesca<\/strong><\/span><\/li>\n<li><span style=\"color: #000080\"><strong>L\u00fcben Tara<\/strong><\/span><\/li>\n<li><span style=\"color: #000080\"><strong>Nagy Kamilla<\/strong><\/span><\/li>\n<li><span style=\"color: #000080\"><strong>Ohlert Miriam<\/strong><\/span><\/li>\n<li><span style=\"color: #000080\"><strong>Paris Laura<\/strong><\/span><\/li>\n<li><span style=\"color: #000080\"><strong>Sch\u00f6tz Michael<\/strong><\/span><\/li>\n<\/ul>\n<p><strong><u>2021\/22. tan\u00e9v:<\/u><\/strong><\/p>\n<ul style=\"list-style-type: disc\">\n<li><span style=\"color: #000080\"><strong>\u00c9rseki Tamara<\/strong><\/span><\/li>\n<li><span style=\"color: #000080\"><strong>Grindheim Amalie Ulriksen<\/strong><\/span><\/li>\n<li><span style=\"color: #000080\"><strong>H\u00fcttemann Francesca<\/strong><\/span><\/li>\n<li><span style=\"color: #000080\"><strong>Luc Theallier<\/strong><\/span><\/li>\n<li><span style=\"color: #000080\"><strong>L\u00fcben Tara<\/strong><\/span><\/li>\n<li><span style=\"color: #000080\"><strong>Ohlert Miriam<\/strong><\/span><\/li>\n<li><span style=\"color: #000080\"><strong>Sarah Schill<\/strong><\/span><\/li>\n<li><span style=\"color: #000080\"><strong>Sophie Nusser<\/strong><\/span><\/li>\n<li><span style=\"color: #000080\"><strong>T\u00f3th Art\u00far<\/strong><\/span><\/li>\n<\/ul>\n<p><strong><u>2020\/21. tan\u00e9v:<\/u><\/strong><\/p>\n<ul>\n<li><span style=\"color: #000080\"><strong>Abbas Anna Anouz<\/strong><\/span><\/li>\n<li><span style=\"color: #000080\"><strong>Danni Steimberg<\/strong><\/span><\/li>\n<li><span style=\"color: #000080\"><strong>Farkas Ferenc Bal\u00e1zs<\/strong><\/span><\/li>\n<li><span style=\"color: #000080\"><strong>Horv\u00e1th Kata<\/strong><\/span><\/li>\n<li><span style=\"color: #000080\"><strong>H\u00fcttemann Francesca<\/strong><\/span><\/li>\n<li><span style=\"color: #000080\"><strong>Luc Theallier<\/strong><\/span><\/li>\n<li><span style=\"color: #000080\"><strong>Moln\u00e1r Regina<\/strong><\/span><\/li>\n<li><span style=\"color: #000080\"><strong>Paula Wild<\/strong><\/span><\/li>\n<li><span style=\"color: #000080\"><strong>Sarah Schill<\/strong><\/span><\/li>\n<li><span style=\"color: #000080\"><strong>S\u00edk P\u00e1l Botond<\/strong><\/span><\/li>\n<li><span style=\"color: #000080\"><strong>Sophie Nusser<\/strong><\/span><\/li>\n<li><span style=\"color: #000080\"><strong>Stark Kl\u00e1ra<\/strong><\/span><\/li>\n<li><span style=\"color: #000080\"><strong>Torm\u00e1ssi \u00c1ron Alfr\u00e9d<\/strong><\/span><\/li>\n<li><span style=\"color: #000080\"><strong>Veress Fanni<\/strong><\/span><\/li>\n<\/ul>\n<p><strong><u>2019\/20. tan\u00e9v:<\/u><\/strong><\/p>\n<ul>\n<li><span style=\"color: #000080\"><strong>Abbas Anna Anouz<\/strong><\/span><\/li>\n<li><span style=\"color: #000080\"><strong>Danni Steimberg<\/strong><\/span><\/li>\n<li><span style=\"color: #000080\"><strong>Farkas Ferenc Bal\u00e1zs<\/strong><\/span><\/li>\n<li><span style=\"color: #000080\"><strong>Fodor Barbara<\/strong><\/span><\/li>\n<li><span style=\"color: #000080\"><strong>Horv\u00e1th Kata<\/strong><\/span><\/li>\n<li><span style=\"color: #000080\"><strong>Lakosa Alina<\/strong><\/span><\/li>\n<li><span style=\"color: #000080\"><strong>Michael Maar<\/strong><\/span><\/li>\n<li><span style=\"color: #000080\"><strong>S\u00edk P\u00e1l Botond<\/strong><\/span><\/li>\n<li><span style=\"color: #000080\"><strong>Stark Kl\u00e1ra<\/strong><\/span><\/li>\n<li><span style=\"color: #000080\"><strong>T\u00f3bi\u00e1s B\u00e1lint<\/strong><\/span><\/li>\n<li><span style=\"color: #000080\"><strong>Torm\u00e1ssi \u00c1ron Alfr\u00e9d<\/strong><\/span><\/li>\n<li><span style=\"color: #000080\"><strong>Wangari Mitchelle Grace<\/strong><\/span><\/li>\n<\/ul>\n<p><strong><u>2018\/19. tan\u00e9v:<\/u><\/strong><\/p>\n<ul>\n<li><span style=\"color: #000080\"><strong>Farkas Ferenc Bal\u00e1zs<\/strong><\/span><\/li>\n<li><span style=\"color: #000080\"><strong>G\u00e1sp\u00e1r P\u00e9ter<\/strong><\/span><\/li>\n<li><span style=\"color: #000080\"><strong>Havril Kata<\/strong><\/span><\/li>\n<li><span style=\"color: #000080\"><strong>Kapr\u00e1n Igor<\/strong><\/span><\/li>\n<li><span style=\"color: #000080\"><strong>Kapt\u00e1s \u00c1kos<\/strong><\/span><\/li>\n<li><span style=\"color: #000080\"><strong>Kark\u00f3 Zs\u00f3fia<\/strong><\/span><\/li>\n<li><span style=\"color: #000080\"><strong>Micahel Maar<\/strong><\/span><\/li>\n<li><span style=\"color: #000080\"><strong>Nyom\u00e1rkay Anna<\/strong><\/span><\/li>\n<li><span style=\"color: #000080\"><strong>Tak\u00e1cs Anik\u00f3<\/strong><\/span><\/li>\n<li><span style=\"color: #000080\"><strong>T\u00f3bi\u00e1s B\u00e1lint<\/strong><\/span><\/li>\n<\/ul>\n<p><strong><u>2017\/18. tan\u00e9v:<\/u><\/strong><\/p>\n<ul>\n<li><span style=\"color: #000080\"><strong>B\u00e1bel Krisztina<\/strong><\/span><\/li>\n<li><span style=\"color: #000080\"><strong>Farkas Ferenc Bal\u00e1zs<\/strong><\/span><\/li>\n<li><span style=\"color: #000080\"><strong>G\u00e1sp\u00e1r P\u00e9ter<\/strong><\/span><\/li>\n<li><span style=\"color: #000080\"><strong>Guly\u00e1s D\u00e1niel<\/strong><\/span><\/li>\n<li><span style=\"color: #000080\"><strong>Hossz\u00fa Rita<\/strong><\/span><\/li>\n<li><span style=\"color: #000080\"><strong>Julian Lichtl-H\u00e4fele<\/strong><\/span><\/li>\n<li><span style=\"color: #000080\"><strong>Kapr\u00e1n Igor<\/strong><\/span><\/li>\n<li><span style=\"color: #000080\"><strong>Kapt\u00e1s \u00c1kos<\/strong><\/span><\/li>\n<li><span style=\"color: #000080\"><strong>Kark\u00f3 Zs\u00f3fia<\/strong><\/span><\/li>\n<li><span style=\"color: #000080\"><strong>Kiss R\u00f3bert<\/strong><\/span><\/li>\n<li><span style=\"color: #000080\"><strong>Lakosa Alina<\/strong><\/span><\/li>\n<li><span style=\"color: #000080\"><strong>S\u00e1ndor Beatrix<\/strong><\/span><\/li>\n<li><span style=\"color: #000080\"><strong>Tak\u00e1cs Anik\u00f3<\/strong><\/span><\/li>\n<\/ul>\n<p><strong><u>2016\/17. tan\u00e9v:<\/u><\/strong><\/p>\n<ul>\n<li><span style=\"color: #000080\"><strong>B\u00e1bel Krisztina<\/strong><\/span><\/li>\n<li><span style=\"color: #000080\"><strong>Freij Zeb<\/strong><\/span><\/li>\n<li><span style=\"color: #000080\"><strong>Guly\u00e1s D\u00e1niel<\/strong><\/span><\/li>\n<li><span style=\"color: #000080\"><strong>Izsold Zsanett<\/strong><\/span><\/li>\n<li><span style=\"color: #000080\"><strong>Kark\u00f3 Zs\u00f3fia<\/strong><\/span><\/li>\n<li><span style=\"color: #000080\"><strong>Szab\u00f3 Orsolya<\/strong><\/span><\/li>\n<li><span style=\"color: #000080\"><strong>Szatm\u00e1ri R\u00e9ka<\/strong><\/span><\/li>\n<li><span style=\"color: #000080\"><strong>T\u00f6r\u00f6k Csenge<\/strong><\/span><\/li>\n<li><span style=\"color: #000080\"><strong>T\u00far\u00f3s Demeter<\/strong><\/span><\/li>\n<li><span style=\"color: #000080\"><strong>Vizler Judit<\/strong><\/span><\/li>\n<\/ul>\n<p><strong><u>2015\/16. tan\u00e9v:<\/u><\/strong><\/p>\n<ul>\n<li><span style=\"color: #000080\"><strong>Csercsik Rita<\/strong><\/span><\/li>\n<li><span style=\"color: #000080\"><strong>D\u00e9nes Eszter<\/strong><\/span><\/li>\n<li><span style=\"color: #000080\"><strong>Freji Zeb<\/strong><\/span><\/li>\n<li><span style=\"color: #000080\"><strong>Guly\u00e1s D\u00e1niel<\/strong><\/span><\/li>\n<li><span style=\"color: #000080\"><strong>Karsai No\u00e9mi<\/strong><\/span><\/li>\n<li><span style=\"color: #000080\"><strong>Mil\u00e1nkovits M\u00e1rton<\/strong><\/span><\/li>\n<li><span style=\"color: #000080\"><strong>N\u00e9meth Zs\u00f3fia<\/strong><\/span><\/li>\n<li><span style=\"color: #000080\"><strong>P\u00e1rk\u00e1nyi Zs\u00f3fia<\/strong><\/span><\/li>\n<li><span style=\"color: #000080\"><strong>Schaffer T\u00fcnde<\/strong><\/span><\/li>\n<li><span style=\"color: #000080\"><strong>Sipos Di\u00e1na<\/strong><\/span><\/li>\n<li><span style=\"color: #000080\"><strong>Szab\u00f3 Orsolya<\/strong><\/span><\/li>\n<li><span style=\"color: #000080\"><strong>Szatm\u00e1ri R\u00e9ka<\/strong><\/span><\/li>\n<li><span style=\"color: #000080\"><strong>Szilasi T\u00fcnde<\/strong><\/span><\/li>\n<li><span style=\"color: #000080\"><strong>T\u00far\u00f3s Demeter<\/strong><\/span><\/li>\n<li><span style=\"color: #000080\"><strong>T\u00f6r\u00f6k Csenge<\/strong><\/span><\/li>\n<li><span style=\"color: #000080\"><strong>Zomborszki Emese<\/strong><\/span><\/li>\n<\/ul>\n<p><strong><u>2014\/15. tan\u00e9v:<\/u><\/strong><\/p>\n<ul style=\"list-style-type: disc\">\n<li><span style=\"color: #000080\"><strong>Csercsik Rita<\/strong><\/span><\/li>\n<li><span style=\"color: #000080\"><strong>Dobos Attila<\/strong><\/span><\/li>\n<li><span style=\"color: #000080\"><strong>Egeland Bj\u00f6rn<\/strong><\/span><\/li>\n<li><span style=\"color: #000080\"><strong>Friberg Frederik<\/strong><\/span><\/li>\n<li><span style=\"color: #000080\"><strong>Kov\u00e1cs Eszter<\/strong><\/span><\/li>\n<li><span style=\"color: #000080\"><strong>Kov\u00e1cs Petra<\/strong><\/span><\/li>\n<li><span style=\"color: #000080\"><strong>P\u00e1rk\u00e1nyi Zs\u00f3fia<\/strong><\/span><\/li>\n<li><span style=\"color: #000080\"><strong>Schaffer T\u00fcnde<\/strong><\/span><\/li>\n<li><span style=\"color: #000080\"><strong>Sipos Di\u00e1na<\/strong><\/span><\/li>\n<li><span style=\"color: #000080\"><strong>Szab\u00f3 Orsolya <\/strong><\/span><\/li>\n<li><span style=\"color: #000080\"><strong>Szab\u00f3 R\u00e9ka<\/strong><\/span><\/li>\n<\/ul>\n<\/div><\/div>\n<p>&nbsp;<\/p>\n","protected":false},"excerpt":{"rendered":"<p>2023\/24. tan\u00e9v I.f\u00e9l\u00e9v Falus M\u00e1rton K\u00e1konyi Marcell Kiss Bettina Szil\u00e1gyi Fruzsina Kor\u00e1bbi \u00e9vek 2022\/23. tan\u00e9v: F\u00fcl\u00f6p Dorottya Sz\u00e1va Gorkisch Johanna H\u00fcttemann Francesca L\u00fcben Tara Nagy Kamilla Ohlert Miriam Paris Laura Sch\u00f6tz Michael 2021\/22. tan\u00e9v: \u00c9rseki Tamara Grindheim Amalie Ulriksen H\u00fcttemann Francesca Luc Theallier L\u00fcben Tara Ohlert Miriam Sarah Schill Sophie Nusser T\u00f3th Art\u00far 2020\/21. tan\u00e9v: &hellip;<\/p>\n","protected":false},"author":182,"featured_media":0,"parent":1534,"menu_order":1,"comment_status":"closed","ping_status":"closed","template":"","meta":{"_acf_changed":false,"footnotes":""},"categories":[],"tags":[],"class_list":["post-2477","page","type-page","status-publish","hentry"],"acf":[],"_links":{"self":[{"href":"https:\/\/semmelweis.hu\/mikrobiologia\/wp-json\/wp\/v2\/pages\/2477","targetHints":{"allow":["GET"]}}],"collection":[{"href":"https:\/\/semmelweis.hu\/mikrobiologia\/wp-json\/wp\/v2\/pages"}],"about":[{"href":"https:\/\/semmelweis.hu\/mikrobiologia\/wp-json\/wp\/v2\/types\/page"}],"author":[{"embeddable":true,"href":"https:\/\/semmelweis.hu\/mikrobiologia\/wp-json\/wp\/v2\/users\/182"}],"replies":[{"embeddable":true,"href":"https:\/\/semmelweis.hu\/mikrobiologia\/wp-json\/wp\/v2\/comments?post=2477"}],"version-history":[{"count":10,"href":"https:\/\/semmelweis.hu\/mikrobiologia\/wp-json\/wp\/v2\/pages\/2477\/revisions"}],"predecessor-version":[{"id":3977,"href":"https:\/\/semmelweis.hu\/mikrobiologia\/wp-json\/wp\/v2\/pages\/2477\/revisions\/3977"}],"up":[{"embeddable":true,"href":"https:\/\/semmelweis.hu\/mikrobiologia\/wp-json\/wp\/v2\/pages\/1534"}],"wp:attachment":[{"href":"https:\/\/semmelweis.hu\/mikrobiologia\/wp-json\/wp\/v2\/media?parent=2477"}],"wp:term":[{"taxonomy":"category","embeddable":true,"href":"https:\/\/semmelweis.hu\/mikrobiologia\/wp-json\/wp\/v2\/categories?post=2477"},{"taxonomy":"post_tag","embeddable":true,"href":"https:\/\/semmelweis.hu\/mikrobiologia\/wp-json\/wp\/v2\/tags?post=2477"}],"curies":[{"name":"wp","href":"https:\/\/api.w.org\/{rel}","templated":true}]}}