{"id":2238,"date":"2022-05-09T15:50:31","date_gmt":"2022-05-09T13:50:31","guid":{"rendered":"https:\/\/semmelweis.hu\/mikrobiologia\/?page_id=2238"},"modified":"2025-11-17T14:25:36","modified_gmt":"2025-11-17T13:25:36","slug":"auszeichnungen-anerkennungen","status":"publish","type":"page","link":"https:\/\/semmelweis.hu\/mikrobiologia\/de\/ueber-uns\/auszeichnungen-anerkennungen\/","title":{"rendered":"Auszeichnungen, Anerkennungen"},"content":{"rendered":"<div class=\"keretes w-100\">\n<p><span style=\"font-size: 14pt\"><strong>Ungarische Akademie der Wissenschaften (MTA)Akademiepreis: <\/strong>Auszeichnung durch Pr\u00e4sidentschaft der Ungarischen Akademie der Wissenschaften f\u00fcr herausragende wissenschaftliche Leistungen<\/span><\/p>\n<\/div>\n<ul style=\"list-style-type: disc\">\n<li style=\"text-align: justify\"><span style=\"font-size: 14pt\"><span style=\"color: #000080\"><strong>Prof. Dr. D\u00f3ra Szab\u00f3: <\/strong><\/span>f\u00fcr ihre <strong>exzellenten Forschungsarbeiten \u00fcber molekulare Untersuchung von multiresistenten gramnegativen Bakterien, die Krankenhausinfektionen verursachen<\/strong> <span style=\"color: #000000\">und<\/span> <strong>Erforschung von Faktoren, die an der Ausbreitung von Bakterien und Resistenzgenen<\/strong> beteiligt sind<\/span><\/li>\n<\/ul>\n<div class=\"w-100 keretes\" style=\"text-align: justify\"><strong><span style=\"color: black;font-size: 14pt\">Ungarische Akademie der Wissenschaften<\/span> (MTA) J\u00e1nos Bolyai Forscher-Stipendium:<\/strong> zur F\u00f6rderung und Anerkennung herausragender Forschungs- und Entwicklungsleistungen<\/div>\n<ul>\n<li><span style=\"font-size: 14pt\"><span style=\"color: #000080\"><strong>Dr. B\u00e9la Kocsis<\/strong><\/span><\/span><\/li>\n<li><span style=\"color: #000080;font-size: 14pt\"><strong>Prof. Dr. D\u00f3ra Szab\u00f3<\/strong><\/span><\/li>\n<\/ul>\n<div class=\"w-100 keretes\" style=\"text-align: justify\"><strong><span style=\"color: black;font-size: 14pt\">H\u0151gyes\u2013Aujeszky-Gedenkmedaille der Ungarischen Zoonosegesellschaft \u2013 in Anerkennung fachlicher Leistungen<\/strong><\/div>\n<ul>\n<li><span style=\"font-size: 14pt\"><span style=\"color: #000080\"><strong>Prof. Dr. M\u00e1ria Tak\u00e1cs<\/strong><\/span><\/span><\/li>\n<\/ul>\n<div class=\"keretes w-100\">\n<p><span style=\"font-size: 14pt\"><strong>L\u00e1szl\u00f3 Batthy\u00e1ny-Strattmann Preis:<\/strong><\/span><\/p>\n<\/div>\n<ul style=\"list-style-type: disc\">\n<li style=\"text-align: justify\"><span style=\"font-size: 14pt\"><strong><span style=\"color: #000080\">Prof. Dr. \u00c9va <\/span><\/strong><\/span><span style=\"font-size: 14pt\"><strong><span style=\"color: #000080\">\u00c1gnes \u00c1d\u00e1m:<\/span> <\/strong>zur Anerkennung ihrer <strong>beruflichen Arbeit und ihrer herausragenden Leistung zur Entwicklung der Gesundheitsversorgung.<\/strong><\/span><\/li>\n<\/ul>\n<div class=\"keretes w-100\">\n<p><span style=\"font-size: 14pt\"><strong>Ungarischer Verdienstorden, Mittelkreuz (Staatliche Auszeichnung):<\/strong><\/span><\/p>\n<\/div>\n<ul>\n<li style=\"text-align: justify\"><span style=\"font-size: 14pt\"><strong><span style=\"color: #000080\">Prof. Dr. Istv\u00e1n N\u00e1sz: <\/span><\/strong><span style=\"background-color: #ffffff\">zur Anerkennung von w\u00e4hrend seiner <strong>fast sieben Jahrzehnte wissenschaftlicher Karriere<\/strong>, insbesondere f\u00fcr seine auf internationaler Ebene hoch gesch\u00e4tzte Forschungsergebnisse \u00fcber Virologie und seiner Lehrt\u00e4tigkeit und aktiven wissenschaftlichen T\u00e4tigkeit im \u00f6ffentlichen Leben.<\/span><\/span><\/li>\n<\/ul>\n<div class=\"keretes w-100\">\n<p><span style=\"font-size: 14pt\"><strong>Lob des Rektors:<\/strong><\/span><\/p>\n<\/div>\n<ul style=\"list-style-type: disc\">\n<li><span style=\"color: #000080;font-size: 14pt\"><strong>Dr. Eszter Ostorh\u00e1zi\u00a0<\/strong><\/span><\/li>\n<\/ul>\n<div class=\"keretes w-100\">\n<p><span style=\"font-size: 14pt\"><strong>Lob des Dekans:<\/strong><\/span><\/p>\n<\/div>\n<ul style=\"list-style-type: disc\">\n<li><span style=\"color: #000080;font-size: 14pt\"><strong>Dr. Andrea Horv\u00e1th<\/strong><\/span><\/li>\n<li><span style=\"color: #000080;font-size: 14pt\"><strong>Bal\u00e1zs Stercz<\/strong><\/span><\/li>\n<\/ul>\n<div class=\"keretes w-100\">\n<p><span style=\"font-size: 14pt\"><strong>Ausgezeichnete PhD Lehrerin:\u00a0 \u00a0<\/strong><\/span><\/p>\n<\/div>\n<ul style=\"list-style-type: disc\">\n<li><span style=\"font-size: 14pt\"><strong><span style=\"color: #000080\">Prof. Dr. D\u00f3ra Szab\u00f3<\/span>\u00a0<\/strong><\/span><\/li>\n<\/ul>\n<div class=\"keretes w-100\">\n<p><span style=\"font-size: 14pt\"><strong>Ausgezeichnete PhD Themaleiterin:\u00a0 \u00a0<\/strong><\/span><\/p>\n<\/div>\n<ul style=\"list-style-type: disc\">\n<li><span style=\"color: #000080\"><span style=\"font-size: 18.6667px\"><b>Dr. Orsolya Dobay<\/b><\/span><\/span><\/li>\n<\/ul>\n<div class=\"keretes w-100\">\n<p style=\"text-align: justify\"><span style=\"font-size: 14pt\"><strong>Lehrer Merit-Preis: <\/strong>er wird an den Lehrer (Praktikumsleiter, Vorleser) vergeben, der die meisten Studentenstimmen erhalten hat.<\/span><\/p>\n<\/div>\n<ul style=\"list-style-type: disc\">\n<li><span style=\"font-size: 14pt\"><span style=\"color: #000080\"><strong>Dr. \u00c1goston Ghid\u00e1n <\/strong><\/span>(Zweifacher Merit-Preistr\u00e4ger\u00a0)<\/span><\/li>\n<li><span style=\"color: #000080;font-size: 14pt\"><strong>Dr. Eszter Ostorh\u00e1zi\u00a0<\/strong><\/span><\/li>\n<li><span style=\"color: #000080;font-size: 14pt\"><strong>Dr. B\u00e9la Kocsis<\/strong><\/span><\/li>\n<li><span style=\"font-size: 14pt\"><span style=\"color: #000080\"><strong>Dr. D\u00e1niel Guly\u00e1s <\/strong><\/span>(Dreifacher Merit-Preistr\u00e4ger )<\/span><\/li>\n<\/ul>\n<div class=\"keretes w-100\">\n<p><span style=\"font-size: 14pt\"><strong>Forscher-Merit-Preis:\u00a0<\/strong><\/span><\/p>\n<\/div>\n<ul style=\"list-style-type: disc\">\n<li><span style=\"color: #000080;font-size: 14pt\"><strong>Dr. B\u00e9la Kocsis\u00a0<\/strong><\/span><\/li>\n<\/ul>\n<div class=\"keretes w-100\" style=\"text-align: justify\">\n<p><strong>Nomination zur Chef Resident von Medizinische Mikrobiologie Facharztausbildung:<\/strong><\/p>\n<\/div>\n<ul style=\"list-style-type: disc;text-align: justify\">\n<li><span style=\"color: #000080\">\u00a0<strong>Dr. D\u00e1niel Guly\u00e1s<\/strong><\/span><\/li>\n<\/ul>\n<div class=\"keretes w-100\">\n<p><span style=\"font-size: 14pt\"><strong>Phd Stipendium:<\/strong><\/span><\/p>\n<\/div>\n<ul style=\"list-style-type: disc\">\n<li><span style=\"color: #000080;font-size: 14pt\"><strong>Dr. Judit Sahin-T\u00f3th<\/strong><\/span><\/li>\n<\/ul>\n<div class=\"keretes w-100\">\n<p><span style=\"font-size: 14pt\"><strong>Semmelweis 250+ PhD Exzellenzstipendium:\u00a0<\/strong><\/span><\/p>\n<\/div>\n<ul style=\"list-style-type: disc\">\n<li><span style=\"color: #000080;font-size: 14pt\"><strong>Dr. Annam\u00e1ria Huber\u00a0<\/strong><\/span><\/li>\n<\/ul>\n<div class=\"keretes w-100\">\n<p style=\"text-align: justify\"><span style=\"font-size: 14pt\"><strong>Semmelweis Universit\u00e4t Publikationspreis (in der Kategorie &#8222;Publikation in einer renommierten Fachzeitschrift ver\u00f6ffentlicht&#8221;)\u00a0<\/strong><\/span><\/p>\n<\/div>\n<ul style=\"list-style-type: disc\">\n<li><span style=\"font-size: 14pt\"><span style=\"color: #000080\"><strong>Dr. Andrea Horv\u00e1th <\/strong><\/span>und<span style=\"color: #000080\"><strong> Dr. Annam\u00e1ria Huber<\/strong><\/span><\/span><\/li>\n<li><span style=\"font-size: 14pt\"><strong><span style=\"color: #000080\">Dr. Orsolya Dobay<\/span> <\/strong>und <strong><span style=\"color: #000080\">Eszter Kov\u00e1cs<\/span>\u00a0<\/strong><\/span><\/li>\n<li><span style=\"font-size: 14pt\"><span style=\"color: #000080\"><strong>Prof. Dr. M\u00e1ria Tak\u00e1cs<\/strong><\/span> und<span style=\"color: #000080\"> <strong>Dr. Orsolya Nagy<\/strong><\/span><\/span><\/li>\n<\/ul>\n<div class=\"keretes w-100\">\n<p><span style=\"font-size: 14pt\"><strong>Ausgezeichnete Mitarbeiter der Semmelweis Universit\u00e4t<\/strong><\/span><\/p>\n<\/div>\n<ul style=\"list-style-type: disc\">\n<li><span style=\"color: #000080;font-size: 14pt\"><strong>No\u00e9mi Uzsonyik<\/strong><\/span><\/li>\n<li><span style=\"color: #000080;font-size: 14pt\"><strong>G\u00e1bor Fekete<\/strong><\/span><\/li>\n<\/ul>\n","protected":false},"excerpt":{"rendered":"<p>Ungarische Akademie der Wissenschaften (MTA)Akademiepreis: Auszeichnung durch Pr\u00e4sidentschaft der Ungarischen Akademie der Wissenschaften f\u00fcr herausragende wissenschaftliche Leistungen Prof. Dr. D\u00f3ra Szab\u00f3: f\u00fcr ihre exzellenten Forschungsarbeiten \u00fcber molekulare Untersuchung von multiresistenten gramnegativen Bakterien, die Krankenhausinfektionen verursachen und Erforschung von Faktoren, die an der Ausbreitung von Bakterien und Resistenzgenen beteiligt sind Ungarische Akademie der Wissenschaften (MTA) J\u00e1nos &hellip;<\/p>\n","protected":false},"author":182,"featured_media":0,"parent":3063,"menu_order":4,"comment_status":"closed","ping_status":"closed","template":"","meta":{"_acf_changed":false,"footnotes":""},"categories":[],"tags":[],"class_list":["post-2238","page","type-page","status-publish","hentry"],"acf":[],"_links":{"self":[{"href":"https:\/\/semmelweis.hu\/mikrobiologia\/wp-json\/wp\/v2\/pages\/2238","targetHints":{"allow":["GET"]}}],"collection":[{"href":"https:\/\/semmelweis.hu\/mikrobiologia\/wp-json\/wp\/v2\/pages"}],"about":[{"href":"https:\/\/semmelweis.hu\/mikrobiologia\/wp-json\/wp\/v2\/types\/page"}],"author":[{"embeddable":true,"href":"https:\/\/semmelweis.hu\/mikrobiologia\/wp-json\/wp\/v2\/users\/182"}],"replies":[{"embeddable":true,"href":"https:\/\/semmelweis.hu\/mikrobiologia\/wp-json\/wp\/v2\/comments?post=2238"}],"version-history":[{"count":10,"href":"https:\/\/semmelweis.hu\/mikrobiologia\/wp-json\/wp\/v2\/pages\/2238\/revisions"}],"predecessor-version":[{"id":4093,"href":"https:\/\/semmelweis.hu\/mikrobiologia\/wp-json\/wp\/v2\/pages\/2238\/revisions\/4093"}],"up":[{"embeddable":true,"href":"https:\/\/semmelweis.hu\/mikrobiologia\/wp-json\/wp\/v2\/pages\/3063"}],"wp:attachment":[{"href":"https:\/\/semmelweis.hu\/mikrobiologia\/wp-json\/wp\/v2\/media?parent=2238"}],"wp:term":[{"taxonomy":"category","embeddable":true,"href":"https:\/\/semmelweis.hu\/mikrobiologia\/wp-json\/wp\/v2\/categories?post=2238"},{"taxonomy":"post_tag","embeddable":true,"href":"https:\/\/semmelweis.hu\/mikrobiologia\/wp-json\/wp\/v2\/tags?post=2238"}],"curies":[{"name":"wp","href":"https:\/\/api.w.org\/{rel}","templated":true}]}}