{"id":2115,"date":"2022-05-09T15:50:31","date_gmt":"2022-05-09T13:50:31","guid":{"rendered":"https:\/\/semmelweis.hu\/mikrobiologia\/?page_id=2115"},"modified":"2025-11-17T14:23:06","modified_gmt":"2025-11-17T13:23:06","slug":"awards","status":"publish","type":"page","link":"https:\/\/semmelweis.hu\/mikrobiologia\/en\/about-us\/awards\/","title":{"rendered":"Awards"},"content":{"rendered":"<div class=\"keretes w-100\">\n<p style=\"text-align: justify\"><strong>MTA Academic Award: <\/strong>the Presidency of the Hungarian Academy of Sciences (MTA) awards it in recognition of outstanding scientific achievements.<\/p>\n<\/div>\n<ul style=\"list-style-type: disc;text-align: justify\">\n<li><span style=\"color: #000080\"><strong>Prof. Dr. D\u00f3ra Szab\u00f3 <\/strong><\/span>for her excellent research work of molecular testing of multidrug-resistant gram-negative bacteria causing hospital infections and in the study of factors involved in the spread of bacteria and resistance genes<\/li>\n<\/ul>\n<div class=\"w-100 keretes\"><strong>MTA J\u00e1nos Bolyai Research Scholarship: <\/strong>for recognition and encouragement of talented young researchers and preparation for the title of Doctor of Sciences<\/div>\n<ul>\n<li><span style=\"color: #000080\"><strong>Dr. B\u00e9la Kocsis\u00a0<\/strong><\/span><\/li>\n<\/ul>\n<div class=\"w-100 keretes\"><strong>Hungarian Zoonosis Society H\u0151gyes\u2013Aujeszky Memorial Medal: <\/strong>: in recognition of professional achievements:<\/div>\n<ul>\n<li><span style=\"color: #000080\"><strong>Prof. M\u00e1ria Tak\u00e1cs,<\/strong><em> PhD<\/em><\/span><\/li>\n<\/ul>\n<div class=\"keretes w-100\" style=\"text-align: justify\"><strong>L\u00e1szl\u00f3 Batthy\u00e1ny-Strattmann Award:<\/strong><\/div>\n<ul style=\"list-style-type: disc;text-align: justify\">\n<li><span style=\"color: #000080\"><strong>Prof. Dr. \u00c9va \u00c1gnes \u00c1d\u00e1m <\/strong><\/span>in recognition of her professional work to improve healthcare and her outstanding performance<\/li>\n<\/ul>\n<div class=\"keretes w-100\" style=\"text-align: justify\">\n<p><strong>Middle Cross of\u00a0 Hungarian Order of Merit:<\/strong><\/p>\n<\/div>\n<ul style=\"list-style-type: disc;text-align: justify\">\n<li><span style=\"color: #000080\"><strong>Prof. Dr. Istv\u00e1n N\u00e1sz <\/strong><\/span>in recognition for his nearly seven-decade scientific career, his internationally also highly appreciated research results, especially in the field of Virology and his teaching and active scientific activities in public life<\/li>\n<\/ul>\n<div class=\"keretes w-100\" style=\"text-align: justify\">\n<p><strong>Rector&#8217;s praise:<\/strong><\/p>\n<\/div>\n<ul style=\"list-style-type: disc;text-align: justify\">\n<li><span style=\"color: #000080\"><strong>Dr. Eszter Ostorh\u00e1zi\u00a0<\/strong><\/span><\/li>\n<\/ul>\n<div class=\"keretes w-100\" style=\"text-align: justify\">\n<p><strong>Dean&#8217;s praise:<\/strong><\/p>\n<\/div>\n<ul style=\"list-style-type: disc;text-align: justify\">\n<li><span style=\"color: #000080\"><strong>Dr. Andrea Horv\u00e1th<\/strong><\/span><\/li>\n<li><span style=\"color: #000080\"><strong>Bal\u00e1zs Stercz<\/strong><\/span><\/li>\n<\/ul>\n<div class=\"keretes w-100\" style=\"text-align: justify\">\n<p><strong>Excellent PhD instructor:\u00a0 \u00a0<\/strong><\/p>\n<\/div>\n<ul style=\"list-style-type: disc;text-align: justify\">\n<li><span style=\"color: #000080\"><strong>Prof. Dr. D\u00f3ra Szab\u00f3\u00a0<\/strong><\/span><\/li>\n<\/ul>\n<div class=\"keretes w-100\" style=\"text-align: justify\">\n<p><strong>Excellent PhD Supervisor:\u00a0 \u00a0<\/strong><\/p>\n<\/div>\n<ul style=\"list-style-type: disc;text-align: justify\">\n<li><span style=\"color: #000080\"><strong>Dr.Orsolya Dobay<\/strong><\/span><\/li>\n<\/ul>\n<div class=\"keretes w-100\" style=\"text-align: justify\">\n<p><strong>Merit Award for teaching: <\/strong>it is awarded for the professor (lecturer\u00a0and\u00a0practice leader) who received the highest number of student votes<\/p>\n<\/div>\n<ul style=\"list-style-type: disc;text-align: justify\">\n<li><span style=\"color: #000080\"><strong>Dr. \u00c1goston Ghid\u00e1n <\/strong><\/span>(Two-time Merit-Award winner practice leader)<\/li>\n<li><span style=\"color: #000080\"><strong>Dr. Eszter Ostorh\u00e1zi\u00a0<\/strong><\/span><\/li>\n<li><span style=\"color: #000080\"><strong>Dr. B\u00e9la Kocsis<\/strong><\/span><\/li>\n<li><span style=\"color: #000080\"><strong>Dr. D\u00e1niel Guly\u00e1s <\/strong><\/span>(Three-time Merit-Award winner practice leader)<\/li>\n<\/ul>\n<div class=\"keretes w-100\" style=\"text-align: justify\">\n<p><strong>Research Merit Award:\u00a0<\/strong><\/p>\n<\/div>\n<ul style=\"list-style-type: disc;text-align: justify\">\n<li><span style=\"color: #000080\">\u00a0<strong>Dr. B\u00e9la Kocsis\u00a0<\/strong><\/span><\/li>\n<\/ul>\n<div class=\"keretes w-100\" style=\"text-align: justify\">\n<p><strong>Nomination for Chief Resident of Medical microbiology:\u00a0<\/strong><\/p>\n<\/div>\n<ul style=\"list-style-type: disc;text-align: justify\">\n<li><span style=\"color: #000080\">\u00a0<strong>Dr. D\u00e1niel Guly\u00e1s<\/strong><\/span><\/li>\n<\/ul>\n<div class=\"keretes w-100\" style=\"text-align: justify\">\n<p><strong>Phd Scholarship:<\/strong><\/p>\n<\/div>\n<ul style=\"list-style-type: disc;text-align: justify\">\n<li><span style=\"color: #000080\"><strong>Dr. Judit Sahin-T\u00f3th<\/strong><\/span><\/li>\n<\/ul>\n<div class=\"keretes w-100\" style=\"text-align: justify\">\n<p><strong>Semmelweis 250+ PhD Scholarship of excellence:\u00a0<\/strong><\/p>\n<\/div>\n<ul style=\"list-style-type: disc;text-align: justify\">\n<li><span style=\"color: #000080\">\u00a0\u00a0<\/span><strong><span style=\"color: #000080\">Dr. Annam\u00e1ria Huber<\/span>\u00a0<\/strong><\/li>\n<\/ul>\n<div class=\"keretes w-100\" style=\"text-align: justify\">\n<p><strong>Semmelweis University Publication Award (&#8222;Publication in a prestigious journal&#8221;)\u00a0<\/strong><\/p>\n<\/div>\n<ul style=\"list-style-type: disc;text-align: justify\">\n<li><span style=\"color: #000080\"><strong>Dr. Andrea Horv\u00e1th <\/strong><\/span>and<span style=\"color: #000080\"><strong> Dr. Annam\u00e1ria Huber<\/strong><\/span><\/li>\n<li><span style=\"color: #000080\"><strong>Dr. Orsolya Dobay <\/strong><\/span>and\u00a0<span style=\"color: #000080\"><strong>Eszter Tamara Kov\u00e1cs\u00a0<\/strong><\/span><\/li>\n<li><span style=\"color: #000080\"><strong>Prof. Dr. M\u00e1ria Tak\u00e1cs<\/strong><\/span> and <span style=\"color: #000080\"><strong>Dr. Orsolya Nagy<\/strong><\/span><\/li>\n<\/ul>\n<div class=\"keretes w-100\" style=\"text-align: justify\">\n<p><strong>Excellent employee of Semmelweis University-Award<\/strong><\/p>\n<\/div>\n<ul style=\"list-style-type: disc\">\n<li style=\"text-align: justify\"><span style=\"color: #000080\"><strong>No\u00e9mi Uzsonyik<\/strong><\/span><\/li>\n<li style=\"text-align: justify\"><span style=\"color: #000080\"><strong>G\u00e1bor Fekete<\/strong><\/span><\/li>\n<\/ul>\n","protected":false},"excerpt":{"rendered":"<p>MTA Academic Award: the Presidency of the Hungarian Academy of Sciences (MTA) awards it in recognition of outstanding scientific achievements. Prof. Dr. D\u00f3ra Szab\u00f3 for her excellent research work of molecular testing of multidrug-resistant gram-negative bacteria causing hospital infections and in the study of factors involved in the spread of bacteria and resistance genes MTA &hellip;<\/p>\n","protected":false},"author":182,"featured_media":0,"parent":1637,"menu_order":4,"comment_status":"closed","ping_status":"closed","template":"","meta":{"_acf_changed":false,"footnotes":""},"categories":[],"tags":[],"class_list":["post-2115","page","type-page","status-publish","hentry"],"acf":[],"_links":{"self":[{"href":"https:\/\/semmelweis.hu\/mikrobiologia\/wp-json\/wp\/v2\/pages\/2115","targetHints":{"allow":["GET"]}}],"collection":[{"href":"https:\/\/semmelweis.hu\/mikrobiologia\/wp-json\/wp\/v2\/pages"}],"about":[{"href":"https:\/\/semmelweis.hu\/mikrobiologia\/wp-json\/wp\/v2\/types\/page"}],"author":[{"embeddable":true,"href":"https:\/\/semmelweis.hu\/mikrobiologia\/wp-json\/wp\/v2\/users\/182"}],"replies":[{"embeddable":true,"href":"https:\/\/semmelweis.hu\/mikrobiologia\/wp-json\/wp\/v2\/comments?post=2115"}],"version-history":[{"count":10,"href":"https:\/\/semmelweis.hu\/mikrobiologia\/wp-json\/wp\/v2\/pages\/2115\/revisions"}],"predecessor-version":[{"id":4092,"href":"https:\/\/semmelweis.hu\/mikrobiologia\/wp-json\/wp\/v2\/pages\/2115\/revisions\/4092"}],"up":[{"embeddable":true,"href":"https:\/\/semmelweis.hu\/mikrobiologia\/wp-json\/wp\/v2\/pages\/1637"}],"wp:attachment":[{"href":"https:\/\/semmelweis.hu\/mikrobiologia\/wp-json\/wp\/v2\/media?parent=2115"}],"wp:term":[{"taxonomy":"category","embeddable":true,"href":"https:\/\/semmelweis.hu\/mikrobiologia\/wp-json\/wp\/v2\/categories?post=2115"},{"taxonomy":"post_tag","embeddable":true,"href":"https:\/\/semmelweis.hu\/mikrobiologia\/wp-json\/wp\/v2\/tags?post=2115"}],"curies":[{"name":"wp","href":"https:\/\/api.w.org\/{rel}","templated":true}]}}