{"id":1976,"date":"2022-05-09T23:46:39","date_gmt":"2022-05-09T21:46:39","guid":{"rendered":"https:\/\/semmelweis.hu\/mikrobiologia\/?page_id=1976"},"modified":"2023-10-03T13:46:45","modified_gmt":"2023-10-03T11:46:45","slug":"phd","status":"publish","type":"page","link":"https:\/\/semmelweis.hu\/mikrobiologia\/de\/phd\/","title":{"rendered":"PhD (Doktorgrad)"},"content":{"rendered":"<p style=\"text-align: justify\"><a href=\"https:\/\/semmelweis.hu\/phd\/wp-content\/themes\/se18\/dist\/images\/logo\/phd.png\"><img loading=\"lazy\" decoding=\"async\" class=\"alignright\" src=\"https:\/\/semmelweis.hu\/phd\/wp-content\/themes\/se18\/dist\/images\/logo\/phd.png\" alt=\"\" width=\"194\" height=\"205\" \/><\/a><\/p>\n<p style=\"text-align: justify\">Institut f\u00fcr Medizinische Mikrobiologie ist <span style=\"color: #000080\"><strong>Mitglied der PhD Schule von Semmelweis Universit\u00e4t<\/strong><\/span>, in seinem akkreditierten Programm bildet das Institut kontinuierlich PhD Studenten aus. F\u00fcr weitere Informationen klicken Sie bitte <a href=\"https:\/\/semmelweis.hu\/phd\/en\/doktori-iskolak-en\/patologiai-tudomanyok-multidiszciplinaris-orvostudomanyok-en\/\" target=\"_blank\" rel=\"noopener\">hier.<\/a><\/p>\n<p style=\"text-align: justify\">F\u00fcr weitere Informationen \u00fcber PhD Bildungstypen und Lehrgeld klicken Sie bitte <a href=\"https:\/\/semmelweis.hu\/phd\/en\/\" target=\"_blank\" rel=\"noopener\">hier<\/a>.<\/p>\n<p>Programm: <span style=\"color: #000080\"><strong>Study of microorganisms and their products on cellular and organism level<\/strong><\/span><\/p>\n<p>Forschungsthemen:<\/p>\n<ul>\n<li style=\"list-style-type: none\">\n<ul style=\"list-style-type: square\">\n<li><span style=\"color: #000080\"><strong>Prof. Dr. D\u00f3ra Szab\u00f3: <\/strong><\/span>\n<ul style=\"list-style-type: disc\">\n<li><span style=\"color: #000080;font-size: 14pt\">Antibiotic resistance in Gram-negative bacteria<\/span><\/li>\n<li><span style=\"color: #000080;font-size: 14pt\">Resistant microorganisms in nosocomial infections<\/span><\/li>\n<\/ul>\n<\/li>\n<li><span style=\"color: #000080\"><strong>Dr. Orsolya Dobay:<\/strong><\/span>\n<ul style=\"list-style-type: disc\">\n<li><span style=\"color: #000080;font-size: 14pt\">Carriage, virulence and antibiotic resistance of Gram-positive bacteria<\/span><\/li>\n<\/ul>\n<\/li>\n<li><span style=\"color: #000080\"><strong>Dr. B\u00e9la Kocsis<em>:<\/em><\/strong><\/span>\n<ul style=\"list-style-type: disc\">\n<li><span style=\"color: #000080;font-size: 14pt\">Investigation of fluoroquinolone and polymyxin resistance mechanisms in Gram-negative bacteria<\/span><\/li>\n<\/ul>\n<\/li>\n<\/ul>\n<\/li>\n<\/ul>\n<div class=\"fontos_div\">\n<p style=\"text-align: justify\"><span style=\"font-size: 14pt\">PhD-Projectleiterin: <span style=\"color: #000080\"><strong>Prof. Dr. D\u00f3ra Szab\u00f3 <\/strong><\/span>(<a href=\"mailto:szabo.dora@semmelweis.hu\"><strong>szabo.dora@semmelweis.hu<\/strong><\/a>)<\/span><\/p>\n<\/div>\n<p style=\"text-align: justify\">Wenn Sie sich interessieren, freuen wir uns auf Ihre Bewerbung!<\/p>\n","protected":false},"excerpt":{"rendered":"<p><a href=\"https:\/\/semmelweis.hu\/phd\/wp-content\/themes\/se18\/dist\/images\/logo\/phd.png\"><\/a> Institut f\u00fcr Medizinische Mikrobiologie ist Mitglied der PhD Schule von Semmelweis Universit\u00e4t, in seinem akkreditierten Programm bildet das Institut kontinuierlich PhD Studenten aus. F\u00fcr weitere Informationen klicken Sie bitte <a href=\"https:\/\/semmelweis.hu\/phd\/en\/doktori-iskolak-en\/patologiai-tudomanyok-multidiszciplinaris-orvostudomanyok-en\/\" target=\"_blank\" rel=\"noopener\">hier.<\/a> F\u00fcr weitere Informationen \u00fcber PhD Bildungstypen und Lehrgeld klicken Sie bitte <a href=\"https:\/\/semmelweis.hu\/phd\/en\/\" target=\"_blank\" rel=\"noopener\">hier<\/a> . Programm: Study of microorganisms and their products on cellular and organism level Forschungsthemen: Prof. &hellip;<\/p>\n","protected":false},"author":182,"featured_media":0,"parent":0,"menu_order":3,"comment_status":"closed","ping_status":"closed","template":"","meta":{"_acf_changed":false,"footnotes":""},"categories":[],"tags":[],"class_list":["post-1976","page","type-page","status-publish","hentry"],"acf":[],"_links":{"self":[{"href":"https:\/\/semmelweis.hu\/mikrobiologia\/wp-json\/wp\/v2\/pages\/1976","targetHints":{"allow":["GET"]}}],"collection":[{"href":"https:\/\/semmelweis.hu\/mikrobiologia\/wp-json\/wp\/v2\/pages"}],"about":[{"href":"https:\/\/semmelweis.hu\/mikrobiologia\/wp-json\/wp\/v2\/types\/page"}],"author":[{"embeddable":true,"href":"https:\/\/semmelweis.hu\/mikrobiologia\/wp-json\/wp\/v2\/users\/182"}],"replies":[{"embeddable":true,"href":"https:\/\/semmelweis.hu\/mikrobiologia\/wp-json\/wp\/v2\/comments?post=1976"}],"version-history":[{"count":10,"href":"https:\/\/semmelweis.hu\/mikrobiologia\/wp-json\/wp\/v2\/pages\/1976\/revisions"}],"predecessor-version":[{"id":3969,"href":"https:\/\/semmelweis.hu\/mikrobiologia\/wp-json\/wp\/v2\/pages\/1976\/revisions\/3969"}],"wp:attachment":[{"href":"https:\/\/semmelweis.hu\/mikrobiologia\/wp-json\/wp\/v2\/media?parent=1976"}],"wp:term":[{"taxonomy":"category","embeddable":true,"href":"https:\/\/semmelweis.hu\/mikrobiologia\/wp-json\/wp\/v2\/categories?post=1976"},{"taxonomy":"post_tag","embeddable":true,"href":"https:\/\/semmelweis.hu\/mikrobiologia\/wp-json\/wp\/v2\/tags?post=1976"}],"curies":[{"name":"wp","href":"https:\/\/api.w.org\/{rel}","templated":true}]}}