{"id":1972,"date":"2022-05-09T23:44:43","date_gmt":"2022-05-09T21:44:43","guid":{"rendered":"https:\/\/semmelweis.hu\/mikrobiologia\/?page_id=1972"},"modified":"2022-12-30T14:54:41","modified_gmt":"2022-12-30T13:54:41","slug":"tdk-arbeit","status":"publish","type":"page","link":"https:\/\/semmelweis.hu\/mikrobiologia\/de\/forschungsaktivitaet-unseres-institutes\/tdk-arbeit\/","title":{"rendered":"TDK Arbeit (Wissenschaftlicher Studentenkreis)"},"content":{"rendered":"<p><img loading=\"lazy\" decoding=\"async\" class=\"wp-image-1605 alignright\" style=\"text-align: justify\" src=\"https:\/\/semmelweis.hu\/mikrobiologia\/files\/2022\/04\/tdk-logo-110.png\" alt=\"\" width=\"164\" height=\"164\" srcset=\"https:\/\/semmelweis.hu\/mikrobiologia\/files\/2022\/04\/tdk-logo-110.png 110w, https:\/\/semmelweis.hu\/mikrobiologia\/files\/2022\/04\/tdk-logo-110-90x90.png 90w\" sizes=\"auto, (max-width: 164px) 100vw, 164px\" \/><\/p>\n<p style=\"text-align: justify\"><span style=\"font-size: 14pt\">Das Institut f\u00fcr Medizinische Mikrobiologie begr\u00fc\u00dft Studenten, die sich f\u00fcr Mikrobiologie interessieren. In unserem Institut ist es m\u00f6glich, sich an Arbeitsprozessen zu aktuellen\u00a0Forschungsthemen zu beteiligen. Neben der Koordinierung von Forschungsaktivit\u00e4ten helfen unsere Forschungsthemenleitern ihre Studenten auch dabei, ihre Ergebnisse zu interpretieren (Erstellung von wissenschaftlichen Artikeln, Teilnahme an verschiedenen wissenschaftlichen Foren)\u00a0<\/span><\/p>\n<div class=\"fontos_div\">\n<p style=\"text-align: justify\"><span style=\"font-size: 14pt\">TDK-Verantwortlicher unseres Instituts:<strong> <br \/>\n<span style=\"color: #000080\">Dr. B\u00e9la Kocsis<\/span><\/strong> <\/span><br \/>\n<span style=\"font-size: 14pt\"><a href=\"mailto:kocsis.bela@med.semmelweis-univ.hu\">kocsis.bela@med.semmelweis-univ.hu<\/a><\/span><\/p>\n<\/div>\n<p><span style=\"font-size: 14pt\">Wenn Sie sich interessieren, freuen wir uns auf Ihre Bewerbung!<\/span><\/p>\n","protected":false},"excerpt":{"rendered":"<p>Das Institut f\u00fcr Medizinische Mikrobiologie begr\u00fc\u00dft Studenten, die sich f\u00fcr Mikrobiologie interessieren. In unserem Institut ist es m\u00f6glich, sich an Arbeitsprozessen zu aktuellen\u00a0Forschungsthemen zu beteiligen. Neben der Koordinierung von Forschungsaktivit\u00e4ten helfen unsere Forschungsthemenleitern ihre Studenten auch dabei, ihre Ergebnisse zu interpretieren (Erstellung von wissenschaftlichen Artikeln, Teilnahme an verschiedenen wissenschaftlichen Foren)\u00a0 TDK-Verantwortlicher unseres Instituts: Dr. B\u00e9la &hellip;<\/p>\n","protected":false},"author":182,"featured_media":0,"parent":1978,"menu_order":0,"comment_status":"closed","ping_status":"closed","template":"","meta":{"_acf_changed":false,"footnotes":""},"categories":[],"tags":[],"class_list":["post-1972","page","type-page","status-publish","hentry"],"acf":[],"_links":{"self":[{"href":"https:\/\/semmelweis.hu\/mikrobiologia\/wp-json\/wp\/v2\/pages\/1972","targetHints":{"allow":["GET"]}}],"collection":[{"href":"https:\/\/semmelweis.hu\/mikrobiologia\/wp-json\/wp\/v2\/pages"}],"about":[{"href":"https:\/\/semmelweis.hu\/mikrobiologia\/wp-json\/wp\/v2\/types\/page"}],"author":[{"embeddable":true,"href":"https:\/\/semmelweis.hu\/mikrobiologia\/wp-json\/wp\/v2\/users\/182"}],"replies":[{"embeddable":true,"href":"https:\/\/semmelweis.hu\/mikrobiologia\/wp-json\/wp\/v2\/comments?post=1972"}],"version-history":[{"count":9,"href":"https:\/\/semmelweis.hu\/mikrobiologia\/wp-json\/wp\/v2\/pages\/1972\/revisions"}],"predecessor-version":[{"id":3030,"href":"https:\/\/semmelweis.hu\/mikrobiologia\/wp-json\/wp\/v2\/pages\/1972\/revisions\/3030"}],"up":[{"embeddable":true,"href":"https:\/\/semmelweis.hu\/mikrobiologia\/wp-json\/wp\/v2\/pages\/1978"}],"wp:attachment":[{"href":"https:\/\/semmelweis.hu\/mikrobiologia\/wp-json\/wp\/v2\/media?parent=1972"}],"wp:term":[{"taxonomy":"category","embeddable":true,"href":"https:\/\/semmelweis.hu\/mikrobiologia\/wp-json\/wp\/v2\/categories?post=1972"},{"taxonomy":"post_tag","embeddable":true,"href":"https:\/\/semmelweis.hu\/mikrobiologia\/wp-json\/wp\/v2\/tags?post=1972"}],"curies":[{"name":"wp","href":"https:\/\/api.w.org\/{rel}","templated":true}]}}