{"id":1966,"date":"2022-05-09T23:41:41","date_gmt":"2022-05-09T21:41:41","guid":{"rendered":"https:\/\/semmelweis.hu\/mikrobiologia\/?page_id=1966"},"modified":"2025-11-04T09:38:10","modified_gmt":"2025-11-04T08:38:10","slug":"allgemeine-informationen","status":"publish","type":"page","link":"https:\/\/semmelweis.hu\/mikrobiologia\/de\/unterricht\/allgemeine-informationen\/","title":{"rendered":"Allgemeine Informationen"},"content":{"rendered":"<div class=\"responsive-tabs\">\n<h2 class=\"tabtitle\">Bildungsprofil unseres Instituts<\/h2>\n<div class=\"tabcontent\">\n\n<h3><span style=\"color: #000080\"><strong>Bildungsprofil unseres Instituts<\/strong><\/span><\/h3>\n<p style=\"text-align: justify\"><a href=\"https:\/\/semmelweis.hu\/mikrobiologia\/files\/2022\/05\/RS148666_C19A0001-crop-scaled.jpg\"><img loading=\"lazy\" decoding=\"async\" class=\"wp-image-2141 size-medium alignleft\" src=\"https:\/\/semmelweis.hu\/mikrobiologia\/files\/2022\/05\/RS148666_C19A0001-crop-300x182.jpg\" alt=\"\" width=\"300\" height=\"182\" srcset=\"https:\/\/semmelweis.hu\/mikrobiologia\/files\/2022\/05\/RS148666_C19A0001-crop-300x182.jpg 300w, https:\/\/semmelweis.hu\/mikrobiologia\/files\/2022\/05\/RS148666_C19A0001-crop-1024x621.jpg 1024w, https:\/\/semmelweis.hu\/mikrobiologia\/files\/2022\/05\/RS148666_C19A0001-crop-768x466.jpg 768w, https:\/\/semmelweis.hu\/mikrobiologia\/files\/2022\/05\/RS148666_C19A0001-crop-494x300.jpg 494w, https:\/\/semmelweis.hu\/mikrobiologia\/files\/2022\/05\/RS148666_C19A0001-crop-1536x932.jpg 1536w, https:\/\/semmelweis.hu\/mikrobiologia\/files\/2022\/05\/RS148666_C19A0001-crop-2048x1243.jpg 2048w\" sizes=\"auto, (max-width: 300px) 100vw, 300px\" \/><\/a>Unseres Institut ist verantwortlich f\u00fcr Mikrobiologie Unterricht nicht nur bei Ungarische, sondern Englische und Deutsche Studenten auch an alle drei Fakult\u00e4ten der\u00a0Semmelweis Universit\u00e4t (<em>Fakult\u00e4t f\u00fcr Medizin<\/em>,\u00a0<em>Fakult\u00e4t f\u00fcr\u00a0<\/em><em>Zahnheilkunde und Fakult\u00e4t f\u00fcr Pharmazie<\/em>). Das Mikrobiologie Curriculum wird von Medizinstudenten in zwei Semestern und Zahnarzt- und Pharmazie-Studenten in einem Semester durch Vorlesungen und Praktiken erworben.<\/p>\n<p style=\"text-align: justify\">Die Kollegen unseres Instituts sehen es als eine grundlegende Aufgabe an,\u00a0<span style=\"color: #000080\"><strong>einen mikrobiologischen<\/strong>\u00a0<strong>Ansatz zu formen und weitergeben, der f\u00fcr jede t\u00e4gliche Praxis erforderlich ist<\/strong>.\u00a0<\/span>In Anbetracht der unterschiedlichen Bed\u00fcrfnisse der Fakult\u00e4ten der Universit\u00e4t bauen wir kontinuierlich im Curriculum moderne aktuelle Aspekte von Mikrobiologie ein.<\/p>\n<div class=\"keretes w-100\">\n<p style=\"text-align: justify\">Unterrichtsmaterialien der bestimmten Fakult\u00e4ten und aktuelles Jahres\u00a0 (<span style=\"color: #000080\"><strong>Kolloquium- und Rigorosum Themenkatalog- und Vortestfragen, Vorlesungs- und Praktikumsthematiken, Hilfsmittel, Vorlesungsunterlagen, Stundenplan und Fachanforderungen<\/strong><\/span>) sind\u00a0 auf\u00a0\u00a0<a href=\"https:\/\/itc.semmelweis.hu\/moodle\/\" target=\"_blank\" rel=\"noopener\">Semmelweis Universit\u00e4t E-learning Website<\/a> hochgeladen.<\/p>\n<\/div>\n\n<\/div><h2 class=\"tabtitle\">e-Lehrbuch<\/h2>\n<div class=\"tabcontent\">\n\n<h3><span style=\"color: #000080\"><strong>e-Lehrbuch<\/strong><\/span><\/h3>\n<p style=\"text-align: justify\"><img loading=\"lazy\" decoding=\"async\" class=\"size-full wp-image-2964 alignleft\" src=\"https:\/\/semmelweis.hu\/mikrobiologia\/files\/2022\/10\/Medizinische-Mikrobiologie-Lehrbuch-3.png\" alt=\"\" width=\"285\" height=\"381\" \/>Das von den Lehrern unseres Instituts zusammengestellte e-Lehrbuch hilft,\u00a0<span style=\"color: #000080\"><strong>die Grundlagen der Mikrobiologie zu beherrschen und die f\u00fcr den klinischen Alltag notwendigen Informationen zusammenzufassen.\u00a0<\/strong><\/span>\u00a0(Editor: Prof. Dr. D\u00f3ra Szab\u00f3) Dieses e-Lehrbuch ist erreichbar f\u00fcr die Studenten von Semmelweis Universit\u00e4t durch unsere E-learning Webseite. Weitere Informationen sind verf\u00fcgbar\u00a0<a href=\"https:\/\/www.semmelweiskiado.hu\/termek\/1822\/grundlagen-der-medizinischen-mikrobiologie-e-lehrbuch\" target=\"_blank\" rel=\"noopener\">hier.<\/a><\/p>\n\n<\/div><h2 class=\"tabtitle\">Studienadministration<\/h2>\n<div class=\"tabcontent\">\n\n<h3><span style=\"color: #000080\"><strong>Studienadministration<\/strong><\/span><\/h3>\n<ul>\n<li><strong><span style=\"color: #000080\">Dr. B\u00e9la Kocsis<\/span>\u00a0<\/strong>\n<ul>\n<li><strong>Tutor der Deutschen Studenten\u00a0<\/strong><\/li>\n<li>E-mail:\u00a0<a href=\"mailto:kocsis.bela@med.semmelweis-univ.hu\">kocsis.bela@med.semmelweis-univ.hu<\/a><\/li>\n<li>\u00a0Tel.:\u00a0<strong>+36-1-459-1500 \/<\/strong>Nebenstellennr.:<strong>56319<\/strong><\/li>\n<\/ul>\n<\/li>\n<\/ul>\n<ul>\n<li><span style=\"color: #000080\"><strong>Erika Szemes<\/strong><\/span>\n<ul>\n<li><strong>Administratorin<\/strong><\/li>\n<li><strong>E-mail:<\/strong>\u00a0<a href=\"mailto:szemes.erika@med.semmelweis-univ.hu\">szemes.erika@med.semmelweis-univ.hu<\/a><\/li>\n<li>Tel.:<strong>+36-1-459-1500\/<\/strong>Nebenstellennr.:<strong>\u00a056215<\/strong><\/li>\n<\/ul>\n<\/li>\n<\/ul>\n<\/div><\/div>\n","protected":false},"excerpt":{"rendered":"<p>Bildungsprofil unseres Instituts <a href=\"https:\/\/semmelweis.hu\/mikrobiologia\/files\/2022\/05\/RS148666_C19A0001-crop-scaled.jpg\"><\/a> Unseres Institut ist verantwortlich f\u00fcr Mikrobiologie Unterricht nicht nur bei Ungarische, sondern Englische und Deutsche Studenten auch an alle drei Fakult\u00e4ten der\u00a0Semmelweis Universit\u00e4t (Fakult\u00e4t f\u00fcr Medizin,\u00a0Fakult\u00e4t f\u00fcr\u00a0Zahnheilkunde und Fakult\u00e4t f\u00fcr Pharmazie). Das Mikrobiologie Curriculum wird von Medizinstudenten in zwei Semestern und Zahnarzt- und Pharmazie-Studenten in einem Semester durch Vorlesungen und Praktiken erworben. &hellip;<\/p>\n","protected":false},"author":182,"featured_media":0,"parent":3045,"menu_order":0,"comment_status":"closed","ping_status":"closed","template":"","meta":{"_acf_changed":false,"footnotes":""},"categories":[],"tags":[],"class_list":["post-1966","page","type-page","status-publish","hentry"],"acf":[],"_links":{"self":[{"href":"https:\/\/semmelweis.hu\/mikrobiologia\/wp-json\/wp\/v2\/pages\/1966","targetHints":{"allow":["GET"]}}],"collection":[{"href":"https:\/\/semmelweis.hu\/mikrobiologia\/wp-json\/wp\/v2\/pages"}],"about":[{"href":"https:\/\/semmelweis.hu\/mikrobiologia\/wp-json\/wp\/v2\/types\/page"}],"author":[{"embeddable":true,"href":"https:\/\/semmelweis.hu\/mikrobiologia\/wp-json\/wp\/v2\/users\/182"}],"replies":[{"embeddable":true,"href":"https:\/\/semmelweis.hu\/mikrobiologia\/wp-json\/wp\/v2\/comments?post=1966"}],"version-history":[{"count":10,"href":"https:\/\/semmelweis.hu\/mikrobiologia\/wp-json\/wp\/v2\/pages\/1966\/revisions"}],"predecessor-version":[{"id":4024,"href":"https:\/\/semmelweis.hu\/mikrobiologia\/wp-json\/wp\/v2\/pages\/1966\/revisions\/4024"}],"up":[{"embeddable":true,"href":"https:\/\/semmelweis.hu\/mikrobiologia\/wp-json\/wp\/v2\/pages\/3045"}],"wp:attachment":[{"href":"https:\/\/semmelweis.hu\/mikrobiologia\/wp-json\/wp\/v2\/media?parent=1966"}],"wp:term":[{"taxonomy":"category","embeddable":true,"href":"https:\/\/semmelweis.hu\/mikrobiologia\/wp-json\/wp\/v2\/categories?post=1966"},{"taxonomy":"post_tag","embeddable":true,"href":"https:\/\/semmelweis.hu\/mikrobiologia\/wp-json\/wp\/v2\/tags?post=1966"}],"curies":[{"name":"wp","href":"https:\/\/api.w.org\/{rel}","templated":true}]}}