{"id":1962,"date":"2022-05-09T23:40:38","date_gmt":"2022-05-09T21:40:38","guid":{"rendered":"https:\/\/semmelweis.hu\/mikrobiologia\/?page_id=1962"},"modified":"2023-04-30T00:15:53","modified_gmt":"2023-04-29T22:15:53","slug":"kurzgeschichte-unseres-instituts","status":"publish","type":"page","link":"https:\/\/semmelweis.hu\/mikrobiologia\/de\/ueber-uns\/kurzgeschichte-unseres-instituts\/","title":{"rendered":"Kurzgeschichte unseres Institutes"},"content":{"rendered":"<div class=\"fontos_div\">\n<p style=\"text-align: justify\"><span style=\"font-size: 14pt\">Das Institut f\u00fcr Medizinische Mikrobiologie hat eine lange Geschichte, wir feierten den<span style=\"color: #000080\"><strong> 70. Jahrestag seiner Existenz in 2018<\/strong><\/span>. Ein kurzer \u00dcberblick \u00fcber die Jubil\u00e4umsfeier finden Sie <a href=\"https:\/\/semmelweis.hu\/english\/2018\/11\/institute-of-medical-microbiology-celebrates-its-70th-anniversary\/\" target=\"_blank\" rel=\"noopener\">hier<\/a>.<\/span><\/p>\n<\/div>\n<p style=\"text-align: justify\">Der Unterricht der Mikrobiologie begann <span style=\"color: #000080\"><strong>1883<\/strong><\/span> an der Universit\u00e4t unter der Leitung von<span style=\"color: #000080\"> <strong>Endre H\u0151gyes<\/strong><\/span> am General Institut von Pathologie und Bakteriologie, das im <span style=\"color: #000080\"><strong>ehemaligen Pasteur-Institut in Budapest<\/strong><\/span> war<em><a href=\"https:\/\/semmelweis.hu\/mikrobiologia\/files\/2022\/05\/image_6483441.jpg\"><img loading=\"lazy\" decoding=\"async\" class=\" wp-image-1648 alignleft\" src=\"https:\/\/semmelweis.hu\/mikrobiologia\/files\/2022\/05\/image_6483441-300x225.jpg\" alt=\"\" width=\"224\" height=\"168\" srcset=\"https:\/\/semmelweis.hu\/mikrobiologia\/files\/2022\/05\/image_6483441-300x225.jpg 300w, https:\/\/semmelweis.hu\/mikrobiologia\/files\/2022\/05\/image_6483441-1024x768.jpg 1024w, https:\/\/semmelweis.hu\/mikrobiologia\/files\/2022\/05\/image_6483441-768x576.jpg 768w, https:\/\/semmelweis.hu\/mikrobiologia\/files\/2022\/05\/image_6483441-400x300.jpg 400w, https:\/\/semmelweis.hu\/mikrobiologia\/files\/2022\/05\/image_6483441-1536x1151.jpg 1536w, https:\/\/semmelweis.hu\/mikrobiologia\/files\/2022\/05\/image_6483441.jpg 2025w\" sizes=\"auto, (max-width: 224px) 100vw, 224px\" \/><\/a><\/em>. <span style=\"color: #000080\"><strong>1948<\/strong><\/span> wurde das Unterrichten von Mikrobiologie als eigenst\u00e4ndiges Curriculum zur Aufgabe des Instituts f\u00fcr Bakteriologie und Immunit\u00e4t. <span style=\"color: #000080\"><strong>1950<\/strong><\/span> wurde es auf Vorschlag seines ersten Direktors, <span style=\"color: #000080\"><strong>Ferenc Farag\u00f3<\/strong><\/span> in Institut f\u00fcr Mikrobiologie und <span style=\"color: #000080\"><strong>1999<\/strong><\/span> in Institut f\u00fcr Medizinische Mikrobiologie umbenannt. Unser Institut ist seit <span style=\"color: #000080\"><strong>1978<\/strong><\/span> im <span style=\"color: #000080\"><strong>9-11ten Stock Semmelweis Universit\u00e4t Nagyv\u00e1rad t\u00e9ri Elm\u00e9leti T\u00f6mb (NET)<\/strong><\/span> und <span style=\"color: #000080\"><strong>Piroska Anderlik Versuchstierhaus <\/strong><\/span>im 22sten Stock.<\/p>\n<figure id=\"attachment_1649\" aria-describedby=\"caption-attachment-1649\" style=\"width: 321px\" class=\"wp-caption alignleft\"><a href=\"https:\/\/semmelweis.hu\/mikrobiologia\/files\/2022\/05\/RS68766_KA-20171109-IMG_0673-scr.jpg\"><img loading=\"lazy\" decoding=\"async\" class=\"wp-image-1649\" src=\"https:\/\/semmelweis.hu\/mikrobiologia\/files\/2022\/05\/RS68766_KA-20171109-IMG_0673-scr-300x200.jpg\" alt=\"\" width=\"321\" height=\"214\" srcset=\"https:\/\/semmelweis.hu\/mikrobiologia\/files\/2022\/05\/RS68766_KA-20171109-IMG_0673-scr-300x200.jpg 300w, https:\/\/semmelweis.hu\/mikrobiologia\/files\/2022\/05\/RS68766_KA-20171109-IMG_0673-scr-768x512.jpg 768w, https:\/\/semmelweis.hu\/mikrobiologia\/files\/2022\/05\/RS68766_KA-20171109-IMG_0673-scr-450x300.jpg 450w, https:\/\/semmelweis.hu\/mikrobiologia\/files\/2022\/05\/RS68766_KA-20171109-IMG_0673-scr.jpg 950w\" sizes=\"auto, (max-width: 321px) 100vw, 321px\" \/><\/a><figcaption id=\"caption-attachment-1649\" class=\"wp-caption-text\"><strong>Prof. Dr. D\u00f3ra Szab\u00f3 und Prof. Dr. Istv\u00e1n N\u00e1sz bei Semmelweis Symposium<\/strong><\/figcaption><\/figure>\n<p style=\"text-align: justify\"><span style=\"color: #000080\"><strong>2017 <\/strong><\/span>gewann unser Institut die Organisation von<span style=\"color: #000080\"><strong> 26. Semmelweis-Symposium. <\/strong><\/span>An dieser zweit\u00e4giger Veranstaltung <strong><i><em>(<\/em><\/i><\/strong><i><em><span style=\"color: #000080\">&#8222;<\/span><\/em><\/i><strong><i><em><span style=\"color: #000080\">New challenges in Microbiology&#8221;<\/span><\/em>)<\/i><\/strong> wurden mehr als 30 Vorlesungen gemacht<strong>.<\/strong> 10 ausl\u00e4ndische Referenten folgten unserer Einladung zum Symposium, unsere G\u00e4ste kamen aus renommierten Institutionen, beispielweise<strong>\u00a0<span style=\"color: #000080\">Institut Pasteur<\/span><\/strong> (Paris) und <span style=\"color: #000080\"><strong>Institut<\/strong>\u00a0<strong>Karolinska <\/strong><\/span>(Stockholm). Einen kurzen \u00dcberblick \u00fcber die Veranstaltung finden Sie <a href=\"https:\/\/semmelweis.hu\/english\/2017\/11\/26th-semmelweis-symposium-new-challenges-in-microbiology\/\" target=\"_blank\" rel=\"noopener\">hier<\/a>. Im selben Jahr feierten wir auch den <span style=\"color: #000080\"><strong>90-j\u00e4hrigen Geburtstag von Dr. Istv\u00e1n N\u00e1sz emeritierter Professor<\/strong><\/span>\u00a0Gr\u00fcndungsmitglied und ehemaliger Direktor unseres Instituts.<\/p>\n<p style=\"text-align: justify\"><span style=\"color: #000080\"><strong>Ehemalige Direktoren unseres Institutes:<\/strong><\/span><\/p>\n<ul style=\"list-style-type: disc\">\n<li style=\"text-align: justify\"><span style=\"color: #000080\"><strong>Endre H\u0151gyes:<\/strong><\/span> 1883\u20131906<\/li>\n<li style=\"text-align: justify\"><span style=\"color: #000080\"><strong>Hug\u00f3 Preisz:<\/strong><\/span> 1907\u20131931<\/li>\n<li style=\"text-align: justify\"><span style=\"color: #000080\"><strong>S\u00e1ndor Bel\u00e1k:<\/strong><\/span> 1932\u20131947<\/li>\n<li style=\"text-align: justify\"><strong><span style=\"color: #000080\">Ferenc Farag\u00f3<\/span>:<\/strong> 1948\u20131950<\/li>\n<li style=\"text-align: justify\"><span style=\"color: #000080\"><strong>Zolt\u00e1n Alf\u00f6ldy:<\/strong><\/span> 1950\u20131974<\/li>\n<li style=\"text-align: justify\"><span style=\"color: #000080\"><strong>Istv\u00e1n N\u00e1sz:<\/strong><\/span> 1974\u20131994<\/li>\n<li style=\"text-align: justify\"><span style=\"color: #000080\"><strong>\u00c9va \u00c1gnes \u00c1d\u00e1m:<\/strong><\/span> 1994\u20131995<\/li>\n<li style=\"text-align: justify\"><span style=\"color: #000080\"><strong>Piroska Anderlik:<\/strong><\/span> 1995\u20131996<\/li>\n<li style=\"text-align: justify\"><span style=\"color: #000080\"><strong>Ferenc Rozgonyi:<\/strong> <\/span>1996\u2013 2003<\/li>\n<li style=\"text-align: justify\"><span style=\"color: #000080\"><strong>Zsuzsanna F\u00fcrst:<\/strong><\/span> 2003\u20132004<\/li>\n<li style=\"text-align: justify\"><span style=\"color: #000080\"><strong>K\u00e1roly Nagy<\/strong>:<\/span> 2004-2014<\/li>\n<li style=\"text-align: justify\"><span style=\"color: #000080\"><strong>D\u00f3ra Szab\u00f3: <\/strong><\/span>von 2014-<\/li>\n<\/ul>\n<div class=\"fontos_div\">\n<p style=\"text-align: justify\"><span style=\"font-size: 14pt\">Relikte, Archive, Annalen aus verschiedenen Epochen der Geschichte unseres Instituts sind im 9ten Stock von NET im <span style=\"color: #000080\"><strong>Mikrobiologie Museum<\/strong><\/span> erhalten.- &#8222;<em>Ad perpetuam rei memoriam&#8221;<\/em>.<\/span><\/p>\n<\/div>\n","protected":false},"excerpt":{"rendered":"<p>Das Institut f\u00fcr Medizinische Mikrobiologie hat eine lange Geschichte, wir feierten den 70. Jahrestag seiner Existenz in 2018. Ein kurzer \u00dcberblick \u00fcber die Jubil\u00e4umsfeier finden Sie <a href=\"https:\/\/semmelweis.hu\/english\/2018\/11\/institute-of-medical-microbiology-celebrates-its-70th-anniversary\/\" target=\"_blank\" rel=\"noopener\">hier<\/a> . Der Unterricht der Mikrobiologie begann 1883 an der Universit\u00e4t unter der Leitung von Endre H\u0151gyes am General Institut von Pathologie und Bakteriologie, das im ehemaligen Pasteur-Institut in Budapest &hellip;<\/p>\n","protected":false},"author":182,"featured_media":0,"parent":3063,"menu_order":1,"comment_status":"closed","ping_status":"closed","template":"","meta":{"_acf_changed":false,"footnotes":""},"categories":[],"tags":[],"class_list":["post-1962","page","type-page","status-publish","hentry"],"acf":[],"_links":{"self":[{"href":"https:\/\/semmelweis.hu\/mikrobiologia\/wp-json\/wp\/v2\/pages\/1962","targetHints":{"allow":["GET"]}}],"collection":[{"href":"https:\/\/semmelweis.hu\/mikrobiologia\/wp-json\/wp\/v2\/pages"}],"about":[{"href":"https:\/\/semmelweis.hu\/mikrobiologia\/wp-json\/wp\/v2\/types\/page"}],"author":[{"embeddable":true,"href":"https:\/\/semmelweis.hu\/mikrobiologia\/wp-json\/wp\/v2\/users\/182"}],"replies":[{"embeddable":true,"href":"https:\/\/semmelweis.hu\/mikrobiologia\/wp-json\/wp\/v2\/comments?post=1962"}],"version-history":[{"count":10,"href":"https:\/\/semmelweis.hu\/mikrobiologia\/wp-json\/wp\/v2\/pages\/1962\/revisions"}],"predecessor-version":[{"id":3706,"href":"https:\/\/semmelweis.hu\/mikrobiologia\/wp-json\/wp\/v2\/pages\/1962\/revisions\/3706"}],"up":[{"embeddable":true,"href":"https:\/\/semmelweis.hu\/mikrobiologia\/wp-json\/wp\/v2\/pages\/3063"}],"wp:attachment":[{"href":"https:\/\/semmelweis.hu\/mikrobiologia\/wp-json\/wp\/v2\/media?parent=1962"}],"wp:term":[{"taxonomy":"category","embeddable":true,"href":"https:\/\/semmelweis.hu\/mikrobiologia\/wp-json\/wp\/v2\/categories?post=1962"},{"taxonomy":"post_tag","embeddable":true,"href":"https:\/\/semmelweis.hu\/mikrobiologia\/wp-json\/wp\/v2\/tags?post=1962"}],"curies":[{"name":"wp","href":"https:\/\/api.w.org\/{rel}","templated":true}]}}