{"id":1694,"date":"2022-05-06T10:02:09","date_gmt":"2022-05-06T08:02:09","guid":{"rendered":"https:\/\/semmelweis.hu\/mikrobiologia\/?page_id=1694"},"modified":"2022-11-03T21:43:18","modified_gmt":"2022-11-03T20:43:18","slug":"ueber-uns-2","status":"publish","type":"page","link":"https:\/\/semmelweis.hu\/mikrobiologia\/de\/ueber-uns\/ueber-uns-2\/","title":{"rendered":"Vorstellung"},"content":{"rendered":"<p style=\"text-align: justify\"><a href=\"https:\/\/semmelweis.hu\/mikrobiologia\/files\/2022\/05\/RS148667_C19A0013-1-scaled.jpg\"><img loading=\"lazy\" decoding=\"async\" class=\"size-medium wp-image-1824 alignleft\" src=\"https:\/\/semmelweis.hu\/mikrobiologia\/files\/2022\/05\/RS148667_C19A0013-1-300x200.jpg\" alt=\"\" width=\"300\" height=\"200\" srcset=\"https:\/\/semmelweis.hu\/mikrobiologia\/files\/2022\/05\/RS148667_C19A0013-1-300x200.jpg 300w, https:\/\/semmelweis.hu\/mikrobiologia\/files\/2022\/05\/RS148667_C19A0013-1-1024x683.jpg 1024w, https:\/\/semmelweis.hu\/mikrobiologia\/files\/2022\/05\/RS148667_C19A0013-1-768x512.jpg 768w, https:\/\/semmelweis.hu\/mikrobiologia\/files\/2022\/05\/RS148667_C19A0013-1-450x300.jpg 450w, https:\/\/semmelweis.hu\/mikrobiologia\/files\/2022\/05\/RS148667_C19A0013-1-1536x1024.jpg 1536w, https:\/\/semmelweis.hu\/mikrobiologia\/files\/2022\/05\/RS148667_C19A0013-1-2048x1365.jpg 2048w\" sizes=\"auto, (max-width: 300px) 100vw, 300px\" \/><\/a>Mikrobiologie ist eine Wissenschaft, die sich mit der Charakterisierung verschiedener Mikroorganismen und Krankheitserreger befasst. Die Forscher unseres Instituts sind akkreditierte Themaleitern, und w\u00e4hrend unserer <span style=\"color: #000080\"><strong>PhD Progamme<\/strong><\/span> und der <span style=\"color: #000080\"><strong>TDK-Arbeit <\/strong><\/span>begr\u00fc\u00dfen wir kontinuierlich diejenigen, die sich f\u00fcr Mikrobiologie interessieren. Zus\u00e4tzlich zur Forschungsarbeiten erledigen unsere Mitarbeiter entscheidende Aufgaben in <span style=\"color: #000080\"><strong>Ausbildung von Ungarischen, Englischen und Deutschen Fakult\u00e4t f\u00fcr Medizin-, Zahnheilkunde- und Pharmazie Studenten<\/strong>.<\/span> Im Rahmen der Edukation bietet unser Institut auch eine Chance f\u00fcr interessierte Studenten f\u00fcr <span style=\"color: #000080\"><strong>Demonstrations\u00e4tigkeit<\/strong> (Hilfslehrer)<\/span> .<\/p>\n<p style=\"text-align: justify\"><em><strong><a href=\"https:\/\/semmelweis.hu\/mikrobiologia\/files\/2022\/05\/RS148735_C19A0406-1-scaled.jpg\"><img loading=\"lazy\" decoding=\"async\" class=\"alignright wp-image-1838 \" src=\"https:\/\/semmelweis.hu\/mikrobiologia\/files\/2022\/05\/RS148735_C19A0406-1-150x150.jpg\" alt=\"\" width=\"276\" height=\"276\" srcset=\"https:\/\/semmelweis.hu\/mikrobiologia\/files\/2022\/05\/RS148735_C19A0406-1-150x150.jpg 150w, https:\/\/semmelweis.hu\/mikrobiologia\/files\/2022\/05\/RS148735_C19A0406-1-144x144.jpg 144w, https:\/\/semmelweis.hu\/mikrobiologia\/files\/2022\/05\/RS148735_C19A0406-1-90x90.jpg 90w\" sizes=\"auto, (max-width: 276px) 100vw, 276px\" \/><\/a><\/strong><\/em> Wir bieten auch<span style=\"color: #000080\"><strong> Postgraduiertenkurse in Medizinischer- und Klinischer Mikrobiologie <\/strong><\/span>an. Unser Institut beteiligt sich aktiv an der theoretischen und praktischen<span style=\"color: #000080\"><strong> Fachausbildung der Resident \u00c4rzte und Klinischen Mikrobiologenkollegen.<\/strong><\/span><\/p>\n<p style=\"text-align: justify\">Au\u00dferdem wird die internationale Fachzeitschrift\u00a0 <span style=\"color: #000080\"><strong><em>Acta Microbiologica et Immunologica Hungarica<\/em><\/strong><\/span> (Chefredakteurin: Prof. Dr. D\u00f3ra Szab\u00f3) durch unsere f\u00fchrenden Kollegen auch in unserem Institut editiert. Die offizielle Website des Journals ist \u00a0<a href=\"https:\/\/akjournals.com\/view\/journals\/030\/030-overview.xml\" target=\"_blank\" rel=\"noopener\">hier<\/a> verf\u00fcgbar.<\/p>\n","protected":false},"excerpt":{"rendered":"<p><a href=\"https:\/\/semmelweis.hu\/mikrobiologia\/files\/2022\/05\/RS148667_C19A0013-1-scaled.jpg\"><\/a> Mikrobiologie ist eine Wissenschaft, die sich mit der Charakterisierung verschiedener Mikroorganismen und Krankheitserreger befasst. Die Forscher unseres Instituts sind akkreditierte Themaleitern, und w\u00e4hrend unserer PhD Progamme und der TDK-Arbeit begr\u00fc\u00dfen wir kontinuierlich diejenigen, die sich f\u00fcr Mikrobiologie interessieren. Zus\u00e4tzlich zur Forschungsarbeiten erledigen unsere Mitarbeiter entscheidende Aufgaben in Ausbildung von Ungarischen, Englischen und Deutschen Fakult\u00e4t f\u00fcr &hellip;<\/p>\n","protected":false},"author":101997,"featured_media":2358,"parent":3063,"menu_order":0,"comment_status":"closed","ping_status":"closed","template":"","meta":{"_acf_changed":false,"footnotes":""},"categories":[],"tags":[],"class_list":["post-1694","page","type-page","status-publish","has-post-thumbnail","hentry"],"acf":[],"_links":{"self":[{"href":"https:\/\/semmelweis.hu\/mikrobiologia\/wp-json\/wp\/v2\/pages\/1694","targetHints":{"allow":["GET"]}}],"collection":[{"href":"https:\/\/semmelweis.hu\/mikrobiologia\/wp-json\/wp\/v2\/pages"}],"about":[{"href":"https:\/\/semmelweis.hu\/mikrobiologia\/wp-json\/wp\/v2\/types\/page"}],"author":[{"embeddable":true,"href":"https:\/\/semmelweis.hu\/mikrobiologia\/wp-json\/wp\/v2\/users\/101997"}],"replies":[{"embeddable":true,"href":"https:\/\/semmelweis.hu\/mikrobiologia\/wp-json\/wp\/v2\/comments?post=1694"}],"version-history":[{"count":6,"href":"https:\/\/semmelweis.hu\/mikrobiologia\/wp-json\/wp\/v2\/pages\/1694\/revisions"}],"predecessor-version":[{"id":3006,"href":"https:\/\/semmelweis.hu\/mikrobiologia\/wp-json\/wp\/v2\/pages\/1694\/revisions\/3006"}],"up":[{"embeddable":true,"href":"https:\/\/semmelweis.hu\/mikrobiologia\/wp-json\/wp\/v2\/pages\/3063"}],"wp:featuredmedia":[{"embeddable":true,"href":"https:\/\/semmelweis.hu\/mikrobiologia\/wp-json\/wp\/v2\/media\/2358"}],"wp:attachment":[{"href":"https:\/\/semmelweis.hu\/mikrobiologia\/wp-json\/wp\/v2\/media?parent=1694"}],"wp:term":[{"taxonomy":"category","embeddable":true,"href":"https:\/\/semmelweis.hu\/mikrobiologia\/wp-json\/wp\/v2\/categories?post=1694"},{"taxonomy":"post_tag","embeddable":true,"href":"https:\/\/semmelweis.hu\/mikrobiologia\/wp-json\/wp\/v2\/tags?post=1694"}],"curies":[{"name":"wp","href":"https:\/\/api.w.org\/{rel}","templated":true}]}}