{"id":1550,"date":"2022-04-28T12:22:53","date_gmt":"2022-04-28T10:22:53","guid":{"rendered":"https:\/\/semmelweis.hu\/mikrobiologia\/?page_id=1550"},"modified":"2023-06-28T20:26:47","modified_gmt":"2023-06-28T18:26:47","slug":"amresu","status":"publish","type":"page","link":"https:\/\/semmelweis.hu\/mikrobiologia\/kutatas\/nemzetkozi-palyazatok\/amresu\/","title":{"rendered":"Antimicrobial Resistance Surveillance (AmReSu)"},"content":{"rendered":"<p style=\"text-align: justify\"><div class=\"responsive-tabs\">\n<h2 class=\"tabtitle\">Projekt t\u00e1j\u00e9koztat\u00f3<\/h2>\n<div class=\"tabcontent\">\n<strong><a href=\"https:\/\/semmelweis.hu\/mikrobiologia\/files\/2022\/01\/amresu_logo.jpg\"><img loading=\"lazy\" decoding=\"async\" class=\"wp-image-1475 alignleft\" src=\"https:\/\/semmelweis.hu\/mikrobiologia\/files\/2022\/01\/amresu_logo-300x169.jpg\" alt=\"AmReSu\" width=\"215\" height=\"121\" srcset=\"https:\/\/semmelweis.hu\/mikrobiologia\/files\/2022\/01\/amresu_logo-300x169.jpg 300w, https:\/\/semmelweis.hu\/mikrobiologia\/files\/2022\/01\/amresu_logo.jpg 364w\" sizes=\"auto, (max-width: 215px) 100vw, 215px\" \/><\/a><\/strong><\/p>\n<p style=\"text-align: justify\"><span style=\"color: #000080\"><strong>Az antimikrobi\u00e1lis rezisztencia fel\u00fcgyelet\u00e9nek (AntiMicrobial Resistance Surveillance -\u201cAmReSu\u201d) fejleszt\u00e9se Horv\u00e1torsz\u00e1gban \u00e9s Magyarorsz\u00e1gon<\/strong><\/span><\/p>\n<p style=\"text-align: justify\">A projekt c\u00e9lja, hogy egy teljesen \u00faj szintre fejlessze az antimikrobi\u00e1lis rezisztencia fel\u00fcgyelet\u00e9t (AMR surveillance), \u00e9s az antibiotikum rezisztencia g\u00e9nek vizsg\u00e1lat\u00e1t a legmodernebb <span style=\"color: #000080\"><strong>genomszekven\u00e1l\u00e1si m\u00f3dszerek<\/strong><\/span> seg\u00edts\u00e9g\u00e9vel.<\/p>\n<p style=\"text-align: justify\">A projekt l\u00e9nyege a tud\u00e1stranszfer, mely a vil\u00e1g \u00e9lvonal\u00e1ba tartoz\u00f3 kutat\u00e1si testv\u00e9rint\u00e9zm\u00e9nyek mentor\u00e1l\u00e1s\u00e1ra \u00e9p\u00fcl:<\/p>\n<ul style=\"list-style-type: square\">\n<li style=\"text-align: justify\"><strong><span style=\"color: #003366\">Antwerpeni Egyetem (UAntwerpen) Belgium<\/span><\/strong>b\u00f3l\u00a0<\/li>\n<li style=\"text-align: justify\"><span style=\"color: #003366\"><strong>Bale\u00e1r-szigetek Eg\u00e9szs\u00e9g\u00fcgyi Kutat\u00f3int\u00e9zete (IdISBa) Spanyolorsz\u00e1g<\/strong><\/span>b\u00f3l\u00a0\u00a0<\/li>\n<\/ul>\n<p style=\"text-align: justify\">A mentor\u00e1ltak k\u00f6z\u00e9 tartoznak<\/p>\n<ul style=\"list-style-type: square\">\n<li style=\"text-align: justify\">A projektvezet\u0151<strong> b<span style=\"color: #003366\">udapesti Semmelweis Egyetem<\/span><\/strong> (SU)<\/li>\n<li style=\"text-align: justify\"><span style=\"color: #003366\"><strong>\u00c9s a z\u00e1gr\u00e1bi \u201eDr. Fran Mihaljevi\u0107\u201d Egyetemi K\u00f3rh\u00e1z (BFM) Mikrobiol\u00f3giai laborat\u00f3rium<\/strong><\/span><\/li>\n<\/ul>\n<p><img loading=\"lazy\" decoding=\"async\" class=\"alignleft wp-image-1475\" style=\"text-align: justify\" src=\"https:\/\/semmelweis.hu\/amresu\/files\/2020\/11\/150px-Flag_of_Europe.png\" alt=\"EU\" width=\"158\" height=\"105\" \/><\/p>\n<p style=\"text-align: justify\"><span style=\"color: #003366\"><strong>Ez a projekt az Eur\u00f3pai Uni\u00f3 Horizon 2020 kutat\u00e1si \u00e9s fejleszt\u00e9si programj\u00e1t\u00f3l nyert t\u00e1mogat\u00e1st.<\/strong>(H2020-Twinning Enhanced Networking On Antimicrobial Resistance Surveillance With Next Generation Sequencing )<\/span><\/p>\n<p style=\"text-align: justify\"><span style=\"color: #003366\"><strong>T\u00e1mogat\u00e1si szerz\u0151d\u00e9s azonos\u00edt\u00f3ja (Grant Agreement Id): 952491<\/strong><\/span><\/p>\n<p style=\"text-align: justify\">A projekttel kapcsolatos cikk az <a href=\"https:\/\/semmelweis.hu\/hirek\/2021\/11\/15\/nemzetkozi-projekt-a-semmelweis-egyetem-reszvetelevel-az-antibiotikum-rezisztencia-felugyeletenek-fejleszteseert\/\" target=\"_blank\" rel=\"noopener\">egyetemi h\u00edrport\u00e1lon<\/a> olvashat\u00f3.<\/p>\n\n<\/div><h2 class=\"tabtitle\">AmReSu angol nyelv\u0171 t\u00e1j\u00e9koztat\u00f3k<\/h2>\n<div class=\"tabcontent\">\n\n<p><strong>C\u00edm: <\/strong>Antimicrobial Resistance Surveillance (AmReSu)<\/p>\n<ul style=\"list-style-type: square\">\n<li>Tov\u00e1bbi r\u00e9szletek, aktu\u00e1lis programok az al\u00e1bbi angol oldalakon el\u00e9rhet\u0151ek:<\/li>\n<\/ul>\n<p style=\"padding-left: 40px\"><a href=\"https:\/\/cordis.europa.eu\/project\/id\/952491\" target=\"_blank\" rel=\"noopener\">https:\/\/cordis.europa.eu\/project\/id\/952491<\/a><\/p>\n<p style=\"padding-left: 40px\"><a href=\"https:\/\/semmelweis.hu\/amresu\/\" target=\"_blank\" rel=\"noopener\">https:\/\/semmelweis.hu\/amresu\/<\/a><\/p>\n<\/div><\/div>\n","protected":false},"excerpt":{"rendered":"<p><a href=\"https:\/\/semmelweis.hu\/mikrobiologia\/files\/2022\/01\/amresu_logo.jpg\"><\/a> Az antimikrobi\u00e1lis rezisztencia fel\u00fcgyelet\u00e9nek (AntiMicrobial Resistance Surveillance -\u201cAmReSu\u201d) fejleszt\u00e9se Horv\u00e1torsz\u00e1gban \u00e9s Magyarorsz\u00e1gon A projekt c\u00e9lja, hogy egy teljesen \u00faj szintre fejlessze az antimikrobi\u00e1lis rezisztencia fel\u00fcgyelet\u00e9t (AMR surveillance), \u00e9s az antibiotikum rezisztencia g\u00e9nek vizsg\u00e1lat\u00e1t a legmodernebb genomszekven\u00e1l\u00e1si m\u00f3dszerek seg\u00edts\u00e9g\u00e9vel. A projekt l\u00e9nyege a tud\u00e1stranszfer, mely a vil\u00e1g \u00e9lvonal\u00e1ba tartoz\u00f3 kutat\u00e1si testv\u00e9rint\u00e9zm\u00e9nyek mentor\u00e1l\u00e1s\u00e1ra \u00e9p\u00fcl: Antwerpeni Egyetem (UAntwerpen) &hellip;<\/p>\n","protected":false},"author":182,"featured_media":0,"parent":939,"menu_order":0,"comment_status":"closed","ping_status":"closed","template":"","meta":{"_acf_changed":false,"footnotes":""},"categories":[],"tags":[],"class_list":["post-1550","page","type-page","status-publish","hentry"],"acf":[],"_links":{"self":[{"href":"https:\/\/semmelweis.hu\/mikrobiologia\/wp-json\/wp\/v2\/pages\/1550","targetHints":{"allow":["GET"]}}],"collection":[{"href":"https:\/\/semmelweis.hu\/mikrobiologia\/wp-json\/wp\/v2\/pages"}],"about":[{"href":"https:\/\/semmelweis.hu\/mikrobiologia\/wp-json\/wp\/v2\/types\/page"}],"author":[{"embeddable":true,"href":"https:\/\/semmelweis.hu\/mikrobiologia\/wp-json\/wp\/v2\/users\/182"}],"replies":[{"embeddable":true,"href":"https:\/\/semmelweis.hu\/mikrobiologia\/wp-json\/wp\/v2\/comments?post=1550"}],"version-history":[{"count":10,"href":"https:\/\/semmelweis.hu\/mikrobiologia\/wp-json\/wp\/v2\/pages\/1550\/revisions"}],"predecessor-version":[{"id":3786,"href":"https:\/\/semmelweis.hu\/mikrobiologia\/wp-json\/wp\/v2\/pages\/1550\/revisions\/3786"}],"up":[{"embeddable":true,"href":"https:\/\/semmelweis.hu\/mikrobiologia\/wp-json\/wp\/v2\/pages\/939"}],"wp:attachment":[{"href":"https:\/\/semmelweis.hu\/mikrobiologia\/wp-json\/wp\/v2\/media?parent=1550"}],"wp:term":[{"taxonomy":"category","embeddable":true,"href":"https:\/\/semmelweis.hu\/mikrobiologia\/wp-json\/wp\/v2\/categories?post=1550"},{"taxonomy":"post_tag","embeddable":true,"href":"https:\/\/semmelweis.hu\/mikrobiologia\/wp-json\/wp\/v2\/tags?post=1550"}],"curies":[{"name":"wp","href":"https:\/\/api.w.org\/{rel}","templated":true}]}}