{"id":1540,"date":"2022-04-28T12:03:08","date_gmt":"2022-04-28T10:03:08","guid":{"rendered":"https:\/\/semmelweis.hu\/mikrobiologia\/?page_id=1540"},"modified":"2023-09-14T21:55:49","modified_gmt":"2023-09-14T19:55:49","slug":"phd-kepzes","status":"publish","type":"page","link":"https:\/\/semmelweis.hu\/mikrobiologia\/phd-kepzes\/","title":{"rendered":"Doktori (PhD) k\u00e9pz\u00e9s"},"content":{"rendered":"<p style=\"text-align: justify\"><a href=\"https:\/\/semmelweis.hu\/phd\/doktori-iskolak\/patologiai-tudomanyok-multidiszciplinaris-orvostudomanyok\/\" target=\"_blank\" rel=\"noopener\"><img loading=\"lazy\" decoding=\"async\" class=\"alignright\" src=\"https:\/\/semmelweis.hu\/phd\/wp-content\/themes\/se18\/dist\/images\/logo\/phd.png\" alt=\"\" width=\"136\" height=\"144\" \/><\/a>Az Orvosi Mikrobiol\u00f3giai Int\u00e9zet tagja a <span style=\"color: #003366\"><strong>Semmelweis Egyetem<\/strong><\/span><span style=\"color: #000080\"><span style=\"color: #003366\"><strong> Doktori Iskol\u00e1j\u00e1nak Patol\u00f3giai <\/strong><\/span><strong><span style=\"color: #003366\">\u00e9s Onkol\u00f3giai Tago<\/span>zat\u00e1<\/strong><span style=\"color: #000000\">nak<\/span><\/span>, akkredit\u00e1lt programj\u00e1ban folyamatosan k\u00e9pez PhD-hallgat\u00f3kat. A Doktori Iskol\u00e1val kapcsolatos b\u0151vebb inform\u00e1ci\u00f3k <a href=\"https:\/\/semmelweis.hu\/phd\/doktori-iskolak\/patologiai-tudomanyok-multidiszciplinaris-orvostudomanyok\/\" target=\"_blank\" rel=\"noopener\">a program saj\u00e1t honlapj\u00e1n<\/a> olvashat\u00f3ak.<\/p>\n<p style=\"text-align: justify\">A doktori k\u00e9pz\u00e9s felv\u00e9teli k\u00f6vetelm\u00e9nyeivel, a k\u00e9pz\u00e9st\u00edpusokkal kapcsolatban tov\u00e1bbi inform\u00e1ci\u00f3k <a href=\"https:\/\/semmelweis.hu\/phd\/\" target=\"_blank\" rel=\"noopener\">a Doktori Iskola honlapj\u00e1n<\/a> \u00e9rhet\u0151k el.<\/p>\n<div class=\"fontos_div\">\n<p><span style=\"font-size: 12pt\">Program:<\/span><\/p>\n<p style=\"text-align: justify\"><span style=\"color: #000080\"><strong><span style=\"font-size: 14pt\">Mikroorganizmusok \u00e9s anyagaik hat\u00e1sainak molekul\u00e1ris, cellul\u00e1ris \u00e9s organizmus szint\u0171 vizsg\u00e1lata<\/span><\/strong><\/span><\/p>\n<p style=\"text-align: justify\"><span style=\"font-size: 12pt\">Int\u00e9zet\u00fcnk PhD Programvezet\u0151je: <\/span><br \/>\n<span style=\"font-size: 14pt;color: #000080\"><strong>Prof. Dr. Szab\u00f3 D\u00f3ra <\/strong><\/span><br \/>\n<span style=\"font-size: 14pt\"><a href=\"mailto:szabo.dora@semmelweis.hu\">szabo.dora@semmelweis.hu<\/a><\/span><\/p>\n<\/div>\n<p style=\"text-align: justify\">V\u00e1rjuk szeretettel a jelentkez\u0151ket!<\/p>\n","protected":false},"excerpt":{"rendered":"<p><a href=\"https:\/\/semmelweis.hu\/phd\/doktori-iskolak\/patologiai-tudomanyok-multidiszciplinaris-orvostudomanyok\/\" target=\"_blank\" rel=\"noopener\"><\/a> Az Orvosi Mikrobiol\u00f3giai Int\u00e9zet tagja a Semmelweis Egyetem Doktori Iskol\u00e1j\u00e1nak Patol\u00f3giai \u00e9s Onkol\u00f3giai Tagozat\u00e1nak, akkredit\u00e1lt programj\u00e1ban folyamatosan k\u00e9pez PhD-hallgat\u00f3kat. A Doktori Iskol\u00e1val kapcsolatos b\u0151vebb inform\u00e1ci\u00f3k <a href=\"https:\/\/semmelweis.hu\/phd\/doktori-iskolak\/patologiai-tudomanyok-multidiszciplinaris-orvostudomanyok\/\" target=\"_blank\" rel=\"noopener\">a program saj\u00e1t honlapj\u00e1n<\/a> olvashat\u00f3ak. A doktori k\u00e9pz\u00e9s felv\u00e9teli k\u00f6vetelm\u00e9nyeivel, a k\u00e9pz\u00e9st\u00edpusokkal kapcsolatban tov\u00e1bbi inform\u00e1ci\u00f3k <a href=\"https:\/\/semmelweis.hu\/phd\/\" target=\"_blank\" rel=\"noopener\">a Doktori Iskola honlapj\u00e1n<\/a> \u00e9rhet\u0151k el. Program: Mikroorganizmusok \u00e9s anyagaik hat\u00e1sainak molekul\u00e1ris, cellul\u00e1ris \u00e9s organizmus szint\u0171 vizsg\u00e1lata Int\u00e9zet\u00fcnk PhD Programvezet\u0151je: Prof. Dr. Szab\u00f3 &hellip;<\/p>\n","protected":false},"author":182,"featured_media":0,"parent":0,"menu_order":4,"comment_status":"closed","ping_status":"closed","template":"","meta":{"_acf_changed":false,"footnotes":""},"categories":[],"tags":[],"class_list":["post-1540","page","type-page","status-publish","hentry"],"acf":[],"_links":{"self":[{"href":"https:\/\/semmelweis.hu\/mikrobiologia\/wp-json\/wp\/v2\/pages\/1540","targetHints":{"allow":["GET"]}}],"collection":[{"href":"https:\/\/semmelweis.hu\/mikrobiologia\/wp-json\/wp\/v2\/pages"}],"about":[{"href":"https:\/\/semmelweis.hu\/mikrobiologia\/wp-json\/wp\/v2\/types\/page"}],"author":[{"embeddable":true,"href":"https:\/\/semmelweis.hu\/mikrobiologia\/wp-json\/wp\/v2\/users\/182"}],"replies":[{"embeddable":true,"href":"https:\/\/semmelweis.hu\/mikrobiologia\/wp-json\/wp\/v2\/comments?post=1540"}],"version-history":[{"count":11,"href":"https:\/\/semmelweis.hu\/mikrobiologia\/wp-json\/wp\/v2\/pages\/1540\/revisions"}],"predecessor-version":[{"id":3898,"href":"https:\/\/semmelweis.hu\/mikrobiologia\/wp-json\/wp\/v2\/pages\/1540\/revisions\/3898"}],"wp:attachment":[{"href":"https:\/\/semmelweis.hu\/mikrobiologia\/wp-json\/wp\/v2\/media?parent=1540"}],"wp:term":[{"taxonomy":"category","embeddable":true,"href":"https:\/\/semmelweis.hu\/mikrobiologia\/wp-json\/wp\/v2\/categories?post=1540"},{"taxonomy":"post_tag","embeddable":true,"href":"https:\/\/semmelweis.hu\/mikrobiologia\/wp-json\/wp\/v2\/tags?post=1540"}],"curies":[{"name":"wp","href":"https:\/\/api.w.org\/{rel}","templated":true}]}}