{"id":1536,"date":"2022-04-28T11:58:50","date_gmt":"2022-04-28T09:58:50","guid":{"rendered":"https:\/\/semmelweis.hu\/mikrobiologia\/?page_id=1536"},"modified":"2025-11-04T09:39:02","modified_gmt":"2025-11-04T08:39:02","slug":"szakdolgozat","status":"publish","type":"page","link":"https:\/\/semmelweis.hu\/mikrobiologia\/oktatas\/szakdolgozat\/","title":{"rendered":"Szakdolgozat"},"content":{"rendered":"<p style=\"text-align: justify\"><div class=\"responsive-tabs\">\n<h2 class=\"tabtitle\">Szakdolgozat elk\u00e9sz\u00edt\u00e9s\u00e9nek rendje<\/h2>\n<div class=\"tabcontent\">\n<\/p>\n<p><img loading=\"lazy\" decoding=\"async\" class=\"wp-image-1834  alignleft\" style=\"text-align: justify\" src=\"https:\/\/semmelweis.hu\/mikrobiologia\/files\/2022\/05\/RS148762_C19A0538-300x200.jpg\" alt=\"\" width=\"295\" height=\"197\" srcset=\"https:\/\/semmelweis.hu\/mikrobiologia\/files\/2022\/05\/RS148762_C19A0538-300x200.jpg 300w, https:\/\/semmelweis.hu\/mikrobiologia\/files\/2022\/05\/RS148762_C19A0538-1024x683.jpg 1024w, https:\/\/semmelweis.hu\/mikrobiologia\/files\/2022\/05\/RS148762_C19A0538-768x512.jpg 768w, https:\/\/semmelweis.hu\/mikrobiologia\/files\/2022\/05\/RS148762_C19A0538-450x300.jpg 450w, https:\/\/semmelweis.hu\/mikrobiologia\/files\/2022\/05\/RS148762_C19A0538-1536x1024.jpg 1536w, https:\/\/semmelweis.hu\/mikrobiologia\/files\/2022\/05\/RS148762_C19A0538-2048x1365.jpg 2048w\" sizes=\"auto, (max-width: 295px) 100vw, 295px\" \/><\/p>\n<p style=\"text-align: justify\"><span style=\"font-size: 1rem\">Az Orvosi Mikrobiol\u00f3giai Int\u00e9zet szeretettel v\u00e1rja a mikrobiol\u00f3gia ir\u00e1nt \u00e9rdekl\u0151d\u0151 hallgat\u00f3kat.\u00a0<\/span><span style=\"font-size: 1rem\">Int\u00e9zet\u00fcnkben sz\u00e1mos v\u00e1ltozatos, aktu\u00e1lis t\u00e9m\u00e1ban van lehet\u0151s\u00e9g <\/span><span style=\"color: #000080\"><strong>egy\u00e9ni \u00e9rdekl\u0151d\u00e9s alapj\u00e1n<\/strong><\/span><span style=\"font-size: 1rem\"> szakdolgozat \u00f6ssze\u00e1ll\u00edt\u00e1s\u00e1ra. A szakdolgozat elk\u00e9sz\u00edt\u00e9s\u00e9vel, formai k\u00f6vetelm\u00e9nyeivel kapcsolatban b\u0151vebb inform\u00e1ci\u00f3k az <\/span><a href=\"https:\/\/semmelweis.hu\/aok\/oktatas\/szakdolgozat\/\" target=\"_blank\" rel=\"noopener\">\u00c1OK Hivatalos Honlapj\u00e1n<\/a><span style=\"font-size: 1rem\"> el\u00e9rhet\u0151ek.<\/span><\/p>\n<div class=\"fontos_div\">\n<p style=\"text-align: justify\"><span style=\"font-size: 14pt\">Tov\u00e1bbi k\u00e9rd\u00e9s eset\u00e9n k\u00e9rj\u00fck forduljanak Int\u00e9zet\u00fcnk tanulm\u00e1nyi felel\u0151seihez:<\/span><\/p>\n<p><span style=\"font-size: 14pt\"><span style=\"color: #000080\"><strong>Dr. Ghid\u00e1n \u00c1goston <\/strong><\/span><a href=\"mailto:ghidan.agoston@semmelweis.hu\">ghidan.agoston@semmelweis.hu<\/a><\/span><\/p>\n<p><span style=\"font-size: 14pt\"><span style=\"color: #000080\"><strong>Dr. Kocsis B\u00e9la<\/strong><\/span>\u00a0<a href=\"mailto:kocsis.bela@med.semmelweis-univ.hu\">kocsis.bela@med.semmelweis-univ.hu<\/a><\/span><\/p>\n<\/div>\n<p style=\"text-align: justify\">V\u00e1rjuk szeretettel a jelentkez\u0151ket!<\/p>\n<\/div><\/div>\n","protected":false},"excerpt":{"rendered":"<p>Az Orvosi Mikrobiol\u00f3giai Int\u00e9zet szeretettel v\u00e1rja a mikrobiol\u00f3gia ir\u00e1nt \u00e9rdekl\u0151d\u0151 hallgat\u00f3kat.\u00a0Int\u00e9zet\u00fcnkben sz\u00e1mos v\u00e1ltozatos, aktu\u00e1lis t\u00e9m\u00e1ban van lehet\u0151s\u00e9g egy\u00e9ni \u00e9rdekl\u0151d\u00e9s alapj\u00e1n szakdolgozat \u00f6ssze\u00e1ll\u00edt\u00e1s\u00e1ra. A szakdolgozat elk\u00e9sz\u00edt\u00e9s\u00e9vel, formai k\u00f6vetelm\u00e9nyeivel kapcsolatban b\u0151vebb inform\u00e1ci\u00f3k az <a href=\"https:\/\/semmelweis.hu\/aok\/oktatas\/szakdolgozat\/\" target=\"_blank\" rel=\"noopener\">\u00c1OK Hivatalos Honlapj\u00e1n<\/a> el\u00e9rhet\u0151ek.<\/p>\n<p>Tov\u00e1bbi k\u00e9rd\u00e9s eset\u00e9n k\u00e9rj\u00fck forduljanak Int\u00e9zet\u00fcnk tanulm\u00e1nyi felel\u0151seihez:<br \/>\nDr. Ghid\u00e1n \u00c1goston <a href=\"mailto:ghidan.agoston@semmelweis.hu\">ghidan.agoston@semmelweis.hu<\/a><br \/>\nDr. Kocsis B\u00e9la\u00a0<a href=\"mailto:kocsis.bela@med.semmelweis-univ.hu\">kocsis.bela@med.semmelweis-univ.hu<\/a><\/p>\n<p>V\u00e1rjuk szeretettel a jelentkez\u0151ket!<\/p>\n","protected":false},"author":182,"featured_media":0,"parent":11,"menu_order":2,"comment_status":"closed","ping_status":"closed","template":"","meta":{"_acf_changed":false,"footnotes":""},"categories":[],"tags":[],"class_list":["post-1536","page","type-page","status-publish","hentry"],"acf":[],"_links":{"self":[{"href":"https:\/\/semmelweis.hu\/mikrobiologia\/wp-json\/wp\/v2\/pages\/1536","targetHints":{"allow":["GET"]}}],"collection":[{"href":"https:\/\/semmelweis.hu\/mikrobiologia\/wp-json\/wp\/v2\/pages"}],"about":[{"href":"https:\/\/semmelweis.hu\/mikrobiologia\/wp-json\/wp\/v2\/types\/page"}],"author":[{"embeddable":true,"href":"https:\/\/semmelweis.hu\/mikrobiologia\/wp-json\/wp\/v2\/users\/182"}],"replies":[{"embeddable":true,"href":"https:\/\/semmelweis.hu\/mikrobiologia\/wp-json\/wp\/v2\/comments?post=1536"}],"version-history":[{"count":10,"href":"https:\/\/semmelweis.hu\/mikrobiologia\/wp-json\/wp\/v2\/pages\/1536\/revisions"}],"predecessor-version":[{"id":4025,"href":"https:\/\/semmelweis.hu\/mikrobiologia\/wp-json\/wp\/v2\/pages\/1536\/revisions\/4025"}],"up":[{"embeddable":true,"href":"https:\/\/semmelweis.hu\/mikrobiologia\/wp-json\/wp\/v2\/pages\/11"}],"wp:attachment":[{"href":"https:\/\/semmelweis.hu\/mikrobiologia\/wp-json\/wp\/v2\/media?parent=1536"}],"wp:term":[{"taxonomy":"category","embeddable":true,"href":"https:\/\/semmelweis.hu\/mikrobiologia\/wp-json\/wp\/v2\/categories?post=1536"},{"taxonomy":"post_tag","embeddable":true,"href":"https:\/\/semmelweis.hu\/mikrobiologia\/wp-json\/wp\/v2\/tags?post=1536"}],"curies":[{"name":"wp","href":"https:\/\/api.w.org\/{rel}","templated":true}]}}