{"id":1519,"date":"2022-04-28T11:33:40","date_gmt":"2022-04-28T09:33:40","guid":{"rendered":"https:\/\/semmelweis.hu\/mikrobiologia\/?page_id=1519"},"modified":"2022-11-01T10:46:30","modified_gmt":"2022-11-01T09:46:30","slug":"intezetunk-tortenete","status":"publish","type":"page","link":"https:\/\/semmelweis.hu\/mikrobiologia\/bemutatkozas\/intezetunk-tortenete\/","title":{"rendered":"Int\u00e9zet\u00fcnk r\u00f6vid t\u00f6rt\u00e9nete"},"content":{"rendered":"<div class=\"fontos_div\">\n<p style=\"text-align: justify\"><span style=\"font-size: 14pt\">Az Orvosi Mikrobiol\u00f3giai Int\u00e9zet nagy m\u00faltra tekint vissza, <span style=\"color: #333399\"><strong>2018-ban \u00fcnnepelt\u00fck fenn\u00e1ll\u00e1s\u00e1nak 70. \u00e9vfordul\u00f3j\u00e1t.<\/strong><\/span> A jubileumi \u00fcnneps\u00e9g r\u00f6vid \u00e1ttekint\u00e9se <a href=\"https:\/\/semmelweis.hu\/hirek\/2018\/11\/12\/70-eves-jubileumat-unnepelte-az-orvosi-mikrobiologiai-intezet\/\" target=\"_blank\" rel=\"noopener\">ide kattintva<\/a> el\u00e9rhet\u0151.<\/span><\/p>\n<\/div>\n<p style=\"text-align: justify\">A mikrobiol\u00f3gia oktat\u00e1sa m\u00e9g <span style=\"color: #333399\"><strong>1883<\/strong><\/span>-ban indult az Egyetemen <span style=\"color: #333399\"><strong>H\u0151gyes Endre<\/strong><\/span> vezet\u00e9s\u00e9vel<a href=\"https:\/\/semmelweis.hu\/mikrobiologia\/files\/2022\/05\/image_6483441.jpg\"><img loading=\"lazy\" decoding=\"async\" class=\" wp-image-1648 alignleft\" src=\"https:\/\/semmelweis.hu\/mikrobiologia\/files\/2022\/05\/image_6483441-300x225.jpg\" alt=\"\" width=\"244\" height=\"183\" srcset=\"https:\/\/semmelweis.hu\/mikrobiologia\/files\/2022\/05\/image_6483441-300x225.jpg 300w, https:\/\/semmelweis.hu\/mikrobiologia\/files\/2022\/05\/image_6483441-1024x768.jpg 1024w, https:\/\/semmelweis.hu\/mikrobiologia\/files\/2022\/05\/image_6483441-768x576.jpg 768w, https:\/\/semmelweis.hu\/mikrobiologia\/files\/2022\/05\/image_6483441-400x300.jpg 400w, https:\/\/semmelweis.hu\/mikrobiologia\/files\/2022\/05\/image_6483441-1536x1151.jpg 1536w, https:\/\/semmelweis.hu\/mikrobiologia\/files\/2022\/05\/image_6483441.jpg 2025w\" sizes=\"auto, (max-width: 244px) 100vw, 244px\" \/><\/a> az \u00c1ltal\u00e1nos K\u00f3rtani \u00e9s Bakteriol\u00f3giai Int\u00e9zetben, mely az egykori budapesti Pasteur Int\u00e9zetben m\u0171k\u00f6d\u00f6tt. A mikrobiol\u00f3gia \u00f6n\u00e1ll\u00f3 tant\u00e1rgyk\u00e9nt val\u00f3 oktat\u00e1sa <span style=\"color: #333399\"><strong>1948<\/strong><\/span>-ban a Bakteriol\u00f3giai \u00e9s Immunit\u00e1stani Int\u00e9zet n\u00e9ven k\u00fcl\u00f6nv\u00e1lt szervezeti egys\u00e9g feladata lett, mely 1950-ben els\u0151 igazgat\u00f3ja, <span style=\"color: #333399\"><strong>Farag\u00f3 Ferenc<\/strong><\/span> javaslat\u00e1ra a Mikrobiol\u00f3giai Int\u00e9zet, majd 1999-ben az Orvosi Mikrobiol\u00f3giai Int\u00e9zet elnevez\u00e9st vette fel. Int\u00e9zet\u00fcnk <span style=\"color: #333399\"><strong>1978 \u00f3ta<\/strong><\/span> a Semmelweis Egyetem Nagyv\u00e1rad t\u00e9ri Elm\u00e9leti T\u00f6mbj\u00e9nek (NET) IX-XI. emelet\u00e9n m\u0171k\u00f6dik, valamint a XXII. emeleten tal\u00e1lhat\u00f3 az <span style=\"color: #333399\"><strong>Anderlik Piroska K\u00eds\u00e9rletes \u00c1llath\u00e1z<\/strong><\/span>, amely 2015-ben ker\u00fclt fel\u00faj\u00edt\u00e1sra.\u00a0<\/p>\n<figure id=\"attachment_1649\" aria-describedby=\"caption-attachment-1649\" style=\"width: 346px\" class=\"wp-caption alignleft\"><a href=\"https:\/\/semmelweis.hu\/mikrobiologia\/files\/2022\/05\/RS68766_KA-20171109-IMG_0673-scr.jpg\"><img loading=\"lazy\" decoding=\"async\" class=\"wp-image-1649\" src=\"https:\/\/semmelweis.hu\/mikrobiologia\/files\/2022\/05\/RS68766_KA-20171109-IMG_0673-scr-300x200.jpg\" alt=\"\" width=\"346\" height=\"231\" srcset=\"https:\/\/semmelweis.hu\/mikrobiologia\/files\/2022\/05\/RS68766_KA-20171109-IMG_0673-scr-300x200.jpg 300w, https:\/\/semmelweis.hu\/mikrobiologia\/files\/2022\/05\/RS68766_KA-20171109-IMG_0673-scr-768x512.jpg 768w, https:\/\/semmelweis.hu\/mikrobiologia\/files\/2022\/05\/RS68766_KA-20171109-IMG_0673-scr-450x300.jpg 450w, https:\/\/semmelweis.hu\/mikrobiologia\/files\/2022\/05\/RS68766_KA-20171109-IMG_0673-scr.jpg 950w\" sizes=\"auto, (max-width: 346px) 100vw, 346px\" \/><\/a><figcaption id=\"caption-attachment-1649\" class=\"wp-caption-text\"><strong>Szab\u00f3 D\u00f3ra Professzor Asszony N\u00e1sz Istv\u00e1n Professzor \u00darral az \u00fcnneps\u00e9gen<\/strong><\/figcaption><\/figure>\n<p style=\"text-align: justify\"><span style=\"color: #333399\"><strong>2017<\/strong><\/span>-ben Int\u00e9zet\u00fcnk nyerte el a<span style=\"color: #333399\"><strong> 26. Semmelweis Symposium<\/strong><\/span> szervez\u00e9si jog\u00e1t, a k\u00e9t napos esem\u00e9ny <em>&#8222;New challenges in Microbiology&#8221;<\/em> c\u00edmmel ker\u00fclt megrendez\u00e9sre, ahol t\u00f6bb, mint 30 el\u0151ad\u00e1s hangzott el. A Symposiumra 10 k\u00fclf\u00f6ldi el\u0151ad\u00f3 is elfogadta a megh\u00edv\u00e1sunk, vend\u00e9geink nagy h\u00edr\u0171 int\u00e9zm\u00e9nyekb\u0151l, \u00fagymint az<span style=\"color: #333399\"><strong> Institut Pasteur<\/strong><\/span> (P\u00e1rizs) \u00e9s a <span style=\"color: #333399\"><strong>Karolinska Institute <\/strong><\/span>(Stockholm) \u00e9rkeztek hozz\u00e1nk. Az esem\u00e9ny r\u00f6vid \u00e1ttekint\u00e9se <a href=\"https:\/\/semmelweis.hu\/hirek\/2017\/11\/09\/a-mikrobiologia-uj-kihivasairol-szol-a-26-semmelweis-symposium\/\" target=\"_blank\" rel=\"noopener\">ide kattintva<\/a> el\u00e9rhet\u0151. Ugyanebben az \u00e9vben \u00fcnnepelt\u00fck <span style=\"color: #333399\"><strong>Prof. Dr. N\u00e1sz Istv\u00e1n<\/strong><\/span>, Int\u00e9zet\u00fcnk Sz\u00e9chenyi-d\u00edjas alap\u00edt\u00f3tagj\u00e1nak \u00e9s kor\u00e1bbi igazgat\u00f3j\u00e1nak<span style=\"color: #333399\"> <strong>90. sz\u00fclet\u00e9snapj\u00e1t<\/strong><\/span>, az \u00fcnneps\u00e9gr\u0151l b\u0151vebb inform\u00e1ci\u00f3\u00a0<a href=\"https:\/\/semmelweis.hu\/hirek\/2017\/03\/22\/90-szuletesnapjan-koszontottek-dr-nasz-istvan-szechenyi-dijas-mikrobiologust\/\">ide kattintva<\/a> el\u00e9rhet\u0151.<\/p>\n<p style=\"text-align: justify\"><span style=\"color: #333399\"><strong>Int\u00e9zet\u00fcnk kor\u00e1bbi igazgat\u00f3i:<\/strong><\/span><\/p>\n<ul style=\"list-style-type: disc\">\n<li style=\"text-align: justify\"><span style=\"color: #333399\"><strong>H\u0151gyes Endre:<\/strong><\/span> 1883\u20131906<\/li>\n<li style=\"text-align: justify\"><span style=\"color: #333399\"><strong>Preisz Hug\u00f3:<\/strong><\/span> 1907\u20131931<\/li>\n<li style=\"text-align: justify\"><span style=\"color: #333399\"><strong>Bel\u00e1k S\u00e1ndor:<\/strong> <\/span>1932\u20131947<\/li>\n<li style=\"text-align: justify\"><span style=\"color: #333399\"><strong>Farag\u00f3 Ferenc:<\/strong><\/span> 1948\u20131950<\/li>\n<li style=\"text-align: justify\"><span style=\"color: #333399\"><strong>Alf\u00f6ldy Zolt\u00e1n:<\/strong><\/span> 1950\u20131974<\/li>\n<li style=\"text-align: justify\"><span style=\"color: #333399\"><strong>N\u00e1sz Istv\u00e1n:<\/strong> <\/span>1974\u20131994<\/li>\n<li style=\"text-align: justify\"><span style=\"color: #333399\"><strong>\u00c1d\u00e1m \u00c9va \u00c1gnes:<\/strong><\/span> 1994\u20131995<\/li>\n<li style=\"text-align: justify\"><span style=\"color: #333399\"><strong>Anderlik Piroska:<\/strong> <\/span>1995\u20131996<\/li>\n<li style=\"text-align: justify\"><span style=\"color: #333399\"><strong>Rozgonyi Ferenc:<\/strong><\/span> 1996\u2013 2003<\/li>\n<li style=\"text-align: justify\"><span style=\"color: #333399\"><strong>F\u00fcrst Zsuzsanna:<\/strong><\/span> 2003\u20132004<\/li>\n<li style=\"text-align: justify\"><span style=\"color: #333399\"><strong>Nagy K\u00e1roly<\/strong>:<\/span> 2004-2014<\/li>\n<li style=\"text-align: justify\"><span style=\"color: #333399\"><strong>Szab\u00f3 D\u00f3ra:<\/strong><\/span> 2014-jelenleg is<\/li>\n<\/ul>\n<div class=\"fontos_div\">\n<p style=\"text-align: justify\"><span style=\"font-size: 14pt\">Int\u00e9zet\u00fcnk t\u00f6rt\u00e9net\u00e9nek k\u00fcl\u00f6nb\u00f6z\u0151 id\u0151szakaib\u00f3l fennmaradt relikvi\u00e1k, arch\u00edvumok, \u00e9vk\u00f6nyvek a NET IX. emeleti <span style=\"color: #333399\"><strong>Mikrobiol\u00f3giai M\u00fazeumban <\/strong><\/span>tal\u00e1lhat\u00f3k- &#8222;<em>Ad perpetuam rei memoriam- \u00d6r\u00f6k eml\u00e9kezet\u00fcl<\/em>&#8222;.<\/span><\/p>\n<\/div>\n","protected":false},"excerpt":{"rendered":"<p>Az Orvosi Mikrobiol\u00f3giai Int\u00e9zet nagy m\u00faltra tekint vissza, 2018-ban \u00fcnnepelt\u00fck fenn\u00e1ll\u00e1s\u00e1nak 70. \u00e9vfordul\u00f3j\u00e1t. A jubileumi \u00fcnneps\u00e9g r\u00f6vid \u00e1ttekint\u00e9se <a href=\"https:\/\/semmelweis.hu\/hirek\/2018\/11\/12\/70-eves-jubileumat-unnepelte-az-orvosi-mikrobiologiai-intezet\/\" target=\"_blank\" rel=\"noopener\">ide kattintva<\/a> el\u00e9rhet\u0151. A mikrobiol\u00f3gia oktat\u00e1sa m\u00e9g 1883-ban indult az Egyetemen H\u0151gyes Endre vezet\u00e9s\u00e9vel <a href=\"https:\/\/semmelweis.hu\/mikrobiologia\/files\/2022\/05\/image_6483441.jpg\"><\/a> az \u00c1ltal\u00e1nos K\u00f3rtani \u00e9s Bakteriol\u00f3giai Int\u00e9zetben, mely az egykori budapesti Pasteur Int\u00e9zetben m\u0171k\u00f6d\u00f6tt. A mikrobiol\u00f3gia \u00f6n\u00e1ll\u00f3 tant\u00e1rgyk\u00e9nt val\u00f3 oktat\u00e1sa 1948-ban a Bakteriol\u00f3giai \u00e9s Immunit\u00e1stani Int\u00e9zet &hellip;<\/p>\n","protected":false},"author":182,"featured_media":0,"parent":1521,"menu_order":0,"comment_status":"closed","ping_status":"closed","template":"","meta":{"_acf_changed":false,"footnotes":""},"categories":[],"tags":[],"class_list":["post-1519","page","type-page","status-publish","hentry"],"acf":[],"_links":{"self":[{"href":"https:\/\/semmelweis.hu\/mikrobiologia\/wp-json\/wp\/v2\/pages\/1519","targetHints":{"allow":["GET"]}}],"collection":[{"href":"https:\/\/semmelweis.hu\/mikrobiologia\/wp-json\/wp\/v2\/pages"}],"about":[{"href":"https:\/\/semmelweis.hu\/mikrobiologia\/wp-json\/wp\/v2\/types\/page"}],"author":[{"embeddable":true,"href":"https:\/\/semmelweis.hu\/mikrobiologia\/wp-json\/wp\/v2\/users\/182"}],"replies":[{"embeddable":true,"href":"https:\/\/semmelweis.hu\/mikrobiologia\/wp-json\/wp\/v2\/comments?post=1519"}],"version-history":[{"count":10,"href":"https:\/\/semmelweis.hu\/mikrobiologia\/wp-json\/wp\/v2\/pages\/1519\/revisions"}],"predecessor-version":[{"id":3002,"href":"https:\/\/semmelweis.hu\/mikrobiologia\/wp-json\/wp\/v2\/pages\/1519\/revisions\/3002"}],"up":[{"embeddable":true,"href":"https:\/\/semmelweis.hu\/mikrobiologia\/wp-json\/wp\/v2\/pages\/1521"}],"wp:attachment":[{"href":"https:\/\/semmelweis.hu\/mikrobiologia\/wp-json\/wp\/v2\/media?parent=1519"}],"wp:term":[{"taxonomy":"category","embeddable":true,"href":"https:\/\/semmelweis.hu\/mikrobiologia\/wp-json\/wp\/v2\/categories?post=1519"},{"taxonomy":"post_tag","embeddable":true,"href":"https:\/\/semmelweis.hu\/mikrobiologia\/wp-json\/wp\/v2\/tags?post=1519"}],"curies":[{"name":"wp","href":"https:\/\/api.w.org\/{rel}","templated":true}]}}