{"id":1464,"date":"2022-01-06T10:18:13","date_gmt":"2022-01-06T09:18:13","guid":{"rendered":"https:\/\/semmelweis.hu\/mikrobiologia\/?page_id=1464"},"modified":"2025-11-05T11:29:36","modified_gmt":"2025-11-05T10:29:36","slug":"gram-pozitiv-bakteriologiai-kutatocsoport","status":"publish","type":"page","link":"https:\/\/semmelweis.hu\/mikrobiologia\/kutatas\/kutatocsoportok\/gram-pozitiv-bakteriologiai-kutatocsoport\/","title":{"rendered":"Gram-pozit\u00edv bakteriol\u00f3giai Kutat\u00f3csoport"},"content":{"rendered":"<div class=\"keretes w-100\">\n<p><span style=\"color: #000080\"><strong>Kutat\u00f3csoport tagjai<\/strong><\/span><\/p>\n<\/div>\n<p><span style=\"color: #003366\"><strong><img loading=\"lazy\" decoding=\"async\" class=\"wp-image-3333  alignright\" src=\"https:\/\/semmelweis.hu\/mikrobiologia\/files\/2023\/02\/Gram-pozitiv-kutatocsoport-202302-crop-400x240.jpg\" alt=\"\" width=\"389\" height=\"233\" srcset=\"https:\/\/semmelweis.hu\/mikrobiologia\/files\/2023\/02\/Gram-pozitiv-kutatocsoport-202302-crop-400x240.jpg 400w, https:\/\/semmelweis.hu\/mikrobiologia\/files\/2023\/02\/Gram-pozitiv-kutatocsoport-202302-crop-1024x615.jpg 1024w, https:\/\/semmelweis.hu\/mikrobiologia\/files\/2023\/02\/Gram-pozitiv-kutatocsoport-202302-crop-768x461.jpg 768w, https:\/\/semmelweis.hu\/mikrobiologia\/files\/2023\/02\/Gram-pozitiv-kutatocsoport-202302-crop-1536x923.jpg 1536w, https:\/\/semmelweis.hu\/mikrobiologia\/files\/2023\/02\/Gram-pozitiv-kutatocsoport-202302-crop-2048x1230.jpg 2048w, https:\/\/semmelweis.hu\/mikrobiologia\/files\/2023\/02\/Gram-pozitiv-kutatocsoport-202302-crop-753x452.jpg 753w\" sizes=\"auto, (max-width: 389px) 100vw, 389px\" \/><\/strong><\/span><\/p>\n<ul style=\"list-style-type: square\">\n<li><span style=\"color: #003366;font-size: 14pt\"><strong>Dr. Dobay Orsolya<\/strong><\/span>\u00a0 \u00a0 \u00a0 \u00a0 \u00a0 \u00a0 \u00a0 \u00a0 <span style=\"font-size: 12pt\">\u00a0egyetemi docens<\/span><\/li>\n<li><span style=\"color: #003366;font-size: 14pt\"><strong>Dr. Horv\u00e1th Andrea<\/strong><\/span>\u00a0 \u00a0 \u00a0 \u00a0 \u00a0 \u00a0 \u00a0 <span style=\"font-size: 12pt\">egyetemi adjunktus<\/span><\/li>\n<li><span style=\"font-size: 14pt\"><strong><span style=\"color: #003366\">Dr. Sahin-T\u00f3th Judit<\/span><\/strong>\u00a0<\/span>\u00a0 \u00a0 \u00a0 \u00a0 \u00a0 \u00a0 \u00a0<span style=\"font-size: 12pt\">egyetemi adjunktus<\/span><\/li>\n<li><span style=\"font-size: 14pt\"><span style=\"color: #003366\"><strong>Dr. Huber Annam\u00e1ria<\/strong><\/span>\u00a0<\/span>\u00a0 \u00a0 \u00a0 \u00a0 \u00a0 \u00a0 \u00a0 \u00a0<span style=\"font-size: 12pt\">\u00f3raad\u00f3<\/span><\/li>\n<\/ul>\n<div class=\"keretes w-100\">\n<p><span style=\"color: #000080\"><strong>Kutat\u00e1si t\u00e9ma<\/strong><\/span><\/p>\n<\/div>\n<p><img loading=\"lazy\" decoding=\"async\" class=\"wp-image-3352  alignleft\" style=\"text-align: justify\" src=\"https:\/\/semmelweis.hu\/mikrobiologia\/files\/2023\/02\/Kep1-crop.jpg\" alt=\"\" width=\"216\" height=\"199\" \/><\/p>\n<p style=\"text-align: justify\"><span style=\"font-size: 14pt\">Kutat\u00f3csoportunk els\u0151sorban <span style=\"color: #003366\"><strong>Staphylococcusokkal <\/strong><\/span><span style=\"color: #000080\"><span style=\"color: #000000\">\u00e9s<\/span><\/span><span style=\"color: #003366\"><strong> Streptococcusokkal<\/strong><\/span> foglalkozik. F\u0151 kutat\u00e1si ter\u00fclet\u00fcnk a patog\u00e9n bakt\u00e9riumok t\u00fcnetmentes hordoz\u00e1sa, valamint <span style=\"color: #003366\"><strong>klinikai izol\u00e1tumokat<\/strong><\/span> is vizsg\u00e1lunk. Az izol\u00e1tumok komplett epidemiol\u00f3giai felm\u00e9r\u00e9s\u00e9t v\u00e9gezz\u00fck, azaz meghat\u00e1rozzuk az antibiotikum-\u00e9rz\u00e9kenys\u00e9g\u00fcket, ahol relev\u00e1ns, ott szerot\u00edpusukat, virulenciafaktoraikat \u00e9s klonalit\u00e1sukat. <span style=\"color: #003366\"><strong><em>Staphylococcus aureus<\/em><\/strong> <\/span>eset\u00e9ben a mint\u00e1ink a Semmelweis Egyetem Labormedicina Int\u00e9zetben izol\u00e1lt\u00a0hum\u00e1n klinikai izol\u00e1tumok, eg\u00e9szs\u00e9ges <span style=\"color: #003366\"><strong>gyerekekt\u0151l \u00e9s feln\u0151ttekt\u0151l<\/strong><\/span> sz\u00e1rmaz\u00f3 hordozott t\u00f6rzsek, <span style=\"color: #003366\"><strong>k\u00f6rnyezeti mint\u00e1k<\/strong><\/span> (pl. j\u00e1tsz\u00f3terek felsz\u00ednei), illetve<span style=\"color: #003366\"><strong> h\u00e1zi- \u00e9s vad\u00e1llatokb\u00f3l<\/strong><\/span> (l\u00f3, s\u00fcn, patk\u00e1ny) nyert hordozott t\u00f6rzsek. A<span style=\"color: #003366\"><strong> <em>Streptococcus pneumoniae<\/em> eset\u00e9ben els\u0151sorban a konjug\u00e1lt vakcin\u00e1k szelekci\u00f3s nyom\u00e1sa hat\u00e1s\u00e1ra bek\u00f6vetkez\u0151 szerot\u00edpus-\u00e1trendez\u0151d\u00e9st<\/strong><\/span> k\u00f6vetj\u00fck nyomon t\u00fcnetmentes hordoz\u00e1sban (\u00f3vod\u00e1s, b\u00f6lcs\u0151d\u00e9s \u00e9s iskol\u00e1s gyerekek), valamint itt is vizsg\u00e1lunk klinikai izol\u00e1tumokat.<\/span><\/p>\n<p><strong style=\"font-size: 1rem;color: #000080;background-color: #f0f3f6\"><img loading=\"lazy\" decoding=\"async\" class=\"wp-image-3373  alignright\" src=\"https:\/\/semmelweis.hu\/mikrobiologia\/files\/2023\/02\/Kep1-crop-2.jpg\" alt=\"\" width=\"170\" height=\"189\" \/><\/strong><\/p>\n<p style=\"text-align: justify\"><span style=\"font-size: 14pt\">A k\u00e9t f\u0151 bakt\u00e9rium faj mellett foglalkozunk<span style=\"color: #003366\"><strong> <em>Haemophilus influenzae<\/em>, <em>Moraxella catarrhalis<\/em> \u00e9s <em>Neisseria meningitidis<\/em> t\u00fcnetmenetes hordoz\u00e1s\u00e1val<\/strong><\/span> is.<\/span><\/p>\n<p style=\"text-align: justify\"><span style=\"font-size: 14pt\">Tov\u00e1bb\u00e1 az <span style=\"color: #003366\"><strong>MTA-ELTE Peptidk\u00e9miai Kutat\u00f3csoport \u00e1ltal szintetiz\u00e1lt peptidek antibakteri\u00e1lis hat\u00e1s\u00e1t vizsg\u00e1ljuk k\u00fcl\u00f6nf\u00e9le fajokon.<\/strong><\/span><\/span><\/p>\n<div class=\"keretes w-100\">\n<p><span style=\"color: #000080\"><strong>Egy\u00fcttm\u0171k\u00f6d\u00e9sek<\/strong><\/span><\/p>\n<\/div>\n<ul>\n<li style=\"list-style-type: none\">\n<ul style=\"list-style-type: square\">\n<li style=\"text-align: justify\"><span style=\"font-size: 14pt\"><span style=\"color: #003366\"><strong>Semmelweis Egyetem Labormedicina Int\u00e9zet<\/strong><\/span> (<em>Dr. Krist\u00f3f Katalin, Dr. Juh\u00e1sz Emese<\/em>)<\/span><\/li>\n<li style=\"text-align: justify\"><span style=\"font-size: 14pt\"><span style=\"color: #003366\"><strong>\u00c1llatorvostudom\u00e1nyi Egyetem, Patol\u00f3giai Tansz\u00e9k<\/strong><\/span> (<em>Dr. Albert Ervin<\/em>)<\/span><\/li>\n<li style=\"text-align: justify\"><span style=\"font-size: 14pt\"><span style=\"color: #003366\"><strong>Heim P\u00e1l K\u00f3rh\u00e1z<\/strong><\/span> (<em>Dr. Haj\u00f3si-Kalcakosz Sz\u00f3fia<\/em>)<\/span><\/li>\n<li style=\"text-align: justify\"><span style=\"font-size: 14pt\"><span style=\"color: #003366\"><strong>MTA-ELTE Peptidk\u00e9miai Kutat\u00f3csoport<\/strong><\/span> (<em>Dr. B\u0151sze Szilvia<\/em> \u00e9s <em>Dr. Horv\u00e1ti Kata<\/em>)<\/span><\/li>\n<li style=\"text-align: justify\"><span style=\"font-size: 14pt\"><span style=\"color: #003366\"><strong>ELTE Biol\u00f3giai Int\u00e9zet, N\u00f6v\u00e9nyszervezettani Tansz\u00e9k<\/strong> <\/span>(<em>Kov\u00e1cs M. G\u00e1bor<\/em>)<\/span><\/li>\n<li style=\"text-align: justify\"><span style=\"color: #003366;font-size: 14pt\"><strong>Pfizer Kft.<\/strong><\/span><\/li>\n<li style=\"text-align: justify\"><span style=\"font-size: 14pt\"><span style=\"color: #003366\"><strong>Servicio De Microbiolog\u00eda, Hospital Universitario Son Espases, Instituto De Investigaci\u00f3n Sanitaria Illes Balears (Idisba), Palma De Mallorca, Spain<\/strong> <\/span>(<em>Dr. Carla Lopez-Causape<\/em>; <em>Dr. Sara Cortes-Lara<\/em>)<\/span><\/li>\n<\/ul>\n<\/li>\n<\/ul>\n<div class=\"keretes w-100\">\n<p><span style=\"color: #000080\"><strong>P\u00e1ly\u00e1zatok<\/strong><\/span><\/p>\n<\/div>\n<div class=\"w-100\">\n<ul>\n<li style=\"list-style-type: none\">\n<ul style=\"list-style-type: square\">\n<li><span style=\"color: #003366;font-size: 14pt\"><strong>OTKA K 142904 &#8211; OTKA FK_22 Fiatal Kutat\u00f3i kiv\u00e1l\u00f3s\u00e1gi program r\u00e9sztvev\u0151<\/strong><\/span>\n<ul style=\"list-style-type: disc\">\n<li><span style=\"font-size: 14pt\">T\u00e9mavezet\u0151: <span style=\"color: #003366\"><strong>Dr. B\u0151sze Szilvia<\/strong><\/span><\/span><\/li>\n<li style=\"text-align: justify\"><span style=\"font-size: 14pt\">\u201eA fert\u0151z\u00e9s hely\u00e9nek t\u00e1mad\u00e1sa: peptidsz\u00e1rmaz\u00e9kok \u00e9s peptiddel m\u00f3dos\u00edtott nanohordoz\u00f3k hat\u00f3anyagok c\u00e9lbajuttat\u00e1s\u00e1ra \u00e9s biohasznos\u00edthat\u00f3s\u00e1guk n\u00f6vel\u00e9s\u00e9re \u201d (<span style=\"color: #003366\"><strong>2022-2026<\/strong><\/span>)\u00a0<\/span><\/li>\n<\/ul>\n<\/li>\n<\/ul>\n<\/li>\n<\/ul>\n<\/div>\n<div class=\"keretes w-100\">\n<p><span style=\"color: #000080\"><strong>PhD t\u00e9m\u00e1k<\/strong><\/span><\/p>\n<\/div>\n<ul>\n<li style=\"list-style-type: none\">\n<ul style=\"text-align: justify;list-style-type: square\">\n<li><strong><span style=\"color: #003366\">Dr. Horv\u00e1th Andrea<\/span>:<\/strong> <span style=\"font-size: 14pt\">\u201eAntibiotic resistance, virulence and clonal diversity of methicillin resistant and sensitive <em>Staphylococcus aureus<\/em> isolates\u201d<span style=\"font-size: 12pt\"> (<\/span><\/span><span style=\"font-size: 12pt\">V\u00e9d\u00e9s id\u0151pontja: 2021. j\u00falius 20.)<\/span><\/li>\n<\/ul>\n<\/li>\n<\/ul>\n<ul>\n<li style=\"list-style-type: none\">\n<ul style=\"text-align: justify;list-style-type: square\">\n<li><strong><span style=\"color: #003366\">Pongsiri Jaikumpun<\/span>:<\/strong> <span style=\"font-size: 14pt\">\u201eBicarbonate inhibits the growth and biofilm formation of pathogens relevant to cystic fibrosis\u201d<\/span><span style=\"font-size: 12pt\"> (V\u00e9d\u00e9s id\u0151pontja: 2022. m\u00e1rcius 23.)<\/span><\/li>\n<\/ul>\n<\/li>\n<\/ul>\n<ul>\n<li style=\"list-style-type: none\">\n<ul style=\"text-align: justify;list-style-type: square\">\n<li><strong><span style=\"color: #003366\">Kov\u00e1cs Eszter Tamara<\/span>:<\/strong> <span style=\"font-size: 14pt\">\u201eThe asymptomatic carriage of four potentially pathogen respiratory tract bacteria in children attending communities\u201d<\/span> <span style=\"font-size: 12pt\">(V\u00e9d\u00e9s id\u0151pontja: 2022. m\u00e1rcius 31.)<\/span><\/li>\n<\/ul>\n<\/li>\n<\/ul>\n<ul>\n<li style=\"list-style-type: none\">\n<ul style=\"text-align: justify;list-style-type: square\">\n<li><strong><span style=\"color: #003366\">Dr.Sahin-T\u00f3th Judit<\/span>:<\/strong> <span style=\"font-size: 14pt\">\u201eStaphylococcusok t\u00fcnetmentes hordoz\u00e1s\u00e1nak vizsg\u00e1lata emberekben \u00e9s h\u00e1zi kedvencekben\u201d<\/span><span style=\"font-size: 12pt\"> (V\u00e9d\u00e9s id\u0151pontja: 2022. okt\u00f3ber 18.)<\/span><\/li>\n<\/ul>\n<\/li>\n<\/ul>\n<ul>\n<li style=\"list-style-type: none\">\n<ul style=\"text-align: justify;list-style-type: square\">\n<li><span style=\"color: #003366\"><strong>Dr. Huber Annam\u00e1ria:<\/strong><\/span> <span style=\"font-size: 14pt\">\u201eV\u00e9d\u0151olt\u00e1ssal megel\u0151zhet\u0151 k\u00f3rokoz\u00f3k el\u0151fordul\u00e1s\u00e1nak \u00e9s a v\u00e9d\u0151olt\u00e1sokkal kapcsolatos attit\u0171d\u00f6k vizsg\u00e1lata\u201d<\/span> <span style=\"font-size: 12pt\"><strong>(V\u00e1rhat\u00f3 v\u00e9d\u00e9s: 2025)<\/strong><\/span><\/li>\n<\/ul>\n<\/li>\n<\/ul>\n<div class=\"keretes w-100\">\n<p><span style=\"color: #000080\"><strong>TDK-t\u00e9m\u00e1k<\/strong><\/span><\/p>\n<\/div>\n<ul>\n<li style=\"list-style-type: none\">\n<ul style=\"list-style-type: square\">\n<li style=\"text-align: justify\"><span style=\"font-size: 14pt\">Examination of Staphylococci and Streptococci<\/span><\/li>\n<\/ul>\n<\/li>\n<\/ul>\n<p><span style=\"font-size: 12pt\">\u00a0 \u00a0 \u00a0 \u00a0 \u00a0 \u00a0 \u00a0 \u00a0 \u00a0 \u00a0 \u00a0T\u00e9mavezet\u0151:<\/span><span style=\"color: #003366\"> <strong>Dr. Dobay Orsolya<\/strong><\/span><\/p>\n<ul>\n<li style=\"list-style-type: none\">\n<ul style=\"list-style-type: square\">\n<li><span style=\"font-size: 14pt\"><em>Staphylococcus aureus<\/em> terjed\u00e9se j\u00e1tsz\u00f3tereken \u00e9s k\u00fclt\u00e9ri edz\u0151g\u00e9peken<\/span><\/li>\n<\/ul>\n<\/li>\n<\/ul>\n<p><span style=\"font-size: 12pt\">\u00a0 \u00a0 \u00a0 \u00a0 \u00a0 \u00a0 \u00a0 \u00a0 \u00a0 \u00a0 \u00a0T\u00e9mavezet\u0151:<\/span><span style=\"color: #003366\"> <strong>Dr. Horv\u00e1th Andrea<\/strong><\/span><\/p>\n<ul>\n<li style=\"list-style-type: none\">\n<ul style=\"list-style-type: square\">\n<li style=\"text-align: justify\"><span style=\"font-size: 14pt\">Differences in cellwall structure of <em>Staphylococcus aureus<\/em> strains<\/span><\/li>\n<\/ul>\n<\/li>\n<\/ul>\n<p><span style=\"font-size: 12pt\">\u00a0 \u00a0 \u00a0 \u00a0 \u00a0 \u00a0 \u00a0 \u00a0 \u00a0 \u00a0 \u00a0T\u00e9mavezet\u0151:<\/span><span style=\"color: #003366\"> <strong>Dr. Horv\u00e1th Andrea<\/strong><\/span><\/p>\n<div class=\"keretes w-100\">\n<p><span style=\"color: #000080\"><strong>D\u00edjak, elismer\u00e9sek<\/strong><\/span><\/p>\n<\/div>\n<ul>\n<li style=\"list-style-type: none\">\n<ul style=\"list-style-type: square\">\n<li style=\"text-align: justify\"><span style=\"font-size: 14pt\"><span style=\"color: #003366\"><strong>Dr. Horv\u00e1th Andrea<\/strong><\/span>:<\/span> <span style=\"font-size: 12pt\">D\u00e9k\u00e1ni dics\u00e9ret (<strong><span style=\"color: #003366\">2020<\/span><\/strong>)<\/span><\/li>\n<li style=\"text-align: justify\"><span style=\"font-size: 14pt\"><span style=\"color: #003366\"><strong>Dr. Horv\u00e1th Andrea \u00e9s Dr. Huber Annam\u00e1ria<\/strong><\/span>:<\/span><span style=\"font-size: 12pt\"> Semmelweis Egyetem Publik\u00e1ci\u00f3s D\u00edj <strong><span style=\"color: #003366\">2021<\/span><\/strong>, \u201ekiemelked\u0151 preszt\u00edzs\u0171 foly\u00f3iratban megjelent k\u00f6zlem\u00e9ny\u201d kateg\u00f3ri\u00e1ban<\/span><\/li>\n<li style=\"text-align: justify\"><span style=\"font-size: 14pt\"><span style=\"color: #003366\"><strong>Dr. Dobay Orsolya \u00e9s Dr. Kov\u00e1cs Eszter Tamara<\/strong><\/span>:<\/span> <span style=\"font-size: 12pt\">Semmelweis Egyetem Publik\u00e1ci\u00f3s D\u00edj <span style=\"color: #003366\"><strong>2020<\/strong><\/span>, \u201ekiemelked\u0151 preszt\u00edzs\u0171 foly\u00f3iratban megjelent k\u00f6zlem\u00e9ny\u201d kateg\u00f3ri\u00e1ban<\/span><\/li>\n<li style=\"text-align: justify\"><span style=\"color: #003366;font-size: 14pt\"><strong>Dr. Sahin-T\u00f3th Judit:<\/strong> <\/span><span style=\"font-size: 12pt\">PhD Fokozatszerz\u00e9si \u00d6szt\u00f6nd\u00edj (<span style=\"color: #003366\"><strong>2021-22<\/strong><\/span>)<\/span><\/li>\n<li style=\"text-align: justify\"><span style=\"color: #003366;font-size: 14pt\"><strong>Dr.Sahin-T\u00f3th Judit:<\/strong> <\/span><span style=\"font-size: 12pt\">Magyar Mikrobiol\u00f3giai T\u00e1rsas\u00e1g \u201eLegjobb fiatal el\u0151ad\u00f3\u201d d\u00edja (Bakteriol\u00f3gia szekci\u00f3, <span style=\"color: #003366\"><strong>2021<\/strong><\/span>)<\/span><\/li>\n<li style=\"text-align: justify\"><span style=\"color: #003366;font-size: 14pt\"><strong>Dr. Huber Annam\u00e1ria:<\/strong> <\/span><span style=\"font-size: 12pt\">Semmelweis 250+ Kiv\u00e1l\u00f3s\u00e1gi PhD \u00d6szt\u00f6nd\u00edj (<strong><span style=\"color: #003366\">2021-22<\/span><\/strong>)<\/span><\/li>\n<li style=\"text-align: justify\"><span style=\"color: #003366\"><span style=\"font-size: 14pt\"><strong>Dr. Dobay Orsolya: <\/strong><\/span><span style=\"color: #000000;font-size: 12pt\">Kiv\u00e1l\u00f3 PhD T\u00e9mavezet\u0151 (<\/span><strong><span style=\"font-size: 12pt\">2022.09.30<\/span><\/strong><span style=\"color: #000000;font-size: 12pt\">. \u00e9s <\/span><\/span><span style=\"font-size: 12pt\"><strong><span style=\"color: #003366\">2022.12.13<\/span>.<\/strong><\/span><span style=\"color: #003366\"><span style=\"color: #000000;font-size: 12pt\">)<\/span><\/span><\/li>\n<\/ul>\n<\/li>\n<\/ul>\n","protected":false},"excerpt":{"rendered":"<p>Kutat\u00f3csoport tagjai Dr. Dobay Orsolya\u00a0 \u00a0 \u00a0 \u00a0 \u00a0 \u00a0 \u00a0 \u00a0 \u00a0egyetemi docens Dr. Horv\u00e1th Andrea\u00a0 \u00a0 \u00a0 \u00a0 \u00a0 \u00a0 \u00a0 egyetemi adjunktus Dr. Sahin-T\u00f3th Judit\u00a0\u00a0 \u00a0 \u00a0 \u00a0 \u00a0 \u00a0 \u00a0egyetemi adjunktus Dr. Huber Annam\u00e1ria\u00a0\u00a0 \u00a0 \u00a0 \u00a0 \u00a0 \u00a0 \u00a0 \u00a0\u00f3raad\u00f3 Kutat\u00e1si t\u00e9ma Kutat\u00f3csoportunk els\u0151sorban Staphylococcusokkal \u00e9s Streptococcusokkal foglalkozik. F\u0151 kutat\u00e1si &hellip;<\/p>\n","protected":false},"author":182,"featured_media":0,"parent":3074,"menu_order":1,"comment_status":"closed","ping_status":"closed","template":"","meta":{"_acf_changed":false,"footnotes":""},"categories":[],"tags":[],"class_list":["post-1464","page","type-page","status-publish","hentry"],"acf":[],"_links":{"self":[{"href":"https:\/\/semmelweis.hu\/mikrobiologia\/wp-json\/wp\/v2\/pages\/1464","targetHints":{"allow":["GET"]}}],"collection":[{"href":"https:\/\/semmelweis.hu\/mikrobiologia\/wp-json\/wp\/v2\/pages"}],"about":[{"href":"https:\/\/semmelweis.hu\/mikrobiologia\/wp-json\/wp\/v2\/types\/page"}],"author":[{"embeddable":true,"href":"https:\/\/semmelweis.hu\/mikrobiologia\/wp-json\/wp\/v2\/users\/182"}],"replies":[{"embeddable":true,"href":"https:\/\/semmelweis.hu\/mikrobiologia\/wp-json\/wp\/v2\/comments?post=1464"}],"version-history":[{"count":10,"href":"https:\/\/semmelweis.hu\/mikrobiologia\/wp-json\/wp\/v2\/pages\/1464\/revisions"}],"predecessor-version":[{"id":4078,"href":"https:\/\/semmelweis.hu\/mikrobiologia\/wp-json\/wp\/v2\/pages\/1464\/revisions\/4078"}],"up":[{"embeddable":true,"href":"https:\/\/semmelweis.hu\/mikrobiologia\/wp-json\/wp\/v2\/pages\/3074"}],"wp:attachment":[{"href":"https:\/\/semmelweis.hu\/mikrobiologia\/wp-json\/wp\/v2\/media?parent=1464"}],"wp:term":[{"taxonomy":"category","embeddable":true,"href":"https:\/\/semmelweis.hu\/mikrobiologia\/wp-json\/wp\/v2\/categories?post=1464"},{"taxonomy":"post_tag","embeddable":true,"href":"https:\/\/semmelweis.hu\/mikrobiologia\/wp-json\/wp\/v2\/tags?post=1464"}],"curies":[{"name":"wp","href":"https:\/\/api.w.org\/{rel}","templated":true}]}}