{"id":1377,"date":"2014-05-06T11:40:01","date_gmt":"2014-05-06T11:40:01","guid":{"rendered":"http:\/\/semmelweis.hu\/mikrobiologia\/?page_id=1377"},"modified":"2023-04-30T00:15:02","modified_gmt":"2023-04-29T22:15:02","slug":"kontakt","status":"publish","type":"page","link":"https:\/\/semmelweis.hu\/mikrobiologia\/de\/kontakt\/","title":{"rendered":"Kontakt"},"content":{"rendered":"<h4><span style=\"color: #000080\"><strong>Semmelweis Universit\u00e4t Institut f\u00fcr Medizinische Mikrobiologie<\/strong><\/span><\/h4>\n<p><strong>Addresse:<\/strong> H-1089 Budapest, Nagyv\u00e1rad t\u00e9r 4., 9-11. Stock<br \/>\nDas Sekretariat befindet sich im <strong>10. Stock<\/strong><\/p>\n<p><strong>Direktorin des Institutes: <span style=\"color: #000080\">Prof. Dr. D\u00f3ra Szab\u00f3<\/span><\/strong>, Doktorin der Ungarischen Akademie der Wissenschaften (MTA)<\/p>\n<p><strong>Tutor:<\/strong> <span style=\"color: #000080\"><strong>Dr. B\u00e9la Kocsis<\/strong><\/span><br \/>\n<strong>Leiterin des Sekretariats: <span style=\"color: #000080\">Orsolya Kelemen<\/span><\/strong><\/p>\n<ul style=\"list-style-type: square\">\n<li><strong>E-mail:<\/strong>\u00a0<a href=\"mailto:titkarsag.mikro@med.semmelweis-univ.hu\"><strong>titkarsag.mikro@med.semmelweis-univ.hu<\/strong><\/a><\/li>\n<li><strong>Anschrift::<\/strong> H-1085 Budapest, \u00dcll\u0151i \u00fat 26.<\/li>\n<li><strong>Telefon:<\/strong> +36 1 459 1500 \/ Nebenstellennr.: 56101<\/li>\n<\/ul>\n\n<!-- iframe plugin v.4.9 wordpress.org\/plugins\/iframe\/ -->\n<iframe loading=\"lazy\" src=\"https:\/\/www.openstreetmap.org\/export\/embed.html?bbox=19.087522029876713%2C47.476209011122855%2C19.094817638397217%2C47.48240874665262&#038;layer=mapnik\" width=\"100%\" height=\"400\" scrolling=\"yes\" class=\"iframe-class\" frameborder=\"0\"><\/iframe>\n\n<p><small><a href=\"https:\/\/www.openstreetmap.org\/#map=17\/47.47931\/19.09117\" target=\"_blank\" rel=\"noopener noreferrer\">Gr\u00f6\u00dfere Karte<\/a><\/small><\/p>\n","protected":false},"excerpt":{"rendered":"<p>Semmelweis Universit\u00e4t Institut f\u00fcr Medizinische Mikrobiologie Addresse: H-1089 Budapest, Nagyv\u00e1rad t\u00e9r 4., 9-11. Stock Das Sekretariat befindet sich im 10. Stock Direktorin des Institutes: Prof. Dr. D\u00f3ra Szab\u00f3, Doktorin der Ungarischen Akademie der Wissenschaften (MTA) Tutor: Dr. B\u00e9la Kocsis Leiterin des Sekretariats: Orsolya Kelemen E-mail:\u00a0 <a href=\"mailto:titkarsag.mikro@med.semmelweis-univ.hu\">titkarsag.mikro@med.semmelweis-univ.hu<\/a> Anschrift:: H-1085 Budapest, \u00dcll\u0151i \u00fat 26. Telefon: +36 1 459 &hellip;<\/p>\n","protected":false},"author":182,"featured_media":0,"parent":0,"menu_order":6,"comment_status":"closed","ping_status":"closed","template":"","meta":{"_acf_changed":false,"footnotes":""},"categories":[],"tags":[],"class_list":["post-1377","page","type-page","status-publish","hentry"],"acf":[],"_links":{"self":[{"href":"https:\/\/semmelweis.hu\/mikrobiologia\/wp-json\/wp\/v2\/pages\/1377","targetHints":{"allow":["GET"]}}],"collection":[{"href":"https:\/\/semmelweis.hu\/mikrobiologia\/wp-json\/wp\/v2\/pages"}],"about":[{"href":"https:\/\/semmelweis.hu\/mikrobiologia\/wp-json\/wp\/v2\/types\/page"}],"author":[{"embeddable":true,"href":"https:\/\/semmelweis.hu\/mikrobiologia\/wp-json\/wp\/v2\/users\/182"}],"replies":[{"embeddable":true,"href":"https:\/\/semmelweis.hu\/mikrobiologia\/wp-json\/wp\/v2\/comments?post=1377"}],"version-history":[{"count":13,"href":"https:\/\/semmelweis.hu\/mikrobiologia\/wp-json\/wp\/v2\/pages\/1377\/revisions"}],"predecessor-version":[{"id":3705,"href":"https:\/\/semmelweis.hu\/mikrobiologia\/wp-json\/wp\/v2\/pages\/1377\/revisions\/3705"}],"wp:attachment":[{"href":"https:\/\/semmelweis.hu\/mikrobiologia\/wp-json\/wp\/v2\/media?parent=1377"}],"wp:term":[{"taxonomy":"category","embeddable":true,"href":"https:\/\/semmelweis.hu\/mikrobiologia\/wp-json\/wp\/v2\/categories?post=1377"},{"taxonomy":"post_tag","embeddable":true,"href":"https:\/\/semmelweis.hu\/mikrobiologia\/wp-json\/wp\/v2\/tags?post=1377"}],"curies":[{"name":"wp","href":"https:\/\/api.w.org\/{rel}","templated":true}]}}