{"id":1372,"date":"2014-05-06T11:40:01","date_gmt":"2014-05-06T11:40:01","guid":{"rendered":"http:\/\/semmelweis.hu\/mikrobiologia\/?page_id=1372"},"modified":"2022-10-29T17:25:37","modified_gmt":"2022-10-29T15:25:37","slug":"contact","status":"publish","type":"page","link":"https:\/\/semmelweis.hu\/mikrobiologia\/en\/contact\/","title":{"rendered":"Contact"},"content":{"rendered":"<h4><span style=\"color: #000080\"><strong>Semmelweis University Institute of Medical Microbiology<\/strong><\/span><\/h4>\n<p><strong>Address:<\/strong> H-1089 Budapest, Nagyv\u00e1rad t\u00e9r 4., 9-11th floor<br \/>\nThe Secretariat is found on the <span style=\"color: #000080\"><strong>10th floor\u00a0<\/strong><\/span><\/p>\n<p><strong>Head of the Institute: <span style=\"color: #000080\">Prof. Dr. D\u00f3ra Szab\u00f3<\/span><\/strong>, DSc<\/p>\n<p><strong>Tutor: <span style=\"color: #000080\">Dr. \u00c1goston Ghid\u00e1n<\/span><\/strong><br \/>\n<strong>Head of the Secretariat:<\/strong> <span style=\"color: #000080\"><strong>Orsolya Kelemen\u00a0<\/strong><\/span><\/p>\n<ul style=\"list-style-type: square\">\n<li><strong>E-mail:<\/strong>\u00a0<a href=\"mailto:titkarsag.mikro@med.semmelweis-univ.hu\"><strong>titkarsag.mikro@med.semmelweis-univ.hu<\/strong><\/a><\/li>\n<li><strong>Mail address:<\/strong> H-1085 Budapest, \u00dcll\u0151i \u00fat 26.<\/li>\n<li><strong>Phone:<\/strong> +36 1 459 1500 \/ ext.: 56101<\/li>\n<\/ul>\n<p>\n<!-- iframe plugin v.4.9 wordpress.org\/plugins\/iframe\/ -->\n<iframe loading=\"lazy\" src=\"https:\/\/www.openstreetmap.org\/export\/embed.html?bbox=19.087522029876713%2C47.476209011122855%2C19.094817638397217%2C47.48240874665262&#038;layer=mapnik\" width=\"100%\" height=\"400\" scrolling=\"yes\" class=\"iframe-class\" frameborder=\"0\"><\/iframe>\n<br \/>\n<small><a href=\"https:\/\/www.openstreetmap.org\/#map=17\/47.47931\/19.09117\" target=\"_blank\" rel=\"noopener noreferrer\">Bigger map<\/a><\/small><\/p>\n","protected":false},"excerpt":{"rendered":"<p>Semmelweis University Institute of Medical Microbiology Address: H-1089 Budapest, Nagyv\u00e1rad t\u00e9r 4., 9-11th floor The Secretariat is found on the 10th floor\u00a0 Head of the Institute: Prof. Dr. D\u00f3ra Szab\u00f3, DSc Tutor: Dr. \u00c1goston Ghid\u00e1n Head of the Secretariat: Orsolya Kelemen\u00a0 E-mail:\u00a0 <a href=\"mailto:titkarsag.mikro@med.semmelweis-univ.hu\">titkarsag.mikro@med.semmelweis-univ.hu<\/a> Mail address: H-1085 Budapest, \u00dcll\u0151i \u00fat 26. Phone: +36 1 459 1500 \/ &hellip;<\/p>\n","protected":false},"author":182,"featured_media":0,"parent":0,"menu_order":6,"comment_status":"closed","ping_status":"closed","template":"","meta":{"_acf_changed":false,"footnotes":""},"categories":[],"tags":[],"class_list":["post-1372","page","type-page","status-publish","hentry"],"acf":[],"_links":{"self":[{"href":"https:\/\/semmelweis.hu\/mikrobiologia\/wp-json\/wp\/v2\/pages\/1372","targetHints":{"allow":["GET"]}}],"collection":[{"href":"https:\/\/semmelweis.hu\/mikrobiologia\/wp-json\/wp\/v2\/pages"}],"about":[{"href":"https:\/\/semmelweis.hu\/mikrobiologia\/wp-json\/wp\/v2\/types\/page"}],"author":[{"embeddable":true,"href":"https:\/\/semmelweis.hu\/mikrobiologia\/wp-json\/wp\/v2\/users\/182"}],"replies":[{"embeddable":true,"href":"https:\/\/semmelweis.hu\/mikrobiologia\/wp-json\/wp\/v2\/comments?post=1372"}],"version-history":[{"count":10,"href":"https:\/\/semmelweis.hu\/mikrobiologia\/wp-json\/wp\/v2\/pages\/1372\/revisions"}],"predecessor-version":[{"id":2981,"href":"https:\/\/semmelweis.hu\/mikrobiologia\/wp-json\/wp\/v2\/pages\/1372\/revisions\/2981"}],"wp:attachment":[{"href":"https:\/\/semmelweis.hu\/mikrobiologia\/wp-json\/wp\/v2\/media?parent=1372"}],"wp:term":[{"taxonomy":"category","embeddable":true,"href":"https:\/\/semmelweis.hu\/mikrobiologia\/wp-json\/wp\/v2\/categories?post=1372"},{"taxonomy":"post_tag","embeddable":true,"href":"https:\/\/semmelweis.hu\/mikrobiologia\/wp-json\/wp\/v2\/tags?post=1372"}],"curies":[{"name":"wp","href":"https:\/\/api.w.org\/{rel}","templated":true}]}}