{"id":1137,"date":"2017-12-12T16:32:20","date_gmt":"2017-12-12T15:32:20","guid":{"rendered":"http:\/\/semmelweis.hu\/mikrobiologia\/?page_id=1137"},"modified":"2025-11-04T11:19:17","modified_gmt":"2025-11-04T10:19:17","slug":"szakkepzes","status":"publish","type":"page","link":"https:\/\/semmelweis.hu\/mikrobiologia\/szakkepzes\/","title":{"rendered":"Szakk\u00e9pz\u00e9s"},"content":{"rendered":"<p style=\"text-align: justify\"><a href=\"https:\/\/semmelweis.hu\/szak-es-tovabbkepzes\/\" target=\"_blank\" rel=\"noopener\"><img loading=\"lazy\" decoding=\"async\" class=\"alignright\" src=\"https:\/\/semmelweis.hu\/szak-es-tovabbkepzes\/files\/2021\/05\/cropped-sztoklogo_kozepes.png\" alt=\"\" width=\"115\" height=\"115\" \/><\/a>R\u00e9szletes t\u00e1j\u00e9koztat\u00e1st a szakk\u00e9pz\u00e9sr\u0151l a Semmelweis Egyetem <strong><a href=\"https:\/\/semmelweis.hu\/szak-es-tovabbkepzes\/\" target=\"_blank\" rel=\"noopener\">Szak- \u00e9s Tov\u00e1bbk\u00e9pz\u00e9si K\u00f6zpontj\u00e1nak<\/a><\/strong> honlapj\u00e1n, valamint a<strong> <a href=\"https:\/\/reny.hu\/project_r\/actual_prg\/system\/launch.php?pg=.\/FRAME_main.php&amp;ugrp=2\" target=\"_blank\" rel=\"noopener\">RENY (Rezidens \u00e9s Akkredit\u00e1lt K\u00e9pz\u0151hely Nyilv\u00e1ntart\u00f3)\u00a0 port\u00e1lon<\/a><\/strong> tal\u00e1lhat. Tov\u00e1bbi hasznos inform\u00e1ci\u00f3k a tov\u00e1bbk\u00e9pz\u00e9sekkel, tanfolyamokkal valamint a megszerzend\u0151 pontokkal kapcsolatban el\u00e9rhet\u0151ek az <a href=\"https:\/\/www.oftex.hu\/project_o\/actual_prg\/system\/launch.php?pg=.\/FRAME_main.php&amp;ugrp=2\" target=\"_blank\" rel=\"noopener\"><strong>Oftex folyamatos tov\u00e1bbk\u00e9pz\u00e9si Port\u00e1lon.<\/strong><\/a><\/p>\n<div class=\"responsive-tabs\">\n<h2 class=\"tabtitle\">Aktu\u00e1lis szakvizsga-id\u0151szak<\/h2>\n<div class=\"tabcontent\">\n\n<p style=\"font-weight: 400;text-align: justify\"><span style=\"font-size: 14pt\"><span style=\"color: #000080\"><strong>Az el\u0151zetes t\u00e1j\u00e9koztat\u00f3 szerint<\/strong><\/span> a Klinikai\u00a0 \u00e9s Orvosi mikrobiol\u00f3gia szakvizsga egyid\u0151ben ker\u00fcl megrendez\u00e9sre, a kijel\u00f6lt id\u0151pontok a k\u00f6vetkez\u0151k:<\/span><\/p>\n<ul style=\"list-style-type: disc\">\n<li style=\"font-weight: 400\"><span style=\"font-size: 14pt\"><strong><span style=\"color: #000080\"><u>Gyakorlati vizsga:<\/u><\/span><\/strong> 2025. november 3.\u00a0 \u00a0 \u00a0 \u00a0 \u00a0 \u00a0 \u00a0 \u00a0 \u00a0 \u00a0 \u00a0 \u00a0 \u00a0 \u00a0 \u00a0 \u00a0 \u00a0 \u00a0 \u00a0 \u00a0 \u00a0 \u00a0 \u00a0 \u00a0 \u00a0 \u00a0 \u00a0 \u00a0 \u00a0 \u00a0 \u00a0 \u00a0 \u00a0 \u00a0 \u00a0 \u00a0 \u00a0 \u00a0 \u00a0 \u00a0 \u00a0 \u00a0 \u00a0 \u00a0 \u00a0 SE Laborat\u00f3rium Medicina Int\u00e9zet, Mikrobiol\u00f3giai Laborat\u00f3rium\u00a0 \u00a0 \u00a0 \u00a0 \u00a0 \u00a0 \u00a0 \u00a0 \u00a0 \u00a0 \u00a0 \u00a0 \u00a0 \u00a0 \u00a0 \u00a0 \u00a0 \u00a0 \u00a0 \u00a0 \u00a0 \u00a0 \u00a0 \u00a0 \u00a0 \u00a0 \u00a0 \u00a0 \u00a0 \u00a0 \u00a0 <\/span><span style=\"font-size: 14pt\">(1082 Budapest, \u00dcll\u0151i \u00fat 78\/A. 1 em.)<\/span><\/li>\n<\/ul>\n<ul style=\"list-style-type: disc\">\n<li style=\"font-weight: 400\"><span style=\"font-size: 14pt\"><strong><span style=\"color: #000080\"><u>Elm\u00e9leti vizsga<\/u>:<\/span><\/strong> 2025. november 20., 10.00\u00a0 \u00a0 \u00a0 \u00a0 \u00a0 \u00a0 \u00a0 \u00a0 \u00a0 \u00a0 \u00a0 \u00a0 \u00a0 \u00a0 \u00a0 \u00a0 \u00a0 \u00a0 \u00a0 \u00a0 \u00a0 \u00a0 \u00a0 \u00a0 \u00a0 \u00a0 \u00a0 \u00a0 \u00a0 \u00a0 \u00a0 \u00a0 \u00a0 \u00a0 \u00a0 \u00a0 \u00a0 \u00a0 \u00a0 \u00a0 \u00a0 \u00a0 \u00a0 \u00a0 \u00a0 \u00a0 \u00a0 \u00a0 \u00a0 \u00a0SE Orvosi Mikrobiol\u00f3giai Int\u00e9zet\u00a0 \u00a0 \u00a0 \u00a0 \u00a0 \u00a0 \u00a0 \u00a0 \u00a0 \u00a0 \u00a0 \u00a0 \u00a0 \u00a0 \u00a0 \u00a0 \u00a0 \u00a0 \u00a0 \u00a0 \u00a0 \u00a0 \u00a0 \u00a0 \u00a0 \u00a0 \u00a0 \u00a0 \u00a0 \u00a0 \u00a0 \u00a0 \u00a0 \u00a0 \u00a0 \u00a0 \u00a0 \u00a0 \u00a0 \u00a0 \u00a0 \u00a0 \u00a0 \u00a0 \u00a0 \u00a0 \u00a0 \u00a0 \u00a0 \u00a0 \u00a0 \u00a0 \u00a0 \u00a0 \u00a0 \u00a0 \u00a0<\/span><span style=\"font-size: 14pt\">(1089 Budapest, Nagyv\u00e1rad t\u00e9r 4. X. emelet K\u00f6nyvt\u00e1r).<\/span><\/li>\n<\/ul>\n\n<\/div><h2 class=\"tabtitle\">Orvosi mikrobiol\u00f3gia - Szakorvosk\u00e9pz\u00e9s<\/h2>\n<div class=\"tabcontent\">\n\n<ul>\n<li><b>Gr\u00e9mium- \u00e9s Szakvizsgabizotts\u00e1g-eln\u00f6k:\u00a0 <span style=\"color: #000080\">Prof. Dr. Szab\u00f3 D\u00f3ra<\/span> <\/b><span style=\"font-size: 12pt\">egyetemi tan\u00e1r<\/span> <br \/>\nSE \u00c1OK Orvosi Mikrobiol\u00f3giai Int\u00e9zet <br \/>\n1089 Budapest, Nagyv\u00e1rad t\u00e9r 4.<br \/>\nTel: +36-1-459-1500\/56101 mell\u00e9k<br \/>\nE-mail: <a href=\"mailto:szabo.dora@semmelweis.hu\">szabo.dora@semmelweis.hu<\/a><\/li>\n<\/ul>\n<ul>\n<li><b>Gr\u00e9miumi titk\u00e1r:\u00a0 \u00a0 \u00a0<span style=\"color: #000080\">Dr. habil. Ostorh\u00e1zi Eszter <\/span><\/b><span style=\"font-size: 12pt\">egyetemi docens<\/span><b><br \/>\n<\/b>SE \u00c1OK Orvosi Mikrobiol\u00f3giai Int\u00e9zet <br \/>\n1089 Budapest, Nagyv\u00e1rad t\u00e9r 4. <br \/>\nTel: +36-1-459-1500\/56225 mell\u00e9k <br \/>\nE-mail: <a href=\"mailto:ostorhazi.eszter@med.semmelweis-univ.hu\">ostorhazi.eszter@med.semmelweis-univ.hu<\/a><\/li>\n<\/ul>\n<ul>\n<li><b>Vezet\u0151 rezidens:\u00a0 \u00a0 \u00a0<span style=\"color: #000080\">Dr. Guly\u00e1s D\u00e1niel <\/span><\/b><span style=\"font-size: 12pt\">szakorvos-jel\u00f6lt<\/span><b><br \/>\n<\/b>SE \u00c1OK Orvosi Mikrobiol\u00f3giai Int\u00e9zet <br \/>\n1089 Budapest, Nagyv\u00e1rad t\u00e9r 4.<br \/>\nE-mail: <a href=\"mailto:gulyas.daniel@semmelweis.hu\" target=\"_blank\" rel=\"noopener\">gulyas.daniel@semmelweis.hu<\/a><\/li>\n<\/ul>\n<p style=\"text-align: justify\">\u00a0 \u00a0 \u00a0 \u00a0 Facebook: <span style=\"font-size: 14pt\"><a href=\"https:\/\/www.facebook.com\/groups\/636923831107106\" target=\"_blank\" rel=\"noopener\">Orvosi, Klinikai \u00e9s Gy\u00f3gyszer\u00e9szi Mikrobiol\u00f3gusok, Rezidensek Csoportja<\/a><\/span><\/p>\n<div class=\"fontos_div\">\n<p><span style=\"font-size: 14pt\">A <span style=\"color: #000080\"><strong>Szakk\u00e9pz\u00e9s megkezd\u00e9s\u00e9hez \u00e9s elv\u00e9gz\u00e9s\u00e9hez<\/strong><\/span> sz\u00fcks\u00e9ges inform\u00e1ci\u00f3k el\u00e9rhet\u0151ek a <\/span><span style=\"font-size: 14pt\"><a href=\"https:\/\/semmelweis.hu\/szak-es-tovabbkepzes\/aok\/elso-alap-szakkepzes\/\" target=\"_blank\" rel=\"noopener\">Szak- \u00e9s Tov\u00e1bbk\u00e9pz\u00e9si K\u00f6zpont honlapj\u00e1n.<\/a><\/span><\/p>\n<p><span style=\"font-size: 14pt\">A<span style=\"color: #000080\"><strong> R\u00e9szvizsg\u00e1<\/strong><\/span>val kapcsolatos inform\u00e1ci\u00f3k el\u00e9rhet\u0151ek a <a href=\"https:\/\/semmelweis.hu\/szak-es-tovabbkepzes\/aok\/rezidensreszvizsga\/\" target=\"_blank\" rel=\"noopener\">Szak- \u00e9s Tov\u00e1bbk\u00e9pz\u00e9si K\u00f6zpont honlapj\u00e1n.<\/a><\/span><\/p>\n<p><span style=\"font-size: 14pt\"><span style=\"color: #000080\"><strong>Szakvizsga t\u00e9telsor<\/strong><\/span> <a href=\"https:\/\/semmelweis.hu\/mikrobiologia\/files\/2022\/12\/Orvosi-Mikrobiologia-Szakvizsga-kerdesek.pdf\" target=\"_blank\" rel=\"noopener\">ide kattintva<\/a> el\u00e9rhet\u0151 (Pdf).<\/span><\/p>\n<p style=\"text-align: justify\"><span style=\"font-size: 14pt\"><span style=\"color: #000080\"><strong>Szakvizsga-jelentkez\u00e9s<\/strong><\/span>sel kapcsolatos tov\u00e1bbi hasznos inform\u00e1ci\u00f3k <a href=\"https:\/\/www.enkk.hu\/index.php\/hun\/nemzeti-vizsgabizottsag-2\/ogyfk-vizsganaptar\" target=\"_blank\" rel=\"noopener\">a Nemzeti Vizsgabizotts\u00e1g hivatalos honlapj\u00e1n<\/a> el\u00e9rhet\u0151ek.<\/span><\/p>\n<\/div>\n\n<\/div><h2 class=\"tabtitle\">Klinikai mikrobiol\u00f3gus<\/h2>\n<div class=\"tabcontent\">\n\n<ul>\n<li><b>Gr\u00e9mium- \u00e9s Szakvizsgabizotts\u00e1g-eln\u00f6k: <span style=\"color: #000080\">Prof.\u00a0 Dr. Szab\u00f3 D\u00f3ra<\/span> <\/b><span style=\"font-size: 12pt\">egyetemi tan\u00e1r<\/span> <br \/>\nSE \u00c1OK Orvosi Mikrobiol\u00f3giai Int\u00e9zet <br \/>\n1089 Budapest, Nagyv\u00e1rad t\u00e9r 4.<br \/>\nTel: +36-1-459-1500\/56101 mell\u00e9k<br \/>\nE-mail: <a href=\"mailto:szabo.dora@semmelweis.hu\">szabo.dora@semmelweis.hu<\/a><\/li>\n<\/ul>\n<ul>\n<li><b>Gr\u00e9miumi titk\u00e1r:\u00a0\u00a0 <span style=\"color: #000080\">Dr. habil. Ostorh\u00e1zi Eszter <\/span><\/b><span style=\"font-size: 12pt\">egyetemi docens<\/span><b><br \/>\n<\/b>SE \u00c1OK Orvosi Mikrobiol\u00f3giai Int\u00e9zet <br \/>\n1089 Budapest, Nagyv\u00e1rad t\u00e9r 4. <br \/>\nTel: +36-1-459-1500\/56225 mell\u00e9k <br \/>\ne-mail: <a href=\"mailto:ostorhazi.eszter@med.semmelweis-univ.hu\">ostorhazi.eszter@med.semmelweis-univ.hu<\/a><\/li>\n<\/ul>\n<p>\u00a0 \u00a0 \u00a0 \u00a0 Facebook: <span style=\"font-size: 14pt\"><a href=\"https:\/\/www.facebook.com\/groups\/636923831107106\" target=\"_blank\" rel=\"noopener\">Orvosi, Klinikai \u00e9s Gy\u00f3gyszer\u00e9szi Mikrobiol\u00f3gusok, Rezidensek Csoportja<\/a><\/span><\/p>\n<div class=\"fontos_div\">\n<p style=\"text-align: justify\"><span style=\"font-size: 14pt\">A<span style=\"color: #000080\"><strong> Szakk\u00e9pz\u00e9s megkezd\u00e9s\u00e9hez \u00e9s elv\u00e9gz\u00e9s\u00e9hez<\/strong><\/span> sz\u00fcks\u00e9ges inform\u00e1ci\u00f3k el\u00e9rhet\u0151ek a <a href=\"https:\/\/semmelweis.hu\/szak-es-tovabbkepzes\/egyeb-egeszsegugyi-felsofoku-szakiranyu-szakkepzesek\/\" target=\"_blank\" rel=\"noopener\">Szak- \u00e9s Tov\u00e1bbk\u00e9pz\u00e9si K\u00f6zpont honlapj\u00e1n.<\/a><\/span><\/p>\n<p>&nbsp;<\/p>\n<p style=\"text-align: justify\"><span style=\"font-size: 14pt\"><span style=\"color: #000080\"><strong>Szakvizsga t\u00e9telsor<\/strong><\/span> <a href=\"https:\/\/semmelweis.hu\/mikrobiologia\/files\/2022\/12\/Klinikai-mikrobiologia-Szakvizsga-_kerdesek.pdf\" target=\"_blank\" rel=\"noopener\">ide kattintva<\/a> el\u00e9rhet\u0151 (pdf).<\/span><\/p>\n<\/div>\n<\/div><\/div>\n<p>&nbsp;<\/p>\n","protected":false},"excerpt":{"rendered":"<p><a href=\"https:\/\/semmelweis.hu\/szak-es-tovabbkepzes\/\" target=\"_blank\" rel=\"noopener\"><\/a> R\u00e9szletes t\u00e1j\u00e9koztat\u00e1st a szakk\u00e9pz\u00e9sr\u0151l a Semmelweis Egyetem <a href=\"https:\/\/semmelweis.hu\/szak-es-tovabbkepzes\/\" target=\"_blank\" rel=\"noopener\">Szak- \u00e9s Tov\u00e1bbk\u00e9pz\u00e9si K\u00f6zpontj\u00e1nak<\/a> honlapj\u00e1n, valamint a <a href=\"https:\/\/reny.hu\/project_r\/actual_prg\/system\/launch.php?pg=.\/FRAME_main.php&amp;ugrp=2\" target=\"_blank\" rel=\"noopener\">RENY (Rezidens \u00e9s Akkredit\u00e1lt K\u00e9pz\u0151hely Nyilv\u00e1ntart\u00f3)\u00a0 port\u00e1lon<\/a> tal\u00e1lhat. Tov\u00e1bbi hasznos inform\u00e1ci\u00f3k a tov\u00e1bbk\u00e9pz\u00e9sekkel, tanfolyamokkal valamint a megszerzend\u0151 pontokkal kapcsolatban el\u00e9rhet\u0151ek az <a href=\"https:\/\/www.oftex.hu\/project_o\/actual_prg\/system\/launch.php?pg=.\/FRAME_main.php&amp;ugrp=2\" target=\"_blank\" rel=\"noopener\">Oftex folyamatos tov\u00e1bbk\u00e9pz\u00e9si Port\u00e1lon.<\/a> Az el\u0151zetes t\u00e1j\u00e9koztat\u00f3 szerint a Klinikai\u00a0 \u00e9s Orvosi mikrobiol\u00f3gia szakvizsga egyid\u0151ben ker\u00fcl megrendez\u00e9sre, a kijel\u00f6lt id\u0151pontok a k\u00f6vetkez\u0151k: Gyakorlati vizsga: 2025. november 3.\u00a0 \u00a0 \u00a0 \u00a0 \u00a0 \u00a0 \u00a0 \u00a0 \u00a0 &hellip;<\/p>\n","protected":false},"author":182,"featured_media":0,"parent":0,"menu_order":3,"comment_status":"closed","ping_status":"closed","template":"","meta":{"_acf_changed":false,"footnotes":""},"categories":[],"tags":[],"class_list":["post-1137","page","type-page","status-publish","hentry"],"acf":[],"_links":{"self":[{"href":"https:\/\/semmelweis.hu\/mikrobiologia\/wp-json\/wp\/v2\/pages\/1137","targetHints":{"allow":["GET"]}}],"collection":[{"href":"https:\/\/semmelweis.hu\/mikrobiologia\/wp-json\/wp\/v2\/pages"}],"about":[{"href":"https:\/\/semmelweis.hu\/mikrobiologia\/wp-json\/wp\/v2\/types\/page"}],"author":[{"embeddable":true,"href":"https:\/\/semmelweis.hu\/mikrobiologia\/wp-json\/wp\/v2\/users\/182"}],"replies":[{"embeddable":true,"href":"https:\/\/semmelweis.hu\/mikrobiologia\/wp-json\/wp\/v2\/comments?post=1137"}],"version-history":[{"count":13,"href":"https:\/\/semmelweis.hu\/mikrobiologia\/wp-json\/wp\/v2\/pages\/1137\/revisions"}],"predecessor-version":[{"id":4045,"href":"https:\/\/semmelweis.hu\/mikrobiologia\/wp-json\/wp\/v2\/pages\/1137\/revisions\/4045"}],"wp:attachment":[{"href":"https:\/\/semmelweis.hu\/mikrobiologia\/wp-json\/wp\/v2\/media?parent=1137"}],"wp:term":[{"taxonomy":"category","embeddable":true,"href":"https:\/\/semmelweis.hu\/mikrobiologia\/wp-json\/wp\/v2\/categories?post=1137"},{"taxonomy":"post_tag","embeddable":true,"href":"https:\/\/semmelweis.hu\/mikrobiologia\/wp-json\/wp\/v2\/tags?post=1137"}],"curies":[{"name":"wp","href":"https:\/\/api.w.org\/{rel}","templated":true}]}}