{"id":91296,"date":"2022-11-08T08:55:53","date_gmt":"2022-11-08T07:55:53","guid":{"rendered":"https:\/\/semmelweis.hu\/mfi\/?page_id=91296"},"modified":"2024-09-17T13:09:34","modified_gmt":"2024-09-17T11:09:34","slug":"logisztikai-osztaly","status":"publish","type":"page","link":"https:\/\/semmelweis.hu\/mfi\/mfi-szervezetek\/logisztikai-osztaly\/","title":{"rendered":"Logisztikai Oszt\u00e1ly"},"content":{"rendered":"<p>A Logisztikai Oszt\u00e1ly feladata az Egyetem tev\u00e9kenys\u00e9g\u00e9t kiszolg\u00e1l\u00f3 sz\u00e1ll\u00edt\u00e1si, anyagmozgat\u00e1si feladatok ell\u00e1t\u00e1sa<\/p>\n<ul>\n<li>v\u00e9r- \u00e9s mintasz\u00e1ll\u00edt\u00e1s k\u00f6rj\u00e1rati (el\u0151re egyeztetett id\u0151pontokban t\u00f6rt\u00e9n\u0151) \u00e9s 24 \u00f3r\u00e1s s\u00fcrg\u0151ss\u00e9gi (sz\u00fcks\u00e9g eset\u00e9n megk\u00fcl\u00f6nb\u00f6ztet\u0151 jelz\u00e9s haszn\u00e1lata melletti) sz\u00e1ll\u00edt\u00e1si rendszerekben<\/li>\n<li>tehersz\u00e1ll\u00edt\u00e1s \u2013 gy\u00f3gyszer-, textil-, g\u00e1z- \u00e9s egy\u00e9b sz\u00e1ll\u00edt\u00e1si feladatok, rakt\u00e1ri kisz\u00e1ll\u00edt\u00e1s, k\u00f6rpostai sz\u00e1ll\u00edt\u00e1sok<\/li>\n<li>szem\u00e9ly- \u00e9s betegsz\u00e1ll\u00edt\u00e1si tev\u00e9kenys\u00e9gek<\/li>\n<li>anyagbeszerz\u00e9sek, g\u00e9pek, vegyes eszk\u00f6z\u00f6k, iratanyagok sz\u00e1ll\u00edt\u00e1sa \u00e9s \u00e9p\u00fcleten bel\u00fcli mozgat\u00e1sa<\/li>\n<li>k\u00f6lt\u00f6ztet\u00e9sek szervez\u00e9se \u00e9s v\u00e9grehajt\u00e1sa<\/li>\n<li>az Egyetem g\u00e9pj\u00e1rm\u0171parkj\u00e1nak \u00fczemeltet\u00e9se, \u00fczemmenet folytonoss\u00e1g biztos\u00edt\u00e1sa<\/li>\n<li>k\u00f6zponti \u00e9s saj\u00e1t hat\u00e1sk\u00f6r\u0171 beszerz\u00e9sek lefolytat\u00e1s\u00e1ban az Egyetem \u00e9rdekeinek szak\u00e9rt\u0151 k\u00e9pviselete \u2013 \u00fczem- \u00e9s ken\u0151anyag beszerz\u00e9s, taxiszolg\u00e1ltat\u00e1s, eg\u00e9szs\u00e9g\u00fcgyi g\u00e1zell\u00e1t\u00e1s, k\u00f6lt\u00f6ztet\u00e9si szolg\u00e1ltat\u00e1s, j\u00e1rm\u0171beszerz\u00e9s<\/li>\n<li>a j\u00e1rm\u0171park \u00fczemeltet\u00e9s\u00e9vel \u00f6sszef\u00fcgg\u0151 biztos\u00edt\u00e1si \u00e9s jav\u00edt\u00e1si-karbantart\u00e1si, valamint alkatr\u00e9szbeszerz\u00e9si \u00e9s g\u00e9pj\u00e1rm\u0171 b\u00e9rl\u00e9si szerz\u0151d\u00e9sek megk\u00f6t\u00e9se, szakmai adatszolg\u00e1ltat\u00e1sok biztos\u00edt\u00e1sa, hat\u00f3s\u00e1gi \u00fcgyint\u00e9z\u00e9sek v\u00e9grehajt\u00e1sa<\/li>\n<li>Munkaid\u0151 alatti diszp\u00e9cserszolg\u00e1lat fenntart\u00e1sa<\/li>\n<\/ul>\n<p>Szolg\u00e1ltat\u00e1sainkat az int\u00e9zm\u00e9nyek bels\u0151 elsz\u00e1mol\u00f3, \u00f6nk\u00f6lts\u00e9gi \u00e1rakon veszik ig\u00e9nybe.<\/p>\n<p><a href=\"https:\/\/semmelweis.hu\/mfi\/altalanos-informaciok\/munkatarsak\/\" target=\"_blank\" rel=\"noopener\">El\u00e9rhet\u0151s\u00e9gek<\/a><\/p>\n<p>J\u00e1ratrendek:<\/p>\n<ul>\n<li><a href=\"https:\/\/semmelweis.hu\/mfi\/files\/2024\/09\/Buda-laboratoriumi-mintaszallitas-es-postajarat-rendje-20240911.pdf\">B<\/a>uda laborat\u00f3riumi mintasz\u00e1ll\u00edt\u00e1s \u00e9s postaj\u00e1rat rendje 20240911<\/li>\n<li>Buda v\u00e9rsz\u00e1ll\u00edt\u00e1s \u00e9s munkaid\u0151n k\u00edv\u00fcli laborsz\u00e1ll\u00edt\u00e1s rendje 20240911<\/li>\n<li>Mer\u00e9nyi \u00e9s Richter j\u00e1ratrend 20240911<\/li>\n<li>Pest posta j\u00e1ratrendje 20240911<\/li>\n<li>Pest v\u00e9rsz\u00e1ll\u00edt\u00e1s rendje 20240911<\/li>\n<li>Pesti labormintasz\u00e1ll\u00edt\u00e1s j\u00e1ratrendje 20240911<\/li>\n<li>Rakt\u00e1ri laborat\u00f3riumi kisz\u00e1ll\u00edt\u00e1sok rendje &#8211; h\u00e9tf\u0151nk\u00e9nt 20240911<\/li>\n<li>R\u00f3kus laborat\u00f3riumi mintasz\u00e1ll\u00edt\u00e1s rendje 20240911<\/li>\n<li>Sterilsz\u00e1ll\u00edt\u00e1s j\u00e1ratrendje 20240911<\/li>\n<\/ul>\n","protected":false},"excerpt":{"rendered":"<p>A Logisztikai Oszt\u00e1ly feladata az Egyetem tev\u00e9kenys\u00e9g\u00e9t kiszolg\u00e1l\u00f3 sz\u00e1ll\u00edt\u00e1si, anyagmozgat\u00e1si feladatok ell\u00e1t\u00e1sa v\u00e9r- \u00e9s mintasz\u00e1ll\u00edt\u00e1s k\u00f6rj\u00e1rati (el\u0151re egyeztetett id\u0151pontokban t\u00f6rt\u00e9n\u0151) \u00e9s 24 \u00f3r\u00e1s s\u00fcrg\u0151ss\u00e9gi (sz\u00fcks\u00e9g eset\u00e9n megk\u00fcl\u00f6nb\u00f6ztet\u0151 jelz\u00e9s haszn\u00e1lata melletti) sz\u00e1ll\u00edt\u00e1si rendszerekben tehersz\u00e1ll\u00edt\u00e1s \u2013 gy\u00f3gyszer-, textil-, g\u00e1z- \u00e9s egy\u00e9b sz\u00e1ll\u00edt\u00e1si feladatok, rakt\u00e1ri kisz\u00e1ll\u00edt\u00e1s, k\u00f6rpostai sz\u00e1ll\u00edt\u00e1sok szem\u00e9ly- \u00e9s betegsz\u00e1ll\u00edt\u00e1si tev\u00e9kenys\u00e9gek anyagbeszerz\u00e9sek, g\u00e9pek, vegyes eszk\u00f6z\u00f6k, iratanyagok sz\u00e1ll\u00edt\u00e1sa &hellip;<\/p>\n","protected":false},"author":286,"featured_media":0,"parent":62,"menu_order":1,"comment_status":"closed","ping_status":"closed","template":"","meta":{"_acf_changed":false,"footnotes":""},"categories":[],"tags":[],"class_list":["post-91296","page","type-page","status-publish","hentry"],"acf":[],"_links":{"self":[{"href":"https:\/\/semmelweis.hu\/mfi\/wp-json\/wp\/v2\/pages\/91296","targetHints":{"allow":["GET"]}}],"collection":[{"href":"https:\/\/semmelweis.hu\/mfi\/wp-json\/wp\/v2\/pages"}],"about":[{"href":"https:\/\/semmelweis.hu\/mfi\/wp-json\/wp\/v2\/types\/page"}],"author":[{"embeddable":true,"href":"https:\/\/semmelweis.hu\/mfi\/wp-json\/wp\/v2\/users\/286"}],"replies":[{"embeddable":true,"href":"https:\/\/semmelweis.hu\/mfi\/wp-json\/wp\/v2\/comments?post=91296"}],"version-history":[{"count":7,"href":"https:\/\/semmelweis.hu\/mfi\/wp-json\/wp\/v2\/pages\/91296\/revisions"}],"predecessor-version":[{"id":91679,"href":"https:\/\/semmelweis.hu\/mfi\/wp-json\/wp\/v2\/pages\/91296\/revisions\/91679"}],"up":[{"embeddable":true,"href":"https:\/\/semmelweis.hu\/mfi\/wp-json\/wp\/v2\/pages\/62"}],"wp:attachment":[{"href":"https:\/\/semmelweis.hu\/mfi\/wp-json\/wp\/v2\/media?parent=91296"}],"wp:term":[{"taxonomy":"category","embeddable":true,"href":"https:\/\/semmelweis.hu\/mfi\/wp-json\/wp\/v2\/categories?post=91296"},{"taxonomy":"post_tag","embeddable":true,"href":"https:\/\/semmelweis.hu\/mfi\/wp-json\/wp\/v2\/tags?post=91296"}],"curies":[{"name":"wp","href":"https:\/\/api.w.org\/{rel}","templated":true}]}}