{"id":356,"date":"2016-11-02T10:17:42","date_gmt":"2016-11-02T09:17:42","guid":{"rendered":"http:\/\/semmelweis.hu\/mfi\/?page_id=356"},"modified":"2021-02-11T11:32:45","modified_gmt":"2021-02-11T10:32:45","slug":"eir","status":"publish","type":"page","link":"https:\/\/semmelweis.hu\/mfi\/eir\/","title":{"rendered":"EIR"},"content":{"rendered":"<p>A Semmelweis Egyetem vezet\u0151inek d\u00f6nt\u00e9se \u00e9s elk\u00f6telezetts\u00e9ge mellett ker\u00fcl bevezet\u00e9sre az Energiair\u00e1ny\u00edt\u00e1si Rendszer, az MSZ EN ISO 50001:2012 szab\u00e1lyoz\u00e1s\u00e1nak keret\u00e9ben, az 57\/2015. \u00e9vi Energiahat\u00e9konys\u00e1gi t\u00f6rv\u00e9nyben megfogalmazottak \u00e9rtelm\u00e9ben.<\/p>\n<p>Az Energiair\u00e1ny\u00edt\u00e1si Rendszer (EIR) a Min\u0151s\u00e9gir\u00e1ny\u00edt\u00e1si Rendszer (MIR) \u00e9s K\u00f6rnyezetir\u00e1ny\u00edt\u00e1si Rendszer (KIR) harmadik pill\u00e9rek\u00e9nt alkotja az Egyetemi Integr\u00e1lt Ir\u00e1ny\u00edt\u00e1si Rendszert (IIR). Az Ir\u00e1ny\u00edt\u00e1si rendszerek vezet\u0151i: MIR, KIR, EIR vezet\u0151.<\/p>\n<p>Az EIR bevezet\u00e9s\u00e9nek f\u0151 c\u00e9lkit\u0171z\u00e9se az energiahat\u00e9konys\u00e1g n\u00f6vel\u00e9se, az energiafogyaszt\u00e1s cs\u00f6kkent\u00e9se, meg\u00fajul\u00f3 energi\u00e1k alkalmaz\u00e1s\u00e1val az energiafelhaszn\u00e1l\u00e1s hat\u00e9konys\u00e1g\u00e1nak n\u00f6vel\u00e9se \u00e9s nem utols\u00f3 sorban az energiak\u00f6lts\u00e9g cs\u00f6kkent\u00e9se.<\/p>\n<p>Az Energiapolitik\u00e1ban is megfogalmazott c\u00e9lok megval\u00f3s\u00edt\u00e1sa k\u00f6z\u00f6s \u00fcgy\u00fcnk, nem csak a vezet\u00e9s, a szakigazgat\u00f3s\u00e1g, hanem minden dolgoz\u00f3 egy\u00fcttm\u0171k\u00f6d\u00e9s\u00e9re sz\u00e1m\u00edtva. A szem\u00e9lyes odafigyel\u00e9s az eredm\u00e9nyess\u00e9g egyik fontos t\u00e9nyez\u0151je, melyben t\u00e1mogat\u00e1sukat k\u00e9rem.<\/p>\n<div id=\"GroupWiseSection_1612957429000_varga-timar.melinda@semmelweis-univ.hu_912AF1010DCC0000A3C0000000000000_\" class=\"GroupWiseMessageBody\">\n<div>Horv\u00e1th \u00c1kos<\/div>\n<\/div>\n<p>m\u0171szaki f\u0151igazgat\u00f3<\/p>\n<p>Ny\u00edri \u00c1kos<br \/>\nEIR vezet\u0151<\/p>\n","protected":false},"excerpt":{"rendered":"<p>A Semmelweis Egyetem vezet\u0151inek d\u00f6nt\u00e9se \u00e9s elk\u00f6telezetts\u00e9ge mellett ker\u00fcl bevezet\u00e9sre az Energiair\u00e1ny\u00edt\u00e1si Rendszer, az MSZ EN ISO 50001:2012 szab\u00e1lyoz\u00e1s\u00e1nak keret\u00e9ben, az 57\/2015. \u00e9vi Energiahat\u00e9konys\u00e1gi t\u00f6rv\u00e9nyben megfogalmazottak \u00e9rtelm\u00e9ben. Az Energiair\u00e1ny\u00edt\u00e1si Rendszer (EIR) a Min\u0151s\u00e9gir\u00e1ny\u00edt\u00e1si Rendszer (MIR) \u00e9s K\u00f6rnyezetir\u00e1ny\u00edt\u00e1si Rendszer (KIR) harmadik pill\u00e9rek\u00e9nt alkotja az Egyetemi Integr\u00e1lt Ir\u00e1ny\u00edt\u00e1si Rendszert (IIR). Az Ir\u00e1ny\u00edt\u00e1si rendszerek vezet\u0151i: MIR, KIR, EIR &hellip;<\/p>\n","protected":false},"author":286,"featured_media":0,"parent":0,"menu_order":3,"comment_status":"closed","ping_status":"closed","template":"","meta":{"_acf_changed":false,"footnotes":""},"categories":[],"tags":[],"class_list":["post-356","page","type-page","status-publish","hentry"],"acf":[],"_links":{"self":[{"href":"https:\/\/semmelweis.hu\/mfi\/wp-json\/wp\/v2\/pages\/356","targetHints":{"allow":["GET"]}}],"collection":[{"href":"https:\/\/semmelweis.hu\/mfi\/wp-json\/wp\/v2\/pages"}],"about":[{"href":"https:\/\/semmelweis.hu\/mfi\/wp-json\/wp\/v2\/types\/page"}],"author":[{"embeddable":true,"href":"https:\/\/semmelweis.hu\/mfi\/wp-json\/wp\/v2\/users\/286"}],"replies":[{"embeddable":true,"href":"https:\/\/semmelweis.hu\/mfi\/wp-json\/wp\/v2\/comments?post=356"}],"version-history":[{"count":3,"href":"https:\/\/semmelweis.hu\/mfi\/wp-json\/wp\/v2\/pages\/356\/revisions"}],"predecessor-version":[{"id":90846,"href":"https:\/\/semmelweis.hu\/mfi\/wp-json\/wp\/v2\/pages\/356\/revisions\/90846"}],"wp:attachment":[{"href":"https:\/\/semmelweis.hu\/mfi\/wp-json\/wp\/v2\/media?parent=356"}],"wp:term":[{"taxonomy":"category","embeddable":true,"href":"https:\/\/semmelweis.hu\/mfi\/wp-json\/wp\/v2\/categories?post=356"},{"taxonomy":"post_tag","embeddable":true,"href":"https:\/\/semmelweis.hu\/mfi\/wp-json\/wp\/v2\/tags?post=356"}],"curies":[{"name":"wp","href":"https:\/\/api.w.org\/{rel}","templated":true}]}}