{"id":13,"date":"2012-09-11T15:40:47","date_gmt":"2012-09-11T13:40:47","guid":{"rendered":"http:\/\/semmelweis-egyetem.hu\/onkoterapiai-tanszek\/?page_id=5"},"modified":"2024-10-21T11:36:25","modified_gmt":"2024-10-21T09:36:25","slug":"altalanos-informaciok","status":"publish","type":"page","link":"https:\/\/semmelweis.hu\/mfi\/altalanos-informaciok\/","title":{"rendered":"\u00c1ltal\u00e1nos inform\u00e1ci\u00f3k"},"content":{"rendered":"<p>Az M\u0171szaki F\u0151igazgat\u00f3s\u00e1g az Egyetem k\u00f6zponti \u00fczemeltet\u00e9si, m\u0171k\u00f6dtet\u00e9si \u00e9s szolg\u00e1ltat\u00e1si feladatait ir\u00e1ny\u00edtja, koordin\u00e1lja. Az \u00fczemeltet\u00e9si m\u0171k\u00f6dtet\u00e9si ter\u00fclet kiterjed a l\u00e9tes\u00edtm\u00e9nyek, \u00e9p\u00fclet berendez\u00e9seik fenntart\u00e1s\u00e1ra: hibaelh\u00e1r\u00edt\u00e1s, karbantart\u00e1s, jav\u00edt\u00e1s, fel\u00faj\u00edt\u00e1s, beruh\u00e1z\u00e1s, egyetemi k\u00f6zponti informatikai rendszerek m\u0171k\u00f6dtet\u00e9se, parkfenntart\u00e1s, \u00fcd\u00fcl\u0151k, valamint a vagyon- \u00e9s l\u00e9tes\u00edtm\u00e9nygazd\u00e1lkod\u00e1si feladatokra. A szakigazgat\u00f3s\u00e1gok k\u00f6zponti szolg\u00e1ltat\u00e1sai: vagyon- \u00e9s \u0151rz\u00e9sv\u00e9delem, biztons\u00e1gtechnikai szolg\u00e1ltat\u00e1sok, portaszolg\u00e1lat, sz\u00e1ll\u00edt\u00e1s-k\u00f6lt\u00f6ztet\u00e9s, vesz\u00e9lyes \u00e9s kommun\u00e1lis hullad\u00e9kkezel\u00e9s, mosat\u00e1s, takar\u00edt\u00e1s, \u00e9lelmez\u00e9s, informatikai \u00e9s irodatechnikai eszk\u00f6z\u00f6kkel \u00e9s alkalmaz\u00e1sokkal kapcsolatos szolg\u00e1ltat\u00e1sok, t\u00e1vk\u00f6zl\u00e9si \u00e9s telekommunik\u00e1ci\u00f3s szolg\u00e1ltat\u00e1sok, valamint a k\u00f6zponti rakt\u00e1r \u00e9s k\u00f6zponti selejtez\u00e9si feladatok.<\/p>\n<p>&nbsp;<\/p>\n<p><b>M\u0171szaki F\u0151igazgat\u00f3s\u00e1g<\/b> <b>C\u00edm:<\/b> 1085 Budapest, VIII. \u00dcll\u00f5i \u00fat 26. KI\u00c9 202<br \/>\n<b>Titk\u00e1rs\u00e1g tel:<\/b> 459-1550, 459-1500\/55333<br \/>\n<b>E-mail:<\/b> <a href=\"mailto:titkarsag.mfi@semmelweis.hu\">titkarsag.mfi@semmelweis.hu<\/a><\/p>\n<p>&nbsp;<\/p>\n","protected":false},"excerpt":{"rendered":"<p>Az M\u0171szaki F\u0151igazgat\u00f3s\u00e1g az Egyetem m\u0171k\u00f6d\u00e9si, \u00fczemeltet\u00e9si, szolg\u00e1ltat\u00e1sai tev\u00e9kenys\u00e9geinek fejleszt\u00e9si javaslatait k\u00e9sz\u00edti el\u0151, seg\u00edti \u00e9s t\u00e1mogatja az egyetemi szervezetek l\u00e9tes\u00edtm\u00e9ny-fenntart\u00e1si, karbantart\u00e1si \u00e9s hibaelh\u00e1r\u00edt\u00e1si, biztons\u00e1gtechnikai, logisztikai \u00e9s szolg\u00e1ltat\u00e1si (\u00e9lelmez\u00e9s, takar\u00edt\u00e1s, mosat\u00e1s), informatikai, irodatechnikai, vagyon- \u00e9s l\u00e9tes\u00edtm\u00e9nygazd\u00e1lkod\u00e1si, k\u00f6zponti rakt\u00e1ri \u00e9s k\u00f6zponti selejtez\u00e9si feladatait, \u00e9s m\u0171k\u00f6dteti ezen k\u00f6zponti kiszolg\u00e1l\u00f3 egys\u00e9geket.<\/p>\n","protected":false},"author":12,"featured_media":74487,"parent":0,"menu_order":0,"comment_status":"closed","ping_status":"closed","template":"","meta":{"_acf_changed":false,"footnotes":""},"categories":[],"tags":[],"class_list":["post-13","page","type-page","status-publish","has-post-thumbnail","hentry"],"acf":[],"_links":{"self":[{"href":"https:\/\/semmelweis.hu\/mfi\/wp-json\/wp\/v2\/pages\/13","targetHints":{"allow":["GET"]}}],"collection":[{"href":"https:\/\/semmelweis.hu\/mfi\/wp-json\/wp\/v2\/pages"}],"about":[{"href":"https:\/\/semmelweis.hu\/mfi\/wp-json\/wp\/v2\/types\/page"}],"author":[{"embeddable":true,"href":"https:\/\/semmelweis.hu\/mfi\/wp-json\/wp\/v2\/users\/12"}],"replies":[{"embeddable":true,"href":"https:\/\/semmelweis.hu\/mfi\/wp-json\/wp\/v2\/comments?post=13"}],"version-history":[{"count":12,"href":"https:\/\/semmelweis.hu\/mfi\/wp-json\/wp\/v2\/pages\/13\/revisions"}],"predecessor-version":[{"id":91694,"href":"https:\/\/semmelweis.hu\/mfi\/wp-json\/wp\/v2\/pages\/13\/revisions\/91694"}],"wp:featuredmedia":[{"embeddable":true,"href":"https:\/\/semmelweis.hu\/mfi\/wp-json\/wp\/v2\/media\/74487"}],"wp:attachment":[{"href":"https:\/\/semmelweis.hu\/mfi\/wp-json\/wp\/v2\/media?parent=13"}],"wp:term":[{"taxonomy":"category","embeddable":true,"href":"https:\/\/semmelweis.hu\/mfi\/wp-json\/wp\/v2\/categories?post=13"},{"taxonomy":"post_tag","embeddable":true,"href":"https:\/\/semmelweis.hu\/mfi\/wp-json\/wp\/v2\/tags?post=13"}],"curies":[{"name":"wp","href":"https:\/\/api.w.org\/{rel}","templated":true}]}}