{"id":6,"date":"2025-01-07T13:01:36","date_gmt":"2025-01-07T12:01:36","guid":{"rendered":"https:\/\/semmelweis.hu\/merenyi\/?page_id=6"},"modified":"2025-12-17T14:48:45","modified_gmt":"2025-12-17T13:48:45","slug":"elerhetoseg","status":"publish","type":"page","link":"https:\/\/semmelweis.hu\/merenyi\/elerhetoseg\/","title":{"rendered":"Kapcsolat"},"content":{"rendered":"<h2>Mer\u00e9nyi Klinikai T\u00f6mbigazgat\u00f3s\u00e1g<\/h2>\n<p><strong>T\u00f6mbigazgat\u00f3:<\/strong> <strong>Czik\u00f3\u00a0Anita<\/strong><\/p>\n<p><strong>C\u00edm<\/strong>:1097 Budapest, Gy\u00e1li \u00fat 17-19. 5-\u00f6s \u00e9p\u00fclet<\/p>\n<p><strong>Mer\u00e9nyi Klinikai T\u00f6mb Titk\u00e1rs\u00e1g telefonsz\u00e1ma<\/strong>:<br \/>\n+36-1-293-0050<br \/>\n+36-20-666-1050<\/p>\n<p><strong>E-mail<\/strong>: merenyi.titkarsag@semmelweis.hu<\/p>\n<p><iframe loading=\"lazy\" src=\"https:\/\/www.google.com\/maps\/embed?pb=!1m18!1m12!1m3!1d2282.1600649297184!2d19.1001581238604!3d47.46729963162644!2m3!1f0!2f0!3f0!3m2!1i1024!2i768!4f13.1!3m3!1m2!1s0x4741dd415afab50f%3A0xd9ab17ca743be8de!2sSemmelweis%20Egyetem-%20Mer%C3%A9nyi%20Guszt%C3%A1v%20K%C3%B3rh%C3%A1z%20Telephely!5e1!3m2!1shu!2shu!4v1740660020588!5m2!1shu!2shu\" width=\"100%\" height=\"450\"><\/iframe><\/p>\n","protected":false},"excerpt":{"rendered":"<p>Mer\u00e9nyi Klinikai T\u00f6mbigazgat\u00f3s\u00e1g<br \/>\nT\u00f6mbigazgat\u00f3: Czik\u00f3\u00a0Anita<br \/>\nC\u00edm:1097 Budapest, Gy\u00e1li \u00fat 17-19. 5-\u00f6s \u00e9p\u00fclet<br \/>\nMer\u00e9nyi Klinikai T\u00f6mb Titk\u00e1rs\u00e1g telefonsz\u00e1ma:<br \/>\n+36-1-293-0050<br \/>\n+36-20-666-1050<br \/>\nE-mail: merenyi.titkarsag@semmelweis.hu<\/p>\n","protected":false},"author":102467,"featured_media":0,"parent":0,"menu_order":8,"comment_status":"closed","ping_status":"closed","template":"","meta":{"_acf_changed":false,"footnotes":""},"categories":[],"tags":[],"class_list":["post-6","page","type-page","status-publish","hentry"],"acf":[],"_links":{"self":[{"href":"https:\/\/semmelweis.hu\/merenyi\/wp-json\/wp\/v2\/pages\/6","targetHints":{"allow":["GET"]}}],"collection":[{"href":"https:\/\/semmelweis.hu\/merenyi\/wp-json\/wp\/v2\/pages"}],"about":[{"href":"https:\/\/semmelweis.hu\/merenyi\/wp-json\/wp\/v2\/types\/page"}],"author":[{"embeddable":true,"href":"https:\/\/semmelweis.hu\/merenyi\/wp-json\/wp\/v2\/users\/102467"}],"replies":[{"embeddable":true,"href":"https:\/\/semmelweis.hu\/merenyi\/wp-json\/wp\/v2\/comments?post=6"}],"version-history":[{"count":10,"href":"https:\/\/semmelweis.hu\/merenyi\/wp-json\/wp\/v2\/pages\/6\/revisions"}],"predecessor-version":[{"id":239,"href":"https:\/\/semmelweis.hu\/merenyi\/wp-json\/wp\/v2\/pages\/6\/revisions\/239"}],"wp:attachment":[{"href":"https:\/\/semmelweis.hu\/merenyi\/wp-json\/wp\/v2\/media?parent=6"}],"wp:term":[{"taxonomy":"category","embeddable":true,"href":"https:\/\/semmelweis.hu\/merenyi\/wp-json\/wp\/v2\/categories?post=6"},{"taxonomy":"post_tag","embeddable":true,"href":"https:\/\/semmelweis.hu\/merenyi\/wp-json\/wp\/v2\/tags?post=6"}],"curies":[{"name":"wp","href":"https:\/\/api.w.org\/{rel}","templated":true}]}}