{"id":34,"date":"2025-03-18T09:28:11","date_gmt":"2025-03-18T08:28:11","guid":{"rendered":"https:\/\/semmelweis.hu\/merenyi\/?page_id=34"},"modified":"2026-03-17T10:47:38","modified_gmt":"2026-03-17T09:47:38","slug":"szervezeti-egysegeink","status":"publish","type":"page","link":"https:\/\/semmelweis.hu\/merenyi\/betegellatas\/szervezeti-egysegeink\/","title":{"rendered":"Szervezeti egys\u00e9geink"},"content":{"rendered":"<p><strong>A Mer\u00e9nyi Klinikai T\u00f6mb ter\u00fclet\u00e9n m\u0171k\u00f6d\u0151 szervezeti egys\u00e9gek:<\/strong><\/p>\n<hr \/>\n<p><strong>Geri\u00e1triai Klinika \u00e9s \u00c1pol\u00e1studom\u00e1nyi K\u00f6zpont<\/strong><\/p>\n<p><span style=\"font-size: 14pt\"><strong>Prof. Dr. Gad\u00f3 Kl\u00e1ra<br \/>\n<span style=\"font-size: 12pt\">igazgat\u00f3<\/span><br \/>\n<\/strong><\/span><span style=\"font-size: 14pt\"><strong>Prof. Dr. Domj\u00e1n Gyula<br \/>\n<span style=\"font-size: 12pt\">igazgat\u00f3helyettes<\/span><\/strong><\/span><\/p>\n<p><span style=\"font-size: 14pt\"><strong>C\u00edm: <\/strong>1-es \u00e9s 4-es \u00e9p\u00fclet<\/p>\n<p><\/span><span style=\"font-size: 14pt\"><strong>Telefon: <\/strong>+36-30-877-0209<br \/>\n<\/span><span style=\"font-size: 14pt\"><strong>Akt\u00edv Belgy\u00f3gy\u00e1szat:\u00a0<\/strong>+36-1-293-0015<strong><br \/>\nKr\u00f3nikus Belgy\u00f3gy\u00e1szat:\u00a0<\/strong>+36-1-293-0017<strong><br \/>\n\u00c1pol\u00e1si &#8216;A&#8217; oszt\u00e1ly:\u00a0<\/strong>+36-1-293-0018<strong><br \/>\n\u00c1pol\u00e1si &#8216;B&#8217; oszt\u00e1ly:\u00a0<\/strong>+36-1-293-0019<br \/>\n<\/span><span style=\"font-size: 14pt\"><strong>E-mail:<\/strong><strong>\u00a0<\/strong><a href=\"mailto:geriatria.titkarsag@semmelweis.hu\">geriatria.titkarsag@semmelweis.hu<\/a><br \/>\n<\/span><span style=\"font-size: 14pt\"><strong>Honlap:<\/strong> <a href=\"https:\/\/semmelweis.hu\/geriatriaiklinika\/\">https:\/\/semmelweis.hu\/geriatriaiklinika\/<\/a><\/span><\/p>\n<hr \/>\n<p><strong>Sz\u00fcl\u00e9szeti \u00e9s N\u0151gy\u00f3gy\u00e1szati Klinika &#8211; Assziszt\u00e1lt Reprodukci\u00f3s Centrum Ambul\u00e1ns R\u00e9szleg<\/strong><\/p>\n<p><strong><span style=\"font-size: 14pt\">Dr. Sipos Mikl\u00f3s PhD klinikai f\u0151orvos\u00a0<\/span><\/strong><br \/>\n<span style=\"font-size: 14pt\"><strong><span style=\"font-size: 12pt\">igazgat\u00f3<\/span><br \/>\n<\/strong><\/span><strong><span style=\"font-size: 14pt\">Dr. Sajg\u00f3 Attila klinikai f\u0151orvos<\/span><\/strong><br \/>\n<span style=\"font-size: 12pt\"><strong>igazgat\u00f3helyettes<\/strong><\/span><\/p>\n<p><span style=\"font-size: 14pt\"><strong>C\u00edm: <\/strong>30-as \u00e9p\u00fclet II. emelet<\/span><\/p>\n<p><span style=\"font-size: 14pt\"><strong>Telefon: <\/strong>Recepci\u00f3 (adminisztrat\u00edv k\u00e9rd\u00e9sekben) +36-30-877-0679 | +36-30-877-0719<br \/>\n<\/span><span style=\"font-size: 14pt\">munkanapokon <strong>7:00-15:00<\/strong> \u00f3ra k\u00f6z\u00f6tt<br \/>\n<\/span><span style=\"font-size: 14pt\"><strong>E-mail:\u00a0<\/strong><a href=\"mailto:info.arc@semmelweis.hu\">info.arc@semmelweis.hu<\/a><br \/>\n<\/span><span style=\"font-size: 14pt\"><strong>Honlap: <\/strong><a href=\"https:\/\/semmelweis.hu\/arc\/\">https:\/\/semmelweis.hu\/arc\/<\/a><\/span><\/p>\n<hr \/>\n<p><strong>Ortop\u00e9diai Klinika &#8211; Ambulancia<\/strong><\/p>\n<p><strong><span style=\"font-size: 14pt\">Dr. Sz\u0151ke Gy\u00f6rgy<\/span><\/strong><br \/>\n<span style=\"font-size: 12pt\"><strong>igazgat\u00f3<\/strong><\/span><\/p>\n<p><span style=\"font-size: 14pt\"><strong>C\u00edm: <\/strong>27-es \u00e9p\u00fclet<\/span><\/p>\n<p><span style=\"font-size: 14pt\"><strong>Telefon: <\/strong>Ortop\u00e9diai Klinika: +36-1-459-1500<br \/>\n<\/span><span style=\"font-size: 14pt\"><strong>Betegel\u0151jegyz\u00e9s: <\/strong>+36-1-209-3355<br \/>\n<\/span><span style=\"font-size: 14pt\"><strong>E-mail<\/strong>: <a href=\"mailto:ortopedia.elojegyzes@semmelweis.hu\">ortopedia.elojegyzes@semmelweis.hu<\/a><br \/>\n<\/span><span style=\"font-size: 14pt\"><strong>Honlap<\/strong>: <a href=\"https:\/\/semmelweis.hu\/ortopedklinika\/\">https:\/\/semmelweis.hu\/ortopedklinika\/<\/a><\/span><\/p>\n<hr \/>\n<p><strong>Ortop\u00e9diai Klinika &#8211; Mozg\u00e1sszervi Rehabilit\u00e1ci\u00f3s Oszt\u00e1ly<\/strong><\/p>\n<p><strong><span style=\"font-size: 14pt\">Dr. Sz\u0151ke Gy\u00f6rgy<\/span><\/strong><br \/>\n<span style=\"font-size: 14pt\"><strong><span style=\"font-size: 12pt\">igazgat\u00f3<\/span><br \/>\n<\/strong><\/span><strong><span style=\"font-size: 14pt\">Dr. Somogyi P\u00e9ter<\/span><\/strong><br \/>\n<span style=\"font-size: 14pt\"><strong><span style=\"font-size: 12pt\">oszt\u00e1lyvezet\u0151 f\u0151orvos<\/span><br \/>\n<\/strong><\/span><strong><span style=\"font-size: 14pt\">M\u00e9sz\u00e1ros Tibor<\/span><\/strong><br \/>\n<span style=\"font-size: 12pt\"><strong>oszt\u00e1lyvezet\u0151 f\u0151\u00e1pol\u00f3<\/strong><\/span><\/p>\n<p><span style=\"font-size: 14pt\"><strong>C\u00edm: <\/strong>26-os \u00e9p\u00fclet<\/span><\/p>\n<p><span style=\"font-size: 14pt\"><strong>Telefon: <\/strong>+36-20-666-1060, +36-20-666-1048<br \/>\n<\/span><span style=\"font-size: 14pt\"><strong>Honlap<\/strong>: <a href=\"https:\/\/semmelweis.hu\/ortopedklinika\/\">https:\/\/semmelweis.hu\/ortopedklinika\/<\/a><\/span><\/p>\n<hr \/>\n<p><strong>Traumatol\u00f3giai Klinika Kontroll-J\u00e1r\u00f3beteg ell\u00e1t\u00e1s \u00e9s K\u00e9zseb\u00e9szeti Ambulancia<\/strong><\/p>\n<p><strong><span style=\"font-size: 14pt\">Dr. Bodzay Tam\u00e1s<\/span><\/strong><br \/>\n<span style=\"font-size: 12pt\"><strong>igazgat\u00f3<\/strong><\/span><\/p>\n<p><span style=\"font-size: 14pt\"><strong>C\u00edm: <\/strong>2-es \u00e9p\u00fclet<\/span><\/p>\n<p><span style=\"font-size: 14pt\"><strong>Telefon: <\/strong>+36-1-293-0003, +36-1-293-0004<br \/>\n<\/span><span style=\"font-size: 14pt\">munkanapokon<strong> 7:00-15:00 <\/strong>\u00f3ra k\u00f6z\u00f6tt<br \/>\n<\/span><span style=\"font-size: 14pt\"><strong>E-mail: <\/strong><a href=\"mailto:info.trauma@semmelweis.hu\">info.trauma@semmelweis.hu<\/a><br \/>\n<\/span><span style=\"font-size: 14pt\"><strong>Honlap: <\/strong><a href=\"https:\/\/semmelweis.hu\/traumatologia\/\">https:\/\/semmelweis.hu\/traumatologia\/<\/a><\/span><\/p>\n<hr \/>\n<p><strong>Orvosi K\u00e9palkot\u00f3 Klinika \u2013 Mer\u00e9nyi Radiol\u00f3giai R\u00e9szleg<\/strong><\/p>\n<p><strong><span style=\"font-size: 14pt\">Prof. Dr. Maurovich Horvat P\u00e1l<\/span><\/strong><br \/>\n<span style=\"font-size: 14pt\"><strong><span style=\"font-size: 12pt\">klinikaigazgat\u00f3<\/span><br \/>\n<\/strong><\/span><strong><span style=\"font-size: 14pt\">Wenczel Tam\u00e1s<\/span><\/strong><br \/>\n<span style=\"font-size: 14pt\"><strong><span style=\"font-size: 12pt\">int\u00e9zeti vezet\u0151 asszisztens<\/span><br \/>\n<\/strong><\/span><strong><span style=\"font-size: 14pt\">Horv\u00e1th K\u00e1rolyn\u00e9<\/span><\/strong><br \/>\n<span style=\"font-size: 12pt\"><strong>Megb\u00edzott r\u00e9szlegvezet\u0151, kapcsolattart\u00f3 szem\u00e9ly<\/strong><\/span><\/p>\n<p><span style=\"font-size: 14pt\"><strong>C\u00edm: <\/strong>2-es \u00e9p\u00fclet<\/p>\n<p><\/span><span style=\"font-size: 14pt\"><strong>Email:<\/strong> <a href=\"mailto:horvath.karolyne@semmelweis.hu\">horvath.karolyne@semmelweis.hu<\/a><br \/>\n<\/span><span style=\"font-size: 14pt\"><strong>Honlap: <\/strong><a href=\"https:\/\/semmelweis.hu\/kepalkotas\/\">https:\/\/semmelweis.hu\/kepalkotas\/<\/a><\/span><\/p>\n<hr \/>\n<p><strong>Laborat\u00f3riumi Medicina Int\u00e9zet \u2013 Orvosi Diagnosztikai Laborat\u00f3rium<\/strong><\/p>\n<p><strong><span style=\"font-size: 14pt\">Prof. Dr. V\u00e1s\u00e1rhelyi Barna<\/span><\/strong><br \/>\n<span style=\"font-size: 14pt\"><strong><span style=\"font-size: 12pt\">int\u00e9zetigazgat\u00f3<\/span><br \/>\n<\/strong><\/span><strong><span style=\"font-size: 14pt\">Kov\u00e1cs Kriszti\u00e1n<\/span><\/strong><br \/>\n<span style=\"font-size: 12pt\"><strong>laborat\u00f3rium vezet\u0151<\/strong><\/span><\/p>\n<p><span style=\"font-size: 14pt\"><strong>C\u00edm:<\/strong> 7-es \u00e9p\u00fclet fsz.<\/span><\/p>\n<p><span style=\"font-size: 14pt\"><strong>Telefon:<\/strong> 06-1-459-1500\/61032; 61033<br \/>\n<\/span><span style=\"font-size: 14pt\"><strong>Email<\/strong>: <a href=\"mailto:kovacs.krisztian1@semmelweis.hu\">kovacs.krisztian1@semmelweis.hu<\/a><br \/>\n<\/span><span style=\"font-size: 14pt\"><strong>Honlap<\/strong>: <a href=\"https:\/\/semmelweis.hu\/laboratorium\/\">https:\/\/semmelweis.hu\/laboratorium\/<\/a><\/span><\/p>\n<hr \/>\n<p><strong>Szolg\u00e1ltat\u00e1si Igazgat\u00f3s\u00e1g \u2013 Parkfenntart\u00e1si Oszt\u00e1ly<\/strong><\/p>\n<p><strong><span style=\"font-size: 14pt\">\u00dcr\u00f6gi Zsolt<\/span><\/strong><br \/>\n<span style=\"font-size: 14pt\"><strong><span style=\"font-size: 12pt\">igazgat\u00f3<\/span><br \/>\n<\/strong><\/span><strong><span style=\"font-size: 14pt\">J\u00f3n\u00e1s Zsuzsanna<\/span><\/strong><br \/>\n<span style=\"font-size: 12pt\"><strong>oszt\u00e1lyvezet\u0151<\/strong><\/span><\/p>\n<p><span style=\"font-size: 14pt\"><strong>C\u00edm: <\/strong>35-\u00f6s \u00e9p\u00fclet<\/span><\/p>\n<p><span style=\"font-size: 14pt\"><strong>Telefon: <\/strong>J\u00f3n\u00e1s Zsuzsanna +36-20-825-8480<br \/>\n<\/span><span style=\"font-size: 14pt\"><strong>E-mail: <\/strong><a href=\"mailto:parkfenntartas@semmelweis.hu\">parkfenntartas@semmelweis.hu<\/a><br \/>\n<\/span><span style=\"font-size: 14pt\"><strong>Honlap: <\/strong><\/span><a href=\"https:\/\/semmelweis.hu\/szolgaltatas\/\"><span style=\"font-size: 14pt\">https:\/\/semmelweis.hu\/szolgaltata<\/span>s\/<\/a><\/p>\n<hr \/>\n<p><strong>\u00c1pol\u00e1svezet\u00e9si \u00e9s Szakdolgoz\u00f3i Oktat\u00e1si Igazgat\u00f3s\u00e1g \u2013 Mer\u00e9nyi Steriliz\u00e1l\u00f3 R\u00e9szleg<\/strong><\/p>\n<p><strong><span style=\"font-size: 14pt\">Kormos \u00c1gnes<\/span><\/strong><br \/>\n<strong><span style=\"font-size: 14pt\"><span style=\"font-size: 12pt\">\u00e1pol\u00e1si igazgat\u00f3<\/span><br \/>\n<\/span><span style=\"font-size: 14pt\">Husz\u00e1r L\u00e1szl\u00f3 J\u00e1nos<\/span><\/strong><br \/>\n<span style=\"font-size: 12pt\"><strong>steriliz\u00e1l\u00f3 vezet\u0151<\/strong><\/span><\/p>\n<p><span style=\"font-size: 14pt\"><strong>C\u00edm: <\/strong>2-es \u00e9p\u00fclet<\/span><\/p>\n<p><span style=\"font-size: 14pt\"><strong>E-mail: <\/strong><a href=\"mailto:titkarsag.apig@semmelweis-univ.hu\">titkarsag.apig@semmelweis.hu<\/a><br \/>\n<\/span><\/p>\n<hr \/>\n<p><strong>Pszichi\u00e1triai \u00e9s Pszichoter\u00e1pi\u00e1s Klinika Nappali K\u00f3rh\u00e1z<\/strong><\/p>\n<p><span style=\"font-size: 14pt\"><strong>Dr. R\u00e9thelyi J\u00e1nos<\/strong><br \/>\n<strong><span style=\"font-size: 12pt\">igazgat\u00f3<\/span><\/strong><br \/>\n<\/span><\/p>\n<p><strong><span style=\"font-size: 14pt\">C\u00edm:\u00a0<\/span><\/strong><span style=\"font-size: 14pt\">6-os \u00e9p\u00fclet<\/span><\/p>\n<p><strong><span style=\"font-size: 14pt\">K\u00f6zponti telefonsz\u00e1m: <\/span><\/strong><span style=\"font-size: 14pt\">06 1\/210-0330 51219-es mell\u00e9k<br \/>\n<strong>Honlap: <\/strong><a href=\"https:\/\/semmelweis.hu\/pszichiatria\/betegellatas\/nappali-korhaz\/\">https:\/\/semmelweis.hu\/pszichiatria\/betegellatas\/nappali-korhaz\/<\/a><br \/>\n<\/span><\/p>\n","protected":false},"excerpt":{"rendered":"<p>A Mer\u00e9nyi Klinikai T\u00f6mb ter\u00fclet\u00e9n m\u0171k\u00f6d\u0151 szervezeti egys\u00e9gek: Geri\u00e1triai Klinika \u00e9s \u00c1pol\u00e1studom\u00e1nyi K\u00f6zpont Prof. Dr. Gad\u00f3 Kl\u00e1ra igazgat\u00f3 Prof. Dr. Domj\u00e1n Gyula igazgat\u00f3helyettes C\u00edm: 1-es \u00e9s 4-es \u00e9p\u00fclet Telefon: +36-30-877-0209 Akt\u00edv Belgy\u00f3gy\u00e1szat:\u00a0+36-1-293-0015 Kr\u00f3nikus Belgy\u00f3gy\u00e1szat:\u00a0+36-1-293-0017 \u00c1pol\u00e1si &#8216;A&#8217; oszt\u00e1ly:\u00a0+36-1-293-0018 \u00c1pol\u00e1si &#8216;B&#8217; oszt\u00e1ly:\u00a0+36-1-293-0019 E-mail:\u00a0 <a href=\"mailto:geriatria.titkarsag@semmelweis.hu\">geriatria.titkarsag@semmelweis.hu<\/a> Honlap: <a href=\"https:\/\/semmelweis.hu\/geriatriaiklinika\/\">https:\/\/semmelweis.hu\/geriatriaiklinika\/<\/a> Sz\u00fcl\u00e9szeti \u00e9s N\u0151gy\u00f3gy\u00e1szati Klinika &#8211; Assziszt\u00e1lt Reprodukci\u00f3s Centrum Ambul\u00e1ns R\u00e9szleg Dr. Sipos Mikl\u00f3s &hellip;<\/p>\n","protected":false},"author":102467,"featured_media":0,"parent":246,"menu_order":0,"comment_status":"closed","ping_status":"closed","template":"","meta":{"_acf_changed":false,"footnotes":""},"categories":[],"tags":[],"class_list":["post-34","page","type-page","status-publish","hentry"],"acf":[],"_links":{"self":[{"href":"https:\/\/semmelweis.hu\/merenyi\/wp-json\/wp\/v2\/pages\/34","targetHints":{"allow":["GET"]}}],"collection":[{"href":"https:\/\/semmelweis.hu\/merenyi\/wp-json\/wp\/v2\/pages"}],"about":[{"href":"https:\/\/semmelweis.hu\/merenyi\/wp-json\/wp\/v2\/types\/page"}],"author":[{"embeddable":true,"href":"https:\/\/semmelweis.hu\/merenyi\/wp-json\/wp\/v2\/users\/102467"}],"replies":[{"embeddable":true,"href":"https:\/\/semmelweis.hu\/merenyi\/wp-json\/wp\/v2\/comments?post=34"}],"version-history":[{"count":10,"href":"https:\/\/semmelweis.hu\/merenyi\/wp-json\/wp\/v2\/pages\/34\/revisions"}],"predecessor-version":[{"id":240,"href":"https:\/\/semmelweis.hu\/merenyi\/wp-json\/wp\/v2\/pages\/34\/revisions\/240"}],"up":[{"embeddable":true,"href":"https:\/\/semmelweis.hu\/merenyi\/wp-json\/wp\/v2\/pages\/246"}],"wp:attachment":[{"href":"https:\/\/semmelweis.hu\/merenyi\/wp-json\/wp\/v2\/media?parent=34"}],"wp:term":[{"taxonomy":"category","embeddable":true,"href":"https:\/\/semmelweis.hu\/merenyi\/wp-json\/wp\/v2\/categories?post=34"},{"taxonomy":"post_tag","embeddable":true,"href":"https:\/\/semmelweis.hu\/merenyi\/wp-json\/wp\/v2\/tags?post=34"}],"curies":[{"name":"wp","href":"https:\/\/api.w.org\/{rel}","templated":true}]}}