{"id":25,"date":"2025-03-18T08:51:36","date_gmt":"2025-03-18T07:51:36","guid":{"rendered":"https:\/\/semmelweis.hu\/merenyi\/?page_id=25"},"modified":"2025-04-30T09:41:38","modified_gmt":"2025-04-30T07:41:38","slug":"multbeli-kitekinto","status":"publish","type":"page","link":"https:\/\/semmelweis.hu\/merenyi\/multbeli-kitekinto\/","title":{"rendered":"M\u00faltbeli kitekint\u0151"},"content":{"rendered":"<figure id=\"attachment_28\" aria-describedby=\"caption-attachment-28\" style=\"width: 320px\" class=\"wp-caption alignleft\"><img loading=\"lazy\" decoding=\"async\" class=\"size-medium wp-image-28\" src=\"https:\/\/semmelweis.hu\/merenyi\/files\/2025\/03\/dr-merenyi-scholtz-gusztav-320x400.jpg\" alt=\"\" width=\"320\" height=\"400\" srcset=\"https:\/\/semmelweis.hu\/merenyi\/files\/2025\/03\/dr-merenyi-scholtz-gusztav-320x400.jpg 320w, https:\/\/semmelweis.hu\/merenyi\/files\/2025\/03\/dr-merenyi-scholtz-gusztav.jpg 667w\" sizes=\"auto, (max-width: 320px) 100vw, 320px\" \/><figcaption id=\"caption-attachment-28\" class=\"wp-caption-text\">Dr. Mer\u00e9nyi-Scholtz Guszt\u00e1v<\/p>\n<p><\/figcaption><\/figure>\n<p style=\"text-align: justify;\">A Budapesti Honv\u00e9d Hely\u0151rs\u00e9gi K\u00f3rh\u00e1z 1898-ban \u00e9p\u00fclt, kezdetben h\u00e1rom pavilonj\u00e1ban 204 \u00e1gy \u00e1llt a betegek rendelkez\u00e9s\u00e9re. Az int\u00e9zm\u00e9ny folyamatos fejleszt\u00e9seken ment kereszt\u00fcl, \u00e9s a m\u00e1sodik vil\u00e1gh\u00e1bor\u00fa v\u00e9g\u00e9re m\u00e1r 292 \u00e1gyas k\u00f3rh\u00e1zk\u00e9nt m\u0171k\u00f6d\u00f6tt. A h\u00e1bor\u00fat k\u00f6vet\u0151en Honv\u00e9d Rep\u00fcl\u0151k\u00f3rh\u00e1zk\u00e9nt szolg\u00e1lt, majd 1957-ben a Honv\u00e9ds\u00e9g polg\u00e1ri c\u00e9lokra adta \u00e1t. Ekkor a IX. ker\u00fcleti Tan\u00e1cshoz ker\u00fclt, Gy\u00e1li \u00fati k\u00f3rh\u00e1z n\u00e9ven.<\/p>\n<p style=\"text-align: justify;\">Az int\u00e9zm\u00e9ny 1970-ben vette fel Mer\u00e9nyi Guszt\u00e1v nev\u00e9t, ekkor \u00fajabb b\u0151v\u00edt\u00e9sek r\u00e9v\u00e9n \u00e1gysz\u00e1ma 447-re n\u0151tt. 1977-t\u0151l a Szent Istv\u00e1n K\u00f3rh\u00e1z r\u00e9szek\u00e9nt m\u0171k\u00f6d\u00f6tt, k\u00e9s\u0151bb a D\u00e9l-pesti Centrumk\u00f3rh\u00e1zhoz tartozott, majd 2023-ban a Semmelweis Egyetem fennhat\u00f3s\u00e1ga al\u00e1 ker\u00fclt.<\/p>\n<p style=\"text-align: justify;\">A k\u00f3rh\u00e1z n\u00e9vad\u00f3ja, <strong>Dr. Mer\u00e9nyi-Scholtz Guszt\u00e1v<\/strong>, a magyarorsz\u00e1gi rep\u00fcl\u0151orvosi ell\u00e1t\u00e1s egyik \u00fatt\u00f6r\u0151je volt. 1923-ban \u0151t b\u00edzt\u00e1k meg a l\u00e9g\u00fcgyi hat\u00f3s\u00e1g els\u0151 orvosi feladatainak ell\u00e1t\u00e1s\u00e1val, majd 1928-ban az \u0151 tervei alapj\u00e1n \u00e9p\u00fclt az els\u0151 Rep\u00fcl\u0151orvosi Vizsg\u00e1l\u00f3 Int\u00e9zet. Munk\u00e1ss\u00e1g\u00e1nak kiemelked\u0151 eredm\u00e9nye az els\u0151 magass\u00e1gi kamra megalkot\u00e1sa 1938-ban, amely 1953 \u00f3ta a Mer\u00e9nyi K\u00f3rh\u00e1z ter\u00fclet\u00e9n tal\u00e1lhat\u00f3.<\/p>\n","protected":false},"excerpt":{"rendered":"<p>A Budapesti Honv\u00e9d Hely\u0151rs\u00e9gi K\u00f3rh\u00e1z 1898-ban \u00e9p\u00fclt, kezdetben h\u00e1rom pavilonj\u00e1ban 204 \u00e1gy \u00e1llt a betegek rendelkez\u00e9s\u00e9re. Az int\u00e9zm\u00e9ny folyamatos fejleszt\u00e9seken ment kereszt\u00fcl, \u00e9s a m\u00e1sodik vil\u00e1gh\u00e1bor\u00fa v\u00e9g\u00e9re m\u00e1r 292 \u00e1gyas k\u00f3rh\u00e1zk\u00e9nt m\u0171k\u00f6d\u00f6tt. A h\u00e1bor\u00fat k\u00f6vet\u0151en Honv\u00e9d Rep\u00fcl\u0151k\u00f3rh\u00e1zk\u00e9nt szolg\u00e1lt, majd 1957-ben a Honv\u00e9ds\u00e9g polg\u00e1ri c\u00e9lokra adta \u00e1t. Ekkor a IX. ker\u00fcleti Tan\u00e1cshoz ker\u00fclt, Gy\u00e1li \u00fati k\u00f3rh\u00e1z &hellip;<\/p>\n","protected":false},"author":102467,"featured_media":0,"parent":0,"menu_order":7,"comment_status":"closed","ping_status":"closed","template":"","meta":{"_acf_changed":false,"footnotes":""},"categories":[],"tags":[],"class_list":["post-25","page","type-page","status-publish","hentry"],"acf":[],"_links":{"self":[{"href":"https:\/\/semmelweis.hu\/merenyi\/wp-json\/wp\/v2\/pages\/25","targetHints":{"allow":["GET"]}}],"collection":[{"href":"https:\/\/semmelweis.hu\/merenyi\/wp-json\/wp\/v2\/pages"}],"about":[{"href":"https:\/\/semmelweis.hu\/merenyi\/wp-json\/wp\/v2\/types\/page"}],"author":[{"embeddable":true,"href":"https:\/\/semmelweis.hu\/merenyi\/wp-json\/wp\/v2\/users\/102467"}],"replies":[{"embeddable":true,"href":"https:\/\/semmelweis.hu\/merenyi\/wp-json\/wp\/v2\/comments?post=25"}],"version-history":[{"count":6,"href":"https:\/\/semmelweis.hu\/merenyi\/wp-json\/wp\/v2\/pages\/25\/revisions"}],"predecessor-version":[{"id":140,"href":"https:\/\/semmelweis.hu\/merenyi\/wp-json\/wp\/v2\/pages\/25\/revisions\/140"}],"wp:attachment":[{"href":"https:\/\/semmelweis.hu\/merenyi\/wp-json\/wp\/v2\/media?parent=25"}],"wp:term":[{"taxonomy":"category","embeddable":true,"href":"https:\/\/semmelweis.hu\/merenyi\/wp-json\/wp\/v2\/categories?post=25"},{"taxonomy":"post_tag","embeddable":true,"href":"https:\/\/semmelweis.hu\/merenyi\/wp-json\/wp\/v2\/tags?post=25"}],"curies":[{"name":"wp","href":"https:\/\/api.w.org\/{rel}","templated":true}]}}