{"id":122,"date":"2025-04-30T07:58:08","date_gmt":"2025-04-30T05:58:08","guid":{"rendered":"https:\/\/semmelweis.hu\/merenyi\/?page_id=122"},"modified":"2025-07-15T11:57:42","modified_gmt":"2025-07-15T09:57:42","slug":"rolunk","status":"publish","type":"page","link":"https:\/\/semmelweis.hu\/merenyi\/rolunk\/","title":{"rendered":"R\u00f3lunk"},"content":{"rendered":"<p style=\"text-align: justify\">A Mer\u00e9nyi Klinikai T\u00f6mbigazgat\u00f3s\u00e1g 2023. november 1-j\u00e9n j\u00f6tt l\u00e9tre a Mer\u00e9nyi K\u00f3rh\u00e1z Semmelweis Egyetemhez t\u00f6rt\u00e9n\u0151 integr\u00e1l\u00f3d\u00e1s\u00e1val.<\/p>\n<p style=\"text-align: justify\">A Mer\u00e9nyi Klinikai T\u00f6mbigazgat\u00f3s\u00e1g a K\u00f6lts\u00e9gvet\u00e9si \u00e9s Kontrolling F\u0151igazgat\u00f3s\u00e1g alatt m\u0171k\u00f6d\u0151 Eg\u00e9szs\u00e9g\u00fcgyi H\u00e1l\u00f3zat-ir\u00e1ny\u00edt\u00e1si Igazgat\u00f3s\u00e1g funkcion\u00e1lis szervezeti egys\u00e9ge, amely ell\u00e1tja a T\u00f6mb ter\u00fclet\u00e9n tal\u00e1lhat\u00f3 Klinik\u00e1k, illetve azokhoz tartoz\u00f3 r\u00e9szlegek gazd\u00e1lkod\u00e1si \u00e9s \u00fczemeltet\u00e9si feladatait. Feladatai k\u00f6z\u00f6tt szerepelnek a m\u0171k\u00f6d\u00e9shez sz\u00fcks\u00e9ges gazdas\u00e1gi, m\u0171szaki, logisztikai, informatikai, szem\u00e9ly\u00fcgyi \u00e9s adminisztrat\u00edv tev\u00e9kenys\u00e9gek.<\/p>\n<p style=\"text-align: justify\">A Mer\u00e9nyi Klinikai T\u00f6mb jelenleg egy 6 hekt\u00e1ros ter\u00fcleten helyezkedik el, amelyet a Gy\u00e1li \u00fat, a Zombori utca, az Asz\u00f3di utca \u00e9s a F\u00fcleki utca hat\u00e1rol. A k\u00f3rh\u00e1zi komplexum 22 nagyobb \u00e9s t\u00f6bb kisebb \u00e9p\u00fcletb\u0151l \u00e1ll.<\/p>\n","protected":false},"excerpt":{"rendered":"<p>A Mer\u00e9nyi Klinikai T\u00f6mbigazgat\u00f3s\u00e1g 2023. november 1-j\u00e9n j\u00f6tt l\u00e9tre a Mer\u00e9nyi K\u00f3rh\u00e1z Semmelweis Egyetemhez t\u00f6rt\u00e9n\u0151 integr\u00e1l\u00f3d\u00e1s\u00e1val. A Mer\u00e9nyi Klinikai T\u00f6mbigazgat\u00f3s\u00e1g a K\u00f6lts\u00e9gvet\u00e9si \u00e9s Kontrolling F\u0151igazgat\u00f3s\u00e1g alatt m\u0171k\u00f6d\u0151 Eg\u00e9szs\u00e9g\u00fcgyi H\u00e1l\u00f3zat-ir\u00e1ny\u00edt\u00e1si Igazgat\u00f3s\u00e1g funkcion\u00e1lis szervezeti egys\u00e9ge, amely ell\u00e1tja a T\u00f6mb ter\u00fclet\u00e9n tal\u00e1lhat\u00f3 Klinik\u00e1k, illetve azokhoz tartoz\u00f3 r\u00e9szlegek gazd\u00e1lkod\u00e1si \u00e9s \u00fczemeltet\u00e9si feladatait. Feladatai k\u00f6z\u00f6tt szerepelnek a m\u0171k\u00f6d\u00e9shez sz\u00fcks\u00e9ges gazdas\u00e1gi, &hellip;<\/p>\n","protected":false},"author":102467,"featured_media":175,"parent":0,"menu_order":0,"comment_status":"closed","ping_status":"closed","template":"","meta":{"_acf_changed":false,"footnotes":""},"categories":[],"tags":[],"class_list":["post-122","page","type-page","status-publish","has-post-thumbnail","hentry"],"acf":[],"_links":{"self":[{"href":"https:\/\/semmelweis.hu\/merenyi\/wp-json\/wp\/v2\/pages\/122","targetHints":{"allow":["GET"]}}],"collection":[{"href":"https:\/\/semmelweis.hu\/merenyi\/wp-json\/wp\/v2\/pages"}],"about":[{"href":"https:\/\/semmelweis.hu\/merenyi\/wp-json\/wp\/v2\/types\/page"}],"author":[{"embeddable":true,"href":"https:\/\/semmelweis.hu\/merenyi\/wp-json\/wp\/v2\/users\/102467"}],"replies":[{"embeddable":true,"href":"https:\/\/semmelweis.hu\/merenyi\/wp-json\/wp\/v2\/comments?post=122"}],"version-history":[{"count":6,"href":"https:\/\/semmelweis.hu\/merenyi\/wp-json\/wp\/v2\/pages\/122\/revisions"}],"predecessor-version":[{"id":217,"href":"https:\/\/semmelweis.hu\/merenyi\/wp-json\/wp\/v2\/pages\/122\/revisions\/217"}],"wp:featuredmedia":[{"embeddable":true,"href":"https:\/\/semmelweis.hu\/merenyi\/wp-json\/wp\/v2\/media\/175"}],"wp:attachment":[{"href":"https:\/\/semmelweis.hu\/merenyi\/wp-json\/wp\/v2\/media?parent=122"}],"wp:term":[{"taxonomy":"category","embeddable":true,"href":"https:\/\/semmelweis.hu\/merenyi\/wp-json\/wp\/v2\/categories?post=122"},{"taxonomy":"post_tag","embeddable":true,"href":"https:\/\/semmelweis.hu\/merenyi\/wp-json\/wp\/v2\/tags?post=122"}],"curies":[{"name":"wp","href":"https:\/\/api.w.org\/{rel}","templated":true}]}}