{"id":8,"date":"2023-09-21T09:04:11","date_gmt":"2023-09-21T07:04:11","guid":{"rendered":"https:\/\/semmelweis.hu\/mentorprogram\/?page_id=8"},"modified":"2025-08-15T14:54:33","modified_gmt":"2025-08-15T12:54:33","slug":"a-programrol","status":"publish","type":"page","link":"https:\/\/semmelweis.hu\/mentorprogram\/a-programrol-2\/a-programrol\/","title":{"rendered":"A program bemutat\u00e1sa"},"content":{"rendered":"<div class=\"lead\">A Semmelweis Egyetem Magatart\u00e1studom\u00e1nyi Int\u00e9zet\u00e9nek Hallgat\u00f3i Mentorprogramj\u00e1ban harmad\u00e9ves vagy id\u0151sebb orvostanhallgat\u00f3k k\u00e9pz\u00e9st k\u00f6vet\u0151en k\u00eds\u00e9rnek v\u00e9gig egy-egy els\u0151\u00e9ves hallgat\u00f3t kort\u00e1rsseg\u00edt\u0151k\u00e9nt az els\u0151 egyetemi tan\u00e9v\u00fck\u00f6n.\u00a0<\/div>\n<p><img loading=\"lazy\" decoding=\"async\" class=\" wp-image-450 aligncenter\" src=\"https:\/\/semmelweis.hu\/mentorprogram\/files\/2025\/08\/2-400x335.png\" alt=\"\" width=\"854\" height=\"715\" srcset=\"https:\/\/semmelweis.hu\/mentorprogram\/files\/2025\/08\/2-400x335.png 400w, https:\/\/semmelweis.hu\/mentorprogram\/files\/2025\/08\/2-1024x858.png 1024w, https:\/\/semmelweis.hu\/mentorprogram\/files\/2025\/08\/2-768x644.png 768w, https:\/\/semmelweis.hu\/mentorprogram\/files\/2025\/08\/2-1536x1288.png 1536w, https:\/\/semmelweis.hu\/mentorprogram\/files\/2025\/08\/2-2048x1717.png 2048w, https:\/\/semmelweis.hu\/mentorprogram\/files\/2025\/08\/2-753x631.png 753w\" sizes=\"auto, (max-width: 854px) 100vw, 854px\" \/><\/p>\n<h2>A mentorok k\u00e9pz\u00e9se a programba val\u00f3 bel\u00e9p\u00e9skor<\/h2>\n<p>A k\u00e9pz\u00e9seket a program szervez\u0151i valamint a Magatart\u00e1studom\u00e1nyi Int\u00e9zet szakemberei vezetik \u00e9s k\u00fcl\u00f6nb\u00f6z\u0151 t\u00e9m\u00e1kra f\u00f3kusz\u00e1lnak. Ezek sor\u00e1n a mentorok:\u00a0<\/p>\n<ol>\n<li>Megismerik a program elv\u00e1r\u00e1sait, elsaj\u00e1t\u00edtj\u00e1k a kort\u00e1rsseg\u00edt\u00e9s, a non-direkt\u00edv tan\u00e1csad\u00e1s alapjait valamint \u00e1tbesz\u00e9l\u00e9sre ker\u00fclnek az esetleges aggodalmaik \u00e9s saj\u00e1t kompetencia hat\u00e1raik, illetve felk\u00e9sz\u00fclnek a mentor\u00e1ltjukkal zajl\u00f3 els\u0151 tal\u00e1lkoz\u00e1sra.\u00a0<\/li>\n<li>K\u00e9pz\u00e9st kapnak az egyetemi adminisztrat\u00edv m\u0171k\u00f6d\u00e9s \u00e9s szab\u00e1lyzatok alapjair\u00f3l, a t\u00e1j\u00e9koz\u00f3d\u00e1s legfontosabb forr\u00e1sair\u00f3l.<\/li>\n<li>A tanul\u00e1sm\u00f3dszertan alapjaiba nyernek betekint\u00e9st, megismernek k\u00fcl\u00f6nb\u00f6z\u0151 strat\u00e9gi\u00e1kat azok elm\u00e9leti h\u00e1tter\u00e9vel egy\u00fctt.<\/li>\n<li>Felk\u00e9sz\u00edt\u00e9st kapnak arra, hogy felismerj\u00e9k, ha az \u00e1ltaluk mentor\u00e1lt hallgat\u00f3nak pszichol\u00f3giai seg\u00edts\u00e9gre van sz\u00fcks\u00e9ge, \u00e9s hogy tudj\u00e1k, hova \u00e9s hogyan ir\u00e1ny\u00edthatj\u00e1k seg\u00edts\u00e9g\u00e9rt a hallgat\u00f3t.<\/li>\n<\/ol>\n<p>Tapasztalt mentoraiknak a tan\u00e9v eleji k\u00e9pz\u00e9s sor\u00e1n az addig megszerzett k\u00e9szs\u00e9geik elm\u00e9ly\u00edt\u00e9s\u00e9re, \u00e9s a tapasztalataik \u00f6nismereti c\u00e9l\u00fa hasznos\u00edt\u00e1s\u00e1ra biztos\u00edtunk lehet\u0151s\u00e9get.<\/p>\n<p>&nbsp;<\/p>\n<div class=\"keretes w-100\">\n<p><img loading=\"lazy\" decoding=\"async\" class=\"alignright wp-image-25 size-medium\" src=\"https:\/\/semmelweis.hu\/mentorprogram\/files\/2023\/10\/mentorprogram-abra_diaktanacsado-400x298.jpg\" alt=\"\" width=\"400\" height=\"298\" srcset=\"https:\/\/semmelweis.hu\/mentorprogram\/files\/2023\/10\/mentorprogram-abra_diaktanacsado-400x298.jpg 400w, https:\/\/semmelweis.hu\/mentorprogram\/files\/2023\/10\/mentorprogram-abra_diaktanacsado-768x572.jpg 768w, https:\/\/semmelweis.hu\/mentorprogram\/files\/2023\/10\/mentorprogram-abra_diaktanacsado-753x561.jpg 753w, https:\/\/semmelweis.hu\/mentorprogram\/files\/2023\/10\/mentorprogram-abra_diaktanacsado.jpg 967w\" sizes=\"auto, (max-width: 400px) 100vw, 400px\" \/>R\u00e9szben, mivel az egyetem komoly stresszt jelent a hallgat\u00f3k jelent\u0151s r\u00e9sz\u00e9nek, r\u00e9szben pedig mert ilyen nagysz\u00e1m\u00fa mentor\u00e1lt eset\u00e9n nagy a val\u00f3sz\u00edn\u0171s\u00e9ge, hogy felmer\u00fcl valamilyen egy\u00e9b mag\u00e1n\u00e9leti v\u00e1ls\u00e1g, vagy tipikusan az egyetemista koroszt\u00e1lyban indul\u00f3 s\u00falyos ment\u00e1lis zavar, fontos, hogy a mentorok ezeket a k\u00e9szs\u00e9geket elsaj\u00e1t\u00edts\u00e1k. Ez nem azt jelenti, hogy tudniuk kell diagnosztiz\u00e1lni a ment\u00e1lis zavarokat, hanem azt, hogy k\u00e9pesek legyenek felismerni azt a n\u00e9h\u00e1ny alarm\u00edroz\u00f3 jelet, amely egy\u00e9rtelm\u0171en arra utal, ha a mentor\u00e1l\u00e1son fel\u00fcl tov\u00e1bbi, szakmai seg\u00edts\u00e9gre van sz\u00fcks\u00e9ge. Ezt a seg\u00edts\u00e9get a Di\u00e1ktan\u00e1csad\u00f3, a Magatart\u00e1studom\u00e1nyi Int\u00e9zet Szakrendel\u0151je \u00e9s a Pszichi\u00e1tria \u00e9s Pszichoter\u00e1pi\u00e1s Klinika alkotja. Ez a h\u00e1rom int\u00e9zm\u00e9ny v\u00e9gzi h\u00e1roml\u00e9pcs\u0151s ell\u00e1t\u00e1s form\u00e1j\u00e1ban a pszichol\u00f3giai probl\u00e9m\u00e1kkal k\u00fczd\u0151 hallgat\u00f3k seg\u00edt\u00e9s\u00e9t.<\/p>\n<\/div>\n<h2>A g\u00f3lya-mentor p\u00e1rok kialak\u00edt\u00e1sa<\/h2>\n<p>A k\u00e9pz\u00e9s elv\u00e9gz\u00e9s\u00e9t k\u00f6vet\u0151en <b>kialak\u00edt\u00e1sra ker\u00fclnek a g\u00f3lya-mentor p\u00e1rok<\/b>, mely sor\u00e1n mindk\u00e9t f\u00e9l ig\u00e9nyeit igyeksz\u00fcnk a lehet\u0151s\u00e9gekhez m\u00e9rten maxim\u00e1lisan figyelembe venni. Mentoraink k\u00f6z\u00fcl sokan instruktorok az I\u00d6CS-ben, vagy \u00e9ppen demonstr\u00e1torok. Legt\u00f6bb k\u00e9r\u00e9s arra vonatkozik, hogy a m\u00e1r megismert csoportb\u00f3l kaphassanak g\u00f3ly\u00e1t, \u00edgy m\u00e1r egy megl\u00e9v\u0151 kapcsolatot lehet tov\u00e1bb \u00e9p\u00edteni.\u00a0<\/p>\n<h2>Nyit\u00f3 alkalom<\/h2>\n<p>Ezen a szeptemberi alkalmon a mentorok, a g\u00f3ly\u00e1k \u00e9s a szervez\u0151i csapat egy\u00fcttes r\u00e9szv\u00e9tel\u00e9vel hivatalosan is megnyitjuk az \u00e9vet. Lefektetj\u00fck a k\u00f6z\u00f6s munka kereteit \u00e9s megalakulnak a csoportok, amelyekben 20-25 g\u00f3lya-mentor p\u00e1r \u00e9s egy csoportvezet\u0151 m\u0171k\u00f6dik egy\u00fctt.\u00a0<\/p>\n<h2>A g\u00f3lya-mentor p\u00e1rok munk\u00e1j\u00e1nak k\u00f6vet\u00e9se<\/h2>\n<p>Szeptember v\u00e9g\u00e9n egy <strong>kapcsolatfelv\u00e9teli visszajelz\u0151 <\/strong>kit\u00f6lt\u00e9s\u00e9t k\u00e9rj\u00fck a mentorokt\u00f3l. Az \u00e9v sor\u00e1n pedig tov\u00e1bbi <b>4 alkalommal mentornapl\u00f3<\/b> form\u00e1j\u00e1ban, valamint a <b>szuperv\u00edzi\u00f3k <\/b>sor\u00e1n k\u00e9r\u00fcnk visszajelz\u00e9st a g\u00f3lya-mentor p\u00e1rok egy\u00fcttm\u0171k\u00f6d\u00e9s\u00e9r\u0151l. A csoportos szuperv\u00edzi\u00f3s alkalmak ezen fel\u00fcl lehet\u0151s\u00e9get biztos\u00edtanak a mentorok sz\u00e1m\u00e1ra a nehezebb helyzetek \u00e1tbesz\u00e9l\u00e9s\u00e9re, megold\u00e1si lehet\u0151s\u00e9gek felv\u00e1zol\u00e1s\u00e1ra, tapasztalataik \u00f6sszegz\u00e9s\u00e9re, mentort\u00e1rsaik tapasztalatainak megismer\u00e9s\u00e9re \u00e9s a reflexi\u00f3ra is. Az oktat\u00f3i g\u00e1rda ezen fel\u00fcl f\u00e9l\u00e9vente szervez <strong>g\u00f3lyacsoportot<\/strong>, mely lehet\u0151s\u00e9get biztos\u00edt az els\u0151\u00e9ves hallgat\u00f3knak, hogy csoportos form\u00e1ban is reflekt\u00e1ljanak egyetemi el\u0151rehalad\u00e1sukra, k\u00f6z\u00f6sen megold\u00e1st tal\u00e1lhassanak esetleges kih\u00edv\u00e1sokra, tov\u00e1bb\u00e1 lehet\u0151s\u00e9g\u00fck legyen k\u00f6zvetlen\u00fcl is tolm\u00e1csolni ig\u00e9nyeiket \u00e9s k\u00e9rd\u00e9seiket a Mentorprogram szervez\u0151i fel\u00e9. <img loading=\"lazy\" decoding=\"async\" class=\" wp-image-448 aligncenter\" src=\"https:\/\/semmelweis.hu\/mentorprogram\/files\/2025\/08\/programmenet_hun-1-400x256.png\" alt=\"\" width=\"806\" height=\"516\" srcset=\"https:\/\/semmelweis.hu\/mentorprogram\/files\/2025\/08\/programmenet_hun-1-400x256.png 400w, https:\/\/semmelweis.hu\/mentorprogram\/files\/2025\/08\/programmenet_hun-1-1024x654.png 1024w, https:\/\/semmelweis.hu\/mentorprogram\/files\/2025\/08\/programmenet_hun-1-768x491.png 768w, https:\/\/semmelweis.hu\/mentorprogram\/files\/2025\/08\/programmenet_hun-1-1536x982.png 1536w, https:\/\/semmelweis.hu\/mentorprogram\/files\/2025\/08\/programmenet_hun-1-2048x1309.png 2048w, https:\/\/semmelweis.hu\/mentorprogram\/files\/2025\/08\/programmenet_hun-1-753x481.png 753w\" sizes=\"auto, (max-width: 806px) 100vw, 806px\" \/><\/p>\n<h2>A mentorok tov\u00e1bbk\u00e9pz\u00e9se<\/h2>\n<p>A m\u00e1sodik f\u00e9l\u00e9v elej\u00e9n k\u00fcl\u00f6nb\u00f6z\u0151, mind a mentor\u00e1l\u00e1sban, mind az orvosi munk\u00e1ban \u00e9s a mag\u00e1n\u00e9letben hasznos \u201csoft skillek\u201d fejleszt\u00e9s\u00e9re biztos\u00edtunk lehet\u0151s\u00e9get a mentorok sz\u00e1m\u00e1ra.<\/p>\n<p><img loading=\"lazy\" decoding=\"async\" class=\" wp-image-451 aligncenter\" src=\"https:\/\/semmelweis.hu\/mentorprogram\/files\/2025\/08\/kepzesel-e1755261338979-400x201.png\" alt=\"\" width=\"921\" height=\"463\" srcset=\"https:\/\/semmelweis.hu\/mentorprogram\/files\/2025\/08\/kepzesel-e1755261338979-400x201.png 400w, https:\/\/semmelweis.hu\/mentorprogram\/files\/2025\/08\/kepzesel-e1755261338979-1024x514.png 1024w, https:\/\/semmelweis.hu\/mentorprogram\/files\/2025\/08\/kepzesel-e1755261338979-768x385.png 768w, https:\/\/semmelweis.hu\/mentorprogram\/files\/2025\/08\/kepzesel-e1755261338979-1536x771.png 1536w, https:\/\/semmelweis.hu\/mentorprogram\/files\/2025\/08\/kepzesel-e1755261338979-2048x1027.png 2048w, https:\/\/semmelweis.hu\/mentorprogram\/files\/2025\/08\/kepzesel-e1755261338979-753x378.png 753w\" sizes=\"auto, (max-width: 921px) 100vw, 921px\" \/><\/p>\n<h2>K\u00f6z\u00f6ss\u00e9g\u00e9p\u00edt\u00e9s<\/h2>\n<p>A tan\u00e9v sor\u00e1n t\u00f6bbf\u00e9le k\u00f6z\u00f6ss\u00e9g\u00e9p\u00edt\u0151 programot is szervez\u00fcnk a r\u00e9sztvev\u0151k k\u00f6zrem\u0171k\u00f6d\u00e9s\u00e9vel (pl. kir\u00e1ndul\u00e1sok \u00e9s t\u00e1rsasj\u00e1t\u00e9koz\u00e1s), melyek seg\u00edts\u00e9g\u00e9vel szeretn\u00e9nk \u00e1thidalni az \u00e9vfolyamok \u00e9s a karok k\u00f6z\u00f6tti t\u00e1vols\u00e1got.<\/p>\n<h2>A program z\u00e1r\u00e1sa<\/h2>\n<p>Az \u00e9v v\u00e9gi <b>z\u00e1r\u00f3 szuperv\u00edzi\u00f3s alkalom<\/b> (IV.) sor\u00e1n k\u00fcl\u00f6n hangs\u00falyt fektet\u00fcnk arra, hogy a mentori tapasztalatok orvosi kompetenci\u00e1kk\u00e1 t\u00f6rt\u00e9n\u0151 \u00e1t\u00fcltet\u00e9s\u00e9t el\u0151seg\u00edts\u00fck. Ezen fel\u00fcl pedig seg\u00edtj\u00fck a mentorok felk\u00e9sz\u00fcl\u00e9s\u00e9t a Mentorprogramhoz kapcsol\u00f3d\u00f3 g\u00f3lya-mentor kapcsolat lez\u00e1r\u00e1s\u00e1ra. A mentorok munk\u00e1j\u00e1t f\u00e9l\u00e9venk\u00e9nt 2 szabadon v\u00e1laszthat\u00f3 kredittel tudjuk jutalmazni.<\/p>\n<div class=\"fontos_div\">\n<p>A program er\u0151ss\u00e9ge a folyamatos mentor k\u00e9pz\u00e9s \u00e9s a szuperv\u00edzi\u00f3 egy\u00fcttes biztos\u00edt\u00e1sa, ami miatt a Semmelweis Mentorprogram egyed\u00fcl\u00e1ll\u00f3 a m\u00e1s egyetemeken ny\u00fajtott mentorprogramokhoz k\u00e9pest. A program m\u00e1sodlagos er\u0151ss\u00e9ge, hogy tudom\u00e1nyos ig\u00e9ny\u0171 m\u00f3dszerekkel monitorozzuk mind kvalitat\u00edv (szuperv\u00edzi\u00f3, f\u00f3kuszcsoportos m\u00f3dszertan), mind kvantitat\u00edv m\u00f3don (valid\u00e1lt k\u00e9rd\u0151\u00edvek seg\u00edts\u00e9g\u00e9vel).\u00a0<\/p>\n<\/div>\n","protected":false},"excerpt":{"rendered":"<p>A Semmelweis Hallgat\u00f3i Mentorprogramban harmad\u00e9ves vagy id\u0151sebb orvostanhallgat\u00f3k k\u00e9pz\u00e9st k\u00f6vet\u0151en k\u00eds\u00e9rnek v\u00e9gig egy-egy els\u0151\u00e9ves hallgat\u00f3t kort\u00e1rsseg\u00edt\u0151k\u00e9nt az els\u0151 egyetemi tan\u00e9v\u00fck\u00f6n. <\/p>\n<p><p> C\u00e9lunk az els\u0151\u00e9vesek t\u00e1mogat\u00e1sa \u00e9s egyetemi \u00e9letbe val\u00f3 beilleszked\u00e9s\u00e9nek seg\u00edt\u00e9se mellett, hogy a leend\u0151 orvosok mentork\u00e9nt kipr\u00f3b\u00e1lhass\u00e1k magukat a seg\u00edt\u0151 szerepben \u00e9s fejleszthess\u00e9k interperszon\u00e1lis k\u00e9szs\u00e9geiket. A Mentorprogram Magatart\u00e1studom\u00e1nyi Int\u00e9zet keretei k\u00f6z\u00f6tt m\u0171k\u00f6dik.  <\/p>\n","protected":false},"author":12,"featured_media":448,"parent":117,"menu_order":1,"comment_status":"closed","ping_status":"closed","template":"","meta":{"_acf_changed":false,"footnotes":""},"categories":[],"tags":[],"class_list":["post-8","page","type-page","status-publish","has-post-thumbnail","hentry"],"acf":[],"_links":{"self":[{"href":"https:\/\/semmelweis.hu\/mentorprogram\/wp-json\/wp\/v2\/pages\/8","targetHints":{"allow":["GET"]}}],"collection":[{"href":"https:\/\/semmelweis.hu\/mentorprogram\/wp-json\/wp\/v2\/pages"}],"about":[{"href":"https:\/\/semmelweis.hu\/mentorprogram\/wp-json\/wp\/v2\/types\/page"}],"author":[{"embeddable":true,"href":"https:\/\/semmelweis.hu\/mentorprogram\/wp-json\/wp\/v2\/users\/12"}],"replies":[{"embeddable":true,"href":"https:\/\/semmelweis.hu\/mentorprogram\/wp-json\/wp\/v2\/comments?post=8"}],"version-history":[{"count":10,"href":"https:\/\/semmelweis.hu\/mentorprogram\/wp-json\/wp\/v2\/pages\/8\/revisions"}],"predecessor-version":[{"id":452,"href":"https:\/\/semmelweis.hu\/mentorprogram\/wp-json\/wp\/v2\/pages\/8\/revisions\/452"}],"up":[{"embeddable":true,"href":"https:\/\/semmelweis.hu\/mentorprogram\/wp-json\/wp\/v2\/pages\/117"}],"wp:featuredmedia":[{"embeddable":true,"href":"https:\/\/semmelweis.hu\/mentorprogram\/wp-json\/wp\/v2\/media\/448"}],"wp:attachment":[{"href":"https:\/\/semmelweis.hu\/mentorprogram\/wp-json\/wp\/v2\/media?parent=8"}],"wp:term":[{"taxonomy":"category","embeddable":true,"href":"https:\/\/semmelweis.hu\/mentorprogram\/wp-json\/wp\/v2\/categories?post=8"},{"taxonomy":"post_tag","embeddable":true,"href":"https:\/\/semmelweis.hu\/mentorprogram\/wp-json\/wp\/v2\/tags?post=8"}],"curies":[{"name":"wp","href":"https:\/\/api.w.org\/{rel}","templated":true}]}}