{"id":66,"date":"2023-10-12T11:19:48","date_gmt":"2023-10-12T09:19:48","guid":{"rendered":"https:\/\/semmelweis.hu\/mentorprogram\/?page_id=66"},"modified":"2025-08-13T21:10:55","modified_gmt":"2025-08-13T19:10:55","slug":"mentoroknak","status":"publish","type":"page","link":"https:\/\/semmelweis.hu\/mentorprogram\/jelentkezes\/mentoroknak\/","title":{"rendered":"Mentoroknak"},"content":{"rendered":"<p><b>Jelentkez\u00e9s:<\/b><\/p>\n<p>Mentornak jelentkezhetnek az \u00c1OK m\u00e1sod\u00e9vet befejezett hallgat\u00f3k, akik v\u00e1llalj\u00e1k a mentori k\u00f6telezetts\u00e9geket.<\/p>\n<p>A jelentkez\u00e9s k\u00e9t l\u00e9p\u00e9sb\u0151l \u00e1ll:\u00a0<\/p>\n<div class=\"keretes\">\n<p>Azok a mentorok, akik\u00a0 2025\/26-os tan\u00e9vben kezdik meg el\u0151sz\u00f6r mentori p\u00e1ly\u00e1jukat <em>(junior mentorok),<\/em> <a href=\"https:\/\/docs.google.com\/forms\/d\/10BvvJTh-Mf-lWceUUUlCV8hWvCJu8Lvjoa_p1DESOrQ\/edit#responses\">ezen a linken<\/a> kereszt\u00fcl tudnak jelentkezni a Semmelweis Hallgat\u00f3i Mentorprogramba. <em>Senior mentorainknak<\/em> kor\u00e1bban m\u00e1r k\u00fcldt\u00fcnk ig\u00e9nyfelm\u00e9r\u0151t, \u0151k azon kereszt\u00fcl jelezhetik, hogy tov\u00e1bbra is szeretn\u00e9k folytatni n\u00e1lunk a mentor\u00e1l\u00e1st.<\/p>\n<\/div>\n<ol>\n<li>Minden tan\u00e9v v\u00e9g\u00e9n, a ny\u00e1ri h\u00f3napok sor\u00e1n emailben m\u00e9rj\u00fck fel az \u00e9rdekl\u0151d\u00e9st.\u00a0<\/li>\n<li>Ezut\u00e1n egy e-mailben k\u00fcld\u00f6tt linken kereszt\u00fcl sz\u00fcks\u00e9ges jelentkezni az augusztusi k\u00e9pz\u00e9si id\u0151pontokra.<\/li>\n<li>Minden f\u00e9l\u00e9v elej\u00e9n sz\u00fcks\u00e9ges felvenni a Neptun rendszerben a Mentorprogram nev\u0171, aktu\u00e1lis sz\u00e1m\u00fa tant\u00e1rgyat. Ezzel kapcsolatos tov\u00e1bbi inform\u00e1ci\u00f3 \u00e9s a tant\u00e1rgyi k\u00f6vetelm\u00e9nyek a programot vezet\u0151 <a href=\"https:\/\/semmelweis.hu\/magtud\/oktatas\/valaszthato-kurzusok\/\">Magatart\u00e1studom\u00e1nyi int\u00e9zet honlapj\u00e1n<\/a> is megtal\u00e1lhat\u00f3k.\u00a0<\/li>\n<\/ol>\n<p><b>Mit nyerhetsz a programban val\u00f3 r\u00e9szv\u00e9tel \u00e1ltal?<\/b><\/p>\n<ul>\n<li>Tapasztalataiddal seg\u00edtheted egy g\u00f3lya beilleszked\u00e9s\u00e9t az egyetem vil\u00e1g\u00e1ba \u00e9s az els\u0151 \u00e9ve sikeres teljes\u00edt\u00e9s\u00e9t.<\/li>\n<li>Kipr\u00f3b\u00e1lhatod magad a mentor szerepben kort\u00e1rs seg\u00edt\u0151k\u00e9nt.<\/li>\n<li>Sz\u00e1mos \u201csoft skillre\u201d tehetsz szert, amelyeket a mindennapi \u00e9letben is hasznos\u00edthatsz, valamint amelyek a\u00a0 beteggel\/p\u00e1cienssel val\u00f3 kapcsolat kialak\u00edt\u00e1s\u00e1nak, a gy\u00f3gy\u00edt\u00e1snak is az alapjait k\u00e9pezik (pl. kommunik\u00e1ci\u00f3, probl\u00e9mamegold\u00f3 k\u00e9pess\u00e9g, stresszkezel\u00e9s, tanul\u00e1stechnika, asszertivit\u00e1s, emp\u00e1tia stb.).<\/li>\n<li>Egy k\u00f6z\u00f6ss\u00e9g, csapat r\u00e9sze lehetsz.<\/li>\n<\/ul>\n<p><b>Mit v\u00e1runk T\u0151led?<\/b><\/p>\n<ul>\n<li>Egy \u00e9vre elk\u00f6telez\u0151d\u00e9st<\/li>\n<li>A Mentorprogramhoz tartoz\u00f3 tant\u00e1rgy Moodle \u00e9s Neptun fel\u00fcleteinek figyelemmel k\u00f6vet\u00e9s\u00e9t<\/li>\n<li>Folyamatos kapcsolattart\u00e1st a mentor\u00e1ltaddal (f\u00e9l\u00e9venk\u00e9nt 4-5 szem\u00e9lyes tal\u00e1lkoz\u00e1s + online kommnik\u00e1ci\u00f3)<\/li>\n<li>R\u00e9szv\u00e9telt a szeptemberi nyit\u00f3alkalmon \u00e9s a k\u00e9pz\u00e9si \u00e9s szuperv\u00edzi\u00f3s alkalmakon<\/li>\n<li>Visszajelz\u00e9st mentornapl\u00f3 form\u00e1j\u00e1ban a Moodle fel\u00fcleten kereszt\u00fcl<\/li>\n<li>Proaktvit\u00e1st<\/li>\n<li>Hat\u00e1rid\u0151k betart\u00e1s\u00e1t<\/li>\n<li>Kommunik\u00e1ci\u00f3t a program szervez\u0151ivel<\/li>\n<li>F\u00e9l\u00e9vente 3-4 k\u00e9rd\u0151\u00edv kit\u00f6lt\u00e9s\u00e9t (ez egyr\u00e9szt a mentorprogram kutat\u00e1si tev\u00e9kenys\u00e9g\u00e9hez, m\u00e1sr\u00e9szt a programunk min\u0151s\u00e9g\u00e9nek biztos\u00edt\u00e1s\u00e1hoz \u00e9s nyomon k\u00f6vet\u00e9s\u00e9hez sz\u00fcks\u00e9ges)<\/li>\n<\/ul>\n","protected":false},"excerpt":{"rendered":"<p>Jelentkez\u00e9s: Mentornak jelentkezhetnek az \u00c1OK m\u00e1sod\u00e9vet befejezett hallgat\u00f3k, akik v\u00e1llalj\u00e1k a mentori k\u00f6telezetts\u00e9geket. A jelentkez\u00e9s k\u00e9t l\u00e9p\u00e9sb\u0151l \u00e1ll:\u00a0 Azok a mentorok, akik\u00a0 2025\/26-os tan\u00e9vben kezdik meg el\u0151sz\u00f6r mentori p\u00e1ly\u00e1jukat (junior mentorok), <a href=\"https:\/\/docs.google.com\/forms\/d\/10BvvJTh-Mf-lWceUUUlCV8hWvCJu8Lvjoa_p1DESOrQ\/edit#responses\">ezen a linken<\/a> kereszt\u00fcl tudnak jelentkezni a Semmelweis Hallgat\u00f3i Mentorprogramba. Senior mentorainknak kor\u00e1bban m\u00e1r k\u00fcldt\u00fcnk ig\u00e9nyfelm\u00e9r\u0151t, \u0151k azon kereszt\u00fcl jelezhetik, hogy tov\u00e1bbra is szeretn\u00e9k folytatni n\u00e1lunk a &hellip;<\/p>\n","protected":false},"author":101724,"featured_media":0,"parent":43,"menu_order":1,"comment_status":"closed","ping_status":"closed","template":"","meta":{"_acf_changed":false,"footnotes":""},"categories":[],"tags":[],"class_list":["post-66","page","type-page","status-publish","hentry"],"acf":[],"_links":{"self":[{"href":"https:\/\/semmelweis.hu\/mentorprogram\/wp-json\/wp\/v2\/pages\/66","targetHints":{"allow":["GET"]}}],"collection":[{"href":"https:\/\/semmelweis.hu\/mentorprogram\/wp-json\/wp\/v2\/pages"}],"about":[{"href":"https:\/\/semmelweis.hu\/mentorprogram\/wp-json\/wp\/v2\/types\/page"}],"author":[{"embeddable":true,"href":"https:\/\/semmelweis.hu\/mentorprogram\/wp-json\/wp\/v2\/users\/101724"}],"replies":[{"embeddable":true,"href":"https:\/\/semmelweis.hu\/mentorprogram\/wp-json\/wp\/v2\/comments?post=66"}],"version-history":[{"count":5,"href":"https:\/\/semmelweis.hu\/mentorprogram\/wp-json\/wp\/v2\/pages\/66\/revisions"}],"predecessor-version":[{"id":440,"href":"https:\/\/semmelweis.hu\/mentorprogram\/wp-json\/wp\/v2\/pages\/66\/revisions\/440"}],"up":[{"embeddable":true,"href":"https:\/\/semmelweis.hu\/mentorprogram\/wp-json\/wp\/v2\/pages\/43"}],"wp:attachment":[{"href":"https:\/\/semmelweis.hu\/mentorprogram\/wp-json\/wp\/v2\/media?parent=66"}],"wp:term":[{"taxonomy":"category","embeddable":true,"href":"https:\/\/semmelweis.hu\/mentorprogram\/wp-json\/wp\/v2\/categories?post=66"},{"taxonomy":"post_tag","embeddable":true,"href":"https:\/\/semmelweis.hu\/mentorprogram\/wp-json\/wp\/v2\/tags?post=66"}],"curies":[{"name":"wp","href":"https:\/\/api.w.org\/{rel}","templated":true}]}}