{"id":60,"date":"2023-10-12T11:16:06","date_gmt":"2023-10-12T09:16:06","guid":{"rendered":"https:\/\/semmelweis.hu\/mentorprogram\/?page_id=60"},"modified":"2025-08-24T19:38:26","modified_gmt":"2025-08-24T17:38:26","slug":"golyaknak","status":"publish","type":"page","link":"https:\/\/semmelweis.hu\/mentorprogram\/jelentkezes\/golyaknak\/","title":{"rendered":"G\u00f3ly\u00e1knak"},"content":{"rendered":"<p><b>A jelentkez\u00e9s minden \u00e9v augusztus-szeptember\u00e9ben &#8211; a teljes kapacit\u00e1s el\u00e9r\u00e9s\u00e9ig &#8211; zajlik.\u00a0<\/b><\/p>\n<p>A felv\u00e9telt nyert els\u0151\u00e9ves orvostanhallgat\u00f3kat emailen \u00e9s m\u00e1s csatorn\u00e1kon is \u00e9rtes\u00edtj\u00fck ennek m\u00f3dj\u00e1r\u00f3l.<\/p>\n<p><b>Mit nyerhetsz a programban val\u00f3 r\u00e9szv\u00e9tel \u00e1ltal?<\/b><\/p>\n<ul>\n<li>Seg\u00edts\u00e9get kaphatsz a tant\u00e1rgyfelv\u00e9telben, id\u0151beoszt\u00e1sban, vizsgafelv\u00e9telben \u00e9s tanul\u00e1sban.<\/li>\n<li>Megtudhatsz minden fontos inform\u00e1ci\u00f3t, ami az egyetem els\u0151 \u00e9v\u00e9ben hasznos lehet.<\/li>\n<li>Folyamatos t\u00e1mogat\u00e1sban lehet r\u00e9szed, kiemelten a nehezebb id\u0151szakokban: dem\u00f3k, vizsgaid\u0151szak, szigorlatok.<\/li>\n<li>Alkalmazkod\u00f3 \u00e9s probl\u00e9mamegold\u00f3 k\u00e9szs\u00e9ged fejl\u0151dhet \u00e9s auton\u00f3mi\u00e1d fokozatosan egy tapasztaltabb fels\u0151bb \u00e9ves hallgat\u00f3 t\u00e1mogat\u00e1sa mellett n\u0151het.<\/li>\n<li>Az esetleges kezdeti neh\u00e9zs\u00e9gek \u00e9s stressz lek\u00fczd\u00e9s\u00e9ben is seg\u00edts\u00e9get kaphatsz.<\/li>\n<li>Pszich\u00e9s \u00e9s t\u00e1rsas t\u00e1maszt kaphatsz.<\/li>\n<li>Egy k\u00f6z\u00f6ss\u00e9g, csapat r\u00e9sze lehetsz.<\/li>\n<\/ul>\n<p><b>Mit v\u00e1runk T\u0151led?<\/b><\/p>\n<ul>\n<li>Nyitotts\u00e1got<\/li>\n<li>Proaktivit\u00e1st<\/li>\n<li>Egy tan\u00e9vre elk\u00f6telez\u0151d\u00e9st \u00e9s kapcsolattart\u00e1st a mentoroddal<\/li>\n<li>R\u00e9szv\u00e9telt a program nyit\u00f3alkalm\u00e1n szeptemberben<\/li>\n<li>F\u00e9l\u00e9vente 3-4 k\u00e9rd\u0151\u00edv kit\u00f6lt\u00e9s\u00e9t (ez egyr\u00e9szt a mentorprogram kutat\u00e1si tev\u00e9kenys\u00e9g\u00e9hez, m\u00e1sr\u00e9szt a programunk min\u0151s\u00e9g\u00e9nek biztos\u00edt\u00e1s\u00e1hoz \u00e9s nyomon k\u00f6vet\u00e9s\u00e9hez sz\u00fcks\u00e9ges)<\/li>\n<\/ul>\n","protected":false},"excerpt":{"rendered":"<p>A jelentkez\u00e9s minden \u00e9v augusztus-szeptember\u00e9ben &#8211; a teljes kapacit\u00e1s el\u00e9r\u00e9s\u00e9ig &#8211; zajlik.\u00a0 A felv\u00e9telt nyert els\u0151\u00e9ves orvostanhallgat\u00f3kat emailen \u00e9s m\u00e1s csatorn\u00e1kon is \u00e9rtes\u00edtj\u00fck ennek m\u00f3dj\u00e1r\u00f3l. Mit nyerhetsz a programban val\u00f3 r\u00e9szv\u00e9tel \u00e1ltal? Seg\u00edts\u00e9get kaphatsz a tant\u00e1rgyfelv\u00e9telben, id\u0151beoszt\u00e1sban, vizsgafelv\u00e9telben \u00e9s tanul\u00e1sban. Megtudhatsz minden fontos inform\u00e1ci\u00f3t, ami az egyetem els\u0151 \u00e9v\u00e9ben hasznos lehet. Folyamatos t\u00e1mogat\u00e1sban lehet r\u00e9szed, &hellip;<\/p>\n","protected":false},"author":101724,"featured_media":0,"parent":43,"menu_order":0,"comment_status":"closed","ping_status":"closed","template":"","meta":{"_acf_changed":false,"footnotes":""},"categories":[],"tags":[],"class_list":["post-60","page","type-page","status-publish","hentry"],"acf":[],"_links":{"self":[{"href":"https:\/\/semmelweis.hu\/mentorprogram\/wp-json\/wp\/v2\/pages\/60","targetHints":{"allow":["GET"]}}],"collection":[{"href":"https:\/\/semmelweis.hu\/mentorprogram\/wp-json\/wp\/v2\/pages"}],"about":[{"href":"https:\/\/semmelweis.hu\/mentorprogram\/wp-json\/wp\/v2\/types\/page"}],"author":[{"embeddable":true,"href":"https:\/\/semmelweis.hu\/mentorprogram\/wp-json\/wp\/v2\/users\/101724"}],"replies":[{"embeddable":true,"href":"https:\/\/semmelweis.hu\/mentorprogram\/wp-json\/wp\/v2\/comments?post=60"}],"version-history":[{"count":7,"href":"https:\/\/semmelweis.hu\/mentorprogram\/wp-json\/wp\/v2\/pages\/60\/revisions"}],"predecessor-version":[{"id":470,"href":"https:\/\/semmelweis.hu\/mentorprogram\/wp-json\/wp\/v2\/pages\/60\/revisions\/470"}],"up":[{"embeddable":true,"href":"https:\/\/semmelweis.hu\/mentorprogram\/wp-json\/wp\/v2\/pages\/43"}],"wp:attachment":[{"href":"https:\/\/semmelweis.hu\/mentorprogram\/wp-json\/wp\/v2\/media?parent=60"}],"wp:term":[{"taxonomy":"category","embeddable":true,"href":"https:\/\/semmelweis.hu\/mentorprogram\/wp-json\/wp\/v2\/categories?post=60"},{"taxonomy":"post_tag","embeddable":true,"href":"https:\/\/semmelweis.hu\/mentorprogram\/wp-json\/wp\/v2\/tags?post=60"}],"curies":[{"name":"wp","href":"https:\/\/api.w.org\/{rel}","templated":true}]}}