{"id":6,"date":"2023-09-21T09:00:41","date_gmt":"2023-09-21T07:00:41","guid":{"rendered":"https:\/\/semmelweis.hu\/mentorprogram\/?page_id=6"},"modified":"2024-11-18T18:27:28","modified_gmt":"2024-11-18T17:27:28","slug":"elerhetosegek","status":"publish","type":"page","link":"https:\/\/semmelweis.hu\/mentorprogram\/elerhetosegek\/","title":{"rendered":"Kapcsolat"},"content":{"rendered":"<p>K\u00e9rd\u00e9sed van \u00e9s nem tal\u00e1lt\u00e1l r\u00e1 v\u00e1laszt honlapunkon a <a href=\"https:\/\/semmelweis.hu\/mentorprogram\/a-programrol\/\">program le\u00edr\u00e1s\u00e1ban<\/a>, vagy a <a href=\"https:\/\/semmelweis.hu\/mentorprogram\/gyik\/\">GYIK-ben<\/a>?<\/p>\n<p>Keress minket b\u00e1tran az al\u00e1bbi el\u00e9rhet\u0151s\u00e9gek egyik\u00e9n!<\/p>\n<p><strong>A Mentorprogram k\u00f6zponti email c\u00edme:<\/strong> mentorprogram[kukac]semmelweis.hu<\/p>\n<p><strong>Munkat\u00e1rsaink<\/strong> el\u00e9rhet\u0151s\u00e9geit <a href=\"https:\/\/semmelweis.hu\/mentorprogram\/a-programrol\/munkatarsak\/\"><strong>itt<\/strong><\/a> tal\u00e1lod.<\/p>\n<p><strong>Befogad\u00f3 int\u00e9zm\u00e9ny:<\/strong><\/p>\n<p><a href=\"https:\/\/semmelweis.hu\/magtud\/oktatas\/valaszthato-kurzusok\/\">Semmelweis Egyetem \u00c1OK Magatart\u00e1studom\u00e1nyi Int\u00e9zet<\/a><\/p>\n<p>1089 Budapest, Nagyv\u00e1rad t\u00e9r 4.\u00a0<\/p>\n<p>&nbsp;<\/p>\n<p><b>Partnereink:<\/b><\/p>\n<p><a href=\"https:\/\/semmelweis.hu\/etkfejlesztoiroda\/category\/szakestek\/\">Semmelweis Egyetem ETK Kavics mentorprogram<\/a><\/p>\n","protected":false},"excerpt":{"rendered":"<p>K\u00e9rd\u00e9sed van \u00e9s nem tal\u00e1lt\u00e1l r\u00e1 v\u00e1laszt honlapunkon a <a href=\"https:\/\/semmelweis.hu\/mentorprogram\/a-programrol\/\">program le\u00edr\u00e1s\u00e1ban<\/a>, vagy a <a href=\"https:\/\/semmelweis.hu\/mentorprogram\/gyik\/\">GYIK-ben<\/a>?<br \/>\nKeress minket b\u00e1tran az al\u00e1bbi el\u00e9rhet\u0151s\u00e9gek egyik\u00e9n!<br \/>\nA Mentorprogram k\u00f6zponti email c\u00edme: mentorprogram[kukac]semmelweis.hu<br \/>\nMunkat\u00e1rsaink el\u00e9rhet\u0151s\u00e9geit <a href=\"https:\/\/semmelweis.hu\/mentorprogram\/a-programrol\/munkatarsak\/\">itt<\/a> tal\u00e1lod.<br \/>\nBefogad\u00f3 int\u00e9zm\u00e9ny:<br \/>\n<a href=\"https:\/\/semmelweis.hu\/magtud\/oktatas\/valaszthato-kurzusok\/\">Semmelweis Egyetem \u00c1OK Magatart\u00e1studom\u00e1nyi Int\u00e9zet<\/a><br \/>\n1089 Budapest, Nagyv\u00e1rad t\u00e9r 4.\u00a0<br \/>\n&nbsp;<br \/>\nPartnereink:<br \/>\n<a href=\"https:\/\/semmelweis.hu\/etkfejlesztoiroda\/category\/szakestek\/\">Semmelweis Egyetem ETK Kavics mentorprogram<\/a><\/p>\n","protected":false},"author":12,"featured_media":0,"parent":0,"menu_order":8,"comment_status":"closed","ping_status":"closed","template":"","meta":{"_acf_changed":false,"footnotes":""},"categories":[],"tags":[],"class_list":["post-6","page","type-page","status-publish","hentry"],"acf":[],"_links":{"self":[{"href":"https:\/\/semmelweis.hu\/mentorprogram\/wp-json\/wp\/v2\/pages\/6","targetHints":{"allow":["GET"]}}],"collection":[{"href":"https:\/\/semmelweis.hu\/mentorprogram\/wp-json\/wp\/v2\/pages"}],"about":[{"href":"https:\/\/semmelweis.hu\/mentorprogram\/wp-json\/wp\/v2\/types\/page"}],"author":[{"embeddable":true,"href":"https:\/\/semmelweis.hu\/mentorprogram\/wp-json\/wp\/v2\/users\/12"}],"replies":[{"embeddable":true,"href":"https:\/\/semmelweis.hu\/mentorprogram\/wp-json\/wp\/v2\/comments?post=6"}],"version-history":[{"count":10,"href":"https:\/\/semmelweis.hu\/mentorprogram\/wp-json\/wp\/v2\/pages\/6\/revisions"}],"predecessor-version":[{"id":366,"href":"https:\/\/semmelweis.hu\/mentorprogram\/wp-json\/wp\/v2\/pages\/6\/revisions\/366"}],"wp:attachment":[{"href":"https:\/\/semmelweis.hu\/mentorprogram\/wp-json\/wp\/v2\/media?parent=6"}],"wp:term":[{"taxonomy":"category","embeddable":true,"href":"https:\/\/semmelweis.hu\/mentorprogram\/wp-json\/wp\/v2\/categories?post=6"},{"taxonomy":"post_tag","embeddable":true,"href":"https:\/\/semmelweis.hu\/mentorprogram\/wp-json\/wp\/v2\/tags?post=6"}],"curies":[{"name":"wp","href":"https:\/\/api.w.org\/{rel}","templated":true}]}}