{"id":255,"date":"2023-11-28T11:58:03","date_gmt":"2023-11-28T10:58:03","guid":{"rendered":"https:\/\/semmelweis.hu\/mentorprogram\/?page_id=255"},"modified":"2024-01-24T12:43:27","modified_gmt":"2024-01-24T11:43:27","slug":"forschung","status":"publish","type":"page","link":"https:\/\/semmelweis.hu\/mentorprogram\/de\/forschung\/","title":{"rendered":"Forschung"},"content":{"rendered":"<p><span style=\"font-weight: 400\">Es gibt zahlreiche Untersuchungen \u00fcber die Auswirkungen des Programms auf die Studierenden. Unsere Forschung hat einen praktischen Wert, und wir nutzen die Ergebnisse, um das Programm kontinuierlich zu verbessern, mit dem Ziel, die Qualit\u00e4t der medizinischen Ausbildung und das Wohlbefinden der Studierenden zu steigern.<\/span><\/p>\n<p><span style=\"font-weight: 400\">Derzeit f\u00fchren wir eine L\u00e4ngsschnittstudie durch. Die Studie wird die langfristigen Auswirkungen des Mentoring-Programms auf die Resilienz, das Stressempfinden, das Wohlbefinden, den Burnout, die Unterst\u00fctzung durch Gleichaltrige und die akademische Motivation untersuchen. Au\u00dferdem werden wir Studenten, Mentoren und Mentees, die an dem Programm teilgenommen haben, mit denen vergleichen, die nicht teilgenommen haben. Die vierphasige Datenerhebung begann im September 2022 und wird bis September 2023 andauern. Die Vorbereitung der Ver\u00f6ffentlichungen und das Verfassen der Artikel sind derzeit im Gange.<\/span><\/p>\n<p><span style=\"font-weight: 400\">Wir werden Sie um eure Mithilfe bei unserer k\u00fcnftigen Forschung bitten. Wir danken euch im Voraus f\u00fcr eure Mitarbeit!<\/span><\/p>\n<p><span style=\"font-weight: 400\">\u00a0<\/span><\/p>\n<p><b>Konferenzpublikation<\/b><\/p>\n<ol>\n<li style=\"font-weight: 400\"><span style=\"font-weight: 400\">P\u00f6lczman L. (2022<\/span><i><span style=\"font-weight: 400\">): Near-peer mentoring program in medical school<\/span><\/i><span style=\"font-weight: 400\">. PhD Tudom\u00e1nyos Napok. July 6-7, 2022, Budapest, Hungary.<\/span><\/li>\n<li style=\"font-weight: 400\"><span style=\"font-weight: 400\">Purebl Gy., S\u00e1ndor I., &amp; J\u00e1mbor M. (2023):<\/span><i><span style=\"font-weight: 400\"> Semmelweis Peer Counselling Program.<\/span><\/i><span style=\"font-weight: 400\"> Healing, Opportunity, Peace, Empowering: Serving Communities in Crisis Worldwide<\/span><span style=\"font-weight: 400\">. <\/span><span style=\"font-weight: 400\">March 9-10, 2023, Budapest, Hungary.<\/span><\/li>\n<li style=\"font-weight: 400\"><span style=\"font-weight: 400\">P\u00f6lczman L. (2023<\/span><i><span style=\"font-weight: 400\">):\u2019I will be able to put this experience to good use when I will be working in healthcare\u2019: A focus group study of students\u2019 experience of a mentoring program<\/span><\/i><span style=\"font-weight: 400\">. The 15th International Conference on Humanities, Psychology and Social Sciences. March 17-19, 2023, Berlin, Germany.<\/span><\/li>\n<li style=\"font-weight: 400\">P\u00f6lczman L. (2023<i style=\"font-size: 1rem\"><span>): A focus group study on students\u2019 experiences of the Semmelweis Mentoring Program. <\/span><\/i><span style=\"font-weight: 400\">PhD Scientific Days. June 22-23, 2023, Budapest, Hungary<\/span><\/li>\n<\/ol>\n","protected":false},"excerpt":{"rendered":"<p>Es gibt zahlreiche Untersuchungen \u00fcber die Auswirkungen des Programms auf die Studierenden. Unsere Forschung hat einen praktischen Wert, und wir nutzen die Ergebnisse, um das Programm kontinuierlich zu verbessern, mit dem Ziel, die Qualit\u00e4t der medizinischen Ausbildung und das Wohlbefinden der Studierenden zu steigern. Derzeit f\u00fchren wir eine L\u00e4ngsschnittstudie durch. Die Studie wird die langfristigen &hellip;<\/p>\n","protected":false},"author":101724,"featured_media":0,"parent":0,"menu_order":23,"comment_status":"closed","ping_status":"closed","template":"","meta":{"_acf_changed":false,"footnotes":""},"categories":[],"tags":[],"class_list":["post-255","page","type-page","status-publish","hentry"],"acf":[],"_links":{"self":[{"href":"https:\/\/semmelweis.hu\/mentorprogram\/wp-json\/wp\/v2\/pages\/255","targetHints":{"allow":["GET"]}}],"collection":[{"href":"https:\/\/semmelweis.hu\/mentorprogram\/wp-json\/wp\/v2\/pages"}],"about":[{"href":"https:\/\/semmelweis.hu\/mentorprogram\/wp-json\/wp\/v2\/types\/page"}],"author":[{"embeddable":true,"href":"https:\/\/semmelweis.hu\/mentorprogram\/wp-json\/wp\/v2\/users\/101724"}],"replies":[{"embeddable":true,"href":"https:\/\/semmelweis.hu\/mentorprogram\/wp-json\/wp\/v2\/comments?post=255"}],"version-history":[{"count":2,"href":"https:\/\/semmelweis.hu\/mentorprogram\/wp-json\/wp\/v2\/pages\/255\/revisions"}],"predecessor-version":[{"id":299,"href":"https:\/\/semmelweis.hu\/mentorprogram\/wp-json\/wp\/v2\/pages\/255\/revisions\/299"}],"wp:attachment":[{"href":"https:\/\/semmelweis.hu\/mentorprogram\/wp-json\/wp\/v2\/media?parent=255"}],"wp:term":[{"taxonomy":"category","embeddable":true,"href":"https:\/\/semmelweis.hu\/mentorprogram\/wp-json\/wp\/v2\/categories?post=255"},{"taxonomy":"post_tag","embeddable":true,"href":"https:\/\/semmelweis.hu\/mentorprogram\/wp-json\/wp\/v2\/tags?post=255"}],"curies":[{"name":"wp","href":"https:\/\/api.w.org\/{rel}","templated":true}]}}