{"id":186,"date":"2023-11-20T18:39:33","date_gmt":"2023-11-20T17:39:33","guid":{"rendered":"https:\/\/semmelweis.hu\/mentorprogram\/?page_id=186"},"modified":"2023-11-21T16:05:57","modified_gmt":"2023-11-21T15:05:57","slug":"rueckmeldungen","status":"publish","type":"page","link":"https:\/\/semmelweis.hu\/mentorprogram\/de\/einfuehrung\/rueckmeldungen\/","title":{"rendered":"R\u00fcckmeldungen"},"content":{"rendered":"<p><b>R\u00fcckmeldungen von Erstsemestern:<\/b><\/p>\n<p><em>&#8222;Das Programm hat es mir erm\u00f6glicht, mich viel schneller an die Abl\u00e4ufe an der Semmelweis Universit\u00e4t zu gew\u00f6hnen.&#8221;<\/em><\/p>\n<p><em>&#8222;Dieses Programm ist eine gro\u00dfartige M\u00f6glichkeit, Karriereratschl\u00e4ge zu erhalten, Zugang zu zahlreichen Ressourcen zu bekommen und sowohl emotional als auch akademisch von einem erfahrenen Senior betreut zu werden.&#8221;<\/em><\/p>\n<p><em>&#8222;Die Mentoren geben uns die besten Lerntipps und helfen uns, das Benotungssystem und die Pr\u00fcfungsformen zu verstehen.&#8221;<\/em><\/p>\n<p><em>&#8222;Die Ressourcen und das vermittelte Wissen waren sehr wertvoll&#8221;<\/em><\/p>\n<p><em>&#8222;Ich denke, dass es mir wirklich geholfen hat, meinen Stundenplan mit meinem Mentor zu planen, und das Gespr\u00e4ch mit ihm hat meine Angst vor dem Unterricht wirklich verringert.&#8221;<\/em><\/p>\n","protected":false},"excerpt":{"rendered":"<p>R\u00fcckmeldungen von Erstsemestern: &#8222;Das Programm hat es mir erm\u00f6glicht, mich viel schneller an die Abl\u00e4ufe an der Semmelweis Universit\u00e4t zu gew\u00f6hnen.&#8221; &#8222;Dieses Programm ist eine gro\u00dfartige M\u00f6glichkeit, Karriereratschl\u00e4ge zu erhalten, Zugang zu zahlreichen Ressourcen zu bekommen und sowohl emotional als auch akademisch von einem erfahrenen Senior betreut zu werden.&#8221; &#8222;Die Mentoren geben uns die besten &hellip;<\/p>\n","protected":false},"author":101724,"featured_media":0,"parent":224,"menu_order":4,"comment_status":"closed","ping_status":"closed","template":"","meta":{"_acf_changed":false,"footnotes":""},"categories":[],"tags":[],"class_list":["post-186","page","type-page","status-publish","hentry"],"acf":[],"_links":{"self":[{"href":"https:\/\/semmelweis.hu\/mentorprogram\/wp-json\/wp\/v2\/pages\/186","targetHints":{"allow":["GET"]}}],"collection":[{"href":"https:\/\/semmelweis.hu\/mentorprogram\/wp-json\/wp\/v2\/pages"}],"about":[{"href":"https:\/\/semmelweis.hu\/mentorprogram\/wp-json\/wp\/v2\/types\/page"}],"author":[{"embeddable":true,"href":"https:\/\/semmelweis.hu\/mentorprogram\/wp-json\/wp\/v2\/users\/101724"}],"replies":[{"embeddable":true,"href":"https:\/\/semmelweis.hu\/mentorprogram\/wp-json\/wp\/v2\/comments?post=186"}],"version-history":[{"count":1,"href":"https:\/\/semmelweis.hu\/mentorprogram\/wp-json\/wp\/v2\/pages\/186\/revisions"}],"predecessor-version":[{"id":187,"href":"https:\/\/semmelweis.hu\/mentorprogram\/wp-json\/wp\/v2\/pages\/186\/revisions\/187"}],"up":[{"embeddable":true,"href":"https:\/\/semmelweis.hu\/mentorprogram\/wp-json\/wp\/v2\/pages\/224"}],"wp:attachment":[{"href":"https:\/\/semmelweis.hu\/mentorprogram\/wp-json\/wp\/v2\/media?parent=186"}],"wp:term":[{"taxonomy":"category","embeddable":true,"href":"https:\/\/semmelweis.hu\/mentorprogram\/wp-json\/wp\/v2\/categories?post=186"},{"taxonomy":"post_tag","embeddable":true,"href":"https:\/\/semmelweis.hu\/mentorprogram\/wp-json\/wp\/v2\/tags?post=186"}],"curies":[{"name":"wp","href":"https:\/\/api.w.org\/{rel}","templated":true}]}}