{"id":178,"date":"2023-11-20T18:34:01","date_gmt":"2023-11-20T17:34:01","guid":{"rendered":"https:\/\/semmelweis.hu\/mentorprogram\/?page_id=178"},"modified":"2024-11-08T10:52:14","modified_gmt":"2024-11-08T09:52:14","slug":"personen","status":"publish","type":"page","link":"https:\/\/semmelweis.hu\/mentorprogram\/de\/einfuehrung\/einfuhrung\/personen\/","title":{"rendered":"Personen"},"content":{"rendered":"<div class=\"exp-col-content-holder\"><a class=\"expand-cnt-link\" href=\"#\"><strong>Lea P\u00f6lczman &#8211; Advisor, board member<\/strong><\/a><\/p>\n<div class=\"hidden-content\">\n<p class=\"hiddenContentp\"><em>Als Studentin wurde mir in Selbsterfahrungsseminaren immer wieder gesagt, dass wir als Helferinnen und Helfer viel Wert darauf legen m\u00fcssen, selbst geistig und psychisch gesund zu sein, denn nur dann k\u00f6nnen wir anderen eine helfende Hand reichen. Heute, als Psychologin, halte ich es ebenfalls f\u00fcr sehr wichtig, die psychische Gesundheit zu erhalten. Als Zsuzsa Gy\u0151rffy mir im Dezember 2020 von dem Mentorenprogramm mit dem Schwerpunkt Pr\u00e4vention erz\u00e4hlte, war meine Aufmerksamkeit sofort geweckt und seitdem bin ich als Mitarbeiterin in das Programm eingebunden. Im Laufe der Zeit habe ich die vielen positiven Vorteile des Programms und seine unverzichtbare Rolle im versteckten Curriculum der medizinischen Ausbildung erkannt und das Programm zum Thema meiner Doktorarbeit gew\u00e4hlt. Neben der Durchf\u00fchrung von Trainings- und Supervisionssitzungen bin ich auch an der Entwicklung der Methodik und der Materialien des Programms beteiligt. Dar\u00fcber hinaus f\u00fchre ich im Rahmen meiner Dissertation programmbezogene Forschung durch, die auf die kontinuierliche Verbesserung des Programms abzielt<\/em><\/p>\n<\/div>\n<\/div>\n<div class=\"exp-col-content-holder\"><a class=\"expand-cnt-link\" href=\"#\"><strong>Sara Molnar &#8211; Board member<\/strong><\/a><\/p>\n<div class=\"hidden-content\">\n<p><em>Ich bin Sara und Medizinstudentin im vierten Jahr. Seit diesem Jahr bin ich Vorstandsmitglied des deutschen Mentorenprogramms, aber ich bin auch Deutschlehrerin im Language Club und bin auch die Fotografin f\u00fcr die DSVS. Ich komme aus der Schweiz, aber ich spreche auch Ungarisch, Franz\u00f6sisch und Englisch. Ich forsche am Institut f\u00fcr Pathologie \u00fcber Larrynx-Tumore und m\u00f6chte sp\u00e4ter richtung HNO gehen. Ich bin ein sehr sozialer Mensch und liebe es, mit anderen zu interagieren und zu helfen, wo immer ich kann. Meine Leidenschaft ist die Kunst und die Anatomie, deshalb verbinde ich beides in der Fotografie. Ausserdem bin ich gerade auf der Suche nach einer Biker-Gang.<\/em><\/p>\n<\/div>\n<\/div>\n<div class=\"exp-col-content-holder\"><a class=\"expand-cnt-link\" href=\"#\"><strong>Joschua Weber &#8211; Board member<\/strong><\/a><\/p>\n<div class=\"hidden-content\">\n<p><em>Mein Name ist Joschua Weber und ich studiere Humanmedizin im 6. Jahr an der Semmelweis Universit\u00e4t in deutscher Sprache.<\/em><\/p>\n<p><em>Kurz zu mir:<\/em><\/p>\n<p><em>Ich bin schon seit l\u00e4ngerem in der deutschsprachigen Studentenvertretungen in verschiedenen Positionen aktiv gewesen und vertrete sie nun weiter im Mentorenprogramm der Semmelweis.<br \/>\nMir ist dieses Projekt eine Herzensangelegenheit, da ich im letzten Jahr als Mentor gesehen habe, welch positiven Einfluss dies auf neue Studenten haben kann. Gerade am Anfang wirkt ein neues Land, eine neue Sprache und ein neuer Studiengang erschlagend. Da kann es helfen, jemanden an der Seite zu haben, welcher dich mit Rat und Tat unterst\u00fctzt.<br \/>\nEs ist uns im Mentorprogramm ein echtes Anliegen, neuen Studierenden einen reibungslosen Start ins Hochschulleben zu erm\u00f6glichen. Im Rahmen dieses Programms streben wir danach, nicht nur als Unterst\u00fctzer zu fungieren, sondern auch aktiv zur Gestaltung des Studienalltags beizutragen. Gemeinsam mit anderen Studierenden m\u00f6chten wir eine lebendige und inspirierende Lernumgebung schaffen, in der jeder sein volles Potenzial entfalten kann. Es bereitet mir gro\u00dfe Freude, Teil dieses einzigartigen Programms zu sein und den Studienbeginn f\u00fcr unsere Neuzug\u00e4nge so optimal wie m\u00f6glich zu gestalten.<\/em><\/p>\n<\/div>\n<\/div>\n<div class=\"exp-col-content-holder\"><a class=\"expand-cnt-link\" href=\"#\"><b>Mark Havasi &#8211; Board member, communication manager<\/b><\/a><\/p>\n<div class=\"hidden-content\">\n<p>havasi.mark2000[at]gmail.com<\/p>\n<p><em>Hallo, ich bin Mark, und bin jetzt im 6. Jahr meines Humanmedizinstudiums. W\u00e4hrend der letzten zwei Jahren habe ich als Mentor f\u00fcr ungarische Studenten an diesem Program teilgenommen. Das hat mir eine gute M\u00f6glichkeit gegeben, Studenten zu helfen, nicht nur mit den Problemen, die direkt mit der Universit\u00e4t zu tun haben, sondern auch ein bisschen in ihren tagt\u00e4glichen Leben. W\u00e4hrend dieser zwei Jahren durfte ich mehrere Studenten kennenlernen, und auch denen in der Anfangszeit der Universit\u00e4t helfen, was ich in der Zukunft auch erweitern m\u00f6chte. Von diesem Jahr an habe ich die M\u00f6glichkeit bekommen, die Leitung des Internationalen Mentorprograms \u00fcbernehmen zu d\u00fcrfen. Dieses Program k\u00fcmmert sich um die internationalen Studenten der Semmelweis Universit\u00e4t, mit dem Ziel ihnen Unterst\u00fctzung anzubieten ihren Platz leichter finden, und einfacher Teil der Semmelweis Familie werden zu k\u00f6nnen. Zu meinen Hauptaufgaben als Board Member z\u00e4hlen Kommunikation und Organisation: Ich bin f\u00fcr eine effektive Kommunikation zwischen Mentoren und Mentees verantwortlich, und sorge f\u00fcr einen reibungslosen Informationsfluss und f\u00fcr die Kl\u00e4rung eventuell auftretender Bedenken und Fragen. Dar\u00fcber hinaus spiele ich eine Schl\u00fcsselrolle bei der Koordinierung der Arbeit der deutschen Abteilung des Programms. Mein Ziel ist, mit der Hilfe dieses Programs eine Br\u00fccke zwischen den drei Sprachbereichen unserer Universit\u00e4t \u2013 Ungarisch, Englisch und Deutsch \u2013 zu schlagen. Ich bin hier, um auf jede erdenkliche Weise zu helfen, und freue mich, einen Beitrag zur Gemeinschaft hier an der Semmelweis-Universit\u00e4t zu leisten. Falls du Frage hast, Beratungen oder Hilfe brauchst, kontaktiere uns!<\/em><\/p>\n<\/div>\n<\/div>\n","protected":false},"excerpt":{"rendered":"<p><a class=\"expand-cnt-link\" href=\"#\">Lea P\u00f6lczman &#8211; Advisor, board member<\/a> Als Studentin wurde mir in Selbsterfahrungsseminaren immer wieder gesagt, dass wir als Helferinnen und Helfer viel Wert darauf legen m\u00fcssen, selbst geistig und psychisch gesund zu sein, denn nur dann k\u00f6nnen wir anderen eine helfende Hand reichen. Heute, als Psychologin, halte ich es ebenfalls f\u00fcr sehr wichtig, die psychische Gesundheit zu erhalten. Als Zsuzsa Gy\u0151rffy &hellip;<\/p>\n","protected":false},"author":101724,"featured_media":0,"parent":130,"menu_order":3,"comment_status":"closed","ping_status":"closed","template":"","meta":{"_acf_changed":false,"footnotes":""},"categories":[],"tags":[],"class_list":["post-178","page","type-page","status-publish","hentry"],"acf":[],"_links":{"self":[{"href":"https:\/\/semmelweis.hu\/mentorprogram\/wp-json\/wp\/v2\/pages\/178","targetHints":{"allow":["GET"]}}],"collection":[{"href":"https:\/\/semmelweis.hu\/mentorprogram\/wp-json\/wp\/v2\/pages"}],"about":[{"href":"https:\/\/semmelweis.hu\/mentorprogram\/wp-json\/wp\/v2\/types\/page"}],"author":[{"embeddable":true,"href":"https:\/\/semmelweis.hu\/mentorprogram\/wp-json\/wp\/v2\/users\/101724"}],"replies":[{"embeddable":true,"href":"https:\/\/semmelweis.hu\/mentorprogram\/wp-json\/wp\/v2\/comments?post=178"}],"version-history":[{"count":10,"href":"https:\/\/semmelweis.hu\/mentorprogram\/wp-json\/wp\/v2\/pages\/178\/revisions"}],"predecessor-version":[{"id":353,"href":"https:\/\/semmelweis.hu\/mentorprogram\/wp-json\/wp\/v2\/pages\/178\/revisions\/353"}],"up":[{"embeddable":true,"href":"https:\/\/semmelweis.hu\/mentorprogram\/wp-json\/wp\/v2\/pages\/130"}],"wp:attachment":[{"href":"https:\/\/semmelweis.hu\/mentorprogram\/wp-json\/wp\/v2\/media?parent=178"}],"wp:term":[{"taxonomy":"category","embeddable":true,"href":"https:\/\/semmelweis.hu\/mentorprogram\/wp-json\/wp\/v2\/categories?post=178"},{"taxonomy":"post_tag","embeddable":true,"href":"https:\/\/semmelweis.hu\/mentorprogram\/wp-json\/wp\/v2\/tags?post=178"}],"curies":[{"name":"wp","href":"https:\/\/api.w.org\/{rel}","templated":true}]}}